{"id":28225,"date":"2022-08-23T15:56:03","date_gmt":"2022-08-23T13:56:03","guid":{"rendered":"https:\/\/hundtgroup.com\/produkt\/formeur-darete-de-soudage-trutool-tkf-700-30\/"},"modified":"2025-07-29T10:18:57","modified_gmt":"2025-07-29T08:18:57","slug":"formeur-darete-de-soudage-trutool-tkf-700-30","status":"publish","type":"product","link":"https:\/\/hundtgroup.com\/fr\/produkt\/formeur-darete-de-soudage-trutool-tkf-700-30\/","title":{"rendered":"Formeur d&rsquo;ar\u00eate de soudage TruTool TKF 700 30"},"content":{"rendered":"<p>Le TKF 700 peut \u00eatre utilis\u00e9 partout o\u00f9 vous appliquez des pr\u00e9parations de bords \u00e0 souder en forme de K, V, X et Y. Il peut \u00e9galement \u00eatre utilis\u00e9 sur des tubes et des tuyaux. Et ce, non seulement sur des t\u00f4les droites, mais aussi sur des tubes.<br \/>\nLe r\u00e9glage de la taille du chanfrein et de l&rsquo;\u00e9paisseur de la t\u00f4le s&rsquo;effectue sans outil et tr\u00e8s facilement. Le porte-outil peut \u00eatre tourn\u00e9 en quelques secondes dans l&rsquo;une des trois directions d&rsquo;usinage.<br \/>\nGr\u00e2ce \u00e0 son faible poids, le TKF 700 peut \u00eatre utilis\u00e9 en position verticale, horizontale ou en hauteur. L&rsquo;appareil peut \u00eatre utilis\u00e9 \u00e0 la main ou en stationnaire.<br \/>\nVous pouvez r\u00e9aliser des soudures non seulement sur des t\u00f4les droites, mais aussi sur des tubes, des d\u00e9coupes int\u00e9rieures et des bords courbes.<br \/>\nUsinage de tubes \u00e0 partir d&rsquo;un diam\u00e8tre int\u00e9rieur de 80 mm, de d\u00e9coupes int\u00e9rieures \u00e0 partir d&rsquo;un diam\u00e8tre de 90 mm et de bords courbes avec des rayons \u00e0 partir de 40 mm<br \/>\nLa formeuse de bords soud\u00e9s a ses domaines d&rsquo;application dans les serrureries, la construction m\u00e9tallique et m\u00e9canique, la construction navale et la construction de wagons.   <\/p>\n","protected":false},"excerpt":{"rendered":"<p>Le TKF 700 peut \u00eatre utilis\u00e9 partout o\u00f9 vous appliquez des pr\u00e9parations de bords \u00e0 souder en forme de K, V, X et Y. Il peut \u00e9galement \u00eatre utilis\u00e9 sur des tubes et des tuyaux. Et ce, non seulement sur des t\u00f4les droites, mais aussi sur des tubes. Le r\u00e9glage de la taille du chanfrein [&hellip;]<\/p>\n","protected":false},"featured_media":27973,"template":"","meta":{"_acf_changed":false,"inline_featured_image":false},"product_cat":[670,1258],"product_tag":[],"class_list":{"0":"post-28225","1":"product","2":"type-product","3":"status-publish","4":"has-post-thumbnail","6":"brand-trumpf","7":"product_cat-outils-electriques","8":"product_cat-formeur-daretes-de-soudure-fr","10":"first","11":"instock","12":"sale","13":"taxable","14":"shipping-taxable","15":"purchasable","16":"product-type-simple","17":"add-to-wishlist-before_image"},"acf":[],"yoast_head":"<!-- This site is optimized with the Yoast SEO plugin v27.3 - https:\/\/yoast.com\/product\/yoast-seo-wordpress\/ -->\n<title>Formeur d&#039;ar\u00eate de soudage TruTool TKF 700 30 - Wilhelm Hundt GmbH<\/title>\n<meta name=\"robots\" content=\"index, follow, max-snippet:-1, max-image-preview:large, max-video-preview:-1\" \/>\n<link rel=\"canonical\" href=\"https:\/\/hundtgroup.com\/fr\/produkt\/formeur-darete-de-soudage-trutool-tkf-700-30\/\" \/>\n<meta property=\"og:locale\" content=\"fr_FR\" \/>\n<meta property=\"og:type\" content=\"article\" \/>\n<meta property=\"og:title\" content=\"Formeur d&#039;ar\u00eate de soudage TruTool TKF 700 30 - Wilhelm Hundt GmbH\" \/>\n<meta property=\"og:description\" content=\"Le TKF 700 peut \u00eatre utilis\u00e9 partout o\u00f9 vous appliquez des pr\u00e9parations de bords \u00e0 souder en forme de K, V, X et Y. Il peut \u00e9galement \u00eatre utilis\u00e9 sur des tubes et des tuyaux. Et ce, non seulement sur des t\u00f4les droites, mais aussi sur des tubes. Le r\u00e9glage de la taille du chanfrein [&hellip;]\" \/>\n<meta property=\"og:url\" content=\"https:\/\/hundtgroup.com\/fr\/produkt\/formeur-darete-de-soudage-trutool-tkf-700-30\/\" \/>\n<meta property=\"og:site_name\" content=\"Wilhelm Hundt GmbH\" \/>\n<meta property=\"article:modified_time\" content=\"2025-07-29T08:18:57+00:00\" \/>\n<meta property=\"og:image\" content=\"https:\/\/hundtgroup.com\/wp-content\/uploads\/351649-scaled.jpg\" \/>\n\t<meta property=\"og:image:width\" content=\"2560\" \/>\n\t<meta property=\"og:image:height\" content=\"1810\" \/>\n\t<meta property=\"og:image:type\" content=\"image\/jpeg\" \/>\n<meta name=\"twitter:card\" content=\"summary_large_image\" \/>\n<meta name=\"twitter:label1\" content=\"Dur\u00e9e de lecture estim\u00e9e\" \/>\n\t<meta name=\"twitter:data1\" content=\"1 minute\" \/>\n<script type=\"application\/ld+json\" class=\"yoast-schema-graph\">{\"@context\":\"https:\\\/\\\/schema.org\",\"@graph\":[{\"@type\":\"WebPage\",\"@id\":\"https:\\\/\\\/hundtgroup.com\\\/fr\\\/produkt\\\/formeur-darete-de-soudage-trutool-tkf-700-30\\\/\",\"url\":\"https:\\\/\\\/hundtgroup.com\\\/fr\\\/produkt\\\/formeur-darete-de-soudage-trutool-tkf-700-30\\\/\",\"name\":\"Formeur d'ar\u00eate de soudage TruTool TKF 700 30 - Wilhelm Hundt GmbH\",\"isPartOf\":{\"@id\":\"https:\\\/\\\/hundtgroup.com\\\/fr\\\/#website\"},\"primaryImageOfPage\":{\"@id\":\"https:\\\/\\\/hundtgroup.com\\\/fr\\\/produkt\\\/formeur-darete-de-soudage-trutool-tkf-700-30\\\/#primaryimage\"},\"image\":{\"@id\":\"https:\\\/\\\/hundtgroup.com\\\/fr\\\/produkt\\\/formeur-darete-de-soudage-trutool-tkf-700-30\\\/#primaryimage\"},\"thumbnailUrl\":\"https:\\\/\\\/hundtgroup.com\\\/wp-content\\\/uploads\\\/351649-scaled.jpg\",\"datePublished\":\"2022-08-23T13:56:03+00:00\",\"dateModified\":\"2025-07-29T08:18:57+00:00\",\"breadcrumb\":{\"@id\":\"https:\\\/\\\/hundtgroup.com\\\/fr\\\/produkt\\\/formeur-darete-de-soudage-trutool-tkf-700-30\\\/#breadcrumb\"},\"inLanguage\":\"fr-FR\",\"potentialAction\":[{\"@type\":\"ReadAction\",\"target\":[\"https:\\\/\\\/hundtgroup.com\\\/fr\\\/produkt\\\/formeur-darete-de-soudage-trutool-tkf-700-30\\\/\"]}]},{\"@type\":\"ImageObject\",\"inLanguage\":\"fr-FR\",\"@id\":\"https:\\\/\\\/hundtgroup.com\\\/fr\\\/produkt\\\/formeur-darete-de-soudage-trutool-tkf-700-30\\\/#primaryimage\",\"url\":\"https:\\\/\\\/hundtgroup.com\\\/wp-content\\\/uploads\\\/351649-scaled.jpg\",\"contentUrl\":\"https:\\\/\\\/hundtgroup.com\\\/wp-content\\\/uploads\\\/351649-scaled.jpg\",\"width\":2560,\"height\":1810},{\"@type\":\"BreadcrumbList\",\"@id\":\"https:\\\/\\\/hundtgroup.com\\\/fr\\\/produkt\\\/formeur-darete-de-soudage-trutool-tkf-700-30\\\/#breadcrumb\",\"itemListElement\":[{\"@type\":\"ListItem\",\"position\":1,\"name\":\"Startseite\",\"item\":\"https:\\\/\\\/hundtgroup.com\\\/fr\\\/accueil-nouveau\\\/\"},{\"@type\":\"ListItem\",\"position\":2,\"name\":\"Boutique\",\"item\":\"https:\\\/\\\/hundtgroup.com\\\/boutique\\\/\"},{\"@type\":\"ListItem\",\"position\":3,\"name\":\"Formeur d&#8217;ar\u00eate de soudage TruTool TKF 700 30\"}]},{\"@type\":\"WebSite\",\"@id\":\"https:\\\/\\\/hundtgroup.com\\\/fr\\\/#website\",\"url\":\"https:\\\/\\\/hundtgroup.com\\\/fr\\\/\",\"name\":\"Wilhelm Hundt GmbH\",\"description\":\"Votre sp\u00e9cialiste en machines et outils pour le travail de la t\u00f4le\",\"potentialAction\":[{\"@type\":\"SearchAction\",\"target\":{\"@type\":\"EntryPoint\",\"urlTemplate\":\"https:\\\/\\\/hundtgroup.com\\\/fr\\\/?s={search_term_string}\"},\"query-input\":{\"@type\":\"PropertyValueSpecification\",\"valueRequired\":true,\"valueName\":\"search_term_string\"}}],\"inLanguage\":\"fr-FR\"}]}<\/script>\n<!-- \/ Yoast SEO plugin. -->","yoast_head_json":{"title":"Formeur d'ar\u00eate de soudage TruTool TKF 700 30 - Wilhelm Hundt GmbH","robots":{"index":"index","follow":"follow","max-snippet":"max-snippet:-1","max-image-preview":"max-image-preview:large","max-video-preview":"max-video-preview:-1"},"canonical":"https:\/\/hundtgroup.com\/fr\/produkt\/formeur-darete-de-soudage-trutool-tkf-700-30\/","og_locale":"fr_FR","og_type":"article","og_title":"Formeur d'ar\u00eate de soudage TruTool TKF 700 30 - Wilhelm Hundt GmbH","og_description":"Le TKF 700 peut \u00eatre utilis\u00e9 partout o\u00f9 vous appliquez des pr\u00e9parations de bords \u00e0 souder en forme de K, V, X et Y. Il peut \u00e9galement \u00eatre utilis\u00e9 sur des tubes et des tuyaux. Et ce, non seulement sur des t\u00f4les droites, mais aussi sur des tubes. Le r\u00e9glage de la taille du chanfrein [&hellip;]","og_url":"https:\/\/hundtgroup.com\/fr\/produkt\/formeur-darete-de-soudage-trutool-tkf-700-30\/","og_site_name":"Wilhelm Hundt GmbH","article_modified_time":"2025-07-29T08:18:57+00:00","og_image":[{"width":2560,"height":1810,"url":"https:\/\/hundtgroup.com\/wp-content\/uploads\/351649-scaled.jpg","type":"image\/jpeg"}],"twitter_card":"summary_large_image","twitter_misc":{"Dur\u00e9e de lecture estim\u00e9e":"1 minute"},"schema":{"@context":"https:\/\/schema.org","@graph":[{"@type":"WebPage","@id":"https:\/\/hundtgroup.com\/fr\/produkt\/formeur-darete-de-soudage-trutool-tkf-700-30\/","url":"https:\/\/hundtgroup.com\/fr\/produkt\/formeur-darete-de-soudage-trutool-tkf-700-30\/","name":"Formeur d'ar\u00eate de soudage TruTool TKF 700 30 - Wilhelm Hundt GmbH","isPartOf":{"@id":"https:\/\/hundtgroup.com\/fr\/#website"},"primaryImageOfPage":{"@id":"https:\/\/hundtgroup.com\/fr\/produkt\/formeur-darete-de-soudage-trutool-tkf-700-30\/#primaryimage"},"image":{"@id":"https:\/\/hundtgroup.com\/fr\/produkt\/formeur-darete-de-soudage-trutool-tkf-700-30\/#primaryimage"},"thumbnailUrl":"https:\/\/hundtgroup.com\/wp-content\/uploads\/351649-scaled.jpg","datePublished":"2022-08-23T13:56:03+00:00","dateModified":"2025-07-29T08:18:57+00:00","breadcrumb":{"@id":"https:\/\/hundtgroup.com\/fr\/produkt\/formeur-darete-de-soudage-trutool-tkf-700-30\/#breadcrumb"},"inLanguage":"fr-FR","potentialAction":[{"@type":"ReadAction","target":["https:\/\/hundtgroup.com\/fr\/produkt\/formeur-darete-de-soudage-trutool-tkf-700-30\/"]}]},{"@type":"ImageObject","inLanguage":"fr-FR","@id":"https:\/\/hundtgroup.com\/fr\/produkt\/formeur-darete-de-soudage-trutool-tkf-700-30\/#primaryimage","url":"https:\/\/hundtgroup.com\/wp-content\/uploads\/351649-scaled.jpg","contentUrl":"https:\/\/hundtgroup.com\/wp-content\/uploads\/351649-scaled.jpg","width":2560,"height":1810},{"@type":"BreadcrumbList","@id":"https:\/\/hundtgroup.com\/fr\/produkt\/formeur-darete-de-soudage-trutool-tkf-700-30\/#breadcrumb","itemListElement":[{"@type":"ListItem","position":1,"name":"Startseite","item":"https:\/\/hundtgroup.com\/fr\/accueil-nouveau\/"},{"@type":"ListItem","position":2,"name":"Boutique","item":"https:\/\/hundtgroup.com\/boutique\/"},{"@type":"ListItem","position":3,"name":"Formeur d&#8217;ar\u00eate de soudage TruTool TKF 700 30"}]},{"@type":"WebSite","@id":"https:\/\/hundtgroup.com\/fr\/#website","url":"https:\/\/hundtgroup.com\/fr\/","name":"Wilhelm Hundt GmbH","description":"Votre sp\u00e9cialiste en machines et outils pour le travail de la t\u00f4le","potentialAction":[{"@type":"SearchAction","target":{"@type":"EntryPoint","urlTemplate":"https:\/\/hundtgroup.com\/fr\/?s={search_term_string}"},"query-input":{"@type":"PropertyValueSpecification","valueRequired":true,"valueName":"search_term_string"}}],"inLanguage":"fr-FR"}]}},"_links":{"self":[{"href":"https:\/\/hundtgroup.com\/fr\/wp-json\/wp\/v2\/product\/28225","targetHints":{"allow":["GET"]}}],"collection":[{"href":"https:\/\/hundtgroup.com\/fr\/wp-json\/wp\/v2\/product"}],"about":[{"href":"https:\/\/hundtgroup.com\/fr\/wp-json\/wp\/v2\/types\/product"}],"wp:featuredmedia":[{"embeddable":true,"href":"https:\/\/hundtgroup.com\/fr\/wp-json\/wp\/v2\/media\/27973"}],"wp:attachment":[{"href":"https:\/\/hundtgroup.com\/fr\/wp-json\/wp\/v2\/media?parent=28225"}],"wp:term":[{"taxonomy":"product_cat","embeddable":true,"href":"https:\/\/hundtgroup.com\/fr\/wp-json\/wp\/v2\/product_cat?post=28225"},{"taxonomy":"product_tag","embeddable":true,"href":"https:\/\/hundtgroup.com\/fr\/wp-json\/wp\/v2\/product_tag?post=28225"}],"curies":[{"name":"wp","href":"https:\/\/api.w.org\/{rel}","templated":true}]}}