{"id":28235,"date":"2022-08-23T15:56:03","date_gmt":"2022-08-23T13:56:03","guid":{"rendered":"https:\/\/hundtgroup.com\/produkt\/chanfreineuse-trutool-tka-700-sans-outils\/"},"modified":"2025-07-29T10:16:10","modified_gmt":"2025-07-29T08:16:10","slug":"chanfreineuse-trutool-tka-700-sans-outils","status":"publish","type":"product","link":"https:\/\/hundtgroup.com\/fr\/produkt\/chanfreineuse-trutool-tka-700-sans-outils\/","title":{"rendered":"Chanfreineuse TruTool TKA 700 sans outils"},"content":{"rendered":"<p>Proc\u00e9d\u00e9 rapide et sans \u00e9mission<br \/>\nSurfaces de chants sans oxyde<br \/>\nPr\u00e9cision dimensionnelle et qualit\u00e9 constante des chants en une seule op\u00e9ration<br \/>\nId\u00e9al pour les pi\u00e8ces complexes ainsi que les contours int\u00e9rieurs, les al\u00e9sages et les tubes<br \/>\nR\u00e9glage sans outil de la hauteur de chanfrein<br \/>\nPas de projection d&rsquo;\u00e9tincelles<br \/>\nTraite \u00e9galement les petites pi\u00e8ces (avec poste de travail)<br \/>\nBarre d&rsquo;outil \u00e0 3 tranchants<br \/>\nChants \u00e0 30\u00b0, 45\u00b0, 60\u00b0 &#8211; ainsi que les rayons<br \/>\nPorte-plaquettes en option de 15\u00b0 \u00e0 55\u00b0.<\/p>\n","protected":false},"excerpt":{"rendered":"<p>Proc\u00e9d\u00e9 rapide et sans \u00e9mission Surfaces de chants sans oxyde Pr\u00e9cision dimensionnelle et qualit\u00e9 constante des chants en une seule op\u00e9ration Id\u00e9al pour les pi\u00e8ces complexes ainsi que les contours int\u00e9rieurs, les al\u00e9sages et les tubes R\u00e9glage sans outil de la hauteur de chanfrein Pas de projection d&rsquo;\u00e9tincelles Traite \u00e9galement les petites pi\u00e8ces (avec poste [&hellip;]<\/p>\n","protected":false},"featured_media":28237,"template":"","meta":{"_acf_changed":false,"inline_featured_image":false},"product_cat":[670,1257],"product_tag":[],"class_list":{"0":"post-28235","1":"product","2":"type-product","3":"status-publish","4":"has-post-thumbnail","6":"brand-trumpf","7":"product_cat-outils-electriques","8":"product_cat-fraiseuse-de-bords","10":"first","11":"instock","12":"sale","13":"taxable","14":"shipping-taxable","15":"purchasable","16":"product-type-simple","17":"add-to-wishlist-before_image"},"acf":[],"yoast_head":"<!-- This site is optimized with the Yoast SEO plugin v27.3 - https:\/\/yoast.com\/product\/yoast-seo-wordpress\/ -->\n<title>Chanfreineuse TruTool TKA 700 sans outils - Wilhelm Hundt GmbH<\/title>\n<meta name=\"robots\" content=\"index, follow, max-snippet:-1, max-image-preview:large, max-video-preview:-1\" \/>\n<link rel=\"canonical\" href=\"https:\/\/hundtgroup.com\/fr\/produkt\/chanfreineuse-trutool-tka-700-sans-outils\/\" \/>\n<meta property=\"og:locale\" content=\"fr_FR\" \/>\n<meta property=\"og:type\" content=\"article\" \/>\n<meta property=\"og:title\" content=\"Chanfreineuse TruTool TKA 700 sans outils - Wilhelm Hundt GmbH\" \/>\n<meta property=\"og:description\" content=\"Proc\u00e9d\u00e9 rapide et sans \u00e9mission Surfaces de chants sans oxyde Pr\u00e9cision dimensionnelle et qualit\u00e9 constante des chants en une seule op\u00e9ration Id\u00e9al pour les pi\u00e8ces complexes ainsi que les contours int\u00e9rieurs, les al\u00e9sages et les tubes R\u00e9glage sans outil de la hauteur de chanfrein Pas de projection d&rsquo;\u00e9tincelles Traite \u00e9galement les petites pi\u00e8ces (avec poste [&hellip;]\" \/>\n<meta property=\"og:url\" content=\"https:\/\/hundtgroup.com\/fr\/produkt\/chanfreineuse-trutool-tka-700-sans-outils\/\" \/>\n<meta property=\"og:site_name\" content=\"Wilhelm Hundt GmbH\" \/>\n<meta property=\"article:modified_time\" content=\"2025-07-29T08:16:10+00:00\" \/>\n<meta property=\"og:image\" content=\"https:\/\/hundtgroup.com\/wp-content\/uploads\/351007-scaled.jpg\" \/>\n\t<meta property=\"og:image:width\" content=\"2560\" \/>\n\t<meta property=\"og:image:height\" content=\"1707\" \/>\n\t<meta property=\"og:image:type\" content=\"image\/jpeg\" \/>\n<meta name=\"twitter:card\" content=\"summary_large_image\" \/>\n<script type=\"application\/ld+json\" class=\"yoast-schema-graph\">{\"@context\":\"https:\\\/\\\/schema.org\",\"@graph\":[{\"@type\":\"WebPage\",\"@id\":\"https:\\\/\\\/hundtgroup.com\\\/fr\\\/produkt\\\/chanfreineuse-trutool-tka-700-sans-outils\\\/\",\"url\":\"https:\\\/\\\/hundtgroup.com\\\/fr\\\/produkt\\\/chanfreineuse-trutool-tka-700-sans-outils\\\/\",\"name\":\"Chanfreineuse TruTool TKA 700 sans outils - Wilhelm Hundt GmbH\",\"isPartOf\":{\"@id\":\"https:\\\/\\\/hundtgroup.com\\\/fr\\\/#website\"},\"primaryImageOfPage\":{\"@id\":\"https:\\\/\\\/hundtgroup.com\\\/fr\\\/produkt\\\/chanfreineuse-trutool-tka-700-sans-outils\\\/#primaryimage\"},\"image\":{\"@id\":\"https:\\\/\\\/hundtgroup.com\\\/fr\\\/produkt\\\/chanfreineuse-trutool-tka-700-sans-outils\\\/#primaryimage\"},\"thumbnailUrl\":\"https:\\\/\\\/hundtgroup.com\\\/wp-content\\\/uploads\\\/351007-scaled.jpg\",\"datePublished\":\"2022-08-23T13:56:03+00:00\",\"dateModified\":\"2025-07-29T08:16:10+00:00\",\"breadcrumb\":{\"@id\":\"https:\\\/\\\/hundtgroup.com\\\/fr\\\/produkt\\\/chanfreineuse-trutool-tka-700-sans-outils\\\/#breadcrumb\"},\"inLanguage\":\"fr-FR\",\"potentialAction\":[{\"@type\":\"ReadAction\",\"target\":[\"https:\\\/\\\/hundtgroup.com\\\/fr\\\/produkt\\\/chanfreineuse-trutool-tka-700-sans-outils\\\/\"]}]},{\"@type\":\"ImageObject\",\"inLanguage\":\"fr-FR\",\"@id\":\"https:\\\/\\\/hundtgroup.com\\\/fr\\\/produkt\\\/chanfreineuse-trutool-tka-700-sans-outils\\\/#primaryimage\",\"url\":\"https:\\\/\\\/hundtgroup.com\\\/wp-content\\\/uploads\\\/351007-scaled.jpg\",\"contentUrl\":\"https:\\\/\\\/hundtgroup.com\\\/wp-content\\\/uploads\\\/351007-scaled.jpg\",\"width\":2560,\"height\":1707},{\"@type\":\"BreadcrumbList\",\"@id\":\"https:\\\/\\\/hundtgroup.com\\\/fr\\\/produkt\\\/chanfreineuse-trutool-tka-700-sans-outils\\\/#breadcrumb\",\"itemListElement\":[{\"@type\":\"ListItem\",\"position\":1,\"name\":\"Startseite\",\"item\":\"https:\\\/\\\/hundtgroup.com\\\/fr\\\/accueil-nouveau\\\/\"},{\"@type\":\"ListItem\",\"position\":2,\"name\":\"Boutique\",\"item\":\"https:\\\/\\\/hundtgroup.com\\\/boutique\\\/\"},{\"@type\":\"ListItem\",\"position\":3,\"name\":\"Chanfreineuse TruTool TKA 700 sans outils\"}]},{\"@type\":\"WebSite\",\"@id\":\"https:\\\/\\\/hundtgroup.com\\\/fr\\\/#website\",\"url\":\"https:\\\/\\\/hundtgroup.com\\\/fr\\\/\",\"name\":\"Wilhelm Hundt GmbH\",\"description\":\"Votre sp\u00e9cialiste en machines et outils pour le travail de la t\u00f4le\",\"potentialAction\":[{\"@type\":\"SearchAction\",\"target\":{\"@type\":\"EntryPoint\",\"urlTemplate\":\"https:\\\/\\\/hundtgroup.com\\\/fr\\\/?s={search_term_string}\"},\"query-input\":{\"@type\":\"PropertyValueSpecification\",\"valueRequired\":true,\"valueName\":\"search_term_string\"}}],\"inLanguage\":\"fr-FR\"}]}<\/script>\n<!-- \/ Yoast SEO plugin. -->","yoast_head_json":{"title":"Chanfreineuse TruTool TKA 700 sans outils - Wilhelm Hundt GmbH","robots":{"index":"index","follow":"follow","max-snippet":"max-snippet:-1","max-image-preview":"max-image-preview:large","max-video-preview":"max-video-preview:-1"},"canonical":"https:\/\/hundtgroup.com\/fr\/produkt\/chanfreineuse-trutool-tka-700-sans-outils\/","og_locale":"fr_FR","og_type":"article","og_title":"Chanfreineuse TruTool TKA 700 sans outils - Wilhelm Hundt GmbH","og_description":"Proc\u00e9d\u00e9 rapide et sans \u00e9mission Surfaces de chants sans oxyde Pr\u00e9cision dimensionnelle et qualit\u00e9 constante des chants en une seule op\u00e9ration Id\u00e9al pour les pi\u00e8ces complexes ainsi que les contours int\u00e9rieurs, les al\u00e9sages et les tubes R\u00e9glage sans outil de la hauteur de chanfrein Pas de projection d&rsquo;\u00e9tincelles Traite \u00e9galement les petites pi\u00e8ces (avec poste [&hellip;]","og_url":"https:\/\/hundtgroup.com\/fr\/produkt\/chanfreineuse-trutool-tka-700-sans-outils\/","og_site_name":"Wilhelm Hundt GmbH","article_modified_time":"2025-07-29T08:16:10+00:00","og_image":[{"width":2560,"height":1707,"url":"https:\/\/hundtgroup.com\/wp-content\/uploads\/351007-scaled.jpg","type":"image\/jpeg"}],"twitter_card":"summary_large_image","schema":{"@context":"https:\/\/schema.org","@graph":[{"@type":"WebPage","@id":"https:\/\/hundtgroup.com\/fr\/produkt\/chanfreineuse-trutool-tka-700-sans-outils\/","url":"https:\/\/hundtgroup.com\/fr\/produkt\/chanfreineuse-trutool-tka-700-sans-outils\/","name":"Chanfreineuse TruTool TKA 700 sans outils - Wilhelm Hundt GmbH","isPartOf":{"@id":"https:\/\/hundtgroup.com\/fr\/#website"},"primaryImageOfPage":{"@id":"https:\/\/hundtgroup.com\/fr\/produkt\/chanfreineuse-trutool-tka-700-sans-outils\/#primaryimage"},"image":{"@id":"https:\/\/hundtgroup.com\/fr\/produkt\/chanfreineuse-trutool-tka-700-sans-outils\/#primaryimage"},"thumbnailUrl":"https:\/\/hundtgroup.com\/wp-content\/uploads\/351007-scaled.jpg","datePublished":"2022-08-23T13:56:03+00:00","dateModified":"2025-07-29T08:16:10+00:00","breadcrumb":{"@id":"https:\/\/hundtgroup.com\/fr\/produkt\/chanfreineuse-trutool-tka-700-sans-outils\/#breadcrumb"},"inLanguage":"fr-FR","potentialAction":[{"@type":"ReadAction","target":["https:\/\/hundtgroup.com\/fr\/produkt\/chanfreineuse-trutool-tka-700-sans-outils\/"]}]},{"@type":"ImageObject","inLanguage":"fr-FR","@id":"https:\/\/hundtgroup.com\/fr\/produkt\/chanfreineuse-trutool-tka-700-sans-outils\/#primaryimage","url":"https:\/\/hundtgroup.com\/wp-content\/uploads\/351007-scaled.jpg","contentUrl":"https:\/\/hundtgroup.com\/wp-content\/uploads\/351007-scaled.jpg","width":2560,"height":1707},{"@type":"BreadcrumbList","@id":"https:\/\/hundtgroup.com\/fr\/produkt\/chanfreineuse-trutool-tka-700-sans-outils\/#breadcrumb","itemListElement":[{"@type":"ListItem","position":1,"name":"Startseite","item":"https:\/\/hundtgroup.com\/fr\/accueil-nouveau\/"},{"@type":"ListItem","position":2,"name":"Boutique","item":"https:\/\/hundtgroup.com\/boutique\/"},{"@type":"ListItem","position":3,"name":"Chanfreineuse TruTool TKA 700 sans outils"}]},{"@type":"WebSite","@id":"https:\/\/hundtgroup.com\/fr\/#website","url":"https:\/\/hundtgroup.com\/fr\/","name":"Wilhelm Hundt GmbH","description":"Votre sp\u00e9cialiste en machines et outils pour le travail de la t\u00f4le","potentialAction":[{"@type":"SearchAction","target":{"@type":"EntryPoint","urlTemplate":"https:\/\/hundtgroup.com\/fr\/?s={search_term_string}"},"query-input":{"@type":"PropertyValueSpecification","valueRequired":true,"valueName":"search_term_string"}}],"inLanguage":"fr-FR"}]}},"_links":{"self":[{"href":"https:\/\/hundtgroup.com\/fr\/wp-json\/wp\/v2\/product\/28235","targetHints":{"allow":["GET"]}}],"collection":[{"href":"https:\/\/hundtgroup.com\/fr\/wp-json\/wp\/v2\/product"}],"about":[{"href":"https:\/\/hundtgroup.com\/fr\/wp-json\/wp\/v2\/types\/product"}],"wp:featuredmedia":[{"embeddable":true,"href":"https:\/\/hundtgroup.com\/fr\/wp-json\/wp\/v2\/media\/28237"}],"wp:attachment":[{"href":"https:\/\/hundtgroup.com\/fr\/wp-json\/wp\/v2\/media?parent=28235"}],"wp:term":[{"taxonomy":"product_cat","embeddable":true,"href":"https:\/\/hundtgroup.com\/fr\/wp-json\/wp\/v2\/product_cat?post=28235"},{"taxonomy":"product_tag","embeddable":true,"href":"https:\/\/hundtgroup.com\/fr\/wp-json\/wp\/v2\/product_tag?post=28235"}],"curies":[{"name":"wp","href":"https:\/\/api.w.org\/{rel}","templated":true}]}}