{"id":28345,"date":"2022-08-23T15:56:03","date_gmt":"2022-08-23T13:56:03","guid":{"rendered":"https:\/\/hundtgroup.com\/produkt\/plieuse-trutool-f-300-1700w\/"},"modified":"2025-07-29T10:18:35","modified_gmt":"2025-07-29T08:18:35","slug":"plieuse-trutool-f-300-1700w","status":"publish","type":"product","link":"https:\/\/hundtgroup.com\/fr\/produkt\/plieuse-trutool-f-300-1700w\/","title":{"rendered":"Plieuse TruTool F 300 1700W"},"content":{"rendered":"<p>Fermeture des plis Pittsburgh<br \/>\nFausse fermeture \u00e9conomique directement sur le lieu de montage<br \/>\nAvec un entra\u00eenement puissant et une vitesse de travail \u00e9lev\u00e9e<br \/>\nUtilisable pour les canaux droits et courbes de 0,75 mm \u00e0 1,25 mm d&rsquo;\u00e9paisseur de t\u00f4le<br \/>\nPas de changement d&rsquo;\u00e9quipement pour le traitement des pi\u00e8ces de forme et des pi\u00e8ces cintr\u00e9es<\/p>\n","protected":false},"excerpt":{"rendered":"<p>Fermeture des plis Pittsburgh Fausse fermeture \u00e9conomique directement sur le lieu de montage Avec un entra\u00eenement puissant et une vitesse de travail \u00e9lev\u00e9e Utilisable pour les canaux droits et courbes de 0,75 mm \u00e0 1,25 mm d&rsquo;\u00e9paisseur de t\u00f4le Pas de changement d&rsquo;\u00e9quipement pour le traitement des pi\u00e8ces de forme et des pi\u00e8ces cintr\u00e9es<\/p>\n","protected":false},"featured_media":28348,"template":"","meta":{"_acf_changed":false,"inline_featured_image":false},"product_cat":[670,1254],"product_tag":[],"class_list":{"0":"post-28345","1":"product","2":"type-product","3":"status-publish","4":"has-post-thumbnail","6":"brand-trumpf","7":"product_cat-outils-electriques","8":"product_cat-fermeuse-de-plis","10":"first","11":"instock","12":"sale","13":"taxable","14":"shipping-taxable","15":"purchasable","16":"product-type-simple","17":"add-to-wishlist-before_image"},"acf":[],"yoast_head":"<!-- This site is optimized with the Yoast SEO plugin v27.3 - https:\/\/yoast.com\/product\/yoast-seo-wordpress\/ -->\n<title>Plieuse TruTool F 300 1700W - Wilhelm Hundt GmbH<\/title>\n<meta name=\"robots\" content=\"index, follow, max-snippet:-1, max-image-preview:large, max-video-preview:-1\" \/>\n<link rel=\"canonical\" href=\"https:\/\/hundtgroup.com\/fr\/produkt\/plieuse-trutool-f-300-1700w\/\" \/>\n<meta property=\"og:locale\" content=\"fr_FR\" \/>\n<meta property=\"og:type\" content=\"article\" \/>\n<meta property=\"og:title\" content=\"Plieuse TruTool F 300 1700W - Wilhelm Hundt GmbH\" \/>\n<meta property=\"og:description\" content=\"Fermeture des plis Pittsburgh Fausse fermeture \u00e9conomique directement sur le lieu de montage Avec un entra\u00eenement puissant et une vitesse de travail \u00e9lev\u00e9e Utilisable pour les canaux droits et courbes de 0,75 mm \u00e0 1,25 mm d&rsquo;\u00e9paisseur de t\u00f4le Pas de changement d&rsquo;\u00e9quipement pour le traitement des pi\u00e8ces de forme et des pi\u00e8ces cintr\u00e9es\" \/>\n<meta property=\"og:url\" content=\"https:\/\/hundtgroup.com\/fr\/produkt\/plieuse-trutool-f-300-1700w\/\" \/>\n<meta property=\"og:site_name\" content=\"Wilhelm Hundt GmbH\" \/>\n<meta property=\"article:modified_time\" content=\"2025-07-29T08:18:35+00:00\" \/>\n<meta property=\"og:image\" content=\"https:\/\/hundtgroup.com\/wp-content\/uploads\/351009.png\" \/>\n\t<meta property=\"og:image:width\" content=\"459\" \/>\n\t<meta property=\"og:image:height\" content=\"592\" \/>\n\t<meta property=\"og:image:type\" content=\"image\/png\" \/>\n<meta name=\"twitter:card\" content=\"summary_large_image\" \/>\n<script type=\"application\/ld+json\" class=\"yoast-schema-graph\">{\"@context\":\"https:\\\/\\\/schema.org\",\"@graph\":[{\"@type\":\"WebPage\",\"@id\":\"https:\\\/\\\/hundtgroup.com\\\/fr\\\/produkt\\\/plieuse-trutool-f-300-1700w\\\/\",\"url\":\"https:\\\/\\\/hundtgroup.com\\\/fr\\\/produkt\\\/plieuse-trutool-f-300-1700w\\\/\",\"name\":\"Plieuse TruTool F 300 1700W - Wilhelm Hundt GmbH\",\"isPartOf\":{\"@id\":\"https:\\\/\\\/hundtgroup.com\\\/fr\\\/#website\"},\"primaryImageOfPage\":{\"@id\":\"https:\\\/\\\/hundtgroup.com\\\/fr\\\/produkt\\\/plieuse-trutool-f-300-1700w\\\/#primaryimage\"},\"image\":{\"@id\":\"https:\\\/\\\/hundtgroup.com\\\/fr\\\/produkt\\\/plieuse-trutool-f-300-1700w\\\/#primaryimage\"},\"thumbnailUrl\":\"https:\\\/\\\/hundtgroup.com\\\/wp-content\\\/uploads\\\/351009.png\",\"datePublished\":\"2022-08-23T13:56:03+00:00\",\"dateModified\":\"2025-07-29T08:18:35+00:00\",\"breadcrumb\":{\"@id\":\"https:\\\/\\\/hundtgroup.com\\\/fr\\\/produkt\\\/plieuse-trutool-f-300-1700w\\\/#breadcrumb\"},\"inLanguage\":\"fr-FR\",\"potentialAction\":[{\"@type\":\"ReadAction\",\"target\":[\"https:\\\/\\\/hundtgroup.com\\\/fr\\\/produkt\\\/plieuse-trutool-f-300-1700w\\\/\"]}]},{\"@type\":\"ImageObject\",\"inLanguage\":\"fr-FR\",\"@id\":\"https:\\\/\\\/hundtgroup.com\\\/fr\\\/produkt\\\/plieuse-trutool-f-300-1700w\\\/#primaryimage\",\"url\":\"https:\\\/\\\/hundtgroup.com\\\/wp-content\\\/uploads\\\/351009.png\",\"contentUrl\":\"https:\\\/\\\/hundtgroup.com\\\/wp-content\\\/uploads\\\/351009.png\",\"width\":459,\"height\":592},{\"@type\":\"BreadcrumbList\",\"@id\":\"https:\\\/\\\/hundtgroup.com\\\/fr\\\/produkt\\\/plieuse-trutool-f-300-1700w\\\/#breadcrumb\",\"itemListElement\":[{\"@type\":\"ListItem\",\"position\":1,\"name\":\"Startseite\",\"item\":\"https:\\\/\\\/hundtgroup.com\\\/fr\\\/accueil-nouveau\\\/\"},{\"@type\":\"ListItem\",\"position\":2,\"name\":\"Boutique\",\"item\":\"https:\\\/\\\/hundtgroup.com\\\/boutique\\\/\"},{\"@type\":\"ListItem\",\"position\":3,\"name\":\"Plieuse TruTool F 300 1700W\"}]},{\"@type\":\"WebSite\",\"@id\":\"https:\\\/\\\/hundtgroup.com\\\/fr\\\/#website\",\"url\":\"https:\\\/\\\/hundtgroup.com\\\/fr\\\/\",\"name\":\"Wilhelm Hundt GmbH\",\"description\":\"Votre sp\u00e9cialiste en machines et outils pour le travail de la t\u00f4le\",\"potentialAction\":[{\"@type\":\"SearchAction\",\"target\":{\"@type\":\"EntryPoint\",\"urlTemplate\":\"https:\\\/\\\/hundtgroup.com\\\/fr\\\/?s={search_term_string}\"},\"query-input\":{\"@type\":\"PropertyValueSpecification\",\"valueRequired\":true,\"valueName\":\"search_term_string\"}}],\"inLanguage\":\"fr-FR\"}]}<\/script>\n<!-- \/ Yoast SEO plugin. -->","yoast_head_json":{"title":"Plieuse TruTool F 300 1700W - Wilhelm Hundt GmbH","robots":{"index":"index","follow":"follow","max-snippet":"max-snippet:-1","max-image-preview":"max-image-preview:large","max-video-preview":"max-video-preview:-1"},"canonical":"https:\/\/hundtgroup.com\/fr\/produkt\/plieuse-trutool-f-300-1700w\/","og_locale":"fr_FR","og_type":"article","og_title":"Plieuse TruTool F 300 1700W - Wilhelm Hundt GmbH","og_description":"Fermeture des plis Pittsburgh Fausse fermeture \u00e9conomique directement sur le lieu de montage Avec un entra\u00eenement puissant et une vitesse de travail \u00e9lev\u00e9e Utilisable pour les canaux droits et courbes de 0,75 mm \u00e0 1,25 mm d&rsquo;\u00e9paisseur de t\u00f4le Pas de changement d&rsquo;\u00e9quipement pour le traitement des pi\u00e8ces de forme et des pi\u00e8ces cintr\u00e9es","og_url":"https:\/\/hundtgroup.com\/fr\/produkt\/plieuse-trutool-f-300-1700w\/","og_site_name":"Wilhelm Hundt GmbH","article_modified_time":"2025-07-29T08:18:35+00:00","og_image":[{"width":459,"height":592,"url":"https:\/\/hundtgroup.com\/wp-content\/uploads\/351009.png","type":"image\/png"}],"twitter_card":"summary_large_image","schema":{"@context":"https:\/\/schema.org","@graph":[{"@type":"WebPage","@id":"https:\/\/hundtgroup.com\/fr\/produkt\/plieuse-trutool-f-300-1700w\/","url":"https:\/\/hundtgroup.com\/fr\/produkt\/plieuse-trutool-f-300-1700w\/","name":"Plieuse TruTool F 300 1700W - Wilhelm Hundt GmbH","isPartOf":{"@id":"https:\/\/hundtgroup.com\/fr\/#website"},"primaryImageOfPage":{"@id":"https:\/\/hundtgroup.com\/fr\/produkt\/plieuse-trutool-f-300-1700w\/#primaryimage"},"image":{"@id":"https:\/\/hundtgroup.com\/fr\/produkt\/plieuse-trutool-f-300-1700w\/#primaryimage"},"thumbnailUrl":"https:\/\/hundtgroup.com\/wp-content\/uploads\/351009.png","datePublished":"2022-08-23T13:56:03+00:00","dateModified":"2025-07-29T08:18:35+00:00","breadcrumb":{"@id":"https:\/\/hundtgroup.com\/fr\/produkt\/plieuse-trutool-f-300-1700w\/#breadcrumb"},"inLanguage":"fr-FR","potentialAction":[{"@type":"ReadAction","target":["https:\/\/hundtgroup.com\/fr\/produkt\/plieuse-trutool-f-300-1700w\/"]}]},{"@type":"ImageObject","inLanguage":"fr-FR","@id":"https:\/\/hundtgroup.com\/fr\/produkt\/plieuse-trutool-f-300-1700w\/#primaryimage","url":"https:\/\/hundtgroup.com\/wp-content\/uploads\/351009.png","contentUrl":"https:\/\/hundtgroup.com\/wp-content\/uploads\/351009.png","width":459,"height":592},{"@type":"BreadcrumbList","@id":"https:\/\/hundtgroup.com\/fr\/produkt\/plieuse-trutool-f-300-1700w\/#breadcrumb","itemListElement":[{"@type":"ListItem","position":1,"name":"Startseite","item":"https:\/\/hundtgroup.com\/fr\/accueil-nouveau\/"},{"@type":"ListItem","position":2,"name":"Boutique","item":"https:\/\/hundtgroup.com\/boutique\/"},{"@type":"ListItem","position":3,"name":"Plieuse TruTool F 300 1700W"}]},{"@type":"WebSite","@id":"https:\/\/hundtgroup.com\/fr\/#website","url":"https:\/\/hundtgroup.com\/fr\/","name":"Wilhelm Hundt GmbH","description":"Votre sp\u00e9cialiste en machines et outils pour le travail de la t\u00f4le","potentialAction":[{"@type":"SearchAction","target":{"@type":"EntryPoint","urlTemplate":"https:\/\/hundtgroup.com\/fr\/?s={search_term_string}"},"query-input":{"@type":"PropertyValueSpecification","valueRequired":true,"valueName":"search_term_string"}}],"inLanguage":"fr-FR"}]}},"_links":{"self":[{"href":"https:\/\/hundtgroup.com\/fr\/wp-json\/wp\/v2\/product\/28345","targetHints":{"allow":["GET"]}}],"collection":[{"href":"https:\/\/hundtgroup.com\/fr\/wp-json\/wp\/v2\/product"}],"about":[{"href":"https:\/\/hundtgroup.com\/fr\/wp-json\/wp\/v2\/types\/product"}],"wp:featuredmedia":[{"embeddable":true,"href":"https:\/\/hundtgroup.com\/fr\/wp-json\/wp\/v2\/media\/28348"}],"wp:attachment":[{"href":"https:\/\/hundtgroup.com\/fr\/wp-json\/wp\/v2\/media?parent=28345"}],"wp:term":[{"taxonomy":"product_cat","embeddable":true,"href":"https:\/\/hundtgroup.com\/fr\/wp-json\/wp\/v2\/product_cat?post=28345"},{"taxonomy":"product_tag","embeddable":true,"href":"https:\/\/hundtgroup.com\/fr\/wp-json\/wp\/v2\/product_tag?post=28345"}],"curies":[{"name":"wp","href":"https:\/\/api.w.org\/{rel}","templated":true}]}}