{"id":28373,"date":"2022-08-23T15:56:03","date_gmt":"2022-08-23T13:56:03","guid":{"rendered":"https:\/\/hundtgroup.com\/produkt\/plieuse-sertisseuse-trutool-f-300\/"},"modified":"2025-07-29T10:19:17","modified_gmt":"2025-07-29T08:19:17","slug":"plieuse-sertisseuse-trutool-f-300","status":"publish","type":"product","link":"https:\/\/hundtgroup.com\/fr\/produkt\/plieuse-sertisseuse-trutool-f-300\/","title":{"rendered":"Plieuse-sertisseuse TruTool F 300"},"content":{"rendered":"<p>Fermeture de plis Pittsburgh<br \/>\nFausse fermeture \u00e9conomique directement sur le poste de montage<br \/>\nR\u00e9sultat de pliage constant sur les gaines gr\u00e2ce \u00e0 l&rsquo;avance automatique<br \/>\nAssemblage par pliage rapide et \u00e9tanche<br \/>\nUtilisable pour les gaines droites et cintr\u00e9es de 0,75 mm \u00e0 1,25 mm d&rsquo;\u00e9paisseur de t\u00f4le<br \/>\nPas de changement d&rsquo;\u00e9quipement pour l&rsquo;usinage de pi\u00e8ces de forme et de feuilles<\/p>\n","protected":false},"excerpt":{"rendered":"<p>Fermeture de plis Pittsburgh Fausse fermeture \u00e9conomique directement sur le poste de montage R\u00e9sultat de pliage constant sur les gaines gr\u00e2ce \u00e0 l&rsquo;avance automatique Assemblage par pliage rapide et \u00e9tanche Utilisable pour les gaines droites et cintr\u00e9es de 0,75 mm \u00e0 1,25 mm d&rsquo;\u00e9paisseur de t\u00f4le Pas de changement d&rsquo;\u00e9quipement pour l&rsquo;usinage de pi\u00e8ces de [&hellip;]<\/p>\n","protected":false},"featured_media":28374,"template":"","meta":{"_acf_changed":false,"inline_featured_image":false},"product_cat":[670,1254],"product_tag":[],"class_list":{"0":"post-28373","1":"product","2":"type-product","3":"status-publish","4":"has-post-thumbnail","6":"brand-trumpf","7":"product_cat-outils-electriques","8":"product_cat-fermeuse-de-plis","10":"first","11":"instock","12":"sale","13":"taxable","14":"shipping-taxable","15":"purchasable","16":"product-type-simple","17":"add-to-wishlist-before_image"},"acf":[],"yoast_head":"<!-- This site is optimized with the Yoast SEO plugin v27.3 - https:\/\/yoast.com\/product\/yoast-seo-wordpress\/ -->\n<title>Plieuse-sertisseuse TruTool F 300 - Wilhelm Hundt GmbH<\/title>\n<meta name=\"robots\" content=\"index, follow, max-snippet:-1, max-image-preview:large, max-video-preview:-1\" \/>\n<link rel=\"canonical\" href=\"https:\/\/hundtgroup.com\/fr\/produkt\/plieuse-sertisseuse-trutool-f-300\/\" \/>\n<meta property=\"og:locale\" content=\"fr_FR\" \/>\n<meta property=\"og:type\" content=\"article\" \/>\n<meta property=\"og:title\" content=\"Plieuse-sertisseuse TruTool F 300 - Wilhelm Hundt GmbH\" \/>\n<meta property=\"og:description\" content=\"Fermeture de plis Pittsburgh Fausse fermeture \u00e9conomique directement sur le poste de montage R\u00e9sultat de pliage constant sur les gaines gr\u00e2ce \u00e0 l&rsquo;avance automatique Assemblage par pliage rapide et \u00e9tanche Utilisable pour les gaines droites et cintr\u00e9es de 0,75 mm \u00e0 1,25 mm d&rsquo;\u00e9paisseur de t\u00f4le Pas de changement d&rsquo;\u00e9quipement pour l&rsquo;usinage de pi\u00e8ces de [&hellip;]\" \/>\n<meta property=\"og:url\" content=\"https:\/\/hundtgroup.com\/fr\/produkt\/plieuse-sertisseuse-trutool-f-300\/\" \/>\n<meta property=\"og:site_name\" content=\"Wilhelm Hundt GmbH\" \/>\n<meta property=\"article:modified_time\" content=\"2025-07-29T08:19:17+00:00\" \/>\n<meta property=\"og:image\" content=\"https:\/\/hundtgroup.com\/wp-content\/uploads\/353000.png\" \/>\n\t<meta property=\"og:image:width\" content=\"459\" \/>\n\t<meta property=\"og:image:height\" content=\"592\" \/>\n\t<meta property=\"og:image:type\" content=\"image\/png\" \/>\n<meta name=\"twitter:card\" content=\"summary_large_image\" \/>\n<script type=\"application\/ld+json\" class=\"yoast-schema-graph\">{\"@context\":\"https:\\\/\\\/schema.org\",\"@graph\":[{\"@type\":\"WebPage\",\"@id\":\"https:\\\/\\\/hundtgroup.com\\\/fr\\\/produkt\\\/plieuse-sertisseuse-trutool-f-300\\\/\",\"url\":\"https:\\\/\\\/hundtgroup.com\\\/fr\\\/produkt\\\/plieuse-sertisseuse-trutool-f-300\\\/\",\"name\":\"Plieuse-sertisseuse TruTool F 300 - Wilhelm Hundt GmbH\",\"isPartOf\":{\"@id\":\"https:\\\/\\\/hundtgroup.com\\\/fr\\\/#website\"},\"primaryImageOfPage\":{\"@id\":\"https:\\\/\\\/hundtgroup.com\\\/fr\\\/produkt\\\/plieuse-sertisseuse-trutool-f-300\\\/#primaryimage\"},\"image\":{\"@id\":\"https:\\\/\\\/hundtgroup.com\\\/fr\\\/produkt\\\/plieuse-sertisseuse-trutool-f-300\\\/#primaryimage\"},\"thumbnailUrl\":\"https:\\\/\\\/hundtgroup.com\\\/wp-content\\\/uploads\\\/353000.png\",\"datePublished\":\"2022-08-23T13:56:03+00:00\",\"dateModified\":\"2025-07-29T08:19:17+00:00\",\"breadcrumb\":{\"@id\":\"https:\\\/\\\/hundtgroup.com\\\/fr\\\/produkt\\\/plieuse-sertisseuse-trutool-f-300\\\/#breadcrumb\"},\"inLanguage\":\"fr-FR\",\"potentialAction\":[{\"@type\":\"ReadAction\",\"target\":[\"https:\\\/\\\/hundtgroup.com\\\/fr\\\/produkt\\\/plieuse-sertisseuse-trutool-f-300\\\/\"]}]},{\"@type\":\"ImageObject\",\"inLanguage\":\"fr-FR\",\"@id\":\"https:\\\/\\\/hundtgroup.com\\\/fr\\\/produkt\\\/plieuse-sertisseuse-trutool-f-300\\\/#primaryimage\",\"url\":\"https:\\\/\\\/hundtgroup.com\\\/wp-content\\\/uploads\\\/353000.png\",\"contentUrl\":\"https:\\\/\\\/hundtgroup.com\\\/wp-content\\\/uploads\\\/353000.png\",\"width\":459,\"height\":592},{\"@type\":\"BreadcrumbList\",\"@id\":\"https:\\\/\\\/hundtgroup.com\\\/fr\\\/produkt\\\/plieuse-sertisseuse-trutool-f-300\\\/#breadcrumb\",\"itemListElement\":[{\"@type\":\"ListItem\",\"position\":1,\"name\":\"Startseite\",\"item\":\"https:\\\/\\\/hundtgroup.com\\\/fr\\\/accueil-nouveau\\\/\"},{\"@type\":\"ListItem\",\"position\":2,\"name\":\"Boutique\",\"item\":\"https:\\\/\\\/hundtgroup.com\\\/boutique\\\/\"},{\"@type\":\"ListItem\",\"position\":3,\"name\":\"Plieuse-sertisseuse TruTool F 300\"}]},{\"@type\":\"WebSite\",\"@id\":\"https:\\\/\\\/hundtgroup.com\\\/fr\\\/#website\",\"url\":\"https:\\\/\\\/hundtgroup.com\\\/fr\\\/\",\"name\":\"Wilhelm Hundt GmbH\",\"description\":\"Votre sp\u00e9cialiste en machines et outils pour le travail de la t\u00f4le\",\"potentialAction\":[{\"@type\":\"SearchAction\",\"target\":{\"@type\":\"EntryPoint\",\"urlTemplate\":\"https:\\\/\\\/hundtgroup.com\\\/fr\\\/?s={search_term_string}\"},\"query-input\":{\"@type\":\"PropertyValueSpecification\",\"valueRequired\":true,\"valueName\":\"search_term_string\"}}],\"inLanguage\":\"fr-FR\"}]}<\/script>\n<!-- \/ Yoast SEO plugin. -->","yoast_head_json":{"title":"Plieuse-sertisseuse TruTool F 300 - Wilhelm Hundt GmbH","robots":{"index":"index","follow":"follow","max-snippet":"max-snippet:-1","max-image-preview":"max-image-preview:large","max-video-preview":"max-video-preview:-1"},"canonical":"https:\/\/hundtgroup.com\/fr\/produkt\/plieuse-sertisseuse-trutool-f-300\/","og_locale":"fr_FR","og_type":"article","og_title":"Plieuse-sertisseuse TruTool F 300 - Wilhelm Hundt GmbH","og_description":"Fermeture de plis Pittsburgh Fausse fermeture \u00e9conomique directement sur le poste de montage R\u00e9sultat de pliage constant sur les gaines gr\u00e2ce \u00e0 l&rsquo;avance automatique Assemblage par pliage rapide et \u00e9tanche Utilisable pour les gaines droites et cintr\u00e9es de 0,75 mm \u00e0 1,25 mm d&rsquo;\u00e9paisseur de t\u00f4le Pas de changement d&rsquo;\u00e9quipement pour l&rsquo;usinage de pi\u00e8ces de [&hellip;]","og_url":"https:\/\/hundtgroup.com\/fr\/produkt\/plieuse-sertisseuse-trutool-f-300\/","og_site_name":"Wilhelm Hundt GmbH","article_modified_time":"2025-07-29T08:19:17+00:00","og_image":[{"width":459,"height":592,"url":"https:\/\/hundtgroup.com\/wp-content\/uploads\/353000.png","type":"image\/png"}],"twitter_card":"summary_large_image","schema":{"@context":"https:\/\/schema.org","@graph":[{"@type":"WebPage","@id":"https:\/\/hundtgroup.com\/fr\/produkt\/plieuse-sertisseuse-trutool-f-300\/","url":"https:\/\/hundtgroup.com\/fr\/produkt\/plieuse-sertisseuse-trutool-f-300\/","name":"Plieuse-sertisseuse TruTool F 300 - Wilhelm Hundt GmbH","isPartOf":{"@id":"https:\/\/hundtgroup.com\/fr\/#website"},"primaryImageOfPage":{"@id":"https:\/\/hundtgroup.com\/fr\/produkt\/plieuse-sertisseuse-trutool-f-300\/#primaryimage"},"image":{"@id":"https:\/\/hundtgroup.com\/fr\/produkt\/plieuse-sertisseuse-trutool-f-300\/#primaryimage"},"thumbnailUrl":"https:\/\/hundtgroup.com\/wp-content\/uploads\/353000.png","datePublished":"2022-08-23T13:56:03+00:00","dateModified":"2025-07-29T08:19:17+00:00","breadcrumb":{"@id":"https:\/\/hundtgroup.com\/fr\/produkt\/plieuse-sertisseuse-trutool-f-300\/#breadcrumb"},"inLanguage":"fr-FR","potentialAction":[{"@type":"ReadAction","target":["https:\/\/hundtgroup.com\/fr\/produkt\/plieuse-sertisseuse-trutool-f-300\/"]}]},{"@type":"ImageObject","inLanguage":"fr-FR","@id":"https:\/\/hundtgroup.com\/fr\/produkt\/plieuse-sertisseuse-trutool-f-300\/#primaryimage","url":"https:\/\/hundtgroup.com\/wp-content\/uploads\/353000.png","contentUrl":"https:\/\/hundtgroup.com\/wp-content\/uploads\/353000.png","width":459,"height":592},{"@type":"BreadcrumbList","@id":"https:\/\/hundtgroup.com\/fr\/produkt\/plieuse-sertisseuse-trutool-f-300\/#breadcrumb","itemListElement":[{"@type":"ListItem","position":1,"name":"Startseite","item":"https:\/\/hundtgroup.com\/fr\/accueil-nouveau\/"},{"@type":"ListItem","position":2,"name":"Boutique","item":"https:\/\/hundtgroup.com\/boutique\/"},{"@type":"ListItem","position":3,"name":"Plieuse-sertisseuse TruTool F 300"}]},{"@type":"WebSite","@id":"https:\/\/hundtgroup.com\/fr\/#website","url":"https:\/\/hundtgroup.com\/fr\/","name":"Wilhelm Hundt GmbH","description":"Votre sp\u00e9cialiste en machines et outils pour le travail de la t\u00f4le","potentialAction":[{"@type":"SearchAction","target":{"@type":"EntryPoint","urlTemplate":"https:\/\/hundtgroup.com\/fr\/?s={search_term_string}"},"query-input":{"@type":"PropertyValueSpecification","valueRequired":true,"valueName":"search_term_string"}}],"inLanguage":"fr-FR"}]}},"_links":{"self":[{"href":"https:\/\/hundtgroup.com\/fr\/wp-json\/wp\/v2\/product\/28373","targetHints":{"allow":["GET"]}}],"collection":[{"href":"https:\/\/hundtgroup.com\/fr\/wp-json\/wp\/v2\/product"}],"about":[{"href":"https:\/\/hundtgroup.com\/fr\/wp-json\/wp\/v2\/types\/product"}],"wp:featuredmedia":[{"embeddable":true,"href":"https:\/\/hundtgroup.com\/fr\/wp-json\/wp\/v2\/media\/28374"}],"wp:attachment":[{"href":"https:\/\/hundtgroup.com\/fr\/wp-json\/wp\/v2\/media?parent=28373"}],"wp:term":[{"taxonomy":"product_cat","embeddable":true,"href":"https:\/\/hundtgroup.com\/fr\/wp-json\/wp\/v2\/product_cat?post=28373"},{"taxonomy":"product_tag","embeddable":true,"href":"https:\/\/hundtgroup.com\/fr\/wp-json\/wp\/v2\/product_tag?post=28373"}],"curies":[{"name":"wp","href":"https:\/\/api.w.org\/{rel}","templated":true}]}}