{"id":28387,"date":"2022-08-23T15:56:03","date_gmt":"2022-08-23T13:56:03","guid":{"rendered":"https:\/\/hundtgroup.com\/produkt\/plieuse-sertisseuse-trutool-f-140\/"},"modified":"2025-07-29T10:19:32","modified_gmt":"2025-07-29T08:19:32","slug":"plieuse-sertisseuse-trutool-f-140","status":"publish","type":"product","link":"https:\/\/hundtgroup.com\/fr\/produkt\/plieuse-sertisseuse-trutool-f-140\/","title":{"rendered":"Plieuse-sertisseuse TruTool F 140"},"content":{"rendered":"<p>Fermeture \u00e9conomique du pli directement au poste de montage<br \/>\nAdaptation automatique \u00e0 l&rsquo;\u00e9paisseur de la t\u00f4le<br \/>\nUtilisable pour les gaines droites et cintr\u00e9es jusqu&rsquo;\u00e0 1,4 mm d&rsquo;\u00e9paisseur de t\u00f4le<br \/>\nPas de changement d&rsquo;\u00e9quipement pour le traitement des pi\u00e8ces de forme et des pi\u00e8ces cintr\u00e9es<br \/>\nParticuli\u00e8rement bien adapt\u00e9 \u00e0 l&rsquo;acier inoxydable<br \/>\nR\u00e9gulateur de vitesse \u00e9lectronique pour une vitesse de travail optimale<\/p>\n","protected":false},"excerpt":{"rendered":"<p>Fermeture \u00e9conomique du pli directement au poste de montage Adaptation automatique \u00e0 l&rsquo;\u00e9paisseur de la t\u00f4le Utilisable pour les gaines droites et cintr\u00e9es jusqu&rsquo;\u00e0 1,4 mm d&rsquo;\u00e9paisseur de t\u00f4le Pas de changement d&rsquo;\u00e9quipement pour le traitement des pi\u00e8ces de forme et des pi\u00e8ces cintr\u00e9es Particuli\u00e8rement bien adapt\u00e9 \u00e0 l&rsquo;acier inoxydable R\u00e9gulateur de vitesse \u00e9lectronique pour [&hellip;]<\/p>\n","protected":false},"featured_media":28389,"template":"","meta":{"_acf_changed":false,"inline_featured_image":false},"product_cat":[670,1254],"product_tag":[],"class_list":{"0":"post-28387","1":"product","2":"type-product","3":"status-publish","4":"has-post-thumbnail","6":"brand-trumpf","7":"product_cat-outils-electriques","8":"product_cat-fermeuse-de-plis","10":"first","11":"instock","12":"sale","13":"taxable","14":"shipping-taxable","15":"purchasable","16":"product-type-simple","17":"add-to-wishlist-before_image"},"acf":[],"yoast_head":"<!-- This site is optimized with the Yoast SEO plugin v27.3 - https:\/\/yoast.com\/product\/yoast-seo-wordpress\/ -->\n<title>Plieuse-sertisseuse TruTool F 140 - Wilhelm Hundt GmbH<\/title>\n<meta name=\"robots\" content=\"index, follow, max-snippet:-1, max-image-preview:large, max-video-preview:-1\" \/>\n<link rel=\"canonical\" href=\"https:\/\/hundtgroup.com\/fr\/produkt\/plieuse-sertisseuse-trutool-f-140\/\" \/>\n<meta property=\"og:locale\" content=\"fr_FR\" \/>\n<meta property=\"og:type\" content=\"article\" \/>\n<meta property=\"og:title\" content=\"Plieuse-sertisseuse TruTool F 140 - Wilhelm Hundt GmbH\" \/>\n<meta property=\"og:description\" content=\"Fermeture \u00e9conomique du pli directement au poste de montage Adaptation automatique \u00e0 l&rsquo;\u00e9paisseur de la t\u00f4le Utilisable pour les gaines droites et cintr\u00e9es jusqu&rsquo;\u00e0 1,4 mm d&rsquo;\u00e9paisseur de t\u00f4le Pas de changement d&rsquo;\u00e9quipement pour le traitement des pi\u00e8ces de forme et des pi\u00e8ces cintr\u00e9es Particuli\u00e8rement bien adapt\u00e9 \u00e0 l&rsquo;acier inoxydable R\u00e9gulateur de vitesse \u00e9lectronique pour [&hellip;]\" \/>\n<meta property=\"og:url\" content=\"https:\/\/hundtgroup.com\/fr\/produkt\/plieuse-sertisseuse-trutool-f-140\/\" \/>\n<meta property=\"og:site_name\" content=\"Wilhelm Hundt GmbH\" \/>\n<meta property=\"article:modified_time\" content=\"2025-07-29T08:19:32+00:00\" \/>\n<meta property=\"og:image\" content=\"https:\/\/hundtgroup.com\/wp-content\/uploads\/351400.png\" \/>\n\t<meta property=\"og:image:width\" content=\"591\" \/>\n\t<meta property=\"og:image:height\" content=\"591\" \/>\n\t<meta property=\"og:image:type\" content=\"image\/png\" \/>\n<meta name=\"twitter:card\" content=\"summary_large_image\" \/>\n<script type=\"application\/ld+json\" class=\"yoast-schema-graph\">{\"@context\":\"https:\\\/\\\/schema.org\",\"@graph\":[{\"@type\":\"WebPage\",\"@id\":\"https:\\\/\\\/hundtgroup.com\\\/fr\\\/produkt\\\/plieuse-sertisseuse-trutool-f-140\\\/\",\"url\":\"https:\\\/\\\/hundtgroup.com\\\/fr\\\/produkt\\\/plieuse-sertisseuse-trutool-f-140\\\/\",\"name\":\"Plieuse-sertisseuse TruTool F 140 - Wilhelm Hundt GmbH\",\"isPartOf\":{\"@id\":\"https:\\\/\\\/hundtgroup.com\\\/fr\\\/#website\"},\"primaryImageOfPage\":{\"@id\":\"https:\\\/\\\/hundtgroup.com\\\/fr\\\/produkt\\\/plieuse-sertisseuse-trutool-f-140\\\/#primaryimage\"},\"image\":{\"@id\":\"https:\\\/\\\/hundtgroup.com\\\/fr\\\/produkt\\\/plieuse-sertisseuse-trutool-f-140\\\/#primaryimage\"},\"thumbnailUrl\":\"https:\\\/\\\/hundtgroup.com\\\/wp-content\\\/uploads\\\/351400.png\",\"datePublished\":\"2022-08-23T13:56:03+00:00\",\"dateModified\":\"2025-07-29T08:19:32+00:00\",\"breadcrumb\":{\"@id\":\"https:\\\/\\\/hundtgroup.com\\\/fr\\\/produkt\\\/plieuse-sertisseuse-trutool-f-140\\\/#breadcrumb\"},\"inLanguage\":\"fr-FR\",\"potentialAction\":[{\"@type\":\"ReadAction\",\"target\":[\"https:\\\/\\\/hundtgroup.com\\\/fr\\\/produkt\\\/plieuse-sertisseuse-trutool-f-140\\\/\"]}]},{\"@type\":\"ImageObject\",\"inLanguage\":\"fr-FR\",\"@id\":\"https:\\\/\\\/hundtgroup.com\\\/fr\\\/produkt\\\/plieuse-sertisseuse-trutool-f-140\\\/#primaryimage\",\"url\":\"https:\\\/\\\/hundtgroup.com\\\/wp-content\\\/uploads\\\/351400.png\",\"contentUrl\":\"https:\\\/\\\/hundtgroup.com\\\/wp-content\\\/uploads\\\/351400.png\",\"width\":591,\"height\":591},{\"@type\":\"BreadcrumbList\",\"@id\":\"https:\\\/\\\/hundtgroup.com\\\/fr\\\/produkt\\\/plieuse-sertisseuse-trutool-f-140\\\/#breadcrumb\",\"itemListElement\":[{\"@type\":\"ListItem\",\"position\":1,\"name\":\"Startseite\",\"item\":\"https:\\\/\\\/hundtgroup.com\\\/fr\\\/accueil-nouveau\\\/\"},{\"@type\":\"ListItem\",\"position\":2,\"name\":\"Boutique\",\"item\":\"https:\\\/\\\/hundtgroup.com\\\/boutique\\\/\"},{\"@type\":\"ListItem\",\"position\":3,\"name\":\"Plieuse-sertisseuse TruTool F 140\"}]},{\"@type\":\"WebSite\",\"@id\":\"https:\\\/\\\/hundtgroup.com\\\/fr\\\/#website\",\"url\":\"https:\\\/\\\/hundtgroup.com\\\/fr\\\/\",\"name\":\"Wilhelm Hundt GmbH\",\"description\":\"Votre sp\u00e9cialiste en machines et outils pour le travail de la t\u00f4le\",\"potentialAction\":[{\"@type\":\"SearchAction\",\"target\":{\"@type\":\"EntryPoint\",\"urlTemplate\":\"https:\\\/\\\/hundtgroup.com\\\/fr\\\/?s={search_term_string}\"},\"query-input\":{\"@type\":\"PropertyValueSpecification\",\"valueRequired\":true,\"valueName\":\"search_term_string\"}}],\"inLanguage\":\"fr-FR\"}]}<\/script>\n<!-- \/ Yoast SEO plugin. -->","yoast_head_json":{"title":"Plieuse-sertisseuse TruTool F 140 - Wilhelm Hundt GmbH","robots":{"index":"index","follow":"follow","max-snippet":"max-snippet:-1","max-image-preview":"max-image-preview:large","max-video-preview":"max-video-preview:-1"},"canonical":"https:\/\/hundtgroup.com\/fr\/produkt\/plieuse-sertisseuse-trutool-f-140\/","og_locale":"fr_FR","og_type":"article","og_title":"Plieuse-sertisseuse TruTool F 140 - Wilhelm Hundt GmbH","og_description":"Fermeture \u00e9conomique du pli directement au poste de montage Adaptation automatique \u00e0 l&rsquo;\u00e9paisseur de la t\u00f4le Utilisable pour les gaines droites et cintr\u00e9es jusqu&rsquo;\u00e0 1,4 mm d&rsquo;\u00e9paisseur de t\u00f4le Pas de changement d&rsquo;\u00e9quipement pour le traitement des pi\u00e8ces de forme et des pi\u00e8ces cintr\u00e9es Particuli\u00e8rement bien adapt\u00e9 \u00e0 l&rsquo;acier inoxydable R\u00e9gulateur de vitesse \u00e9lectronique pour [&hellip;]","og_url":"https:\/\/hundtgroup.com\/fr\/produkt\/plieuse-sertisseuse-trutool-f-140\/","og_site_name":"Wilhelm Hundt GmbH","article_modified_time":"2025-07-29T08:19:32+00:00","og_image":[{"width":591,"height":591,"url":"https:\/\/hundtgroup.com\/wp-content\/uploads\/351400.png","type":"image\/png"}],"twitter_card":"summary_large_image","schema":{"@context":"https:\/\/schema.org","@graph":[{"@type":"WebPage","@id":"https:\/\/hundtgroup.com\/fr\/produkt\/plieuse-sertisseuse-trutool-f-140\/","url":"https:\/\/hundtgroup.com\/fr\/produkt\/plieuse-sertisseuse-trutool-f-140\/","name":"Plieuse-sertisseuse TruTool F 140 - Wilhelm Hundt GmbH","isPartOf":{"@id":"https:\/\/hundtgroup.com\/fr\/#website"},"primaryImageOfPage":{"@id":"https:\/\/hundtgroup.com\/fr\/produkt\/plieuse-sertisseuse-trutool-f-140\/#primaryimage"},"image":{"@id":"https:\/\/hundtgroup.com\/fr\/produkt\/plieuse-sertisseuse-trutool-f-140\/#primaryimage"},"thumbnailUrl":"https:\/\/hundtgroup.com\/wp-content\/uploads\/351400.png","datePublished":"2022-08-23T13:56:03+00:00","dateModified":"2025-07-29T08:19:32+00:00","breadcrumb":{"@id":"https:\/\/hundtgroup.com\/fr\/produkt\/plieuse-sertisseuse-trutool-f-140\/#breadcrumb"},"inLanguage":"fr-FR","potentialAction":[{"@type":"ReadAction","target":["https:\/\/hundtgroup.com\/fr\/produkt\/plieuse-sertisseuse-trutool-f-140\/"]}]},{"@type":"ImageObject","inLanguage":"fr-FR","@id":"https:\/\/hundtgroup.com\/fr\/produkt\/plieuse-sertisseuse-trutool-f-140\/#primaryimage","url":"https:\/\/hundtgroup.com\/wp-content\/uploads\/351400.png","contentUrl":"https:\/\/hundtgroup.com\/wp-content\/uploads\/351400.png","width":591,"height":591},{"@type":"BreadcrumbList","@id":"https:\/\/hundtgroup.com\/fr\/produkt\/plieuse-sertisseuse-trutool-f-140\/#breadcrumb","itemListElement":[{"@type":"ListItem","position":1,"name":"Startseite","item":"https:\/\/hundtgroup.com\/fr\/accueil-nouveau\/"},{"@type":"ListItem","position":2,"name":"Boutique","item":"https:\/\/hundtgroup.com\/boutique\/"},{"@type":"ListItem","position":3,"name":"Plieuse-sertisseuse TruTool F 140"}]},{"@type":"WebSite","@id":"https:\/\/hundtgroup.com\/fr\/#website","url":"https:\/\/hundtgroup.com\/fr\/","name":"Wilhelm Hundt GmbH","description":"Votre sp\u00e9cialiste en machines et outils pour le travail de la t\u00f4le","potentialAction":[{"@type":"SearchAction","target":{"@type":"EntryPoint","urlTemplate":"https:\/\/hundtgroup.com\/fr\/?s={search_term_string}"},"query-input":{"@type":"PropertyValueSpecification","valueRequired":true,"valueName":"search_term_string"}}],"inLanguage":"fr-FR"}]}},"_links":{"self":[{"href":"https:\/\/hundtgroup.com\/fr\/wp-json\/wp\/v2\/product\/28387","targetHints":{"allow":["GET"]}}],"collection":[{"href":"https:\/\/hundtgroup.com\/fr\/wp-json\/wp\/v2\/product"}],"about":[{"href":"https:\/\/hundtgroup.com\/fr\/wp-json\/wp\/v2\/types\/product"}],"wp:featuredmedia":[{"embeddable":true,"href":"https:\/\/hundtgroup.com\/fr\/wp-json\/wp\/v2\/media\/28389"}],"wp:attachment":[{"href":"https:\/\/hundtgroup.com\/fr\/wp-json\/wp\/v2\/media?parent=28387"}],"wp:term":[{"taxonomy":"product_cat","embeddable":true,"href":"https:\/\/hundtgroup.com\/fr\/wp-json\/wp\/v2\/product_cat?post=28387"},{"taxonomy":"product_tag","embeddable":true,"href":"https:\/\/hundtgroup.com\/fr\/wp-json\/wp\/v2\/product_tag?post=28387"}],"curies":[{"name":"wp","href":"https:\/\/api.w.org\/{rel}","templated":true}]}}