{"id":28401,"date":"2022-08-23T15:56:03","date_gmt":"2022-08-23T13:56:03","guid":{"rendered":"https:\/\/hundtgroup.com\/produkt\/plieuse-sertisseuse-trutool-f-125\/"},"modified":"2025-07-29T10:19:54","modified_gmt":"2025-07-29T08:19:54","slug":"plieuse-sertisseuse-trutool-f-125","status":"publish","type":"product","link":"https:\/\/hundtgroup.com\/fr\/produkt\/plieuse-sertisseuse-trutool-f-125\/","title":{"rendered":"Plieuse-sertisseuse TruTool F 125"},"content":{"rendered":"<p>Fermeture de plis debout et d&rsquo;angle pr\u00e9-cintr\u00e9s, m\u00eame dans les coins et les angles<br \/>\nMarteau \u00e0 ressort pour une qualit\u00e9 constante en cas de variations d&rsquo;\u00e9paisseur de la t\u00f4le<br \/>\nR\u00e9glage fin de la distance de travail du marteau et de l&rsquo;enclume<br \/>\nFermeture \u00e9conomique du pli directement sur le lieu de montage<br \/>\nAssemblage rapide et \u00e9tanche des plis<\/p>\n","protected":false},"excerpt":{"rendered":"<p>Fermeture de plis debout et d&rsquo;angle pr\u00e9-cintr\u00e9s, m\u00eame dans les coins et les angles Marteau \u00e0 ressort pour une qualit\u00e9 constante en cas de variations d&rsquo;\u00e9paisseur de la t\u00f4le R\u00e9glage fin de la distance de travail du marteau et de l&rsquo;enclume Fermeture \u00e9conomique du pli directement sur le lieu de montage Assemblage rapide et \u00e9tanche [&hellip;]<\/p>\n","protected":false},"featured_media":28403,"template":"","meta":{"_acf_changed":false,"inline_featured_image":false},"product_cat":[670,1254],"product_tag":[],"class_list":{"0":"post-28401","1":"product","2":"type-product","3":"status-publish","4":"has-post-thumbnail","6":"brand-trumpf","7":"product_cat-outils-electriques","8":"product_cat-fermeuse-de-plis","10":"first","11":"instock","12":"sale","13":"taxable","14":"shipping-taxable","15":"purchasable","16":"product-type-simple","17":"add-to-wishlist-before_image"},"acf":[],"yoast_head":"<!-- This site is optimized with the Yoast SEO plugin v27.3 - https:\/\/yoast.com\/product\/yoast-seo-wordpress\/ -->\n<title>Plieuse-sertisseuse TruTool F 125 - Wilhelm Hundt GmbH<\/title>\n<meta name=\"robots\" content=\"index, follow, max-snippet:-1, max-image-preview:large, max-video-preview:-1\" \/>\n<link rel=\"canonical\" href=\"https:\/\/hundtgroup.com\/fr\/produkt\/plieuse-sertisseuse-trutool-f-125\/\" \/>\n<meta property=\"og:locale\" content=\"fr_FR\" \/>\n<meta property=\"og:type\" content=\"article\" \/>\n<meta property=\"og:title\" content=\"Plieuse-sertisseuse TruTool F 125 - Wilhelm Hundt GmbH\" \/>\n<meta property=\"og:description\" content=\"Fermeture de plis debout et d&rsquo;angle pr\u00e9-cintr\u00e9s, m\u00eame dans les coins et les angles Marteau \u00e0 ressort pour une qualit\u00e9 constante en cas de variations d&rsquo;\u00e9paisseur de la t\u00f4le R\u00e9glage fin de la distance de travail du marteau et de l&rsquo;enclume Fermeture \u00e9conomique du pli directement sur le lieu de montage Assemblage rapide et \u00e9tanche [&hellip;]\" \/>\n<meta property=\"og:url\" content=\"https:\/\/hundtgroup.com\/fr\/produkt\/plieuse-sertisseuse-trutool-f-125\/\" \/>\n<meta property=\"og:site_name\" content=\"Wilhelm Hundt GmbH\" \/>\n<meta property=\"article:modified_time\" content=\"2025-07-29T08:19:54+00:00\" \/>\n<meta property=\"og:image\" content=\"https:\/\/hundtgroup.com\/wp-content\/uploads\/351250.png\" \/>\n\t<meta property=\"og:image:width\" content=\"827\" \/>\n\t<meta property=\"og:image:height\" content=\"563\" \/>\n\t<meta property=\"og:image:type\" content=\"image\/png\" \/>\n<meta name=\"twitter:card\" content=\"summary_large_image\" \/>\n<script type=\"application\/ld+json\" class=\"yoast-schema-graph\">{\"@context\":\"https:\\\/\\\/schema.org\",\"@graph\":[{\"@type\":\"WebPage\",\"@id\":\"https:\\\/\\\/hundtgroup.com\\\/fr\\\/produkt\\\/plieuse-sertisseuse-trutool-f-125\\\/\",\"url\":\"https:\\\/\\\/hundtgroup.com\\\/fr\\\/produkt\\\/plieuse-sertisseuse-trutool-f-125\\\/\",\"name\":\"Plieuse-sertisseuse TruTool F 125 - Wilhelm Hundt GmbH\",\"isPartOf\":{\"@id\":\"https:\\\/\\\/hundtgroup.com\\\/fr\\\/#website\"},\"primaryImageOfPage\":{\"@id\":\"https:\\\/\\\/hundtgroup.com\\\/fr\\\/produkt\\\/plieuse-sertisseuse-trutool-f-125\\\/#primaryimage\"},\"image\":{\"@id\":\"https:\\\/\\\/hundtgroup.com\\\/fr\\\/produkt\\\/plieuse-sertisseuse-trutool-f-125\\\/#primaryimage\"},\"thumbnailUrl\":\"https:\\\/\\\/hundtgroup.com\\\/wp-content\\\/uploads\\\/351250.png\",\"datePublished\":\"2022-08-23T13:56:03+00:00\",\"dateModified\":\"2025-07-29T08:19:54+00:00\",\"breadcrumb\":{\"@id\":\"https:\\\/\\\/hundtgroup.com\\\/fr\\\/produkt\\\/plieuse-sertisseuse-trutool-f-125\\\/#breadcrumb\"},\"inLanguage\":\"fr-FR\",\"potentialAction\":[{\"@type\":\"ReadAction\",\"target\":[\"https:\\\/\\\/hundtgroup.com\\\/fr\\\/produkt\\\/plieuse-sertisseuse-trutool-f-125\\\/\"]}]},{\"@type\":\"ImageObject\",\"inLanguage\":\"fr-FR\",\"@id\":\"https:\\\/\\\/hundtgroup.com\\\/fr\\\/produkt\\\/plieuse-sertisseuse-trutool-f-125\\\/#primaryimage\",\"url\":\"https:\\\/\\\/hundtgroup.com\\\/wp-content\\\/uploads\\\/351250.png\",\"contentUrl\":\"https:\\\/\\\/hundtgroup.com\\\/wp-content\\\/uploads\\\/351250.png\",\"width\":827,\"height\":563},{\"@type\":\"BreadcrumbList\",\"@id\":\"https:\\\/\\\/hundtgroup.com\\\/fr\\\/produkt\\\/plieuse-sertisseuse-trutool-f-125\\\/#breadcrumb\",\"itemListElement\":[{\"@type\":\"ListItem\",\"position\":1,\"name\":\"Startseite\",\"item\":\"https:\\\/\\\/hundtgroup.com\\\/fr\\\/accueil-nouveau\\\/\"},{\"@type\":\"ListItem\",\"position\":2,\"name\":\"Boutique\",\"item\":\"https:\\\/\\\/hundtgroup.com\\\/boutique\\\/\"},{\"@type\":\"ListItem\",\"position\":3,\"name\":\"Plieuse-sertisseuse TruTool F 125\"}]},{\"@type\":\"WebSite\",\"@id\":\"https:\\\/\\\/hundtgroup.com\\\/fr\\\/#website\",\"url\":\"https:\\\/\\\/hundtgroup.com\\\/fr\\\/\",\"name\":\"Wilhelm Hundt GmbH\",\"description\":\"Votre sp\u00e9cialiste en machines et outils pour le travail de la t\u00f4le\",\"potentialAction\":[{\"@type\":\"SearchAction\",\"target\":{\"@type\":\"EntryPoint\",\"urlTemplate\":\"https:\\\/\\\/hundtgroup.com\\\/fr\\\/?s={search_term_string}\"},\"query-input\":{\"@type\":\"PropertyValueSpecification\",\"valueRequired\":true,\"valueName\":\"search_term_string\"}}],\"inLanguage\":\"fr-FR\"}]}<\/script>\n<!-- \/ Yoast SEO plugin. -->","yoast_head_json":{"title":"Plieuse-sertisseuse TruTool F 125 - Wilhelm Hundt GmbH","robots":{"index":"index","follow":"follow","max-snippet":"max-snippet:-1","max-image-preview":"max-image-preview:large","max-video-preview":"max-video-preview:-1"},"canonical":"https:\/\/hundtgroup.com\/fr\/produkt\/plieuse-sertisseuse-trutool-f-125\/","og_locale":"fr_FR","og_type":"article","og_title":"Plieuse-sertisseuse TruTool F 125 - Wilhelm Hundt GmbH","og_description":"Fermeture de plis debout et d&rsquo;angle pr\u00e9-cintr\u00e9s, m\u00eame dans les coins et les angles Marteau \u00e0 ressort pour une qualit\u00e9 constante en cas de variations d&rsquo;\u00e9paisseur de la t\u00f4le R\u00e9glage fin de la distance de travail du marteau et de l&rsquo;enclume Fermeture \u00e9conomique du pli directement sur le lieu de montage Assemblage rapide et \u00e9tanche [&hellip;]","og_url":"https:\/\/hundtgroup.com\/fr\/produkt\/plieuse-sertisseuse-trutool-f-125\/","og_site_name":"Wilhelm Hundt GmbH","article_modified_time":"2025-07-29T08:19:54+00:00","og_image":[{"width":827,"height":563,"url":"https:\/\/hundtgroup.com\/wp-content\/uploads\/351250.png","type":"image\/png"}],"twitter_card":"summary_large_image","schema":{"@context":"https:\/\/schema.org","@graph":[{"@type":"WebPage","@id":"https:\/\/hundtgroup.com\/fr\/produkt\/plieuse-sertisseuse-trutool-f-125\/","url":"https:\/\/hundtgroup.com\/fr\/produkt\/plieuse-sertisseuse-trutool-f-125\/","name":"Plieuse-sertisseuse TruTool F 125 - Wilhelm Hundt GmbH","isPartOf":{"@id":"https:\/\/hundtgroup.com\/fr\/#website"},"primaryImageOfPage":{"@id":"https:\/\/hundtgroup.com\/fr\/produkt\/plieuse-sertisseuse-trutool-f-125\/#primaryimage"},"image":{"@id":"https:\/\/hundtgroup.com\/fr\/produkt\/plieuse-sertisseuse-trutool-f-125\/#primaryimage"},"thumbnailUrl":"https:\/\/hundtgroup.com\/wp-content\/uploads\/351250.png","datePublished":"2022-08-23T13:56:03+00:00","dateModified":"2025-07-29T08:19:54+00:00","breadcrumb":{"@id":"https:\/\/hundtgroup.com\/fr\/produkt\/plieuse-sertisseuse-trutool-f-125\/#breadcrumb"},"inLanguage":"fr-FR","potentialAction":[{"@type":"ReadAction","target":["https:\/\/hundtgroup.com\/fr\/produkt\/plieuse-sertisseuse-trutool-f-125\/"]}]},{"@type":"ImageObject","inLanguage":"fr-FR","@id":"https:\/\/hundtgroup.com\/fr\/produkt\/plieuse-sertisseuse-trutool-f-125\/#primaryimage","url":"https:\/\/hundtgroup.com\/wp-content\/uploads\/351250.png","contentUrl":"https:\/\/hundtgroup.com\/wp-content\/uploads\/351250.png","width":827,"height":563},{"@type":"BreadcrumbList","@id":"https:\/\/hundtgroup.com\/fr\/produkt\/plieuse-sertisseuse-trutool-f-125\/#breadcrumb","itemListElement":[{"@type":"ListItem","position":1,"name":"Startseite","item":"https:\/\/hundtgroup.com\/fr\/accueil-nouveau\/"},{"@type":"ListItem","position":2,"name":"Boutique","item":"https:\/\/hundtgroup.com\/boutique\/"},{"@type":"ListItem","position":3,"name":"Plieuse-sertisseuse TruTool F 125"}]},{"@type":"WebSite","@id":"https:\/\/hundtgroup.com\/fr\/#website","url":"https:\/\/hundtgroup.com\/fr\/","name":"Wilhelm Hundt GmbH","description":"Votre sp\u00e9cialiste en machines et outils pour le travail de la t\u00f4le","potentialAction":[{"@type":"SearchAction","target":{"@type":"EntryPoint","urlTemplate":"https:\/\/hundtgroup.com\/fr\/?s={search_term_string}"},"query-input":{"@type":"PropertyValueSpecification","valueRequired":true,"valueName":"search_term_string"}}],"inLanguage":"fr-FR"}]}},"_links":{"self":[{"href":"https:\/\/hundtgroup.com\/fr\/wp-json\/wp\/v2\/product\/28401","targetHints":{"allow":["GET"]}}],"collection":[{"href":"https:\/\/hundtgroup.com\/fr\/wp-json\/wp\/v2\/product"}],"about":[{"href":"https:\/\/hundtgroup.com\/fr\/wp-json\/wp\/v2\/types\/product"}],"wp:featuredmedia":[{"embeddable":true,"href":"https:\/\/hundtgroup.com\/fr\/wp-json\/wp\/v2\/media\/28403"}],"wp:attachment":[{"href":"https:\/\/hundtgroup.com\/fr\/wp-json\/wp\/v2\/media?parent=28401"}],"wp:term":[{"taxonomy":"product_cat","embeddable":true,"href":"https:\/\/hundtgroup.com\/fr\/wp-json\/wp\/v2\/product_cat?post=28401"},{"taxonomy":"product_tag","embeddable":true,"href":"https:\/\/hundtgroup.com\/fr\/wp-json\/wp\/v2\/product_tag?post=28401"}],"curies":[{"name":"wp","href":"https:\/\/api.w.org\/{rel}","templated":true}]}}