{"id":28486,"date":"2022-08-23T16:02:13","date_gmt":"2022-08-23T14:02:13","guid":{"rendered":"https:\/\/hundtgroup.com\/produkt\/stylo-feutre-edding-3000-a-pointe-ogive-vert\/"},"modified":"2025-07-29T12:02:45","modified_gmt":"2025-07-29T10:02:45","slug":"stylo-feutre-edding-3000-a-pointe-ogive-vert","status":"publish","type":"product","link":"https:\/\/hundtgroup.com\/fr\/produkt\/stylo-feutre-edding-3000-a-pointe-ogive-vert\/","title":{"rendered":"Stylo feutre Edding 3000 \u00e0 pointe ogive vert"},"content":{"rendered":"<p>Marqueur permanent Encre r\u00e9sistante \u00e0 la lumi\u00e8re, \u00e0 s\u00e9chage rapide et \u00e0 faible odeur, r\u00e9sistante \u00e0 l&rsquo;eau et \u00e0 l&rsquo;effacement, bo\u00eetier en aluminium, id\u00e9al pour \u00e9crire et marquer sur presque tous les mat\u00e9riaux, y compris le verre, le m\u00e9tal et le plastique, \u00e9paisseur des caract\u00e8res 1,5 &#8211; 3,0 mm<\/p>\n","protected":false},"excerpt":{"rendered":"<p>Marqueur permanent Encre r\u00e9sistante \u00e0 la lumi\u00e8re, \u00e0 s\u00e9chage rapide et \u00e0 faible odeur, r\u00e9sistante \u00e0 l&rsquo;eau et \u00e0 l&rsquo;effacement, bo\u00eetier en aluminium, id\u00e9al pour \u00e9crire et marquer sur presque tous les mat\u00e9riaux, y compris le verre, le m\u00e9tal et le plastique, \u00e9paisseur des caract\u00e8res 1,5 &#8211; 3,0 mm<\/p>\n","protected":false},"featured_media":0,"template":"","meta":{"_acf_changed":false,"inline_featured_image":false},"product_cat":[1158,1157],"product_tag":[],"class_list":{"0":"post-28486","1":"product","2":"type-product","3":"status-publish","5":"brand-edding","6":"product_cat-marquage","7":"product_cat-equipement-de-chantier","9":"first","10":"instock","11":"taxable","12":"shipping-taxable","13":"purchasable","14":"product-type-simple","15":"add-to-wishlist-before_image"},"acf":[],"yoast_head":"<!-- This site is optimized with the Yoast SEO plugin v27.3 - https:\/\/yoast.com\/product\/yoast-seo-wordpress\/ -->\n<title>Stylo feutre Edding 3000 \u00e0 pointe ogive vert - Wilhelm Hundt GmbH<\/title>\n<meta name=\"robots\" content=\"index, follow, max-snippet:-1, max-image-preview:large, max-video-preview:-1\" \/>\n<link rel=\"canonical\" href=\"https:\/\/hundtgroup.com\/fr\/produkt\/stylo-feutre-edding-3000-a-pointe-ogive-vert\/\" \/>\n<meta property=\"og:locale\" content=\"fr_FR\" \/>\n<meta property=\"og:type\" content=\"article\" \/>\n<meta property=\"og:title\" content=\"Stylo feutre Edding 3000 \u00e0 pointe ogive vert - Wilhelm Hundt GmbH\" \/>\n<meta property=\"og:description\" content=\"Marqueur permanent Encre r\u00e9sistante \u00e0 la lumi\u00e8re, \u00e0 s\u00e9chage rapide et \u00e0 faible odeur, r\u00e9sistante \u00e0 l&rsquo;eau et \u00e0 l&rsquo;effacement, bo\u00eetier en aluminium, id\u00e9al pour \u00e9crire et marquer sur presque tous les mat\u00e9riaux, y compris le verre, le m\u00e9tal et le plastique, \u00e9paisseur des caract\u00e8res 1,5 &#8211; 3,0 mm\" \/>\n<meta property=\"og:url\" content=\"https:\/\/hundtgroup.com\/fr\/produkt\/stylo-feutre-edding-3000-a-pointe-ogive-vert\/\" \/>\n<meta property=\"og:site_name\" content=\"Wilhelm Hundt GmbH\" \/>\n<meta property=\"article:modified_time\" content=\"2025-07-29T10:02:45+00:00\" \/>\n<meta name=\"twitter:card\" content=\"summary_large_image\" \/>\n<script type=\"application\/ld+json\" class=\"yoast-schema-graph\">{\"@context\":\"https:\\\/\\\/schema.org\",\"@graph\":[{\"@type\":\"WebPage\",\"@id\":\"https:\\\/\\\/hundtgroup.com\\\/fr\\\/produkt\\\/stylo-feutre-edding-3000-a-pointe-ogive-vert\\\/\",\"url\":\"https:\\\/\\\/hundtgroup.com\\\/fr\\\/produkt\\\/stylo-feutre-edding-3000-a-pointe-ogive-vert\\\/\",\"name\":\"Stylo feutre Edding 3000 \u00e0 pointe ogive vert - Wilhelm Hundt GmbH\",\"isPartOf\":{\"@id\":\"https:\\\/\\\/hundtgroup.com\\\/fr\\\/#website\"},\"datePublished\":\"2022-08-23T14:02:13+00:00\",\"dateModified\":\"2025-07-29T10:02:45+00:00\",\"breadcrumb\":{\"@id\":\"https:\\\/\\\/hundtgroup.com\\\/fr\\\/produkt\\\/stylo-feutre-edding-3000-a-pointe-ogive-vert\\\/#breadcrumb\"},\"inLanguage\":\"fr-FR\",\"potentialAction\":[{\"@type\":\"ReadAction\",\"target\":[\"https:\\\/\\\/hundtgroup.com\\\/fr\\\/produkt\\\/stylo-feutre-edding-3000-a-pointe-ogive-vert\\\/\"]}]},{\"@type\":\"BreadcrumbList\",\"@id\":\"https:\\\/\\\/hundtgroup.com\\\/fr\\\/produkt\\\/stylo-feutre-edding-3000-a-pointe-ogive-vert\\\/#breadcrumb\",\"itemListElement\":[{\"@type\":\"ListItem\",\"position\":1,\"name\":\"Startseite\",\"item\":\"https:\\\/\\\/hundtgroup.com\\\/fr\\\/accueil-nouveau\\\/\"},{\"@type\":\"ListItem\",\"position\":2,\"name\":\"Boutique\",\"item\":\"https:\\\/\\\/hundtgroup.com\\\/boutique\\\/\"},{\"@type\":\"ListItem\",\"position\":3,\"name\":\"Stylo feutre Edding 3000 \u00e0 pointe ogive vert\"}]},{\"@type\":\"WebSite\",\"@id\":\"https:\\\/\\\/hundtgroup.com\\\/fr\\\/#website\",\"url\":\"https:\\\/\\\/hundtgroup.com\\\/fr\\\/\",\"name\":\"Wilhelm Hundt GmbH\",\"description\":\"Votre sp\u00e9cialiste en machines et outils pour le travail de la t\u00f4le\",\"potentialAction\":[{\"@type\":\"SearchAction\",\"target\":{\"@type\":\"EntryPoint\",\"urlTemplate\":\"https:\\\/\\\/hundtgroup.com\\\/fr\\\/?s={search_term_string}\"},\"query-input\":{\"@type\":\"PropertyValueSpecification\",\"valueRequired\":true,\"valueName\":\"search_term_string\"}}],\"inLanguage\":\"fr-FR\"}]}<\/script>\n<!-- \/ Yoast SEO plugin. -->","yoast_head_json":{"title":"Stylo feutre Edding 3000 \u00e0 pointe ogive vert - Wilhelm Hundt GmbH","robots":{"index":"index","follow":"follow","max-snippet":"max-snippet:-1","max-image-preview":"max-image-preview:large","max-video-preview":"max-video-preview:-1"},"canonical":"https:\/\/hundtgroup.com\/fr\/produkt\/stylo-feutre-edding-3000-a-pointe-ogive-vert\/","og_locale":"fr_FR","og_type":"article","og_title":"Stylo feutre Edding 3000 \u00e0 pointe ogive vert - Wilhelm Hundt GmbH","og_description":"Marqueur permanent Encre r\u00e9sistante \u00e0 la lumi\u00e8re, \u00e0 s\u00e9chage rapide et \u00e0 faible odeur, r\u00e9sistante \u00e0 l&rsquo;eau et \u00e0 l&rsquo;effacement, bo\u00eetier en aluminium, id\u00e9al pour \u00e9crire et marquer sur presque tous les mat\u00e9riaux, y compris le verre, le m\u00e9tal et le plastique, \u00e9paisseur des caract\u00e8res 1,5 &#8211; 3,0 mm","og_url":"https:\/\/hundtgroup.com\/fr\/produkt\/stylo-feutre-edding-3000-a-pointe-ogive-vert\/","og_site_name":"Wilhelm Hundt GmbH","article_modified_time":"2025-07-29T10:02:45+00:00","twitter_card":"summary_large_image","schema":{"@context":"https:\/\/schema.org","@graph":[{"@type":"WebPage","@id":"https:\/\/hundtgroup.com\/fr\/produkt\/stylo-feutre-edding-3000-a-pointe-ogive-vert\/","url":"https:\/\/hundtgroup.com\/fr\/produkt\/stylo-feutre-edding-3000-a-pointe-ogive-vert\/","name":"Stylo feutre Edding 3000 \u00e0 pointe ogive vert - Wilhelm Hundt GmbH","isPartOf":{"@id":"https:\/\/hundtgroup.com\/fr\/#website"},"datePublished":"2022-08-23T14:02:13+00:00","dateModified":"2025-07-29T10:02:45+00:00","breadcrumb":{"@id":"https:\/\/hundtgroup.com\/fr\/produkt\/stylo-feutre-edding-3000-a-pointe-ogive-vert\/#breadcrumb"},"inLanguage":"fr-FR","potentialAction":[{"@type":"ReadAction","target":["https:\/\/hundtgroup.com\/fr\/produkt\/stylo-feutre-edding-3000-a-pointe-ogive-vert\/"]}]},{"@type":"BreadcrumbList","@id":"https:\/\/hundtgroup.com\/fr\/produkt\/stylo-feutre-edding-3000-a-pointe-ogive-vert\/#breadcrumb","itemListElement":[{"@type":"ListItem","position":1,"name":"Startseite","item":"https:\/\/hundtgroup.com\/fr\/accueil-nouveau\/"},{"@type":"ListItem","position":2,"name":"Boutique","item":"https:\/\/hundtgroup.com\/boutique\/"},{"@type":"ListItem","position":3,"name":"Stylo feutre Edding 3000 \u00e0 pointe ogive vert"}]},{"@type":"WebSite","@id":"https:\/\/hundtgroup.com\/fr\/#website","url":"https:\/\/hundtgroup.com\/fr\/","name":"Wilhelm Hundt GmbH","description":"Votre sp\u00e9cialiste en machines et outils pour le travail de la t\u00f4le","potentialAction":[{"@type":"SearchAction","target":{"@type":"EntryPoint","urlTemplate":"https:\/\/hundtgroup.com\/fr\/?s={search_term_string}"},"query-input":{"@type":"PropertyValueSpecification","valueRequired":true,"valueName":"search_term_string"}}],"inLanguage":"fr-FR"}]}},"_links":{"self":[{"href":"https:\/\/hundtgroup.com\/fr\/wp-json\/wp\/v2\/product\/28486","targetHints":{"allow":["GET"]}}],"collection":[{"href":"https:\/\/hundtgroup.com\/fr\/wp-json\/wp\/v2\/product"}],"about":[{"href":"https:\/\/hundtgroup.com\/fr\/wp-json\/wp\/v2\/types\/product"}],"wp:attachment":[{"href":"https:\/\/hundtgroup.com\/fr\/wp-json\/wp\/v2\/media?parent=28486"}],"wp:term":[{"taxonomy":"product_cat","embeddable":true,"href":"https:\/\/hundtgroup.com\/fr\/wp-json\/wp\/v2\/product_cat?post=28486"},{"taxonomy":"product_tag","embeddable":true,"href":"https:\/\/hundtgroup.com\/fr\/wp-json\/wp\/v2\/product_tag?post=28486"}],"curies":[{"name":"wp","href":"https:\/\/api.w.org\/{rel}","templated":true}]}}