{"id":29441,"date":"2022-08-23T16:00:58","date_gmt":"2022-08-23T14:00:58","guid":{"rendered":"https:\/\/hundtgroup.com\/produkt\/d39ass-ciseaux-ideal-gauche\/"},"modified":"2025-07-29T11:48:05","modified_gmt":"2025-07-29T09:48:05","slug":"d39ass-ciseaux-ideal-gauche","status":"publish","type":"product","link":"https:\/\/hundtgroup.com\/fr\/produkt\/d39ass-ciseaux-ideal-gauche\/","title":{"rendered":"D39ASS Ciseaux Ideal gauche"},"content":{"rendered":"<p>Angle d&rsquo;ouverture r\u00e9duit de la poign\u00e9e.<br \/>\nT\u00eate de cisaille extr\u00eamement compacte avec vissage de t\u00eate partiellement encastr\u00e9 pour une maniabilit\u00e9 et une pr\u00e9cision accrues lors des coupes de figures.<br \/>\nVissage industriel avec goujon et rondelle fritt\u00e9e et ressort sans entretien pour une robustesse maximale.<br \/>\nVerrouillage central pour une utilisation simple sans manipulation.<\/p>\n","protected":false},"excerpt":{"rendered":"<p>Angle d&rsquo;ouverture r\u00e9duit de la poign\u00e9e. T\u00eate de cisaille extr\u00eamement compacte avec vissage de t\u00eate partiellement encastr\u00e9 pour une maniabilit\u00e9 et une pr\u00e9cision accrues lors des coupes de figures. Vissage industriel avec goujon et rondelle fritt\u00e9e et ressort sans entretien pour une robustesse maximale. Verrouillage central pour une utilisation simple sans manipulation.<\/p>\n","protected":false},"featured_media":29442,"template":"","meta":{"_acf_changed":false,"inline_featured_image":false},"product_cat":[1143,1184,1154,1189],"product_tag":[],"class_list":{"0":"post-29441","1":"product","2":"type-product","3":"status-publish","4":"has-post-thumbnail","6":"brand-erdi","7":"product_cat-outils-a-main","8":"product_cat-ciseaux-ideal","9":"product_cat-cisaille-a-tole-fr-3","10":"product_cat-traduit-par-un-levier","12":"first","13":"instock","14":"taxable","15":"shipping-taxable","16":"purchasable","17":"product-type-simple","18":"add-to-wishlist-before_image"},"acf":[],"yoast_head":"<!-- This site is optimized with the Yoast SEO plugin v27.3 - https:\/\/yoast.com\/product\/yoast-seo-wordpress\/ -->\n<title>D39ASS Ciseaux Ideal gauche - Wilhelm Hundt GmbH<\/title>\n<meta name=\"robots\" content=\"index, follow, max-snippet:-1, max-image-preview:large, max-video-preview:-1\" \/>\n<link rel=\"canonical\" href=\"https:\/\/hundtgroup.com\/fr\/produkt\/d39ass-ciseaux-ideal-gauche\/\" \/>\n<meta property=\"og:locale\" content=\"fr_FR\" \/>\n<meta property=\"og:type\" content=\"article\" \/>\n<meta property=\"og:title\" content=\"D39ASS Ciseaux Ideal gauche - Wilhelm Hundt GmbH\" \/>\n<meta property=\"og:description\" content=\"Angle d&rsquo;ouverture r\u00e9duit de la poign\u00e9e. T\u00eate de cisaille extr\u00eamement compacte avec vissage de t\u00eate partiellement encastr\u00e9 pour une maniabilit\u00e9 et une pr\u00e9cision accrues lors des coupes de figures. Vissage industriel avec goujon et rondelle fritt\u00e9e et ressort sans entretien pour une robustesse maximale. Verrouillage central pour une utilisation simple sans manipulation.\" \/>\n<meta property=\"og:url\" content=\"https:\/\/hundtgroup.com\/fr\/produkt\/d39ass-ciseaux-ideal-gauche\/\" \/>\n<meta property=\"og:site_name\" content=\"Wilhelm Hundt GmbH\" \/>\n<meta property=\"article:modified_time\" content=\"2025-07-29T09:48:05+00:00\" \/>\n<meta property=\"og:image\" content=\"https:\/\/hundtgroup.com\/wp-content\/uploads\/400167.png\" \/>\n\t<meta property=\"og:image:width\" content=\"686\" \/>\n\t<meta property=\"og:image:height\" content=\"225\" \/>\n\t<meta property=\"og:image:type\" content=\"image\/png\" \/>\n<meta name=\"twitter:card\" content=\"summary_large_image\" \/>\n<script type=\"application\/ld+json\" class=\"yoast-schema-graph\">{\"@context\":\"https:\\\/\\\/schema.org\",\"@graph\":[{\"@type\":\"WebPage\",\"@id\":\"https:\\\/\\\/hundtgroup.com\\\/fr\\\/produkt\\\/d39ass-ciseaux-ideal-gauche\\\/\",\"url\":\"https:\\\/\\\/hundtgroup.com\\\/fr\\\/produkt\\\/d39ass-ciseaux-ideal-gauche\\\/\",\"name\":\"D39ASS Ciseaux Ideal gauche - Wilhelm Hundt GmbH\",\"isPartOf\":{\"@id\":\"https:\\\/\\\/hundtgroup.com\\\/fr\\\/#website\"},\"primaryImageOfPage\":{\"@id\":\"https:\\\/\\\/hundtgroup.com\\\/fr\\\/produkt\\\/d39ass-ciseaux-ideal-gauche\\\/#primaryimage\"},\"image\":{\"@id\":\"https:\\\/\\\/hundtgroup.com\\\/fr\\\/produkt\\\/d39ass-ciseaux-ideal-gauche\\\/#primaryimage\"},\"thumbnailUrl\":\"https:\\\/\\\/hundtgroup.com\\\/wp-content\\\/uploads\\\/400167.png\",\"datePublished\":\"2022-08-23T14:00:58+00:00\",\"dateModified\":\"2025-07-29T09:48:05+00:00\",\"breadcrumb\":{\"@id\":\"https:\\\/\\\/hundtgroup.com\\\/fr\\\/produkt\\\/d39ass-ciseaux-ideal-gauche\\\/#breadcrumb\"},\"inLanguage\":\"fr-FR\",\"potentialAction\":[{\"@type\":\"ReadAction\",\"target\":[\"https:\\\/\\\/hundtgroup.com\\\/fr\\\/produkt\\\/d39ass-ciseaux-ideal-gauche\\\/\"]}]},{\"@type\":\"ImageObject\",\"inLanguage\":\"fr-FR\",\"@id\":\"https:\\\/\\\/hundtgroup.com\\\/fr\\\/produkt\\\/d39ass-ciseaux-ideal-gauche\\\/#primaryimage\",\"url\":\"https:\\\/\\\/hundtgroup.com\\\/wp-content\\\/uploads\\\/400167.png\",\"contentUrl\":\"https:\\\/\\\/hundtgroup.com\\\/wp-content\\\/uploads\\\/400167.png\",\"width\":686,\"height\":225},{\"@type\":\"BreadcrumbList\",\"@id\":\"https:\\\/\\\/hundtgroup.com\\\/fr\\\/produkt\\\/d39ass-ciseaux-ideal-gauche\\\/#breadcrumb\",\"itemListElement\":[{\"@type\":\"ListItem\",\"position\":1,\"name\":\"Startseite\",\"item\":\"https:\\\/\\\/hundtgroup.com\\\/fr\\\/accueil-nouveau\\\/\"},{\"@type\":\"ListItem\",\"position\":2,\"name\":\"Boutique\",\"item\":\"https:\\\/\\\/hundtgroup.com\\\/boutique\\\/\"},{\"@type\":\"ListItem\",\"position\":3,\"name\":\"D39ASS Ciseaux Ideal gauche\"}]},{\"@type\":\"WebSite\",\"@id\":\"https:\\\/\\\/hundtgroup.com\\\/fr\\\/#website\",\"url\":\"https:\\\/\\\/hundtgroup.com\\\/fr\\\/\",\"name\":\"Wilhelm Hundt GmbH\",\"description\":\"Votre sp\u00e9cialiste en machines et outils pour le travail de la t\u00f4le\",\"potentialAction\":[{\"@type\":\"SearchAction\",\"target\":{\"@type\":\"EntryPoint\",\"urlTemplate\":\"https:\\\/\\\/hundtgroup.com\\\/fr\\\/?s={search_term_string}\"},\"query-input\":{\"@type\":\"PropertyValueSpecification\",\"valueRequired\":true,\"valueName\":\"search_term_string\"}}],\"inLanguage\":\"fr-FR\"}]}<\/script>\n<!-- \/ Yoast SEO plugin. -->","yoast_head_json":{"title":"D39ASS Ciseaux Ideal gauche - Wilhelm Hundt GmbH","robots":{"index":"index","follow":"follow","max-snippet":"max-snippet:-1","max-image-preview":"max-image-preview:large","max-video-preview":"max-video-preview:-1"},"canonical":"https:\/\/hundtgroup.com\/fr\/produkt\/d39ass-ciseaux-ideal-gauche\/","og_locale":"fr_FR","og_type":"article","og_title":"D39ASS Ciseaux Ideal gauche - Wilhelm Hundt GmbH","og_description":"Angle d&rsquo;ouverture r\u00e9duit de la poign\u00e9e. T\u00eate de cisaille extr\u00eamement compacte avec vissage de t\u00eate partiellement encastr\u00e9 pour une maniabilit\u00e9 et une pr\u00e9cision accrues lors des coupes de figures. Vissage industriel avec goujon et rondelle fritt\u00e9e et ressort sans entretien pour une robustesse maximale. Verrouillage central pour une utilisation simple sans manipulation.","og_url":"https:\/\/hundtgroup.com\/fr\/produkt\/d39ass-ciseaux-ideal-gauche\/","og_site_name":"Wilhelm Hundt GmbH","article_modified_time":"2025-07-29T09:48:05+00:00","og_image":[{"width":686,"height":225,"url":"https:\/\/hundtgroup.com\/wp-content\/uploads\/400167.png","type":"image\/png"}],"twitter_card":"summary_large_image","schema":{"@context":"https:\/\/schema.org","@graph":[{"@type":"WebPage","@id":"https:\/\/hundtgroup.com\/fr\/produkt\/d39ass-ciseaux-ideal-gauche\/","url":"https:\/\/hundtgroup.com\/fr\/produkt\/d39ass-ciseaux-ideal-gauche\/","name":"D39ASS Ciseaux Ideal gauche - Wilhelm Hundt GmbH","isPartOf":{"@id":"https:\/\/hundtgroup.com\/fr\/#website"},"primaryImageOfPage":{"@id":"https:\/\/hundtgroup.com\/fr\/produkt\/d39ass-ciseaux-ideal-gauche\/#primaryimage"},"image":{"@id":"https:\/\/hundtgroup.com\/fr\/produkt\/d39ass-ciseaux-ideal-gauche\/#primaryimage"},"thumbnailUrl":"https:\/\/hundtgroup.com\/wp-content\/uploads\/400167.png","datePublished":"2022-08-23T14:00:58+00:00","dateModified":"2025-07-29T09:48:05+00:00","breadcrumb":{"@id":"https:\/\/hundtgroup.com\/fr\/produkt\/d39ass-ciseaux-ideal-gauche\/#breadcrumb"},"inLanguage":"fr-FR","potentialAction":[{"@type":"ReadAction","target":["https:\/\/hundtgroup.com\/fr\/produkt\/d39ass-ciseaux-ideal-gauche\/"]}]},{"@type":"ImageObject","inLanguage":"fr-FR","@id":"https:\/\/hundtgroup.com\/fr\/produkt\/d39ass-ciseaux-ideal-gauche\/#primaryimage","url":"https:\/\/hundtgroup.com\/wp-content\/uploads\/400167.png","contentUrl":"https:\/\/hundtgroup.com\/wp-content\/uploads\/400167.png","width":686,"height":225},{"@type":"BreadcrumbList","@id":"https:\/\/hundtgroup.com\/fr\/produkt\/d39ass-ciseaux-ideal-gauche\/#breadcrumb","itemListElement":[{"@type":"ListItem","position":1,"name":"Startseite","item":"https:\/\/hundtgroup.com\/fr\/accueil-nouveau\/"},{"@type":"ListItem","position":2,"name":"Boutique","item":"https:\/\/hundtgroup.com\/boutique\/"},{"@type":"ListItem","position":3,"name":"D39ASS Ciseaux Ideal gauche"}]},{"@type":"WebSite","@id":"https:\/\/hundtgroup.com\/fr\/#website","url":"https:\/\/hundtgroup.com\/fr\/","name":"Wilhelm Hundt GmbH","description":"Votre sp\u00e9cialiste en machines et outils pour le travail de la t\u00f4le","potentialAction":[{"@type":"SearchAction","target":{"@type":"EntryPoint","urlTemplate":"https:\/\/hundtgroup.com\/fr\/?s={search_term_string}"},"query-input":{"@type":"PropertyValueSpecification","valueRequired":true,"valueName":"search_term_string"}}],"inLanguage":"fr-FR"}]}},"_links":{"self":[{"href":"https:\/\/hundtgroup.com\/fr\/wp-json\/wp\/v2\/product\/29441","targetHints":{"allow":["GET"]}}],"collection":[{"href":"https:\/\/hundtgroup.com\/fr\/wp-json\/wp\/v2\/product"}],"about":[{"href":"https:\/\/hundtgroup.com\/fr\/wp-json\/wp\/v2\/types\/product"}],"wp:featuredmedia":[{"embeddable":true,"href":"https:\/\/hundtgroup.com\/fr\/wp-json\/wp\/v2\/media\/29442"}],"wp:attachment":[{"href":"https:\/\/hundtgroup.com\/fr\/wp-json\/wp\/v2\/media?parent=29441"}],"wp:term":[{"taxonomy":"product_cat","embeddable":true,"href":"https:\/\/hundtgroup.com\/fr\/wp-json\/wp\/v2\/product_cat?post=29441"},{"taxonomy":"product_tag","embeddable":true,"href":"https:\/\/hundtgroup.com\/fr\/wp-json\/wp\/v2\/product_tag?post=29441"}],"curies":[{"name":"wp","href":"https:\/\/api.w.org\/{rel}","templated":true}]}}