{"id":29889,"date":"2022-08-23T16:00:41","date_gmt":"2022-08-23T14:00:41","guid":{"rendered":"https:\/\/hundtgroup.com\/produkt\/d08-cisaille-ideal-maniable-a-gauche\/"},"modified":"2025-07-29T11:44:32","modified_gmt":"2025-07-29T09:44:32","slug":"d08-cisaille-ideal-maniable-a-gauche","status":"publish","type":"product","link":"https:\/\/hundtgroup.com\/fr\/produkt\/d08-cisaille-ideal-maniable-a-gauche\/","title":{"rendered":"D08 Cisaille Ideal maniable \u00e0 gauche"},"content":{"rendered":"<p>Avec rapport de transmission de levier.<br \/>\nPour les coupes droites continues et les coupes de figures.<br \/>\nLa t\u00eate de ciseaux particuli\u00e8rement plate permet de couper les rayons les plus \u00e9troits dans les endroits difficiles d&rsquo;acc\u00e8s.<br \/>\nTranchant avec micro-denture pour un travail sans risque de d\u00e9rapage.<\/p>\n","protected":false},"excerpt":{"rendered":"<p>Avec rapport de transmission de levier. Pour les coupes droites continues et les coupes de figures. La t\u00eate de ciseaux particuli\u00e8rement plate permet de couper les rayons les plus \u00e9troits dans les endroits difficiles d&rsquo;acc\u00e8s. Tranchant avec micro-denture pour un travail sans risque de d\u00e9rapage.<\/p>\n","protected":false},"featured_media":29891,"template":"","meta":{"_acf_changed":false,"inline_featured_image":false},"product_cat":[1143,1184,1154,1189],"product_tag":[],"class_list":{"0":"post-29889","1":"product","2":"type-product","3":"status-publish","4":"has-post-thumbnail","6":"brand-erdi","7":"product_cat-outils-a-main","8":"product_cat-ciseaux-ideal","9":"product_cat-cisaille-a-tole-fr-3","10":"product_cat-traduit-par-un-levier","12":"first","13":"instock","14":"taxable","15":"shipping-taxable","16":"purchasable","17":"product-type-simple","18":"add-to-wishlist-before_image"},"acf":[],"yoast_head":"<!-- This site is optimized with the Yoast SEO plugin v27.3 - https:\/\/yoast.com\/product\/yoast-seo-wordpress\/ -->\n<title>D08 Cisaille Ideal maniable \u00e0 gauche - Wilhelm Hundt GmbH<\/title>\n<meta name=\"robots\" content=\"index, follow, max-snippet:-1, max-image-preview:large, max-video-preview:-1\" \/>\n<link rel=\"canonical\" href=\"https:\/\/hundtgroup.com\/fr\/produkt\/d08-cisaille-ideal-maniable-a-gauche\/\" \/>\n<meta property=\"og:locale\" content=\"fr_FR\" \/>\n<meta property=\"og:type\" content=\"article\" \/>\n<meta property=\"og:title\" content=\"D08 Cisaille Ideal maniable \u00e0 gauche - Wilhelm Hundt GmbH\" \/>\n<meta property=\"og:description\" content=\"Avec rapport de transmission de levier. Pour les coupes droites continues et les coupes de figures. La t\u00eate de ciseaux particuli\u00e8rement plate permet de couper les rayons les plus \u00e9troits dans les endroits difficiles d&rsquo;acc\u00e8s. Tranchant avec micro-denture pour un travail sans risque de d\u00e9rapage.\" \/>\n<meta property=\"og:url\" content=\"https:\/\/hundtgroup.com\/fr\/produkt\/d08-cisaille-ideal-maniable-a-gauche\/\" \/>\n<meta property=\"og:site_name\" content=\"Wilhelm Hundt GmbH\" \/>\n<meta property=\"article:modified_time\" content=\"2025-07-29T09:44:32+00:00\" \/>\n<meta property=\"og:image\" content=\"https:\/\/hundtgroup.com\/wp-content\/uploads\/400130.jpg\" \/>\n\t<meta property=\"og:image:width\" content=\"1182\" \/>\n\t<meta property=\"og:image:height\" content=\"371\" \/>\n\t<meta property=\"og:image:type\" content=\"image\/jpeg\" \/>\n<meta name=\"twitter:card\" content=\"summary_large_image\" \/>\n<script type=\"application\/ld+json\" class=\"yoast-schema-graph\">{\"@context\":\"https:\\\/\\\/schema.org\",\"@graph\":[{\"@type\":\"WebPage\",\"@id\":\"https:\\\/\\\/hundtgroup.com\\\/fr\\\/produkt\\\/d08-cisaille-ideal-maniable-a-gauche\\\/\",\"url\":\"https:\\\/\\\/hundtgroup.com\\\/fr\\\/produkt\\\/d08-cisaille-ideal-maniable-a-gauche\\\/\",\"name\":\"D08 Cisaille Ideal maniable \u00e0 gauche - Wilhelm Hundt GmbH\",\"isPartOf\":{\"@id\":\"https:\\\/\\\/hundtgroup.com\\\/fr\\\/#website\"},\"primaryImageOfPage\":{\"@id\":\"https:\\\/\\\/hundtgroup.com\\\/fr\\\/produkt\\\/d08-cisaille-ideal-maniable-a-gauche\\\/#primaryimage\"},\"image\":{\"@id\":\"https:\\\/\\\/hundtgroup.com\\\/fr\\\/produkt\\\/d08-cisaille-ideal-maniable-a-gauche\\\/#primaryimage\"},\"thumbnailUrl\":\"https:\\\/\\\/hundtgroup.com\\\/wp-content\\\/uploads\\\/400130.jpg\",\"datePublished\":\"2022-08-23T14:00:41+00:00\",\"dateModified\":\"2025-07-29T09:44:32+00:00\",\"breadcrumb\":{\"@id\":\"https:\\\/\\\/hundtgroup.com\\\/fr\\\/produkt\\\/d08-cisaille-ideal-maniable-a-gauche\\\/#breadcrumb\"},\"inLanguage\":\"fr-FR\",\"potentialAction\":[{\"@type\":\"ReadAction\",\"target\":[\"https:\\\/\\\/hundtgroup.com\\\/fr\\\/produkt\\\/d08-cisaille-ideal-maniable-a-gauche\\\/\"]}]},{\"@type\":\"ImageObject\",\"inLanguage\":\"fr-FR\",\"@id\":\"https:\\\/\\\/hundtgroup.com\\\/fr\\\/produkt\\\/d08-cisaille-ideal-maniable-a-gauche\\\/#primaryimage\",\"url\":\"https:\\\/\\\/hundtgroup.com\\\/wp-content\\\/uploads\\\/400130.jpg\",\"contentUrl\":\"https:\\\/\\\/hundtgroup.com\\\/wp-content\\\/uploads\\\/400130.jpg\",\"width\":1182,\"height\":371},{\"@type\":\"BreadcrumbList\",\"@id\":\"https:\\\/\\\/hundtgroup.com\\\/fr\\\/produkt\\\/d08-cisaille-ideal-maniable-a-gauche\\\/#breadcrumb\",\"itemListElement\":[{\"@type\":\"ListItem\",\"position\":1,\"name\":\"Startseite\",\"item\":\"https:\\\/\\\/hundtgroup.com\\\/fr\\\/accueil-nouveau\\\/\"},{\"@type\":\"ListItem\",\"position\":2,\"name\":\"Boutique\",\"item\":\"https:\\\/\\\/hundtgroup.com\\\/boutique\\\/\"},{\"@type\":\"ListItem\",\"position\":3,\"name\":\"D08 Cisaille Ideal maniable \u00e0 gauche\"}]},{\"@type\":\"WebSite\",\"@id\":\"https:\\\/\\\/hundtgroup.com\\\/fr\\\/#website\",\"url\":\"https:\\\/\\\/hundtgroup.com\\\/fr\\\/\",\"name\":\"Wilhelm Hundt GmbH\",\"description\":\"Votre sp\u00e9cialiste en machines et outils pour le travail de la t\u00f4le\",\"potentialAction\":[{\"@type\":\"SearchAction\",\"target\":{\"@type\":\"EntryPoint\",\"urlTemplate\":\"https:\\\/\\\/hundtgroup.com\\\/fr\\\/?s={search_term_string}\"},\"query-input\":{\"@type\":\"PropertyValueSpecification\",\"valueRequired\":true,\"valueName\":\"search_term_string\"}}],\"inLanguage\":\"fr-FR\"}]}<\/script>\n<!-- \/ Yoast SEO plugin. -->","yoast_head_json":{"title":"D08 Cisaille Ideal maniable \u00e0 gauche - Wilhelm Hundt GmbH","robots":{"index":"index","follow":"follow","max-snippet":"max-snippet:-1","max-image-preview":"max-image-preview:large","max-video-preview":"max-video-preview:-1"},"canonical":"https:\/\/hundtgroup.com\/fr\/produkt\/d08-cisaille-ideal-maniable-a-gauche\/","og_locale":"fr_FR","og_type":"article","og_title":"D08 Cisaille Ideal maniable \u00e0 gauche - Wilhelm Hundt GmbH","og_description":"Avec rapport de transmission de levier. Pour les coupes droites continues et les coupes de figures. La t\u00eate de ciseaux particuli\u00e8rement plate permet de couper les rayons les plus \u00e9troits dans les endroits difficiles d&rsquo;acc\u00e8s. Tranchant avec micro-denture pour un travail sans risque de d\u00e9rapage.","og_url":"https:\/\/hundtgroup.com\/fr\/produkt\/d08-cisaille-ideal-maniable-a-gauche\/","og_site_name":"Wilhelm Hundt GmbH","article_modified_time":"2025-07-29T09:44:32+00:00","og_image":[{"width":1182,"height":371,"url":"https:\/\/hundtgroup.com\/wp-content\/uploads\/400130.jpg","type":"image\/jpeg"}],"twitter_card":"summary_large_image","schema":{"@context":"https:\/\/schema.org","@graph":[{"@type":"WebPage","@id":"https:\/\/hundtgroup.com\/fr\/produkt\/d08-cisaille-ideal-maniable-a-gauche\/","url":"https:\/\/hundtgroup.com\/fr\/produkt\/d08-cisaille-ideal-maniable-a-gauche\/","name":"D08 Cisaille Ideal maniable \u00e0 gauche - Wilhelm Hundt GmbH","isPartOf":{"@id":"https:\/\/hundtgroup.com\/fr\/#website"},"primaryImageOfPage":{"@id":"https:\/\/hundtgroup.com\/fr\/produkt\/d08-cisaille-ideal-maniable-a-gauche\/#primaryimage"},"image":{"@id":"https:\/\/hundtgroup.com\/fr\/produkt\/d08-cisaille-ideal-maniable-a-gauche\/#primaryimage"},"thumbnailUrl":"https:\/\/hundtgroup.com\/wp-content\/uploads\/400130.jpg","datePublished":"2022-08-23T14:00:41+00:00","dateModified":"2025-07-29T09:44:32+00:00","breadcrumb":{"@id":"https:\/\/hundtgroup.com\/fr\/produkt\/d08-cisaille-ideal-maniable-a-gauche\/#breadcrumb"},"inLanguage":"fr-FR","potentialAction":[{"@type":"ReadAction","target":["https:\/\/hundtgroup.com\/fr\/produkt\/d08-cisaille-ideal-maniable-a-gauche\/"]}]},{"@type":"ImageObject","inLanguage":"fr-FR","@id":"https:\/\/hundtgroup.com\/fr\/produkt\/d08-cisaille-ideal-maniable-a-gauche\/#primaryimage","url":"https:\/\/hundtgroup.com\/wp-content\/uploads\/400130.jpg","contentUrl":"https:\/\/hundtgroup.com\/wp-content\/uploads\/400130.jpg","width":1182,"height":371},{"@type":"BreadcrumbList","@id":"https:\/\/hundtgroup.com\/fr\/produkt\/d08-cisaille-ideal-maniable-a-gauche\/#breadcrumb","itemListElement":[{"@type":"ListItem","position":1,"name":"Startseite","item":"https:\/\/hundtgroup.com\/fr\/accueil-nouveau\/"},{"@type":"ListItem","position":2,"name":"Boutique","item":"https:\/\/hundtgroup.com\/boutique\/"},{"@type":"ListItem","position":3,"name":"D08 Cisaille Ideal maniable \u00e0 gauche"}]},{"@type":"WebSite","@id":"https:\/\/hundtgroup.com\/fr\/#website","url":"https:\/\/hundtgroup.com\/fr\/","name":"Wilhelm Hundt GmbH","description":"Votre sp\u00e9cialiste en machines et outils pour le travail de la t\u00f4le","potentialAction":[{"@type":"SearchAction","target":{"@type":"EntryPoint","urlTemplate":"https:\/\/hundtgroup.com\/fr\/?s={search_term_string}"},"query-input":{"@type":"PropertyValueSpecification","valueRequired":true,"valueName":"search_term_string"}}],"inLanguage":"fr-FR"}]}},"_links":{"self":[{"href":"https:\/\/hundtgroup.com\/fr\/wp-json\/wp\/v2\/product\/29889","targetHints":{"allow":["GET"]}}],"collection":[{"href":"https:\/\/hundtgroup.com\/fr\/wp-json\/wp\/v2\/product"}],"about":[{"href":"https:\/\/hundtgroup.com\/fr\/wp-json\/wp\/v2\/types\/product"}],"wp:featuredmedia":[{"embeddable":true,"href":"https:\/\/hundtgroup.com\/fr\/wp-json\/wp\/v2\/media\/29891"}],"wp:attachment":[{"href":"https:\/\/hundtgroup.com\/fr\/wp-json\/wp\/v2\/media?parent=29889"}],"wp:term":[{"taxonomy":"product_cat","embeddable":true,"href":"https:\/\/hundtgroup.com\/fr\/wp-json\/wp\/v2\/product_cat?post=29889"},{"taxonomy":"product_tag","embeddable":true,"href":"https:\/\/hundtgroup.com\/fr\/wp-json\/wp\/v2\/product_tag?post=29889"}],"curies":[{"name":"wp","href":"https:\/\/api.w.org\/{rel}","templated":true}]}}