{"id":30075,"date":"2022-08-23T16:00:58","date_gmt":"2022-08-23T14:00:58","guid":{"rendered":"https:\/\/hundtgroup.com\/produkt\/m7r-cisaille-continue-droite\/"},"modified":"2025-07-29T11:51:24","modified_gmt":"2025-07-29T09:51:24","slug":"m7r-cisaille-continue-droite","status":"publish","type":"product","link":"https:\/\/hundtgroup.com\/fr\/produkt\/m7r-cisaille-continue-droite\/","title":{"rendered":"M7R Cisaille continue droite"},"content":{"rendered":"<p>Avec rapport de levier.<br \/>\nPour les coupes courbes \u00e9troites jusqu&rsquo;aux coupes droites.<br \/>\nOuverture automatique pour un travail rapide et sans effort.<br \/>\nM\u00e2choires de coupe crant\u00e9es antid\u00e9rapantes en acier au molybd\u00e8ne r\u00e9sistant \u00e0 l&rsquo;usure.<br \/>\nPoign\u00e9es antid\u00e9rapantes en acier haute r\u00e9sistance.<br \/>\nEtrier de s\u00e9curit\u00e9 pratique.<\/p>\n","protected":false},"excerpt":{"rendered":"<p>Avec rapport de levier. Pour les coupes courbes \u00e9troites jusqu&rsquo;aux coupes droites. Ouverture automatique pour un travail rapide et sans effort. M\u00e2choires de coupe crant\u00e9es antid\u00e9rapantes en acier au molybd\u00e8ne r\u00e9sistant \u00e0 l&rsquo;usure. Poign\u00e9es antid\u00e9rapantes en acier haute r\u00e9sistance. Etrier de s\u00e9curit\u00e9 pratique.<\/p>\n","protected":false},"featured_media":30076,"template":"","meta":{"_acf_changed":false,"inline_featured_image":false},"product_cat":[1143,1191,1154],"product_tag":[],"class_list":{"0":"post-30075","1":"product","2":"type-product","3":"status-publish","4":"has-post-thumbnail","6":"product_cat-outils-a-main","7":"product_cat-cisaille-en-continu","8":"product_cat-cisaille-a-tole-fr-3","10":"first","11":"instock","12":"taxable","13":"shipping-taxable","14":"purchasable","15":"product-type-simple","16":"add-to-wishlist-before_image"},"acf":[],"yoast_head":"<!-- This site is optimized with the Yoast SEO plugin v27.3 - https:\/\/yoast.com\/product\/yoast-seo-wordpress\/ -->\n<title>M7R Cisaille continue droite - Wilhelm Hundt GmbH<\/title>\n<meta name=\"robots\" content=\"index, follow, max-snippet:-1, max-image-preview:large, max-video-preview:-1\" \/>\n<link rel=\"canonical\" href=\"https:\/\/hundtgroup.com\/fr\/produkt\/m7r-cisaille-continue-droite\/\" \/>\n<meta property=\"og:locale\" content=\"fr_FR\" \/>\n<meta property=\"og:type\" content=\"article\" \/>\n<meta property=\"og:title\" content=\"M7R Cisaille continue droite - Wilhelm Hundt GmbH\" \/>\n<meta property=\"og:description\" content=\"Avec rapport de levier. Pour les coupes courbes \u00e9troites jusqu&rsquo;aux coupes droites. Ouverture automatique pour un travail rapide et sans effort. M\u00e2choires de coupe crant\u00e9es antid\u00e9rapantes en acier au molybd\u00e8ne r\u00e9sistant \u00e0 l&rsquo;usure. Poign\u00e9es antid\u00e9rapantes en acier haute r\u00e9sistance. Etrier de s\u00e9curit\u00e9 pratique.\" \/>\n<meta property=\"og:url\" content=\"https:\/\/hundtgroup.com\/fr\/produkt\/m7r-cisaille-continue-droite\/\" \/>\n<meta property=\"og:site_name\" content=\"Wilhelm Hundt GmbH\" \/>\n<meta property=\"article:modified_time\" content=\"2025-07-29T09:51:24+00:00\" \/>\n<meta property=\"og:image\" content=\"https:\/\/hundtgroup.com\/wp-content\/uploads\/400151.png\" \/>\n\t<meta property=\"og:image:width\" content=\"400\" \/>\n\t<meta property=\"og:image:height\" content=\"262\" \/>\n\t<meta property=\"og:image:type\" content=\"image\/png\" \/>\n<meta name=\"twitter:card\" content=\"summary_large_image\" \/>\n<script type=\"application\/ld+json\" class=\"yoast-schema-graph\">{\"@context\":\"https:\\\/\\\/schema.org\",\"@graph\":[{\"@type\":\"WebPage\",\"@id\":\"https:\\\/\\\/hundtgroup.com\\\/fr\\\/produkt\\\/m7r-cisaille-continue-droite\\\/\",\"url\":\"https:\\\/\\\/hundtgroup.com\\\/fr\\\/produkt\\\/m7r-cisaille-continue-droite\\\/\",\"name\":\"M7R Cisaille continue droite - Wilhelm Hundt GmbH\",\"isPartOf\":{\"@id\":\"https:\\\/\\\/hundtgroup.com\\\/fr\\\/#website\"},\"primaryImageOfPage\":{\"@id\":\"https:\\\/\\\/hundtgroup.com\\\/fr\\\/produkt\\\/m7r-cisaille-continue-droite\\\/#primaryimage\"},\"image\":{\"@id\":\"https:\\\/\\\/hundtgroup.com\\\/fr\\\/produkt\\\/m7r-cisaille-continue-droite\\\/#primaryimage\"},\"thumbnailUrl\":\"https:\\\/\\\/hundtgroup.com\\\/wp-content\\\/uploads\\\/400151.png\",\"datePublished\":\"2022-08-23T14:00:58+00:00\",\"dateModified\":\"2025-07-29T09:51:24+00:00\",\"breadcrumb\":{\"@id\":\"https:\\\/\\\/hundtgroup.com\\\/fr\\\/produkt\\\/m7r-cisaille-continue-droite\\\/#breadcrumb\"},\"inLanguage\":\"fr-FR\",\"potentialAction\":[{\"@type\":\"ReadAction\",\"target\":[\"https:\\\/\\\/hundtgroup.com\\\/fr\\\/produkt\\\/m7r-cisaille-continue-droite\\\/\"]}]},{\"@type\":\"ImageObject\",\"inLanguage\":\"fr-FR\",\"@id\":\"https:\\\/\\\/hundtgroup.com\\\/fr\\\/produkt\\\/m7r-cisaille-continue-droite\\\/#primaryimage\",\"url\":\"https:\\\/\\\/hundtgroup.com\\\/wp-content\\\/uploads\\\/400151.png\",\"contentUrl\":\"https:\\\/\\\/hundtgroup.com\\\/wp-content\\\/uploads\\\/400151.png\",\"width\":400,\"height\":262},{\"@type\":\"BreadcrumbList\",\"@id\":\"https:\\\/\\\/hundtgroup.com\\\/fr\\\/produkt\\\/m7r-cisaille-continue-droite\\\/#breadcrumb\",\"itemListElement\":[{\"@type\":\"ListItem\",\"position\":1,\"name\":\"Startseite\",\"item\":\"https:\\\/\\\/hundtgroup.com\\\/fr\\\/accueil-nouveau\\\/\"},{\"@type\":\"ListItem\",\"position\":2,\"name\":\"Boutique\",\"item\":\"https:\\\/\\\/hundtgroup.com\\\/boutique\\\/\"},{\"@type\":\"ListItem\",\"position\":3,\"name\":\"M7R Cisaille continue droite\"}]},{\"@type\":\"WebSite\",\"@id\":\"https:\\\/\\\/hundtgroup.com\\\/fr\\\/#website\",\"url\":\"https:\\\/\\\/hundtgroup.com\\\/fr\\\/\",\"name\":\"Wilhelm Hundt GmbH\",\"description\":\"Votre sp\u00e9cialiste en machines et outils pour le travail de la t\u00f4le\",\"potentialAction\":[{\"@type\":\"SearchAction\",\"target\":{\"@type\":\"EntryPoint\",\"urlTemplate\":\"https:\\\/\\\/hundtgroup.com\\\/fr\\\/?s={search_term_string}\"},\"query-input\":{\"@type\":\"PropertyValueSpecification\",\"valueRequired\":true,\"valueName\":\"search_term_string\"}}],\"inLanguage\":\"fr-FR\"}]}<\/script>\n<!-- \/ Yoast SEO plugin. -->","yoast_head_json":{"title":"M7R Cisaille continue droite - Wilhelm Hundt GmbH","robots":{"index":"index","follow":"follow","max-snippet":"max-snippet:-1","max-image-preview":"max-image-preview:large","max-video-preview":"max-video-preview:-1"},"canonical":"https:\/\/hundtgroup.com\/fr\/produkt\/m7r-cisaille-continue-droite\/","og_locale":"fr_FR","og_type":"article","og_title":"M7R Cisaille continue droite - Wilhelm Hundt GmbH","og_description":"Avec rapport de levier. Pour les coupes courbes \u00e9troites jusqu&rsquo;aux coupes droites. Ouverture automatique pour un travail rapide et sans effort. M\u00e2choires de coupe crant\u00e9es antid\u00e9rapantes en acier au molybd\u00e8ne r\u00e9sistant \u00e0 l&rsquo;usure. Poign\u00e9es antid\u00e9rapantes en acier haute r\u00e9sistance. Etrier de s\u00e9curit\u00e9 pratique.","og_url":"https:\/\/hundtgroup.com\/fr\/produkt\/m7r-cisaille-continue-droite\/","og_site_name":"Wilhelm Hundt GmbH","article_modified_time":"2025-07-29T09:51:24+00:00","og_image":[{"width":400,"height":262,"url":"https:\/\/hundtgroup.com\/wp-content\/uploads\/400151.png","type":"image\/png"}],"twitter_card":"summary_large_image","schema":{"@context":"https:\/\/schema.org","@graph":[{"@type":"WebPage","@id":"https:\/\/hundtgroup.com\/fr\/produkt\/m7r-cisaille-continue-droite\/","url":"https:\/\/hundtgroup.com\/fr\/produkt\/m7r-cisaille-continue-droite\/","name":"M7R Cisaille continue droite - Wilhelm Hundt GmbH","isPartOf":{"@id":"https:\/\/hundtgroup.com\/fr\/#website"},"primaryImageOfPage":{"@id":"https:\/\/hundtgroup.com\/fr\/produkt\/m7r-cisaille-continue-droite\/#primaryimage"},"image":{"@id":"https:\/\/hundtgroup.com\/fr\/produkt\/m7r-cisaille-continue-droite\/#primaryimage"},"thumbnailUrl":"https:\/\/hundtgroup.com\/wp-content\/uploads\/400151.png","datePublished":"2022-08-23T14:00:58+00:00","dateModified":"2025-07-29T09:51:24+00:00","breadcrumb":{"@id":"https:\/\/hundtgroup.com\/fr\/produkt\/m7r-cisaille-continue-droite\/#breadcrumb"},"inLanguage":"fr-FR","potentialAction":[{"@type":"ReadAction","target":["https:\/\/hundtgroup.com\/fr\/produkt\/m7r-cisaille-continue-droite\/"]}]},{"@type":"ImageObject","inLanguage":"fr-FR","@id":"https:\/\/hundtgroup.com\/fr\/produkt\/m7r-cisaille-continue-droite\/#primaryimage","url":"https:\/\/hundtgroup.com\/wp-content\/uploads\/400151.png","contentUrl":"https:\/\/hundtgroup.com\/wp-content\/uploads\/400151.png","width":400,"height":262},{"@type":"BreadcrumbList","@id":"https:\/\/hundtgroup.com\/fr\/produkt\/m7r-cisaille-continue-droite\/#breadcrumb","itemListElement":[{"@type":"ListItem","position":1,"name":"Startseite","item":"https:\/\/hundtgroup.com\/fr\/accueil-nouveau\/"},{"@type":"ListItem","position":2,"name":"Boutique","item":"https:\/\/hundtgroup.com\/boutique\/"},{"@type":"ListItem","position":3,"name":"M7R Cisaille continue droite"}]},{"@type":"WebSite","@id":"https:\/\/hundtgroup.com\/fr\/#website","url":"https:\/\/hundtgroup.com\/fr\/","name":"Wilhelm Hundt GmbH","description":"Votre sp\u00e9cialiste en machines et outils pour le travail de la t\u00f4le","potentialAction":[{"@type":"SearchAction","target":{"@type":"EntryPoint","urlTemplate":"https:\/\/hundtgroup.com\/fr\/?s={search_term_string}"},"query-input":{"@type":"PropertyValueSpecification","valueRequired":true,"valueName":"search_term_string"}}],"inLanguage":"fr-FR"}]}},"_links":{"self":[{"href":"https:\/\/hundtgroup.com\/fr\/wp-json\/wp\/v2\/product\/30075","targetHints":{"allow":["GET"]}}],"collection":[{"href":"https:\/\/hundtgroup.com\/fr\/wp-json\/wp\/v2\/product"}],"about":[{"href":"https:\/\/hundtgroup.com\/fr\/wp-json\/wp\/v2\/types\/product"}],"wp:featuredmedia":[{"embeddable":true,"href":"https:\/\/hundtgroup.com\/fr\/wp-json\/wp\/v2\/media\/30076"}],"wp:attachment":[{"href":"https:\/\/hundtgroup.com\/fr\/wp-json\/wp\/v2\/media?parent=30075"}],"wp:term":[{"taxonomy":"product_cat","embeddable":true,"href":"https:\/\/hundtgroup.com\/fr\/wp-json\/wp\/v2\/product_cat?post=30075"},{"taxonomy":"product_tag","embeddable":true,"href":"https:\/\/hundtgroup.com\/fr\/wp-json\/wp\/v2\/product_tag?post=30075"}],"curies":[{"name":"wp","href":"https:\/\/api.w.org\/{rel}","templated":true}]}}