{"id":30102,"date":"2022-08-23T16:00:58","date_gmt":"2022-08-23T14:00:58","guid":{"rendered":"https:\/\/hundtgroup.com\/produkt\/m3r-ciseaux-pour-figurines-droit\/"},"modified":"2025-07-29T11:51:43","modified_gmt":"2025-07-29T09:51:43","slug":"m3r-ciseaux-pour-figurines-droit","status":"publish","type":"product","link":"https:\/\/hundtgroup.com\/fr\/produkt\/m3r-ciseaux-pour-figurines-droit\/","title":{"rendered":"M3R Ciseaux pour figurines droit"},"content":{"rendered":"<p>Avec rapport de levier.<br \/>\nCoupe \u00e0 gauche, \u00e0 droite ou droite dans les mat\u00e9riaux l\u00e9gers.<br \/>\nOuverture automatique pour un travail rapide et sans effort.<br \/>\nM\u00e2choires de coupe crant\u00e9es antid\u00e9rapantes en acier au molybd\u00e8ne r\u00e9sistant \u00e0 l&rsquo;usure.<br \/>\nPoign\u00e9es antid\u00e9rapantes en acier haute r\u00e9sistance.<br \/>\nEtrier de s\u00e9curit\u00e9 pratique.<\/p>\n","protected":false},"excerpt":{"rendered":"<p>Avec rapport de levier. Coupe \u00e0 gauche, \u00e0 droite ou droite dans les mat\u00e9riaux l\u00e9gers. Ouverture automatique pour un travail rapide et sans effort. M\u00e2choires de coupe crant\u00e9es antid\u00e9rapantes en acier au molybd\u00e8ne r\u00e9sistant \u00e0 l&rsquo;usure. Poign\u00e9es antid\u00e9rapantes en acier haute r\u00e9sistance. Etrier de s\u00e9curit\u00e9 pratique.<\/p>\n","protected":false},"featured_media":30105,"template":"","meta":{"_acf_changed":false,"inline_featured_image":false},"product_cat":[1143,1154,1189,1190],"product_tag":[],"class_list":{"0":"post-30102","1":"product","2":"type-product","3":"status-publish","4":"has-post-thumbnail","6":"product_cat-outils-a-main","7":"product_cat-cisaille-a-tole-fr-3","8":"product_cat-traduit-par-un-levier","9":"product_cat-ciseaux-pour-figurines-fr","11":"first","12":"instock","13":"taxable","14":"shipping-taxable","15":"purchasable","16":"product-type-simple","17":"add-to-wishlist-before_image"},"acf":[],"yoast_head":"<!-- This site is optimized with the Yoast SEO plugin v27.3 - https:\/\/yoast.com\/product\/yoast-seo-wordpress\/ -->\n<title>M3R Ciseaux pour figurines droit - Wilhelm Hundt GmbH<\/title>\n<meta name=\"robots\" content=\"index, follow, max-snippet:-1, max-image-preview:large, max-video-preview:-1\" \/>\n<link rel=\"canonical\" href=\"https:\/\/hundtgroup.com\/fr\/produkt\/m3r-ciseaux-pour-figurines-droit\/\" \/>\n<meta property=\"og:locale\" content=\"fr_FR\" \/>\n<meta property=\"og:type\" content=\"article\" \/>\n<meta property=\"og:title\" content=\"M3R Ciseaux pour figurines droit - Wilhelm Hundt GmbH\" \/>\n<meta property=\"og:description\" content=\"Avec rapport de levier. Coupe \u00e0 gauche, \u00e0 droite ou droite dans les mat\u00e9riaux l\u00e9gers. Ouverture automatique pour un travail rapide et sans effort. M\u00e2choires de coupe crant\u00e9es antid\u00e9rapantes en acier au molybd\u00e8ne r\u00e9sistant \u00e0 l&rsquo;usure. Poign\u00e9es antid\u00e9rapantes en acier haute r\u00e9sistance. Etrier de s\u00e9curit\u00e9 pratique.\" \/>\n<meta property=\"og:url\" content=\"https:\/\/hundtgroup.com\/fr\/produkt\/m3r-ciseaux-pour-figurines-droit\/\" \/>\n<meta property=\"og:site_name\" content=\"Wilhelm Hundt GmbH\" \/>\n<meta property=\"article:modified_time\" content=\"2025-07-29T09:51:43+00:00\" \/>\n<meta property=\"og:image\" content=\"https:\/\/hundtgroup.com\/wp-content\/uploads\/400185-1-scaled.jpg\" \/>\n\t<meta property=\"og:image:width\" content=\"2560\" \/>\n\t<meta property=\"og:image:height\" content=\"1241\" \/>\n\t<meta property=\"og:image:type\" content=\"image\/jpeg\" \/>\n<meta name=\"twitter:card\" content=\"summary_large_image\" \/>\n<script type=\"application\/ld+json\" class=\"yoast-schema-graph\">{\"@context\":\"https:\\\/\\\/schema.org\",\"@graph\":[{\"@type\":\"WebPage\",\"@id\":\"https:\\\/\\\/hundtgroup.com\\\/fr\\\/produkt\\\/m3r-ciseaux-pour-figurines-droit\\\/\",\"url\":\"https:\\\/\\\/hundtgroup.com\\\/fr\\\/produkt\\\/m3r-ciseaux-pour-figurines-droit\\\/\",\"name\":\"M3R Ciseaux pour figurines droit - Wilhelm Hundt GmbH\",\"isPartOf\":{\"@id\":\"https:\\\/\\\/hundtgroup.com\\\/fr\\\/#website\"},\"primaryImageOfPage\":{\"@id\":\"https:\\\/\\\/hundtgroup.com\\\/fr\\\/produkt\\\/m3r-ciseaux-pour-figurines-droit\\\/#primaryimage\"},\"image\":{\"@id\":\"https:\\\/\\\/hundtgroup.com\\\/fr\\\/produkt\\\/m3r-ciseaux-pour-figurines-droit\\\/#primaryimage\"},\"thumbnailUrl\":\"https:\\\/\\\/hundtgroup.com\\\/wp-content\\\/uploads\\\/400185-1-scaled.jpg\",\"datePublished\":\"2022-08-23T14:00:58+00:00\",\"dateModified\":\"2025-07-29T09:51:43+00:00\",\"breadcrumb\":{\"@id\":\"https:\\\/\\\/hundtgroup.com\\\/fr\\\/produkt\\\/m3r-ciseaux-pour-figurines-droit\\\/#breadcrumb\"},\"inLanguage\":\"fr-FR\",\"potentialAction\":[{\"@type\":\"ReadAction\",\"target\":[\"https:\\\/\\\/hundtgroup.com\\\/fr\\\/produkt\\\/m3r-ciseaux-pour-figurines-droit\\\/\"]}]},{\"@type\":\"ImageObject\",\"inLanguage\":\"fr-FR\",\"@id\":\"https:\\\/\\\/hundtgroup.com\\\/fr\\\/produkt\\\/m3r-ciseaux-pour-figurines-droit\\\/#primaryimage\",\"url\":\"https:\\\/\\\/hundtgroup.com\\\/wp-content\\\/uploads\\\/400185-1-scaled.jpg\",\"contentUrl\":\"https:\\\/\\\/hundtgroup.com\\\/wp-content\\\/uploads\\\/400185-1-scaled.jpg\",\"width\":2560,\"height\":1241},{\"@type\":\"BreadcrumbList\",\"@id\":\"https:\\\/\\\/hundtgroup.com\\\/fr\\\/produkt\\\/m3r-ciseaux-pour-figurines-droit\\\/#breadcrumb\",\"itemListElement\":[{\"@type\":\"ListItem\",\"position\":1,\"name\":\"Startseite\",\"item\":\"https:\\\/\\\/hundtgroup.com\\\/fr\\\/accueil-nouveau\\\/\"},{\"@type\":\"ListItem\",\"position\":2,\"name\":\"Boutique\",\"item\":\"https:\\\/\\\/hundtgroup.com\\\/boutique\\\/\"},{\"@type\":\"ListItem\",\"position\":3,\"name\":\"M3R Ciseaux pour figurines droit\"}]},{\"@type\":\"WebSite\",\"@id\":\"https:\\\/\\\/hundtgroup.com\\\/fr\\\/#website\",\"url\":\"https:\\\/\\\/hundtgroup.com\\\/fr\\\/\",\"name\":\"Wilhelm Hundt GmbH\",\"description\":\"Votre sp\u00e9cialiste en machines et outils pour le travail de la t\u00f4le\",\"potentialAction\":[{\"@type\":\"SearchAction\",\"target\":{\"@type\":\"EntryPoint\",\"urlTemplate\":\"https:\\\/\\\/hundtgroup.com\\\/fr\\\/?s={search_term_string}\"},\"query-input\":{\"@type\":\"PropertyValueSpecification\",\"valueRequired\":true,\"valueName\":\"search_term_string\"}}],\"inLanguage\":\"fr-FR\"}]}<\/script>\n<!-- \/ Yoast SEO plugin. -->","yoast_head_json":{"title":"M3R Ciseaux pour figurines droit - Wilhelm Hundt GmbH","robots":{"index":"index","follow":"follow","max-snippet":"max-snippet:-1","max-image-preview":"max-image-preview:large","max-video-preview":"max-video-preview:-1"},"canonical":"https:\/\/hundtgroup.com\/fr\/produkt\/m3r-ciseaux-pour-figurines-droit\/","og_locale":"fr_FR","og_type":"article","og_title":"M3R Ciseaux pour figurines droit - Wilhelm Hundt GmbH","og_description":"Avec rapport de levier. Coupe \u00e0 gauche, \u00e0 droite ou droite dans les mat\u00e9riaux l\u00e9gers. Ouverture automatique pour un travail rapide et sans effort. M\u00e2choires de coupe crant\u00e9es antid\u00e9rapantes en acier au molybd\u00e8ne r\u00e9sistant \u00e0 l&rsquo;usure. Poign\u00e9es antid\u00e9rapantes en acier haute r\u00e9sistance. Etrier de s\u00e9curit\u00e9 pratique.","og_url":"https:\/\/hundtgroup.com\/fr\/produkt\/m3r-ciseaux-pour-figurines-droit\/","og_site_name":"Wilhelm Hundt GmbH","article_modified_time":"2025-07-29T09:51:43+00:00","og_image":[{"width":2560,"height":1241,"url":"https:\/\/hundtgroup.com\/wp-content\/uploads\/400185-1-scaled.jpg","type":"image\/jpeg"}],"twitter_card":"summary_large_image","schema":{"@context":"https:\/\/schema.org","@graph":[{"@type":"WebPage","@id":"https:\/\/hundtgroup.com\/fr\/produkt\/m3r-ciseaux-pour-figurines-droit\/","url":"https:\/\/hundtgroup.com\/fr\/produkt\/m3r-ciseaux-pour-figurines-droit\/","name":"M3R Ciseaux pour figurines droit - Wilhelm Hundt GmbH","isPartOf":{"@id":"https:\/\/hundtgroup.com\/fr\/#website"},"primaryImageOfPage":{"@id":"https:\/\/hundtgroup.com\/fr\/produkt\/m3r-ciseaux-pour-figurines-droit\/#primaryimage"},"image":{"@id":"https:\/\/hundtgroup.com\/fr\/produkt\/m3r-ciseaux-pour-figurines-droit\/#primaryimage"},"thumbnailUrl":"https:\/\/hundtgroup.com\/wp-content\/uploads\/400185-1-scaled.jpg","datePublished":"2022-08-23T14:00:58+00:00","dateModified":"2025-07-29T09:51:43+00:00","breadcrumb":{"@id":"https:\/\/hundtgroup.com\/fr\/produkt\/m3r-ciseaux-pour-figurines-droit\/#breadcrumb"},"inLanguage":"fr-FR","potentialAction":[{"@type":"ReadAction","target":["https:\/\/hundtgroup.com\/fr\/produkt\/m3r-ciseaux-pour-figurines-droit\/"]}]},{"@type":"ImageObject","inLanguage":"fr-FR","@id":"https:\/\/hundtgroup.com\/fr\/produkt\/m3r-ciseaux-pour-figurines-droit\/#primaryimage","url":"https:\/\/hundtgroup.com\/wp-content\/uploads\/400185-1-scaled.jpg","contentUrl":"https:\/\/hundtgroup.com\/wp-content\/uploads\/400185-1-scaled.jpg","width":2560,"height":1241},{"@type":"BreadcrumbList","@id":"https:\/\/hundtgroup.com\/fr\/produkt\/m3r-ciseaux-pour-figurines-droit\/#breadcrumb","itemListElement":[{"@type":"ListItem","position":1,"name":"Startseite","item":"https:\/\/hundtgroup.com\/fr\/accueil-nouveau\/"},{"@type":"ListItem","position":2,"name":"Boutique","item":"https:\/\/hundtgroup.com\/boutique\/"},{"@type":"ListItem","position":3,"name":"M3R Ciseaux pour figurines droit"}]},{"@type":"WebSite","@id":"https:\/\/hundtgroup.com\/fr\/#website","url":"https:\/\/hundtgroup.com\/fr\/","name":"Wilhelm Hundt GmbH","description":"Votre sp\u00e9cialiste en machines et outils pour le travail de la t\u00f4le","potentialAction":[{"@type":"SearchAction","target":{"@type":"EntryPoint","urlTemplate":"https:\/\/hundtgroup.com\/fr\/?s={search_term_string}"},"query-input":{"@type":"PropertyValueSpecification","valueRequired":true,"valueName":"search_term_string"}}],"inLanguage":"fr-FR"}]}},"_links":{"self":[{"href":"https:\/\/hundtgroup.com\/fr\/wp-json\/wp\/v2\/product\/30102","targetHints":{"allow":["GET"]}}],"collection":[{"href":"https:\/\/hundtgroup.com\/fr\/wp-json\/wp\/v2\/product"}],"about":[{"href":"https:\/\/hundtgroup.com\/fr\/wp-json\/wp\/v2\/types\/product"}],"wp:featuredmedia":[{"embeddable":true,"href":"https:\/\/hundtgroup.com\/fr\/wp-json\/wp\/v2\/media\/30105"}],"wp:attachment":[{"href":"https:\/\/hundtgroup.com\/fr\/wp-json\/wp\/v2\/media?parent=30102"}],"wp:term":[{"taxonomy":"product_cat","embeddable":true,"href":"https:\/\/hundtgroup.com\/fr\/wp-json\/wp\/v2\/product_cat?post=30102"},{"taxonomy":"product_tag","embeddable":true,"href":"https:\/\/hundtgroup.com\/fr\/wp-json\/wp\/v2\/product_tag?post=30102"}],"curies":[{"name":"wp","href":"https:\/\/api.w.org\/{rel}","templated":true}]}}