{"id":30474,"date":"2022-08-23T16:00:03","date_gmt":"2022-08-23T14:00:03","guid":{"rendered":"https:\/\/hundtgroup.com\/produkt\/d216-ciseaux-ideal-260-mm-droite\/"},"modified":"2025-07-29T11:34:32","modified_gmt":"2025-07-29T09:34:32","slug":"d216-ciseaux-ideal-260-mm-droite","status":"publish","type":"product","link":"https:\/\/hundtgroup.com\/fr\/produkt\/d216-ciseaux-ideal-260-mm-droite\/","title":{"rendered":"D216 Ciseaux Ideal 260 mm droite"},"content":{"rendered":"<p>Pour les coupes droites continues et les coupes de figures.<br \/>\nT\u00eate de ciseaux et poign\u00e9e forg\u00e9es.<br \/>\nLames tremp\u00e9es par induction.<br \/>\nVissage industriel r\u00e9glable.<\/p>\n","protected":false},"excerpt":{"rendered":"<p>Pour les coupes droites continues et les coupes de figures. T\u00eate de ciseaux et poign\u00e9e forg\u00e9es. Lames tremp\u00e9es par induction. Vissage industriel r\u00e9glable.<\/p>\n","protected":false},"featured_media":30453,"template":"","meta":{"_acf_changed":false,"inline_featured_image":false},"product_cat":[1143,1184,1154],"product_tag":[],"class_list":{"0":"post-30474","1":"product","2":"type-product","3":"status-publish","4":"has-post-thumbnail","6":"brand-erdi","7":"product_cat-outils-a-main","8":"product_cat-ciseaux-ideal","9":"product_cat-cisaille-a-tole-fr-3","11":"first","12":"instock","13":"taxable","14":"shipping-taxable","15":"purchasable","16":"product-type-simple","17":"add-to-wishlist-before_image"},"acf":[],"yoast_head":"<!-- This site is optimized with the Yoast SEO plugin v27.3 - https:\/\/yoast.com\/product\/yoast-seo-wordpress\/ -->\n<title>D216 Ciseaux Ideal 260 mm droite - Wilhelm Hundt GmbH<\/title>\n<meta name=\"robots\" content=\"index, follow, max-snippet:-1, max-image-preview:large, max-video-preview:-1\" \/>\n<link rel=\"canonical\" href=\"https:\/\/hundtgroup.com\/fr\/produkt\/d216-ciseaux-ideal-260-mm-droite\/\" \/>\n<meta property=\"og:locale\" content=\"fr_FR\" \/>\n<meta property=\"og:type\" content=\"article\" \/>\n<meta property=\"og:title\" content=\"D216 Ciseaux Ideal 260 mm droite - Wilhelm Hundt GmbH\" \/>\n<meta property=\"og:description\" content=\"Pour les coupes droites continues et les coupes de figures. T\u00eate de ciseaux et poign\u00e9e forg\u00e9es. Lames tremp\u00e9es par induction. Vissage industriel r\u00e9glable.\" \/>\n<meta property=\"og:url\" content=\"https:\/\/hundtgroup.com\/fr\/produkt\/d216-ciseaux-ideal-260-mm-droite\/\" \/>\n<meta property=\"og:site_name\" content=\"Wilhelm Hundt GmbH\" \/>\n<meta property=\"article:modified_time\" content=\"2025-07-29T09:34:32+00:00\" \/>\n<meta property=\"og:image\" content=\"https:\/\/hundtgroup.com\/wp-content\/uploads\/400110.jpg\" \/>\n\t<meta property=\"og:image:width\" content=\"300\" \/>\n\t<meta property=\"og:image:height\" content=\"120\" \/>\n\t<meta property=\"og:image:type\" content=\"image\/jpeg\" \/>\n<meta name=\"twitter:card\" content=\"summary_large_image\" \/>\n<script type=\"application\/ld+json\" class=\"yoast-schema-graph\">{\"@context\":\"https:\\\/\\\/schema.org\",\"@graph\":[{\"@type\":\"WebPage\",\"@id\":\"https:\\\/\\\/hundtgroup.com\\\/fr\\\/produkt\\\/d216-ciseaux-ideal-260-mm-droite\\\/\",\"url\":\"https:\\\/\\\/hundtgroup.com\\\/fr\\\/produkt\\\/d216-ciseaux-ideal-260-mm-droite\\\/\",\"name\":\"D216 Ciseaux Ideal 260 mm droite - Wilhelm Hundt GmbH\",\"isPartOf\":{\"@id\":\"https:\\\/\\\/hundtgroup.com\\\/fr\\\/#website\"},\"primaryImageOfPage\":{\"@id\":\"https:\\\/\\\/hundtgroup.com\\\/fr\\\/produkt\\\/d216-ciseaux-ideal-260-mm-droite\\\/#primaryimage\"},\"image\":{\"@id\":\"https:\\\/\\\/hundtgroup.com\\\/fr\\\/produkt\\\/d216-ciseaux-ideal-260-mm-droite\\\/#primaryimage\"},\"thumbnailUrl\":\"https:\\\/\\\/hundtgroup.com\\\/wp-content\\\/uploads\\\/400110.jpg\",\"datePublished\":\"2022-08-23T14:00:03+00:00\",\"dateModified\":\"2025-07-29T09:34:32+00:00\",\"breadcrumb\":{\"@id\":\"https:\\\/\\\/hundtgroup.com\\\/fr\\\/produkt\\\/d216-ciseaux-ideal-260-mm-droite\\\/#breadcrumb\"},\"inLanguage\":\"fr-FR\",\"potentialAction\":[{\"@type\":\"ReadAction\",\"target\":[\"https:\\\/\\\/hundtgroup.com\\\/fr\\\/produkt\\\/d216-ciseaux-ideal-260-mm-droite\\\/\"]}]},{\"@type\":\"ImageObject\",\"inLanguage\":\"fr-FR\",\"@id\":\"https:\\\/\\\/hundtgroup.com\\\/fr\\\/produkt\\\/d216-ciseaux-ideal-260-mm-droite\\\/#primaryimage\",\"url\":\"https:\\\/\\\/hundtgroup.com\\\/wp-content\\\/uploads\\\/400110.jpg\",\"contentUrl\":\"https:\\\/\\\/hundtgroup.com\\\/wp-content\\\/uploads\\\/400110.jpg\",\"width\":300,\"height\":120},{\"@type\":\"BreadcrumbList\",\"@id\":\"https:\\\/\\\/hundtgroup.com\\\/fr\\\/produkt\\\/d216-ciseaux-ideal-260-mm-droite\\\/#breadcrumb\",\"itemListElement\":[{\"@type\":\"ListItem\",\"position\":1,\"name\":\"Startseite\",\"item\":\"https:\\\/\\\/hundtgroup.com\\\/fr\\\/accueil-nouveau\\\/\"},{\"@type\":\"ListItem\",\"position\":2,\"name\":\"Boutique\",\"item\":\"https:\\\/\\\/hundtgroup.com\\\/boutique\\\/\"},{\"@type\":\"ListItem\",\"position\":3,\"name\":\"D216 Ciseaux Ideal 260 mm droite\"}]},{\"@type\":\"WebSite\",\"@id\":\"https:\\\/\\\/hundtgroup.com\\\/fr\\\/#website\",\"url\":\"https:\\\/\\\/hundtgroup.com\\\/fr\\\/\",\"name\":\"Wilhelm Hundt GmbH\",\"description\":\"Votre sp\u00e9cialiste en machines et outils pour le travail de la t\u00f4le\",\"potentialAction\":[{\"@type\":\"SearchAction\",\"target\":{\"@type\":\"EntryPoint\",\"urlTemplate\":\"https:\\\/\\\/hundtgroup.com\\\/fr\\\/?s={search_term_string}\"},\"query-input\":{\"@type\":\"PropertyValueSpecification\",\"valueRequired\":true,\"valueName\":\"search_term_string\"}}],\"inLanguage\":\"fr-FR\"}]}<\/script>\n<!-- \/ Yoast SEO plugin. -->","yoast_head_json":{"title":"D216 Ciseaux Ideal 260 mm droite - Wilhelm Hundt GmbH","robots":{"index":"index","follow":"follow","max-snippet":"max-snippet:-1","max-image-preview":"max-image-preview:large","max-video-preview":"max-video-preview:-1"},"canonical":"https:\/\/hundtgroup.com\/fr\/produkt\/d216-ciseaux-ideal-260-mm-droite\/","og_locale":"fr_FR","og_type":"article","og_title":"D216 Ciseaux Ideal 260 mm droite - Wilhelm Hundt GmbH","og_description":"Pour les coupes droites continues et les coupes de figures. T\u00eate de ciseaux et poign\u00e9e forg\u00e9es. Lames tremp\u00e9es par induction. Vissage industriel r\u00e9glable.","og_url":"https:\/\/hundtgroup.com\/fr\/produkt\/d216-ciseaux-ideal-260-mm-droite\/","og_site_name":"Wilhelm Hundt GmbH","article_modified_time":"2025-07-29T09:34:32+00:00","og_image":[{"width":300,"height":120,"url":"https:\/\/hundtgroup.com\/wp-content\/uploads\/400110.jpg","type":"image\/jpeg"}],"twitter_card":"summary_large_image","schema":{"@context":"https:\/\/schema.org","@graph":[{"@type":"WebPage","@id":"https:\/\/hundtgroup.com\/fr\/produkt\/d216-ciseaux-ideal-260-mm-droite\/","url":"https:\/\/hundtgroup.com\/fr\/produkt\/d216-ciseaux-ideal-260-mm-droite\/","name":"D216 Ciseaux Ideal 260 mm droite - Wilhelm Hundt GmbH","isPartOf":{"@id":"https:\/\/hundtgroup.com\/fr\/#website"},"primaryImageOfPage":{"@id":"https:\/\/hundtgroup.com\/fr\/produkt\/d216-ciseaux-ideal-260-mm-droite\/#primaryimage"},"image":{"@id":"https:\/\/hundtgroup.com\/fr\/produkt\/d216-ciseaux-ideal-260-mm-droite\/#primaryimage"},"thumbnailUrl":"https:\/\/hundtgroup.com\/wp-content\/uploads\/400110.jpg","datePublished":"2022-08-23T14:00:03+00:00","dateModified":"2025-07-29T09:34:32+00:00","breadcrumb":{"@id":"https:\/\/hundtgroup.com\/fr\/produkt\/d216-ciseaux-ideal-260-mm-droite\/#breadcrumb"},"inLanguage":"fr-FR","potentialAction":[{"@type":"ReadAction","target":["https:\/\/hundtgroup.com\/fr\/produkt\/d216-ciseaux-ideal-260-mm-droite\/"]}]},{"@type":"ImageObject","inLanguage":"fr-FR","@id":"https:\/\/hundtgroup.com\/fr\/produkt\/d216-ciseaux-ideal-260-mm-droite\/#primaryimage","url":"https:\/\/hundtgroup.com\/wp-content\/uploads\/400110.jpg","contentUrl":"https:\/\/hundtgroup.com\/wp-content\/uploads\/400110.jpg","width":300,"height":120},{"@type":"BreadcrumbList","@id":"https:\/\/hundtgroup.com\/fr\/produkt\/d216-ciseaux-ideal-260-mm-droite\/#breadcrumb","itemListElement":[{"@type":"ListItem","position":1,"name":"Startseite","item":"https:\/\/hundtgroup.com\/fr\/accueil-nouveau\/"},{"@type":"ListItem","position":2,"name":"Boutique","item":"https:\/\/hundtgroup.com\/boutique\/"},{"@type":"ListItem","position":3,"name":"D216 Ciseaux Ideal 260 mm droite"}]},{"@type":"WebSite","@id":"https:\/\/hundtgroup.com\/fr\/#website","url":"https:\/\/hundtgroup.com\/fr\/","name":"Wilhelm Hundt GmbH","description":"Votre sp\u00e9cialiste en machines et outils pour le travail de la t\u00f4le","potentialAction":[{"@type":"SearchAction","target":{"@type":"EntryPoint","urlTemplate":"https:\/\/hundtgroup.com\/fr\/?s={search_term_string}"},"query-input":{"@type":"PropertyValueSpecification","valueRequired":true,"valueName":"search_term_string"}}],"inLanguage":"fr-FR"}]}},"_links":{"self":[{"href":"https:\/\/hundtgroup.com\/fr\/wp-json\/wp\/v2\/product\/30474","targetHints":{"allow":["GET"]}}],"collection":[{"href":"https:\/\/hundtgroup.com\/fr\/wp-json\/wp\/v2\/product"}],"about":[{"href":"https:\/\/hundtgroup.com\/fr\/wp-json\/wp\/v2\/types\/product"}],"wp:featuredmedia":[{"embeddable":true,"href":"https:\/\/hundtgroup.com\/fr\/wp-json\/wp\/v2\/media\/30453"}],"wp:attachment":[{"href":"https:\/\/hundtgroup.com\/fr\/wp-json\/wp\/v2\/media?parent=30474"}],"wp:term":[{"taxonomy":"product_cat","embeddable":true,"href":"https:\/\/hundtgroup.com\/fr\/wp-json\/wp\/v2\/product_cat?post=30474"},{"taxonomy":"product_tag","embeddable":true,"href":"https:\/\/hundtgroup.com\/fr\/wp-json\/wp\/v2\/product_tag?post=30474"}],"curies":[{"name":"wp","href":"https:\/\/api.w.org\/{rel}","templated":true}]}}