{"id":31217,"date":"2022-08-23T15:59:42","date_gmt":"2022-08-23T13:59:42","guid":{"rendered":"https:\/\/hundtgroup.com\/produkt\/poignee-de-bouton-trumpf-avec-tige-filetee-m8-tige-de-finition\/"},"modified":"2025-07-29T11:36:02","modified_gmt":"2025-07-29T09:36:02","slug":"poignee-de-bouton-trumpf-avec-tige-filetee-m8-tige-de-finition","status":"publish","type":"product","link":"https:\/\/hundtgroup.com\/fr\/produkt\/poignee-de-bouton-trumpf-avec-tige-filetee-m8-tige-de-finition\/","title":{"rendered":"Poign\u00e9e de bouton TRUMPF avec tige filet\u00e9e M8 Tige de finition"},"content":{"rendered":"<p>Poign\u00e9e de bouton TRUMPF avec tige filet\u00e9e M8 Tige de finition pour nettoyeur de barres d&rsquo;appui TSC 100.<\/p>\n","protected":false},"excerpt":{"rendered":"<p>Poign\u00e9e de bouton TRUMPF avec tige filet\u00e9e M8 Tige de finition pour nettoyeur de barres d&rsquo;appui TSC 100.<\/p>\n","protected":false},"featured_media":0,"template":"","meta":{"_acf_changed":false,"inline_featured_image":false},"product_cat":[1183,1144,1151],"product_tag":[],"class_list":{"0":"post-31217","1":"product","2":"type-product","3":"status-publish","5":"brand-trumpf","6":"product_cat-tsc-100-fr","7":"product_cat-accessoires-batterie-electrique","8":"product_cat-nettoyant-pour-baguettes-de-recouvrement","10":"first","11":"instock","12":"taxable","13":"shipping-taxable","14":"purchasable","15":"product-type-simple","16":"add-to-wishlist-before_image"},"acf":[],"yoast_head":"<!-- This site is optimized with the Yoast SEO plugin v27.3 - https:\/\/yoast.com\/product\/yoast-seo-wordpress\/ -->\n<title>Poign\u00e9e de bouton TRUMPF avec tige filet\u00e9e M8 Tige de finition - Wilhelm Hundt GmbH<\/title>\n<meta name=\"robots\" content=\"index, follow, max-snippet:-1, max-image-preview:large, max-video-preview:-1\" \/>\n<link rel=\"canonical\" href=\"https:\/\/hundtgroup.com\/fr\/produkt\/poignee-de-bouton-trumpf-avec-tige-filetee-m8-tige-de-finition\/\" \/>\n<meta property=\"og:locale\" content=\"fr_FR\" \/>\n<meta property=\"og:type\" content=\"article\" \/>\n<meta property=\"og:title\" content=\"Poign\u00e9e de bouton TRUMPF avec tige filet\u00e9e M8 Tige de finition - Wilhelm Hundt GmbH\" \/>\n<meta property=\"og:description\" content=\"Poign\u00e9e de bouton TRUMPF avec tige filet\u00e9e M8 Tige de finition pour nettoyeur de barres d&rsquo;appui TSC 100.\" \/>\n<meta property=\"og:url\" content=\"https:\/\/hundtgroup.com\/fr\/produkt\/poignee-de-bouton-trumpf-avec-tige-filetee-m8-tige-de-finition\/\" \/>\n<meta property=\"og:site_name\" content=\"Wilhelm Hundt GmbH\" \/>\n<meta property=\"article:modified_time\" content=\"2025-07-29T09:36:02+00:00\" \/>\n<meta name=\"twitter:card\" content=\"summary_large_image\" \/>\n<script type=\"application\/ld+json\" class=\"yoast-schema-graph\">{\"@context\":\"https:\\\/\\\/schema.org\",\"@graph\":[{\"@type\":\"WebPage\",\"@id\":\"https:\\\/\\\/hundtgroup.com\\\/fr\\\/produkt\\\/poignee-de-bouton-trumpf-avec-tige-filetee-m8-tige-de-finition\\\/\",\"url\":\"https:\\\/\\\/hundtgroup.com\\\/fr\\\/produkt\\\/poignee-de-bouton-trumpf-avec-tige-filetee-m8-tige-de-finition\\\/\",\"name\":\"Poign\u00e9e de bouton TRUMPF avec tige filet\u00e9e M8 Tige de finition - Wilhelm Hundt GmbH\",\"isPartOf\":{\"@id\":\"https:\\\/\\\/hundtgroup.com\\\/fr\\\/#website\"},\"datePublished\":\"2022-08-23T13:59:42+00:00\",\"dateModified\":\"2025-07-29T09:36:02+00:00\",\"breadcrumb\":{\"@id\":\"https:\\\/\\\/hundtgroup.com\\\/fr\\\/produkt\\\/poignee-de-bouton-trumpf-avec-tige-filetee-m8-tige-de-finition\\\/#breadcrumb\"},\"inLanguage\":\"fr-FR\",\"potentialAction\":[{\"@type\":\"ReadAction\",\"target\":[\"https:\\\/\\\/hundtgroup.com\\\/fr\\\/produkt\\\/poignee-de-bouton-trumpf-avec-tige-filetee-m8-tige-de-finition\\\/\"]}]},{\"@type\":\"BreadcrumbList\",\"@id\":\"https:\\\/\\\/hundtgroup.com\\\/fr\\\/produkt\\\/poignee-de-bouton-trumpf-avec-tige-filetee-m8-tige-de-finition\\\/#breadcrumb\",\"itemListElement\":[{\"@type\":\"ListItem\",\"position\":1,\"name\":\"Startseite\",\"item\":\"https:\\\/\\\/hundtgroup.com\\\/fr\\\/accueil-nouveau\\\/\"},{\"@type\":\"ListItem\",\"position\":2,\"name\":\"Boutique\",\"item\":\"https:\\\/\\\/hundtgroup.com\\\/boutique\\\/\"},{\"@type\":\"ListItem\",\"position\":3,\"name\":\"Poign\u00e9e de bouton TRUMPF avec tige filet\u00e9e M8 Tige de finition\"}]},{\"@type\":\"WebSite\",\"@id\":\"https:\\\/\\\/hundtgroup.com\\\/fr\\\/#website\",\"url\":\"https:\\\/\\\/hundtgroup.com\\\/fr\\\/\",\"name\":\"Wilhelm Hundt GmbH\",\"description\":\"Votre sp\u00e9cialiste en machines et outils pour le travail de la t\u00f4le\",\"potentialAction\":[{\"@type\":\"SearchAction\",\"target\":{\"@type\":\"EntryPoint\",\"urlTemplate\":\"https:\\\/\\\/hundtgroup.com\\\/fr\\\/?s={search_term_string}\"},\"query-input\":{\"@type\":\"PropertyValueSpecification\",\"valueRequired\":true,\"valueName\":\"search_term_string\"}}],\"inLanguage\":\"fr-FR\"}]}<\/script>\n<!-- \/ Yoast SEO plugin. -->","yoast_head_json":{"title":"Poign\u00e9e de bouton TRUMPF avec tige filet\u00e9e M8 Tige de finition - Wilhelm Hundt GmbH","robots":{"index":"index","follow":"follow","max-snippet":"max-snippet:-1","max-image-preview":"max-image-preview:large","max-video-preview":"max-video-preview:-1"},"canonical":"https:\/\/hundtgroup.com\/fr\/produkt\/poignee-de-bouton-trumpf-avec-tige-filetee-m8-tige-de-finition\/","og_locale":"fr_FR","og_type":"article","og_title":"Poign\u00e9e de bouton TRUMPF avec tige filet\u00e9e M8 Tige de finition - Wilhelm Hundt GmbH","og_description":"Poign\u00e9e de bouton TRUMPF avec tige filet\u00e9e M8 Tige de finition pour nettoyeur de barres d&rsquo;appui TSC 100.","og_url":"https:\/\/hundtgroup.com\/fr\/produkt\/poignee-de-bouton-trumpf-avec-tige-filetee-m8-tige-de-finition\/","og_site_name":"Wilhelm Hundt GmbH","article_modified_time":"2025-07-29T09:36:02+00:00","twitter_card":"summary_large_image","schema":{"@context":"https:\/\/schema.org","@graph":[{"@type":"WebPage","@id":"https:\/\/hundtgroup.com\/fr\/produkt\/poignee-de-bouton-trumpf-avec-tige-filetee-m8-tige-de-finition\/","url":"https:\/\/hundtgroup.com\/fr\/produkt\/poignee-de-bouton-trumpf-avec-tige-filetee-m8-tige-de-finition\/","name":"Poign\u00e9e de bouton TRUMPF avec tige filet\u00e9e M8 Tige de finition - Wilhelm Hundt GmbH","isPartOf":{"@id":"https:\/\/hundtgroup.com\/fr\/#website"},"datePublished":"2022-08-23T13:59:42+00:00","dateModified":"2025-07-29T09:36:02+00:00","breadcrumb":{"@id":"https:\/\/hundtgroup.com\/fr\/produkt\/poignee-de-bouton-trumpf-avec-tige-filetee-m8-tige-de-finition\/#breadcrumb"},"inLanguage":"fr-FR","potentialAction":[{"@type":"ReadAction","target":["https:\/\/hundtgroup.com\/fr\/produkt\/poignee-de-bouton-trumpf-avec-tige-filetee-m8-tige-de-finition\/"]}]},{"@type":"BreadcrumbList","@id":"https:\/\/hundtgroup.com\/fr\/produkt\/poignee-de-bouton-trumpf-avec-tige-filetee-m8-tige-de-finition\/#breadcrumb","itemListElement":[{"@type":"ListItem","position":1,"name":"Startseite","item":"https:\/\/hundtgroup.com\/fr\/accueil-nouveau\/"},{"@type":"ListItem","position":2,"name":"Boutique","item":"https:\/\/hundtgroup.com\/boutique\/"},{"@type":"ListItem","position":3,"name":"Poign\u00e9e de bouton TRUMPF avec tige filet\u00e9e M8 Tige de finition"}]},{"@type":"WebSite","@id":"https:\/\/hundtgroup.com\/fr\/#website","url":"https:\/\/hundtgroup.com\/fr\/","name":"Wilhelm Hundt GmbH","description":"Votre sp\u00e9cialiste en machines et outils pour le travail de la t\u00f4le","potentialAction":[{"@type":"SearchAction","target":{"@type":"EntryPoint","urlTemplate":"https:\/\/hundtgroup.com\/fr\/?s={search_term_string}"},"query-input":{"@type":"PropertyValueSpecification","valueRequired":true,"valueName":"search_term_string"}}],"inLanguage":"fr-FR"}]}},"_links":{"self":[{"href":"https:\/\/hundtgroup.com\/fr\/wp-json\/wp\/v2\/product\/31217","targetHints":{"allow":["GET"]}}],"collection":[{"href":"https:\/\/hundtgroup.com\/fr\/wp-json\/wp\/v2\/product"}],"about":[{"href":"https:\/\/hundtgroup.com\/fr\/wp-json\/wp\/v2\/types\/product"}],"wp:attachment":[{"href":"https:\/\/hundtgroup.com\/fr\/wp-json\/wp\/v2\/media?parent=31217"}],"wp:term":[{"taxonomy":"product_cat","embeddable":true,"href":"https:\/\/hundtgroup.com\/fr\/wp-json\/wp\/v2\/product_cat?post=31217"},{"taxonomy":"product_tag","embeddable":true,"href":"https:\/\/hundtgroup.com\/fr\/wp-json\/wp\/v2\/product_tag?post=31217"}],"curies":[{"name":"wp","href":"https:\/\/api.w.org\/{rel}","templated":true}]}}