{"id":35965,"date":"2022-08-23T15:56:03","date_gmt":"2022-08-23T13:56:03","guid":{"rendered":"https:\/\/hundtgroup.com\/produkt\/chanfreineuse-trutool-tka-1500-avec-outil-a-45\/"},"modified":"2025-07-29T10:27:10","modified_gmt":"2025-07-29T08:27:10","slug":"chanfreineuse-trutool-tka-1500-avec-outil-a-45","status":"publish","type":"product","link":"https:\/\/hundtgroup.com\/fr\/produkt\/chanfreineuse-trutool-tka-1500-avec-outil-a-45\/","title":{"rendered":"Chanfreineuse TruTool TKA 1500 avec outil \u00e0 45"},"content":{"rendered":"<p>Le TruTool TKA 1500 robuste r\u00e9alise des longueurs de chanfrein pr\u00e9cises jusqu&rsquo;\u00e0 15 mm dans des positions angulaires de 30\u00b0, 45\u00b0 et 60\u00b0. Vous fixez la longueur de chanfrein souhait\u00e9e en continu et sans outil. Vous obtenez imm\u00e9diatement des ar\u00eates de grande qualit\u00e9 et r\u00e9p\u00e9titives sans retouche. Avec la TruTool TKA 1500, vous r\u00e9alisez des ar\u00eates visibles propres, vous cassez des ar\u00eates vives, vous r\u00e9alisez un rayon ou vous pr\u00e9parez un cordon de soudure. Le processus de fraisage efficace est jusqu&rsquo;\u00e0 cinq fois plus rapide que les processus concurrents. Il \u00e9vite toute oxydation ou d\u00e9formation du mat\u00e9riau. La poign\u00e9e de guidage et la poign\u00e9e moteur ergonomiques permettent de guider la machine de mani\u00e8re in\u00e9gal\u00e9e.      <\/p>\n","protected":false},"excerpt":{"rendered":"<p>Le TruTool TKA 1500 robuste r\u00e9alise des longueurs de chanfrein pr\u00e9cises jusqu&rsquo;\u00e0 15 mm dans des positions angulaires de 30\u00b0, 45\u00b0 et 60\u00b0. Vous fixez la longueur de chanfrein souhait\u00e9e en continu et sans outil. Vous obtenez imm\u00e9diatement des ar\u00eates de grande qualit\u00e9 et r\u00e9p\u00e9titives sans retouche. Avec la TruTool TKA 1500, vous r\u00e9alisez des [&hellip;]<\/p>\n","protected":false},"featured_media":33612,"template":"","meta":{"_acf_changed":false,"inline_featured_image":false},"product_cat":[670,1257],"product_tag":[],"class_list":{"0":"post-35965","1":"product","2":"type-product","3":"status-publish","4":"has-post-thumbnail","6":"brand-trumpf","7":"product_cat-outils-electriques","8":"product_cat-fraiseuse-de-bords","10":"first","11":"instock","12":"sale","13":"taxable","14":"shipping-taxable","15":"purchasable","16":"product-type-simple","17":"add-to-wishlist-before_image"},"acf":[],"yoast_head":"<!-- This site is optimized with the Yoast SEO plugin v27.3 - https:\/\/yoast.com\/product\/yoast-seo-wordpress\/ -->\n<title>Chanfreineuse TruTool TKA 1500 avec outil \u00e0 45 - Wilhelm Hundt GmbH<\/title>\n<meta name=\"robots\" content=\"index, follow, max-snippet:-1, max-image-preview:large, max-video-preview:-1\" \/>\n<link rel=\"canonical\" href=\"https:\/\/hundtgroup.com\/fr\/produkt\/chanfreineuse-trutool-tka-1500-avec-outil-a-45\/\" \/>\n<meta property=\"og:locale\" content=\"fr_FR\" \/>\n<meta property=\"og:type\" content=\"article\" \/>\n<meta property=\"og:title\" content=\"Chanfreineuse TruTool TKA 1500 avec outil \u00e0 45 - Wilhelm Hundt GmbH\" \/>\n<meta property=\"og:description\" content=\"Le TruTool TKA 1500 robuste r\u00e9alise des longueurs de chanfrein pr\u00e9cises jusqu&rsquo;\u00e0 15 mm dans des positions angulaires de 30\u00b0, 45\u00b0 et 60\u00b0. Vous fixez la longueur de chanfrein souhait\u00e9e en continu et sans outil. Vous obtenez imm\u00e9diatement des ar\u00eates de grande qualit\u00e9 et r\u00e9p\u00e9titives sans retouche. Avec la TruTool TKA 1500, vous r\u00e9alisez des [&hellip;]\" \/>\n<meta property=\"og:url\" content=\"https:\/\/hundtgroup.com\/fr\/produkt\/chanfreineuse-trutool-tka-1500-avec-outil-a-45\/\" \/>\n<meta property=\"og:site_name\" content=\"Wilhelm Hundt GmbH\" \/>\n<meta property=\"article:modified_time\" content=\"2025-07-29T08:27:10+00:00\" \/>\n<meta property=\"og:image\" content=\"https:\/\/hundtgroup.com\/wp-content\/uploads\/345262-scaled.jpg\" \/>\n\t<meta property=\"og:image:width\" content=\"2560\" \/>\n\t<meta property=\"og:image:height\" content=\"1463\" \/>\n\t<meta property=\"og:image:type\" content=\"image\/jpeg\" \/>\n<meta name=\"twitter:card\" content=\"summary_large_image\" \/>\n<meta name=\"twitter:label1\" content=\"Dur\u00e9e de lecture estim\u00e9e\" \/>\n\t<meta name=\"twitter:data1\" content=\"1 minute\" \/>\n<script type=\"application\/ld+json\" class=\"yoast-schema-graph\">{\"@context\":\"https:\\\/\\\/schema.org\",\"@graph\":[{\"@type\":\"WebPage\",\"@id\":\"https:\\\/\\\/hundtgroup.com\\\/fr\\\/produkt\\\/chanfreineuse-trutool-tka-1500-avec-outil-a-45\\\/\",\"url\":\"https:\\\/\\\/hundtgroup.com\\\/fr\\\/produkt\\\/chanfreineuse-trutool-tka-1500-avec-outil-a-45\\\/\",\"name\":\"Chanfreineuse TruTool TKA 1500 avec outil \u00e0 45 - Wilhelm Hundt GmbH\",\"isPartOf\":{\"@id\":\"https:\\\/\\\/hundtgroup.com\\\/fr\\\/#website\"},\"primaryImageOfPage\":{\"@id\":\"https:\\\/\\\/hundtgroup.com\\\/fr\\\/produkt\\\/chanfreineuse-trutool-tka-1500-avec-outil-a-45\\\/#primaryimage\"},\"image\":{\"@id\":\"https:\\\/\\\/hundtgroup.com\\\/fr\\\/produkt\\\/chanfreineuse-trutool-tka-1500-avec-outil-a-45\\\/#primaryimage\"},\"thumbnailUrl\":\"https:\\\/\\\/hundtgroup.com\\\/wp-content\\\/uploads\\\/345262-scaled.jpg\",\"datePublished\":\"2022-08-23T13:56:03+00:00\",\"dateModified\":\"2025-07-29T08:27:10+00:00\",\"breadcrumb\":{\"@id\":\"https:\\\/\\\/hundtgroup.com\\\/fr\\\/produkt\\\/chanfreineuse-trutool-tka-1500-avec-outil-a-45\\\/#breadcrumb\"},\"inLanguage\":\"fr-FR\",\"potentialAction\":[{\"@type\":\"ReadAction\",\"target\":[\"https:\\\/\\\/hundtgroup.com\\\/fr\\\/produkt\\\/chanfreineuse-trutool-tka-1500-avec-outil-a-45\\\/\"]}]},{\"@type\":\"ImageObject\",\"inLanguage\":\"fr-FR\",\"@id\":\"https:\\\/\\\/hundtgroup.com\\\/fr\\\/produkt\\\/chanfreineuse-trutool-tka-1500-avec-outil-a-45\\\/#primaryimage\",\"url\":\"https:\\\/\\\/hundtgroup.com\\\/wp-content\\\/uploads\\\/345262-scaled.jpg\",\"contentUrl\":\"https:\\\/\\\/hundtgroup.com\\\/wp-content\\\/uploads\\\/345262-scaled.jpg\",\"width\":2560,\"height\":1463},{\"@type\":\"BreadcrumbList\",\"@id\":\"https:\\\/\\\/hundtgroup.com\\\/fr\\\/produkt\\\/chanfreineuse-trutool-tka-1500-avec-outil-a-45\\\/#breadcrumb\",\"itemListElement\":[{\"@type\":\"ListItem\",\"position\":1,\"name\":\"Startseite\",\"item\":\"https:\\\/\\\/hundtgroup.com\\\/fr\\\/accueil-nouveau\\\/\"},{\"@type\":\"ListItem\",\"position\":2,\"name\":\"Boutique\",\"item\":\"https:\\\/\\\/hundtgroup.com\\\/boutique\\\/\"},{\"@type\":\"ListItem\",\"position\":3,\"name\":\"Chanfreineuse TruTool TKA 1500 avec outil \u00e0 45\"}]},{\"@type\":\"WebSite\",\"@id\":\"https:\\\/\\\/hundtgroup.com\\\/fr\\\/#website\",\"url\":\"https:\\\/\\\/hundtgroup.com\\\/fr\\\/\",\"name\":\"Wilhelm Hundt GmbH\",\"description\":\"Votre sp\u00e9cialiste en machines et outils pour le travail de la t\u00f4le\",\"potentialAction\":[{\"@type\":\"SearchAction\",\"target\":{\"@type\":\"EntryPoint\",\"urlTemplate\":\"https:\\\/\\\/hundtgroup.com\\\/fr\\\/?s={search_term_string}\"},\"query-input\":{\"@type\":\"PropertyValueSpecification\",\"valueRequired\":true,\"valueName\":\"search_term_string\"}}],\"inLanguage\":\"fr-FR\"}]}<\/script>\n<!-- \/ Yoast SEO plugin. -->","yoast_head_json":{"title":"Chanfreineuse TruTool TKA 1500 avec outil \u00e0 45 - Wilhelm Hundt GmbH","robots":{"index":"index","follow":"follow","max-snippet":"max-snippet:-1","max-image-preview":"max-image-preview:large","max-video-preview":"max-video-preview:-1"},"canonical":"https:\/\/hundtgroup.com\/fr\/produkt\/chanfreineuse-trutool-tka-1500-avec-outil-a-45\/","og_locale":"fr_FR","og_type":"article","og_title":"Chanfreineuse TruTool TKA 1500 avec outil \u00e0 45 - Wilhelm Hundt GmbH","og_description":"Le TruTool TKA 1500 robuste r\u00e9alise des longueurs de chanfrein pr\u00e9cises jusqu&rsquo;\u00e0 15 mm dans des positions angulaires de 30\u00b0, 45\u00b0 et 60\u00b0. Vous fixez la longueur de chanfrein souhait\u00e9e en continu et sans outil. Vous obtenez imm\u00e9diatement des ar\u00eates de grande qualit\u00e9 et r\u00e9p\u00e9titives sans retouche. Avec la TruTool TKA 1500, vous r\u00e9alisez des [&hellip;]","og_url":"https:\/\/hundtgroup.com\/fr\/produkt\/chanfreineuse-trutool-tka-1500-avec-outil-a-45\/","og_site_name":"Wilhelm Hundt GmbH","article_modified_time":"2025-07-29T08:27:10+00:00","og_image":[{"width":2560,"height":1463,"url":"https:\/\/hundtgroup.com\/wp-content\/uploads\/345262-scaled.jpg","type":"image\/jpeg"}],"twitter_card":"summary_large_image","twitter_misc":{"Dur\u00e9e de lecture estim\u00e9e":"1 minute"},"schema":{"@context":"https:\/\/schema.org","@graph":[{"@type":"WebPage","@id":"https:\/\/hundtgroup.com\/fr\/produkt\/chanfreineuse-trutool-tka-1500-avec-outil-a-45\/","url":"https:\/\/hundtgroup.com\/fr\/produkt\/chanfreineuse-trutool-tka-1500-avec-outil-a-45\/","name":"Chanfreineuse TruTool TKA 1500 avec outil \u00e0 45 - Wilhelm Hundt GmbH","isPartOf":{"@id":"https:\/\/hundtgroup.com\/fr\/#website"},"primaryImageOfPage":{"@id":"https:\/\/hundtgroup.com\/fr\/produkt\/chanfreineuse-trutool-tka-1500-avec-outil-a-45\/#primaryimage"},"image":{"@id":"https:\/\/hundtgroup.com\/fr\/produkt\/chanfreineuse-trutool-tka-1500-avec-outil-a-45\/#primaryimage"},"thumbnailUrl":"https:\/\/hundtgroup.com\/wp-content\/uploads\/345262-scaled.jpg","datePublished":"2022-08-23T13:56:03+00:00","dateModified":"2025-07-29T08:27:10+00:00","breadcrumb":{"@id":"https:\/\/hundtgroup.com\/fr\/produkt\/chanfreineuse-trutool-tka-1500-avec-outil-a-45\/#breadcrumb"},"inLanguage":"fr-FR","potentialAction":[{"@type":"ReadAction","target":["https:\/\/hundtgroup.com\/fr\/produkt\/chanfreineuse-trutool-tka-1500-avec-outil-a-45\/"]}]},{"@type":"ImageObject","inLanguage":"fr-FR","@id":"https:\/\/hundtgroup.com\/fr\/produkt\/chanfreineuse-trutool-tka-1500-avec-outil-a-45\/#primaryimage","url":"https:\/\/hundtgroup.com\/wp-content\/uploads\/345262-scaled.jpg","contentUrl":"https:\/\/hundtgroup.com\/wp-content\/uploads\/345262-scaled.jpg","width":2560,"height":1463},{"@type":"BreadcrumbList","@id":"https:\/\/hundtgroup.com\/fr\/produkt\/chanfreineuse-trutool-tka-1500-avec-outil-a-45\/#breadcrumb","itemListElement":[{"@type":"ListItem","position":1,"name":"Startseite","item":"https:\/\/hundtgroup.com\/fr\/accueil-nouveau\/"},{"@type":"ListItem","position":2,"name":"Boutique","item":"https:\/\/hundtgroup.com\/boutique\/"},{"@type":"ListItem","position":3,"name":"Chanfreineuse TruTool TKA 1500 avec outil \u00e0 45"}]},{"@type":"WebSite","@id":"https:\/\/hundtgroup.com\/fr\/#website","url":"https:\/\/hundtgroup.com\/fr\/","name":"Wilhelm Hundt GmbH","description":"Votre sp\u00e9cialiste en machines et outils pour le travail de la t\u00f4le","potentialAction":[{"@type":"SearchAction","target":{"@type":"EntryPoint","urlTemplate":"https:\/\/hundtgroup.com\/fr\/?s={search_term_string}"},"query-input":{"@type":"PropertyValueSpecification","valueRequired":true,"valueName":"search_term_string"}}],"inLanguage":"fr-FR"}]}},"_links":{"self":[{"href":"https:\/\/hundtgroup.com\/fr\/wp-json\/wp\/v2\/product\/35965","targetHints":{"allow":["GET"]}}],"collection":[{"href":"https:\/\/hundtgroup.com\/fr\/wp-json\/wp\/v2\/product"}],"about":[{"href":"https:\/\/hundtgroup.com\/fr\/wp-json\/wp\/v2\/types\/product"}],"wp:featuredmedia":[{"embeddable":true,"href":"https:\/\/hundtgroup.com\/fr\/wp-json\/wp\/v2\/media\/33612"}],"wp:attachment":[{"href":"https:\/\/hundtgroup.com\/fr\/wp-json\/wp\/v2\/media?parent=35965"}],"wp:term":[{"taxonomy":"product_cat","embeddable":true,"href":"https:\/\/hundtgroup.com\/fr\/wp-json\/wp\/v2\/product_cat?post=35965"},{"taxonomy":"product_tag","embeddable":true,"href":"https:\/\/hundtgroup.com\/fr\/wp-json\/wp\/v2\/product_tag?post=35965"}],"curies":[{"name":"wp","href":"https:\/\/api.w.org\/{rel}","templated":true}]}}