{"id":35974,"date":"2022-08-23T15:56:29","date_gmt":"2022-08-23T13:56:29","guid":{"rendered":"https:\/\/hundtgroup.com\/produkt\/nettoyeur-de-baguettes-de-recouvrement-trutool-tsc-100\/"},"modified":"2025-07-29T10:17:11","modified_gmt":"2025-07-29T08:17:11","slug":"nettoyeur-de-baguettes-de-recouvrement-trutool-tsc-100","status":"publish","type":"product","link":"https:\/\/hundtgroup.com\/fr\/produkt\/nettoyeur-de-baguettes-de-recouvrement-trutool-tsc-100\/","title":{"rendered":"Nettoyeur de baguettes de recouvrement TruTool TSC 100"},"content":{"rendered":"<p>Le TruTool TSC 100 vous permet de nettoyer rapidement et sans effort vos baguettes d&rsquo;appui. Cela garantit une fabrication fiable et de haute qualit\u00e9 des pi\u00e8ces d\u00e9coup\u00e9es au laser. Il n&rsquo;est pas n\u00e9cessaire de d\u00e9monter les tasseaux pour les nettoyer. C&rsquo;est pratique et vous fait gagner du temps. La dur\u00e9e de nettoyage d&rsquo;une palette compl\u00e8te de dimensions standard (1500 mm x 3000 mm) est d&rsquo;environ 30 minutes.    <\/p>\n","protected":false},"excerpt":{"rendered":"<p>Le TruTool TSC 100 vous permet de nettoyer rapidement et sans effort vos baguettes d&rsquo;appui. Cela garantit une fabrication fiable et de haute qualit\u00e9 des pi\u00e8ces d\u00e9coup\u00e9es au laser. Il n&rsquo;est pas n\u00e9cessaire de d\u00e9monter les tasseaux pour les nettoyer. C&rsquo;est pratique et vous fait gagner du temps. La dur\u00e9e de nettoyage d&rsquo;une palette compl\u00e8te [&hellip;]<\/p>\n","protected":false},"featured_media":32672,"template":"","meta":{"_acf_changed":false,"inline_featured_image":false},"product_cat":[670,1259],"product_tag":[],"class_list":{"0":"post-35974","1":"product","2":"type-product","3":"status-publish","4":"has-post-thumbnail","6":"brand-trumpf","7":"product_cat-outils-electriques","8":"product_cat-outils-speciaux","10":"first","11":"instock","12":"sale","13":"taxable","14":"shipping-taxable","15":"purchasable","16":"product-type-simple","17":"add-to-wishlist-before_image"},"acf":[],"yoast_head":"<!-- This site is optimized with the Yoast SEO plugin v27.3 - https:\/\/yoast.com\/product\/yoast-seo-wordpress\/ -->\n<title>Nettoyeur de baguettes de recouvrement TruTool TSC 100 - Wilhelm Hundt GmbH<\/title>\n<meta name=\"robots\" content=\"index, follow, max-snippet:-1, max-image-preview:large, max-video-preview:-1\" \/>\n<link rel=\"canonical\" href=\"https:\/\/hundtgroup.com\/fr\/produkt\/nettoyeur-de-baguettes-de-recouvrement-trutool-tsc-100\/\" \/>\n<meta property=\"og:locale\" content=\"fr_FR\" \/>\n<meta property=\"og:type\" content=\"article\" \/>\n<meta property=\"og:title\" content=\"Nettoyeur de baguettes de recouvrement TruTool TSC 100 - Wilhelm Hundt GmbH\" \/>\n<meta property=\"og:description\" content=\"Le TruTool TSC 100 vous permet de nettoyer rapidement et sans effort vos baguettes d&rsquo;appui. Cela garantit une fabrication fiable et de haute qualit\u00e9 des pi\u00e8ces d\u00e9coup\u00e9es au laser. Il n&rsquo;est pas n\u00e9cessaire de d\u00e9monter les tasseaux pour les nettoyer. C&rsquo;est pratique et vous fait gagner du temps. La dur\u00e9e de nettoyage d&rsquo;une palette compl\u00e8te [&hellip;]\" \/>\n<meta property=\"og:url\" content=\"https:\/\/hundtgroup.com\/fr\/produkt\/nettoyeur-de-baguettes-de-recouvrement-trutool-tsc-100\/\" \/>\n<meta property=\"og:site_name\" content=\"Wilhelm Hundt GmbH\" \/>\n<meta property=\"article:modified_time\" content=\"2025-07-29T08:17:11+00:00\" \/>\n<meta property=\"og:image\" content=\"https:\/\/hundtgroup.com\/wp-content\/uploads\/hundt_produkt_trumpf_auflagenleisten-reiniger-TruTool-TSC-100.jpg\" \/>\n\t<meta property=\"og:image:width\" content=\"680\" \/>\n\t<meta property=\"og:image:height\" content=\"580\" \/>\n\t<meta property=\"og:image:type\" content=\"image\/jpeg\" \/>\n<meta name=\"twitter:card\" content=\"summary_large_image\" \/>\n<script type=\"application\/ld+json\" class=\"yoast-schema-graph\">{\"@context\":\"https:\\\/\\\/schema.org\",\"@graph\":[{\"@type\":\"WebPage\",\"@id\":\"https:\\\/\\\/hundtgroup.com\\\/fr\\\/produkt\\\/nettoyeur-de-baguettes-de-recouvrement-trutool-tsc-100\\\/\",\"url\":\"https:\\\/\\\/hundtgroup.com\\\/fr\\\/produkt\\\/nettoyeur-de-baguettes-de-recouvrement-trutool-tsc-100\\\/\",\"name\":\"Nettoyeur de baguettes de recouvrement TruTool TSC 100 - Wilhelm Hundt GmbH\",\"isPartOf\":{\"@id\":\"https:\\\/\\\/hundtgroup.com\\\/fr\\\/#website\"},\"primaryImageOfPage\":{\"@id\":\"https:\\\/\\\/hundtgroup.com\\\/fr\\\/produkt\\\/nettoyeur-de-baguettes-de-recouvrement-trutool-tsc-100\\\/#primaryimage\"},\"image\":{\"@id\":\"https:\\\/\\\/hundtgroup.com\\\/fr\\\/produkt\\\/nettoyeur-de-baguettes-de-recouvrement-trutool-tsc-100\\\/#primaryimage\"},\"thumbnailUrl\":\"https:\\\/\\\/hundtgroup.com\\\/wp-content\\\/uploads\\\/hundt_produkt_trumpf_auflagenleisten-reiniger-TruTool-TSC-100.jpg\",\"datePublished\":\"2022-08-23T13:56:29+00:00\",\"dateModified\":\"2025-07-29T08:17:11+00:00\",\"breadcrumb\":{\"@id\":\"https:\\\/\\\/hundtgroup.com\\\/fr\\\/produkt\\\/nettoyeur-de-baguettes-de-recouvrement-trutool-tsc-100\\\/#breadcrumb\"},\"inLanguage\":\"fr-FR\",\"potentialAction\":[{\"@type\":\"ReadAction\",\"target\":[\"https:\\\/\\\/hundtgroup.com\\\/fr\\\/produkt\\\/nettoyeur-de-baguettes-de-recouvrement-trutool-tsc-100\\\/\"]}]},{\"@type\":\"ImageObject\",\"inLanguage\":\"fr-FR\",\"@id\":\"https:\\\/\\\/hundtgroup.com\\\/fr\\\/produkt\\\/nettoyeur-de-baguettes-de-recouvrement-trutool-tsc-100\\\/#primaryimage\",\"url\":\"https:\\\/\\\/hundtgroup.com\\\/wp-content\\\/uploads\\\/hundt_produkt_trumpf_auflagenleisten-reiniger-TruTool-TSC-100.jpg\",\"contentUrl\":\"https:\\\/\\\/hundtgroup.com\\\/wp-content\\\/uploads\\\/hundt_produkt_trumpf_auflagenleisten-reiniger-TruTool-TSC-100.jpg\",\"width\":680,\"height\":580},{\"@type\":\"BreadcrumbList\",\"@id\":\"https:\\\/\\\/hundtgroup.com\\\/fr\\\/produkt\\\/nettoyeur-de-baguettes-de-recouvrement-trutool-tsc-100\\\/#breadcrumb\",\"itemListElement\":[{\"@type\":\"ListItem\",\"position\":1,\"name\":\"Startseite\",\"item\":\"https:\\\/\\\/hundtgroup.com\\\/fr\\\/accueil-nouveau\\\/\"},{\"@type\":\"ListItem\",\"position\":2,\"name\":\"Boutique\",\"item\":\"https:\\\/\\\/hundtgroup.com\\\/boutique\\\/\"},{\"@type\":\"ListItem\",\"position\":3,\"name\":\"Nettoyeur de baguettes de recouvrement TruTool TSC 100\"}]},{\"@type\":\"WebSite\",\"@id\":\"https:\\\/\\\/hundtgroup.com\\\/fr\\\/#website\",\"url\":\"https:\\\/\\\/hundtgroup.com\\\/fr\\\/\",\"name\":\"Wilhelm Hundt GmbH\",\"description\":\"Votre sp\u00e9cialiste en machines et outils pour le travail de la t\u00f4le\",\"potentialAction\":[{\"@type\":\"SearchAction\",\"target\":{\"@type\":\"EntryPoint\",\"urlTemplate\":\"https:\\\/\\\/hundtgroup.com\\\/fr\\\/?s={search_term_string}\"},\"query-input\":{\"@type\":\"PropertyValueSpecification\",\"valueRequired\":true,\"valueName\":\"search_term_string\"}}],\"inLanguage\":\"fr-FR\"}]}<\/script>\n<!-- \/ Yoast SEO plugin. -->","yoast_head_json":{"title":"Nettoyeur de baguettes de recouvrement TruTool TSC 100 - Wilhelm Hundt GmbH","robots":{"index":"index","follow":"follow","max-snippet":"max-snippet:-1","max-image-preview":"max-image-preview:large","max-video-preview":"max-video-preview:-1"},"canonical":"https:\/\/hundtgroup.com\/fr\/produkt\/nettoyeur-de-baguettes-de-recouvrement-trutool-tsc-100\/","og_locale":"fr_FR","og_type":"article","og_title":"Nettoyeur de baguettes de recouvrement TruTool TSC 100 - Wilhelm Hundt GmbH","og_description":"Le TruTool TSC 100 vous permet de nettoyer rapidement et sans effort vos baguettes d&rsquo;appui. Cela garantit une fabrication fiable et de haute qualit\u00e9 des pi\u00e8ces d\u00e9coup\u00e9es au laser. Il n&rsquo;est pas n\u00e9cessaire de d\u00e9monter les tasseaux pour les nettoyer. C&rsquo;est pratique et vous fait gagner du temps. La dur\u00e9e de nettoyage d&rsquo;une palette compl\u00e8te [&hellip;]","og_url":"https:\/\/hundtgroup.com\/fr\/produkt\/nettoyeur-de-baguettes-de-recouvrement-trutool-tsc-100\/","og_site_name":"Wilhelm Hundt GmbH","article_modified_time":"2025-07-29T08:17:11+00:00","og_image":[{"width":680,"height":580,"url":"https:\/\/hundtgroup.com\/wp-content\/uploads\/hundt_produkt_trumpf_auflagenleisten-reiniger-TruTool-TSC-100.jpg","type":"image\/jpeg"}],"twitter_card":"summary_large_image","schema":{"@context":"https:\/\/schema.org","@graph":[{"@type":"WebPage","@id":"https:\/\/hundtgroup.com\/fr\/produkt\/nettoyeur-de-baguettes-de-recouvrement-trutool-tsc-100\/","url":"https:\/\/hundtgroup.com\/fr\/produkt\/nettoyeur-de-baguettes-de-recouvrement-trutool-tsc-100\/","name":"Nettoyeur de baguettes de recouvrement TruTool TSC 100 - Wilhelm Hundt GmbH","isPartOf":{"@id":"https:\/\/hundtgroup.com\/fr\/#website"},"primaryImageOfPage":{"@id":"https:\/\/hundtgroup.com\/fr\/produkt\/nettoyeur-de-baguettes-de-recouvrement-trutool-tsc-100\/#primaryimage"},"image":{"@id":"https:\/\/hundtgroup.com\/fr\/produkt\/nettoyeur-de-baguettes-de-recouvrement-trutool-tsc-100\/#primaryimage"},"thumbnailUrl":"https:\/\/hundtgroup.com\/wp-content\/uploads\/hundt_produkt_trumpf_auflagenleisten-reiniger-TruTool-TSC-100.jpg","datePublished":"2022-08-23T13:56:29+00:00","dateModified":"2025-07-29T08:17:11+00:00","breadcrumb":{"@id":"https:\/\/hundtgroup.com\/fr\/produkt\/nettoyeur-de-baguettes-de-recouvrement-trutool-tsc-100\/#breadcrumb"},"inLanguage":"fr-FR","potentialAction":[{"@type":"ReadAction","target":["https:\/\/hundtgroup.com\/fr\/produkt\/nettoyeur-de-baguettes-de-recouvrement-trutool-tsc-100\/"]}]},{"@type":"ImageObject","inLanguage":"fr-FR","@id":"https:\/\/hundtgroup.com\/fr\/produkt\/nettoyeur-de-baguettes-de-recouvrement-trutool-tsc-100\/#primaryimage","url":"https:\/\/hundtgroup.com\/wp-content\/uploads\/hundt_produkt_trumpf_auflagenleisten-reiniger-TruTool-TSC-100.jpg","contentUrl":"https:\/\/hundtgroup.com\/wp-content\/uploads\/hundt_produkt_trumpf_auflagenleisten-reiniger-TruTool-TSC-100.jpg","width":680,"height":580},{"@type":"BreadcrumbList","@id":"https:\/\/hundtgroup.com\/fr\/produkt\/nettoyeur-de-baguettes-de-recouvrement-trutool-tsc-100\/#breadcrumb","itemListElement":[{"@type":"ListItem","position":1,"name":"Startseite","item":"https:\/\/hundtgroup.com\/fr\/accueil-nouveau\/"},{"@type":"ListItem","position":2,"name":"Boutique","item":"https:\/\/hundtgroup.com\/boutique\/"},{"@type":"ListItem","position":3,"name":"Nettoyeur de baguettes de recouvrement TruTool TSC 100"}]},{"@type":"WebSite","@id":"https:\/\/hundtgroup.com\/fr\/#website","url":"https:\/\/hundtgroup.com\/fr\/","name":"Wilhelm Hundt GmbH","description":"Votre sp\u00e9cialiste en machines et outils pour le travail de la t\u00f4le","potentialAction":[{"@type":"SearchAction","target":{"@type":"EntryPoint","urlTemplate":"https:\/\/hundtgroup.com\/fr\/?s={search_term_string}"},"query-input":{"@type":"PropertyValueSpecification","valueRequired":true,"valueName":"search_term_string"}}],"inLanguage":"fr-FR"}]}},"_links":{"self":[{"href":"https:\/\/hundtgroup.com\/fr\/wp-json\/wp\/v2\/product\/35974","targetHints":{"allow":["GET"]}}],"collection":[{"href":"https:\/\/hundtgroup.com\/fr\/wp-json\/wp\/v2\/product"}],"about":[{"href":"https:\/\/hundtgroup.com\/fr\/wp-json\/wp\/v2\/types\/product"}],"wp:featuredmedia":[{"embeddable":true,"href":"https:\/\/hundtgroup.com\/fr\/wp-json\/wp\/v2\/media\/32672"}],"wp:attachment":[{"href":"https:\/\/hundtgroup.com\/fr\/wp-json\/wp\/v2\/media?parent=35974"}],"wp:term":[{"taxonomy":"product_cat","embeddable":true,"href":"https:\/\/hundtgroup.com\/fr\/wp-json\/wp\/v2\/product_cat?post=35974"},{"taxonomy":"product_tag","embeddable":true,"href":"https:\/\/hundtgroup.com\/fr\/wp-json\/wp\/v2\/product_tag?post=35974"}],"curies":[{"name":"wp","href":"https:\/\/api.w.org\/{rel}","templated":true}]}}