{"id":35984,"date":"2022-08-23T15:56:03","date_gmt":"2022-08-23T13:56:03","guid":{"rendered":"https:\/\/hundtgroup.com\/produkt\/trumpf-panel-cutter-trutool-tpc-165\/"},"modified":"2025-07-29T10:20:19","modified_gmt":"2025-07-29T08:20:19","slug":"trumpf-panel-cutter-trutool-tpc-165","status":"publish","type":"product","link":"https:\/\/hundtgroup.com\/fr\/produkt\/trumpf-panel-cutter-trutool-tpc-165\/","title":{"rendered":"TRUMPF Panel Cutter TruTool TPC 165"},"content":{"rendered":"<p>Le nouveau Panel Cutter de TRUMPF permet de d\u00e9couper proprement et en une seule op\u00e9ration des panneaux sandwich (panneaux sandwich en polyur\u00e9thane et polyisocyanurate) jusqu&rsquo;\u00e0 une \u00e9paisseur de 165 mm, sans aucune retouche.<br \/>\nEt ce, que la surface des panneaux soit plane, trap\u00e9zo\u00efdale ou ondul\u00e9e.<br \/>\nLes domaines d&rsquo;application de la machine sont multiples et vont du tron\u00e7onnage aux d\u00e9coupes \u00e0 angle droit, en passant par les d\u00e9coupes int\u00e9rieures et les encoches.<br \/>\nM\u00eame les panneaux d\u00e9j\u00e0 mont\u00e9s peuvent \u00eatre d\u00e9coup\u00e9s facilement et avec pr\u00e9cision avec la nouvelle TruTool TPC 165<br \/>\nLe m\u00e9canisme de plong\u00e9e permet de r\u00e9aliser des d\u00e9coupes int\u00e9rieures et des encoches sans per\u00e7age de trou de d\u00e9part.<\/p>\n","protected":false},"excerpt":{"rendered":"<p>Le nouveau Panel Cutter de TRUMPF permet de d\u00e9couper proprement et en une seule op\u00e9ration des panneaux sandwich (panneaux sandwich en polyur\u00e9thane et polyisocyanurate) jusqu&rsquo;\u00e0 une \u00e9paisseur de 165 mm, sans aucune retouche. Et ce, que la surface des panneaux soit plane, trap\u00e9zo\u00efdale ou ondul\u00e9e. Les domaines d&rsquo;application de la machine sont multiples et vont [&hellip;]<\/p>\n","protected":false},"featured_media":33626,"template":"","meta":{"_acf_changed":false,"inline_featured_image":false},"product_cat":[670,1253],"product_tag":[],"class_list":{"0":"post-35984","1":"product","2":"type-product","3":"status-publish","4":"has-post-thumbnail","6":"brand-trumpf","7":"product_cat-outils-electriques","8":"product_cat-tronconneuse","10":"first","11":"instock","12":"sale","13":"taxable","14":"shipping-taxable","15":"purchasable","16":"product-type-simple","17":"add-to-wishlist-before_image"},"acf":[],"yoast_head":"<!-- This site is optimized with the Yoast SEO plugin v27.3 - https:\/\/yoast.com\/product\/yoast-seo-wordpress\/ -->\n<title>TRUMPF Panel Cutter TruTool TPC 165 - Wilhelm Hundt GmbH<\/title>\n<meta name=\"robots\" content=\"index, follow, max-snippet:-1, max-image-preview:large, max-video-preview:-1\" \/>\n<link rel=\"canonical\" href=\"https:\/\/hundtgroup.com\/fr\/produkt\/trumpf-panel-cutter-trutool-tpc-165\/\" \/>\n<meta property=\"og:locale\" content=\"fr_FR\" \/>\n<meta property=\"og:type\" content=\"article\" \/>\n<meta property=\"og:title\" content=\"TRUMPF Panel Cutter TruTool TPC 165 - Wilhelm Hundt GmbH\" \/>\n<meta property=\"og:description\" content=\"Le nouveau Panel Cutter de TRUMPF permet de d\u00e9couper proprement et en une seule op\u00e9ration des panneaux sandwich (panneaux sandwich en polyur\u00e9thane et polyisocyanurate) jusqu&rsquo;\u00e0 une \u00e9paisseur de 165 mm, sans aucune retouche. Et ce, que la surface des panneaux soit plane, trap\u00e9zo\u00efdale ou ondul\u00e9e. Les domaines d&rsquo;application de la machine sont multiples et vont [&hellip;]\" \/>\n<meta property=\"og:url\" content=\"https:\/\/hundtgroup.com\/fr\/produkt\/trumpf-panel-cutter-trutool-tpc-165\/\" \/>\n<meta property=\"og:site_name\" content=\"Wilhelm Hundt GmbH\" \/>\n<meta property=\"article:modified_time\" content=\"2025-07-29T08:20:19+00:00\" \/>\n<meta property=\"og:image\" content=\"https:\/\/hundtgroup.com\/wp-content\/uploads\/351006-scaled.jpg\" \/>\n\t<meta property=\"og:image:width\" content=\"2560\" \/>\n\t<meta property=\"og:image:height\" content=\"1396\" \/>\n\t<meta property=\"og:image:type\" content=\"image\/jpeg\" \/>\n<meta name=\"twitter:card\" content=\"summary_large_image\" \/>\n<meta name=\"twitter:label1\" content=\"Dur\u00e9e de lecture estim\u00e9e\" \/>\n\t<meta name=\"twitter:data1\" content=\"1 minute\" \/>\n<script type=\"application\/ld+json\" class=\"yoast-schema-graph\">{\"@context\":\"https:\\\/\\\/schema.org\",\"@graph\":[{\"@type\":\"WebPage\",\"@id\":\"https:\\\/\\\/hundtgroup.com\\\/fr\\\/produkt\\\/trumpf-panel-cutter-trutool-tpc-165\\\/\",\"url\":\"https:\\\/\\\/hundtgroup.com\\\/fr\\\/produkt\\\/trumpf-panel-cutter-trutool-tpc-165\\\/\",\"name\":\"TRUMPF Panel Cutter TruTool TPC 165 - Wilhelm Hundt GmbH\",\"isPartOf\":{\"@id\":\"https:\\\/\\\/hundtgroup.com\\\/fr\\\/#website\"},\"primaryImageOfPage\":{\"@id\":\"https:\\\/\\\/hundtgroup.com\\\/fr\\\/produkt\\\/trumpf-panel-cutter-trutool-tpc-165\\\/#primaryimage\"},\"image\":{\"@id\":\"https:\\\/\\\/hundtgroup.com\\\/fr\\\/produkt\\\/trumpf-panel-cutter-trutool-tpc-165\\\/#primaryimage\"},\"thumbnailUrl\":\"https:\\\/\\\/hundtgroup.com\\\/wp-content\\\/uploads\\\/351006-scaled.jpg\",\"datePublished\":\"2022-08-23T13:56:03+00:00\",\"dateModified\":\"2025-07-29T08:20:19+00:00\",\"breadcrumb\":{\"@id\":\"https:\\\/\\\/hundtgroup.com\\\/fr\\\/produkt\\\/trumpf-panel-cutter-trutool-tpc-165\\\/#breadcrumb\"},\"inLanguage\":\"fr-FR\",\"potentialAction\":[{\"@type\":\"ReadAction\",\"target\":[\"https:\\\/\\\/hundtgroup.com\\\/fr\\\/produkt\\\/trumpf-panel-cutter-trutool-tpc-165\\\/\"]}]},{\"@type\":\"ImageObject\",\"inLanguage\":\"fr-FR\",\"@id\":\"https:\\\/\\\/hundtgroup.com\\\/fr\\\/produkt\\\/trumpf-panel-cutter-trutool-tpc-165\\\/#primaryimage\",\"url\":\"https:\\\/\\\/hundtgroup.com\\\/wp-content\\\/uploads\\\/351006-scaled.jpg\",\"contentUrl\":\"https:\\\/\\\/hundtgroup.com\\\/wp-content\\\/uploads\\\/351006-scaled.jpg\",\"width\":2560,\"height\":1396},{\"@type\":\"BreadcrumbList\",\"@id\":\"https:\\\/\\\/hundtgroup.com\\\/fr\\\/produkt\\\/trumpf-panel-cutter-trutool-tpc-165\\\/#breadcrumb\",\"itemListElement\":[{\"@type\":\"ListItem\",\"position\":1,\"name\":\"Startseite\",\"item\":\"https:\\\/\\\/hundtgroup.com\\\/fr\\\/accueil-nouveau\\\/\"},{\"@type\":\"ListItem\",\"position\":2,\"name\":\"Boutique\",\"item\":\"https:\\\/\\\/hundtgroup.com\\\/boutique\\\/\"},{\"@type\":\"ListItem\",\"position\":3,\"name\":\"TRUMPF Panel Cutter TruTool TPC 165\"}]},{\"@type\":\"WebSite\",\"@id\":\"https:\\\/\\\/hundtgroup.com\\\/fr\\\/#website\",\"url\":\"https:\\\/\\\/hundtgroup.com\\\/fr\\\/\",\"name\":\"Wilhelm Hundt GmbH\",\"description\":\"Votre sp\u00e9cialiste en machines et outils pour le travail de la t\u00f4le\",\"potentialAction\":[{\"@type\":\"SearchAction\",\"target\":{\"@type\":\"EntryPoint\",\"urlTemplate\":\"https:\\\/\\\/hundtgroup.com\\\/fr\\\/?s={search_term_string}\"},\"query-input\":{\"@type\":\"PropertyValueSpecification\",\"valueRequired\":true,\"valueName\":\"search_term_string\"}}],\"inLanguage\":\"fr-FR\"}]}<\/script>\n<!-- \/ Yoast SEO plugin. -->","yoast_head_json":{"title":"TRUMPF Panel Cutter TruTool TPC 165 - Wilhelm Hundt GmbH","robots":{"index":"index","follow":"follow","max-snippet":"max-snippet:-1","max-image-preview":"max-image-preview:large","max-video-preview":"max-video-preview:-1"},"canonical":"https:\/\/hundtgroup.com\/fr\/produkt\/trumpf-panel-cutter-trutool-tpc-165\/","og_locale":"fr_FR","og_type":"article","og_title":"TRUMPF Panel Cutter TruTool TPC 165 - Wilhelm Hundt GmbH","og_description":"Le nouveau Panel Cutter de TRUMPF permet de d\u00e9couper proprement et en une seule op\u00e9ration des panneaux sandwich (panneaux sandwich en polyur\u00e9thane et polyisocyanurate) jusqu&rsquo;\u00e0 une \u00e9paisseur de 165 mm, sans aucune retouche. Et ce, que la surface des panneaux soit plane, trap\u00e9zo\u00efdale ou ondul\u00e9e. Les domaines d&rsquo;application de la machine sont multiples et vont [&hellip;]","og_url":"https:\/\/hundtgroup.com\/fr\/produkt\/trumpf-panel-cutter-trutool-tpc-165\/","og_site_name":"Wilhelm Hundt GmbH","article_modified_time":"2025-07-29T08:20:19+00:00","og_image":[{"width":2560,"height":1396,"url":"https:\/\/hundtgroup.com\/wp-content\/uploads\/351006-scaled.jpg","type":"image\/jpeg"}],"twitter_card":"summary_large_image","twitter_misc":{"Dur\u00e9e de lecture estim\u00e9e":"1 minute"},"schema":{"@context":"https:\/\/schema.org","@graph":[{"@type":"WebPage","@id":"https:\/\/hundtgroup.com\/fr\/produkt\/trumpf-panel-cutter-trutool-tpc-165\/","url":"https:\/\/hundtgroup.com\/fr\/produkt\/trumpf-panel-cutter-trutool-tpc-165\/","name":"TRUMPF Panel Cutter TruTool TPC 165 - Wilhelm Hundt GmbH","isPartOf":{"@id":"https:\/\/hundtgroup.com\/fr\/#website"},"primaryImageOfPage":{"@id":"https:\/\/hundtgroup.com\/fr\/produkt\/trumpf-panel-cutter-trutool-tpc-165\/#primaryimage"},"image":{"@id":"https:\/\/hundtgroup.com\/fr\/produkt\/trumpf-panel-cutter-trutool-tpc-165\/#primaryimage"},"thumbnailUrl":"https:\/\/hundtgroup.com\/wp-content\/uploads\/351006-scaled.jpg","datePublished":"2022-08-23T13:56:03+00:00","dateModified":"2025-07-29T08:20:19+00:00","breadcrumb":{"@id":"https:\/\/hundtgroup.com\/fr\/produkt\/trumpf-panel-cutter-trutool-tpc-165\/#breadcrumb"},"inLanguage":"fr-FR","potentialAction":[{"@type":"ReadAction","target":["https:\/\/hundtgroup.com\/fr\/produkt\/trumpf-panel-cutter-trutool-tpc-165\/"]}]},{"@type":"ImageObject","inLanguage":"fr-FR","@id":"https:\/\/hundtgroup.com\/fr\/produkt\/trumpf-panel-cutter-trutool-tpc-165\/#primaryimage","url":"https:\/\/hundtgroup.com\/wp-content\/uploads\/351006-scaled.jpg","contentUrl":"https:\/\/hundtgroup.com\/wp-content\/uploads\/351006-scaled.jpg","width":2560,"height":1396},{"@type":"BreadcrumbList","@id":"https:\/\/hundtgroup.com\/fr\/produkt\/trumpf-panel-cutter-trutool-tpc-165\/#breadcrumb","itemListElement":[{"@type":"ListItem","position":1,"name":"Startseite","item":"https:\/\/hundtgroup.com\/fr\/accueil-nouveau\/"},{"@type":"ListItem","position":2,"name":"Boutique","item":"https:\/\/hundtgroup.com\/boutique\/"},{"@type":"ListItem","position":3,"name":"TRUMPF Panel Cutter TruTool TPC 165"}]},{"@type":"WebSite","@id":"https:\/\/hundtgroup.com\/fr\/#website","url":"https:\/\/hundtgroup.com\/fr\/","name":"Wilhelm Hundt GmbH","description":"Votre sp\u00e9cialiste en machines et outils pour le travail de la t\u00f4le","potentialAction":[{"@type":"SearchAction","target":{"@type":"EntryPoint","urlTemplate":"https:\/\/hundtgroup.com\/fr\/?s={search_term_string}"},"query-input":{"@type":"PropertyValueSpecification","valueRequired":true,"valueName":"search_term_string"}}],"inLanguage":"fr-FR"}]}},"_links":{"self":[{"href":"https:\/\/hundtgroup.com\/fr\/wp-json\/wp\/v2\/product\/35984","targetHints":{"allow":["GET"]}}],"collection":[{"href":"https:\/\/hundtgroup.com\/fr\/wp-json\/wp\/v2\/product"}],"about":[{"href":"https:\/\/hundtgroup.com\/fr\/wp-json\/wp\/v2\/types\/product"}],"wp:featuredmedia":[{"embeddable":true,"href":"https:\/\/hundtgroup.com\/fr\/wp-json\/wp\/v2\/media\/33626"}],"wp:attachment":[{"href":"https:\/\/hundtgroup.com\/fr\/wp-json\/wp\/v2\/media?parent=35984"}],"wp:term":[{"taxonomy":"product_cat","embeddable":true,"href":"https:\/\/hundtgroup.com\/fr\/wp-json\/wp\/v2\/product_cat?post=35984"},{"taxonomy":"product_tag","embeddable":true,"href":"https:\/\/hundtgroup.com\/fr\/wp-json\/wp\/v2\/product_tag?post=35984"}],"curies":[{"name":"wp","href":"https:\/\/api.w.org\/{rel}","templated":true}]}}