{"id":36225,"date":"2022-08-23T15:59:22","date_gmt":"2022-08-23T13:59:22","guid":{"rendered":"https:\/\/hundtgroup.com\/produkt\/trumpf-poste-de-travail-pour-trutool-tkf-700\/"},"modified":"2025-07-29T11:40:09","modified_gmt":"2025-07-29T09:40:09","slug":"trumpf-poste-de-travail-pour-trutool-tkf-700","status":"publish","type":"product","link":"https:\/\/hundtgroup.com\/fr\/produkt\/trumpf-poste-de-travail-pour-trutool-tkf-700\/","title":{"rendered":"TRUMPF Poste de travail pour TruTool TKF 700"},"content":{"rendered":"<p>Poste de travail pour l&rsquo;usinage stationnaire de petites pi\u00e8ces, adapt\u00e9 aux TruTool TKF 700, nouveaux et anciens mod\u00e8les.<\/p>\n","protected":false},"excerpt":{"rendered":"<p>Poste de travail pour l&rsquo;usinage stationnaire de petites pi\u00e8ces, adapt\u00e9 aux TruTool TKF 700, nouveaux et anciens mod\u00e8les.<\/p>\n","protected":false},"featured_media":0,"template":"","meta":{"_acf_changed":false,"inline_featured_image":false},"product_cat":[1181,1144,1150],"product_tag":[],"class_list":{"0":"post-36225","1":"product","2":"type-product","3":"status-publish","5":"brand-trumpf","6":"product_cat-tkf-700-fr","7":"product_cat-accessoires-batterie-electrique","8":"product_cat-formeur-daretes-de-soudure","10":"first","11":"instock","12":"taxable","13":"shipping-taxable","14":"purchasable","15":"product-type-simple","16":"add-to-wishlist-before_image"},"acf":[],"yoast_head":"<!-- This site is optimized with the Yoast SEO plugin v27.3 - https:\/\/yoast.com\/product\/yoast-seo-wordpress\/ -->\n<title>TRUMPF Poste de travail pour TruTool TKF 700 - Wilhelm Hundt GmbH<\/title>\n<meta name=\"robots\" content=\"index, follow, max-snippet:-1, max-image-preview:large, max-video-preview:-1\" \/>\n<link rel=\"canonical\" href=\"https:\/\/hundtgroup.com\/fr\/produkt\/trumpf-poste-de-travail-pour-trutool-tkf-700\/\" \/>\n<meta property=\"og:locale\" content=\"fr_FR\" \/>\n<meta property=\"og:type\" content=\"article\" \/>\n<meta property=\"og:title\" content=\"TRUMPF Poste de travail pour TruTool TKF 700 - Wilhelm Hundt GmbH\" \/>\n<meta property=\"og:description\" content=\"Poste de travail pour l&rsquo;usinage stationnaire de petites pi\u00e8ces, adapt\u00e9 aux TruTool TKF 700, nouveaux et anciens mod\u00e8les.\" \/>\n<meta property=\"og:url\" content=\"https:\/\/hundtgroup.com\/fr\/produkt\/trumpf-poste-de-travail-pour-trutool-tkf-700\/\" \/>\n<meta property=\"og:site_name\" content=\"Wilhelm Hundt GmbH\" \/>\n<meta property=\"article:modified_time\" content=\"2025-07-29T09:40:09+00:00\" \/>\n<meta name=\"twitter:card\" content=\"summary_large_image\" \/>\n<script type=\"application\/ld+json\" class=\"yoast-schema-graph\">{\"@context\":\"https:\\\/\\\/schema.org\",\"@graph\":[{\"@type\":\"WebPage\",\"@id\":\"https:\\\/\\\/hundtgroup.com\\\/fr\\\/produkt\\\/trumpf-poste-de-travail-pour-trutool-tkf-700\\\/\",\"url\":\"https:\\\/\\\/hundtgroup.com\\\/fr\\\/produkt\\\/trumpf-poste-de-travail-pour-trutool-tkf-700\\\/\",\"name\":\"TRUMPF Poste de travail pour TruTool TKF 700 - Wilhelm Hundt GmbH\",\"isPartOf\":{\"@id\":\"https:\\\/\\\/hundtgroup.com\\\/fr\\\/#website\"},\"datePublished\":\"2022-08-23T13:59:22+00:00\",\"dateModified\":\"2025-07-29T09:40:09+00:00\",\"breadcrumb\":{\"@id\":\"https:\\\/\\\/hundtgroup.com\\\/fr\\\/produkt\\\/trumpf-poste-de-travail-pour-trutool-tkf-700\\\/#breadcrumb\"},\"inLanguage\":\"fr-FR\",\"potentialAction\":[{\"@type\":\"ReadAction\",\"target\":[\"https:\\\/\\\/hundtgroup.com\\\/fr\\\/produkt\\\/trumpf-poste-de-travail-pour-trutool-tkf-700\\\/\"]}]},{\"@type\":\"BreadcrumbList\",\"@id\":\"https:\\\/\\\/hundtgroup.com\\\/fr\\\/produkt\\\/trumpf-poste-de-travail-pour-trutool-tkf-700\\\/#breadcrumb\",\"itemListElement\":[{\"@type\":\"ListItem\",\"position\":1,\"name\":\"Startseite\",\"item\":\"https:\\\/\\\/hundtgroup.com\\\/fr\\\/accueil-nouveau\\\/\"},{\"@type\":\"ListItem\",\"position\":2,\"name\":\"Boutique\",\"item\":\"https:\\\/\\\/hundtgroup.com\\\/boutique\\\/\"},{\"@type\":\"ListItem\",\"position\":3,\"name\":\"TRUMPF Poste de travail pour TruTool TKF 700\"}]},{\"@type\":\"WebSite\",\"@id\":\"https:\\\/\\\/hundtgroup.com\\\/fr\\\/#website\",\"url\":\"https:\\\/\\\/hundtgroup.com\\\/fr\\\/\",\"name\":\"Wilhelm Hundt GmbH\",\"description\":\"Votre sp\u00e9cialiste en machines et outils pour le travail de la t\u00f4le\",\"potentialAction\":[{\"@type\":\"SearchAction\",\"target\":{\"@type\":\"EntryPoint\",\"urlTemplate\":\"https:\\\/\\\/hundtgroup.com\\\/fr\\\/?s={search_term_string}\"},\"query-input\":{\"@type\":\"PropertyValueSpecification\",\"valueRequired\":true,\"valueName\":\"search_term_string\"}}],\"inLanguage\":\"fr-FR\"}]}<\/script>\n<!-- \/ Yoast SEO plugin. -->","yoast_head_json":{"title":"TRUMPF Poste de travail pour TruTool TKF 700 - Wilhelm Hundt GmbH","robots":{"index":"index","follow":"follow","max-snippet":"max-snippet:-1","max-image-preview":"max-image-preview:large","max-video-preview":"max-video-preview:-1"},"canonical":"https:\/\/hundtgroup.com\/fr\/produkt\/trumpf-poste-de-travail-pour-trutool-tkf-700\/","og_locale":"fr_FR","og_type":"article","og_title":"TRUMPF Poste de travail pour TruTool TKF 700 - Wilhelm Hundt GmbH","og_description":"Poste de travail pour l&rsquo;usinage stationnaire de petites pi\u00e8ces, adapt\u00e9 aux TruTool TKF 700, nouveaux et anciens mod\u00e8les.","og_url":"https:\/\/hundtgroup.com\/fr\/produkt\/trumpf-poste-de-travail-pour-trutool-tkf-700\/","og_site_name":"Wilhelm Hundt GmbH","article_modified_time":"2025-07-29T09:40:09+00:00","twitter_card":"summary_large_image","schema":{"@context":"https:\/\/schema.org","@graph":[{"@type":"WebPage","@id":"https:\/\/hundtgroup.com\/fr\/produkt\/trumpf-poste-de-travail-pour-trutool-tkf-700\/","url":"https:\/\/hundtgroup.com\/fr\/produkt\/trumpf-poste-de-travail-pour-trutool-tkf-700\/","name":"TRUMPF Poste de travail pour TruTool TKF 700 - Wilhelm Hundt GmbH","isPartOf":{"@id":"https:\/\/hundtgroup.com\/fr\/#website"},"datePublished":"2022-08-23T13:59:22+00:00","dateModified":"2025-07-29T09:40:09+00:00","breadcrumb":{"@id":"https:\/\/hundtgroup.com\/fr\/produkt\/trumpf-poste-de-travail-pour-trutool-tkf-700\/#breadcrumb"},"inLanguage":"fr-FR","potentialAction":[{"@type":"ReadAction","target":["https:\/\/hundtgroup.com\/fr\/produkt\/trumpf-poste-de-travail-pour-trutool-tkf-700\/"]}]},{"@type":"BreadcrumbList","@id":"https:\/\/hundtgroup.com\/fr\/produkt\/trumpf-poste-de-travail-pour-trutool-tkf-700\/#breadcrumb","itemListElement":[{"@type":"ListItem","position":1,"name":"Startseite","item":"https:\/\/hundtgroup.com\/fr\/accueil-nouveau\/"},{"@type":"ListItem","position":2,"name":"Boutique","item":"https:\/\/hundtgroup.com\/boutique\/"},{"@type":"ListItem","position":3,"name":"TRUMPF Poste de travail pour TruTool TKF 700"}]},{"@type":"WebSite","@id":"https:\/\/hundtgroup.com\/fr\/#website","url":"https:\/\/hundtgroup.com\/fr\/","name":"Wilhelm Hundt GmbH","description":"Votre sp\u00e9cialiste en machines et outils pour le travail de la t\u00f4le","potentialAction":[{"@type":"SearchAction","target":{"@type":"EntryPoint","urlTemplate":"https:\/\/hundtgroup.com\/fr\/?s={search_term_string}"},"query-input":{"@type":"PropertyValueSpecification","valueRequired":true,"valueName":"search_term_string"}}],"inLanguage":"fr-FR"}]}},"_links":{"self":[{"href":"https:\/\/hundtgroup.com\/fr\/wp-json\/wp\/v2\/product\/36225","targetHints":{"allow":["GET"]}}],"collection":[{"href":"https:\/\/hundtgroup.com\/fr\/wp-json\/wp\/v2\/product"}],"about":[{"href":"https:\/\/hundtgroup.com\/fr\/wp-json\/wp\/v2\/types\/product"}],"wp:attachment":[{"href":"https:\/\/hundtgroup.com\/fr\/wp-json\/wp\/v2\/media?parent=36225"}],"wp:term":[{"taxonomy":"product_cat","embeddable":true,"href":"https:\/\/hundtgroup.com\/fr\/wp-json\/wp\/v2\/product_cat?post=36225"},{"taxonomy":"product_tag","embeddable":true,"href":"https:\/\/hundtgroup.com\/fr\/wp-json\/wp\/v2\/product_tag?post=36225"}],"curies":[{"name":"wp","href":"https:\/\/api.w.org\/{rel}","templated":true}]}}