{"id":36444,"date":"2022-10-26T15:58:36","date_gmt":"2022-10-26T13:58:36","guid":{"rendered":"https:\/\/hundtgroup.com\/produkt\/perforatrice-a-levier-21-8\/"},"modified":"2025-07-29T12:21:38","modified_gmt":"2025-07-29T10:21:38","slug":"perforatrice-a-levier-21-8","status":"publish","type":"product","link":"https:\/\/hundtgroup.com\/fr\/produkt\/perforatrice-a-levier-21-8\/","title":{"rendered":"Perforatrice \u00e0 levier 21\/8"},"content":{"rendered":"<p>Corps de poin\u00e7onnage en acier r\u00e9sistant \u00e0 la torsion.<br \/>\nD\u00e9multiplication par levier dent\u00e9.<br \/>\nGuidage sans jeu du chariot de poin\u00e7onnage.<br \/>\nS\u00e9curit\u00e9 du levier par ressort de torsion.<br \/>\nTous les poin\u00e7ons peuvent \u00eatre \u00e9quip\u00e9s d&rsquo;un dispositif de poin\u00e7onnage sp\u00e9cial jusqu&rsquo;\u00e0 45 mm \u00d8.<\/p>\n<p>Accessoires (non inclus dans la livraison) :<br \/>\nOutils de poin\u00e7onnage \u00d8 3 &#8211; 18 mm<\/p>\n","protected":false},"excerpt":{"rendered":"<p>Corps de poin\u00e7onnage en acier r\u00e9sistant \u00e0 la torsion. D\u00e9multiplication par levier dent\u00e9. Guidage sans jeu du chariot de poin\u00e7onnage. S\u00e9curit\u00e9 du levier par ressort de torsion. Tous les poin\u00e7ons peuvent \u00eatre \u00e9quip\u00e9s d&rsquo;un dispositif de poin\u00e7onnage sp\u00e9cial jusqu&rsquo;\u00e0 45 mm \u00d8. Accessoires (non inclus dans la livraison) : Outils de poin\u00e7onnage \u00d8 3 &#8211; [&hellip;]<\/p>\n","protected":false},"featured_media":33920,"template":"","meta":{"_acf_changed":false,"inline_featured_image":false},"product_cat":[1143,1196],"product_tag":[],"class_list":{"0":"post-36444","1":"product","2":"type-product","3":"status-publish","4":"has-post-thumbnail","6":"brand-hundt","7":"product_cat-outils-a-main","8":"product_cat-poinconnage-de-trous","10":"first","11":"instock","12":"taxable","13":"shipping-taxable","14":"purchasable","15":"product-type-simple","16":"add-to-wishlist-before_image"},"acf":[],"yoast_head":"<!-- This site is optimized with the Yoast SEO plugin v27.3 - https:\/\/yoast.com\/product\/yoast-seo-wordpress\/ -->\n<title>Perforatrice \u00e0 levier 21\/8 - Wilhelm Hundt GmbH<\/title>\n<meta name=\"robots\" content=\"index, follow, max-snippet:-1, max-image-preview:large, max-video-preview:-1\" \/>\n<link rel=\"canonical\" href=\"https:\/\/hundtgroup.com\/fr\/produkt\/perforatrice-a-levier-21-8\/\" \/>\n<meta property=\"og:locale\" content=\"fr_FR\" \/>\n<meta property=\"og:type\" content=\"article\" \/>\n<meta property=\"og:title\" content=\"Perforatrice \u00e0 levier 21\/8 - Wilhelm Hundt GmbH\" \/>\n<meta property=\"og:description\" content=\"Corps de poin\u00e7onnage en acier r\u00e9sistant \u00e0 la torsion. D\u00e9multiplication par levier dent\u00e9. Guidage sans jeu du chariot de poin\u00e7onnage. S\u00e9curit\u00e9 du levier par ressort de torsion. Tous les poin\u00e7ons peuvent \u00eatre \u00e9quip\u00e9s d&rsquo;un dispositif de poin\u00e7onnage sp\u00e9cial jusqu&rsquo;\u00e0 45 mm \u00d8. Accessoires (non inclus dans la livraison) : Outils de poin\u00e7onnage \u00d8 3 &#8211; [&hellip;]\" \/>\n<meta property=\"og:url\" content=\"https:\/\/hundtgroup.com\/fr\/produkt\/perforatrice-a-levier-21-8\/\" \/>\n<meta property=\"og:site_name\" content=\"Wilhelm Hundt GmbH\" \/>\n<meta property=\"article:modified_time\" content=\"2025-07-29T10:21:38+00:00\" \/>\n<meta property=\"og:image\" content=\"https:\/\/hundtgroup.com\/wp-content\/uploads\/298101.png\" \/>\n\t<meta property=\"og:image:width\" content=\"262\" \/>\n\t<meta property=\"og:image:height\" content=\"472\" \/>\n\t<meta property=\"og:image:type\" content=\"image\/png\" \/>\n<meta name=\"twitter:card\" content=\"summary_large_image\" \/>\n<script type=\"application\/ld+json\" class=\"yoast-schema-graph\">{\"@context\":\"https:\\\/\\\/schema.org\",\"@graph\":[{\"@type\":\"WebPage\",\"@id\":\"https:\\\/\\\/hundtgroup.com\\\/fr\\\/produkt\\\/perforatrice-a-levier-21-8\\\/\",\"url\":\"https:\\\/\\\/hundtgroup.com\\\/fr\\\/produkt\\\/perforatrice-a-levier-21-8\\\/\",\"name\":\"Perforatrice \u00e0 levier 21\\\/8 - Wilhelm Hundt GmbH\",\"isPartOf\":{\"@id\":\"https:\\\/\\\/hundtgroup.com\\\/fr\\\/#website\"},\"primaryImageOfPage\":{\"@id\":\"https:\\\/\\\/hundtgroup.com\\\/fr\\\/produkt\\\/perforatrice-a-levier-21-8\\\/#primaryimage\"},\"image\":{\"@id\":\"https:\\\/\\\/hundtgroup.com\\\/fr\\\/produkt\\\/perforatrice-a-levier-21-8\\\/#primaryimage\"},\"thumbnailUrl\":\"https:\\\/\\\/hundtgroup.com\\\/wp-content\\\/uploads\\\/298101.png\",\"datePublished\":\"2022-10-26T13:58:36+00:00\",\"dateModified\":\"2025-07-29T10:21:38+00:00\",\"breadcrumb\":{\"@id\":\"https:\\\/\\\/hundtgroup.com\\\/fr\\\/produkt\\\/perforatrice-a-levier-21-8\\\/#breadcrumb\"},\"inLanguage\":\"fr-FR\",\"potentialAction\":[{\"@type\":\"ReadAction\",\"target\":[\"https:\\\/\\\/hundtgroup.com\\\/fr\\\/produkt\\\/perforatrice-a-levier-21-8\\\/\"]}]},{\"@type\":\"ImageObject\",\"inLanguage\":\"fr-FR\",\"@id\":\"https:\\\/\\\/hundtgroup.com\\\/fr\\\/produkt\\\/perforatrice-a-levier-21-8\\\/#primaryimage\",\"url\":\"https:\\\/\\\/hundtgroup.com\\\/wp-content\\\/uploads\\\/298101.png\",\"contentUrl\":\"https:\\\/\\\/hundtgroup.com\\\/wp-content\\\/uploads\\\/298101.png\",\"width\":262,\"height\":472},{\"@type\":\"BreadcrumbList\",\"@id\":\"https:\\\/\\\/hundtgroup.com\\\/fr\\\/produkt\\\/perforatrice-a-levier-21-8\\\/#breadcrumb\",\"itemListElement\":[{\"@type\":\"ListItem\",\"position\":1,\"name\":\"Startseite\",\"item\":\"https:\\\/\\\/hundtgroup.com\\\/fr\\\/accueil-nouveau\\\/\"},{\"@type\":\"ListItem\",\"position\":2,\"name\":\"Boutique\",\"item\":\"https:\\\/\\\/hundtgroup.com\\\/boutique\\\/\"},{\"@type\":\"ListItem\",\"position\":3,\"name\":\"Perforatrice \u00e0 levier 21\\\/8\"}]},{\"@type\":\"WebSite\",\"@id\":\"https:\\\/\\\/hundtgroup.com\\\/fr\\\/#website\",\"url\":\"https:\\\/\\\/hundtgroup.com\\\/fr\\\/\",\"name\":\"Wilhelm Hundt GmbH\",\"description\":\"Votre sp\u00e9cialiste en machines et outils pour le travail de la t\u00f4le\",\"potentialAction\":[{\"@type\":\"SearchAction\",\"target\":{\"@type\":\"EntryPoint\",\"urlTemplate\":\"https:\\\/\\\/hundtgroup.com\\\/fr\\\/?s={search_term_string}\"},\"query-input\":{\"@type\":\"PropertyValueSpecification\",\"valueRequired\":true,\"valueName\":\"search_term_string\"}}],\"inLanguage\":\"fr-FR\"}]}<\/script>\n<!-- \/ Yoast SEO plugin. -->","yoast_head_json":{"title":"Perforatrice \u00e0 levier 21\/8 - Wilhelm Hundt GmbH","robots":{"index":"index","follow":"follow","max-snippet":"max-snippet:-1","max-image-preview":"max-image-preview:large","max-video-preview":"max-video-preview:-1"},"canonical":"https:\/\/hundtgroup.com\/fr\/produkt\/perforatrice-a-levier-21-8\/","og_locale":"fr_FR","og_type":"article","og_title":"Perforatrice \u00e0 levier 21\/8 - Wilhelm Hundt GmbH","og_description":"Corps de poin\u00e7onnage en acier r\u00e9sistant \u00e0 la torsion. D\u00e9multiplication par levier dent\u00e9. Guidage sans jeu du chariot de poin\u00e7onnage. S\u00e9curit\u00e9 du levier par ressort de torsion. Tous les poin\u00e7ons peuvent \u00eatre \u00e9quip\u00e9s d&rsquo;un dispositif de poin\u00e7onnage sp\u00e9cial jusqu&rsquo;\u00e0 45 mm \u00d8. Accessoires (non inclus dans la livraison) : Outils de poin\u00e7onnage \u00d8 3 &#8211; [&hellip;]","og_url":"https:\/\/hundtgroup.com\/fr\/produkt\/perforatrice-a-levier-21-8\/","og_site_name":"Wilhelm Hundt GmbH","article_modified_time":"2025-07-29T10:21:38+00:00","og_image":[{"width":262,"height":472,"url":"https:\/\/hundtgroup.com\/wp-content\/uploads\/298101.png","type":"image\/png"}],"twitter_card":"summary_large_image","schema":{"@context":"https:\/\/schema.org","@graph":[{"@type":"WebPage","@id":"https:\/\/hundtgroup.com\/fr\/produkt\/perforatrice-a-levier-21-8\/","url":"https:\/\/hundtgroup.com\/fr\/produkt\/perforatrice-a-levier-21-8\/","name":"Perforatrice \u00e0 levier 21\/8 - Wilhelm Hundt GmbH","isPartOf":{"@id":"https:\/\/hundtgroup.com\/fr\/#website"},"primaryImageOfPage":{"@id":"https:\/\/hundtgroup.com\/fr\/produkt\/perforatrice-a-levier-21-8\/#primaryimage"},"image":{"@id":"https:\/\/hundtgroup.com\/fr\/produkt\/perforatrice-a-levier-21-8\/#primaryimage"},"thumbnailUrl":"https:\/\/hundtgroup.com\/wp-content\/uploads\/298101.png","datePublished":"2022-10-26T13:58:36+00:00","dateModified":"2025-07-29T10:21:38+00:00","breadcrumb":{"@id":"https:\/\/hundtgroup.com\/fr\/produkt\/perforatrice-a-levier-21-8\/#breadcrumb"},"inLanguage":"fr-FR","potentialAction":[{"@type":"ReadAction","target":["https:\/\/hundtgroup.com\/fr\/produkt\/perforatrice-a-levier-21-8\/"]}]},{"@type":"ImageObject","inLanguage":"fr-FR","@id":"https:\/\/hundtgroup.com\/fr\/produkt\/perforatrice-a-levier-21-8\/#primaryimage","url":"https:\/\/hundtgroup.com\/wp-content\/uploads\/298101.png","contentUrl":"https:\/\/hundtgroup.com\/wp-content\/uploads\/298101.png","width":262,"height":472},{"@type":"BreadcrumbList","@id":"https:\/\/hundtgroup.com\/fr\/produkt\/perforatrice-a-levier-21-8\/#breadcrumb","itemListElement":[{"@type":"ListItem","position":1,"name":"Startseite","item":"https:\/\/hundtgroup.com\/fr\/accueil-nouveau\/"},{"@type":"ListItem","position":2,"name":"Boutique","item":"https:\/\/hundtgroup.com\/boutique\/"},{"@type":"ListItem","position":3,"name":"Perforatrice \u00e0 levier 21\/8"}]},{"@type":"WebSite","@id":"https:\/\/hundtgroup.com\/fr\/#website","url":"https:\/\/hundtgroup.com\/fr\/","name":"Wilhelm Hundt GmbH","description":"Votre sp\u00e9cialiste en machines et outils pour le travail de la t\u00f4le","potentialAction":[{"@type":"SearchAction","target":{"@type":"EntryPoint","urlTemplate":"https:\/\/hundtgroup.com\/fr\/?s={search_term_string}"},"query-input":{"@type":"PropertyValueSpecification","valueRequired":true,"valueName":"search_term_string"}}],"inLanguage":"fr-FR"}]}},"_links":{"self":[{"href":"https:\/\/hundtgroup.com\/fr\/wp-json\/wp\/v2\/product\/36444","targetHints":{"allow":["GET"]}}],"collection":[{"href":"https:\/\/hundtgroup.com\/fr\/wp-json\/wp\/v2\/product"}],"about":[{"href":"https:\/\/hundtgroup.com\/fr\/wp-json\/wp\/v2\/types\/product"}],"wp:featuredmedia":[{"embeddable":true,"href":"https:\/\/hundtgroup.com\/fr\/wp-json\/wp\/v2\/media\/33920"}],"wp:attachment":[{"href":"https:\/\/hundtgroup.com\/fr\/wp-json\/wp\/v2\/media?parent=36444"}],"wp:term":[{"taxonomy":"product_cat","embeddable":true,"href":"https:\/\/hundtgroup.com\/fr\/wp-json\/wp\/v2\/product_cat?post=36444"},{"taxonomy":"product_tag","embeddable":true,"href":"https:\/\/hundtgroup.com\/fr\/wp-json\/wp\/v2\/product_tag?post=36444"}],"curies":[{"name":"wp","href":"https:\/\/api.w.org\/{rel}","templated":true}]}}