{"id":36456,"date":"2022-10-26T15:58:39","date_gmt":"2022-10-26T13:58:39","guid":{"rendered":"https:\/\/hundtgroup.com\/produkt\/pince-de-prehension-137-10\/"},"modified":"2025-07-29T12:31:17","modified_gmt":"2025-07-29T10:31:17","slug":"pince-de-prehension-137-10","status":"publish","type":"product","link":"https:\/\/hundtgroup.com\/fr\/produkt\/pince-de-prehension-137-10\/","title":{"rendered":"Pince de pr\u00e9hension 137 10"},"content":{"rendered":"<p>Pince de pr\u00e9hension avec vis de r\u00e9glage et levier de d\u00e9clenchement peint en bleu. M\u00e2choires forg\u00e9es et tremp\u00e9es et m\u00e2choire sp\u00e9ciale pour une pr\u00e9hension, un serrage et un maintien s\u00fbrs.<br \/>\nM\u00e2choire sup\u00e9rieure soud\u00e9e automatiquement &#8211; liaison absolument solide avec le corps en t\u00f4le d&rsquo;acier<br \/>\nLa forme \u00e9tudi\u00e9e des m\u00e2choires garantit un appui en trois points quelle que soit la section du mat\u00e9riau.<br \/>\nTrou filet\u00e9 soud\u00e9 en dessous, pas d&rsquo;\u00e9largissement sous les charges les plus fortes.<br \/>\nD\u00e9clenchement s\u00fbr, levier de desserrage sous la pression constante d&rsquo;un ressort sp\u00e9cial. Nickel\u00e9.  <\/p>\n","protected":false},"excerpt":{"rendered":"<p>Pince de pr\u00e9hension avec vis de r\u00e9glage et levier de d\u00e9clenchement peint en bleu. M\u00e2choires forg\u00e9es et tremp\u00e9es et m\u00e2choire sp\u00e9ciale pour une pr\u00e9hension, un serrage et un maintien s\u00fbrs. M\u00e2choire sup\u00e9rieure soud\u00e9e automatiquement &#8211; liaison absolument solide avec le corps en t\u00f4le d&rsquo;acier La forme \u00e9tudi\u00e9e des m\u00e2choires garantit un appui en trois points [&hellip;]<\/p>\n","protected":false},"featured_media":34130,"template":"","meta":{"_acf_changed":false,"inline_featured_image":false},"product_cat":[1143,1202,1197],"product_tag":[],"class_list":{"0":"post-36456","1":"product","2":"type-product","3":"status-publish","4":"has-post-thumbnail","6":"brand-gedore","7":"product_cat-outils-a-main","8":"product_cat-pinces-de-prehension","9":"product_cat-pinces","11":"first","12":"instock","13":"taxable","14":"shipping-taxable","15":"purchasable","16":"product-type-simple","17":"add-to-wishlist-before_image"},"acf":[],"yoast_head":"<!-- This site is optimized with the Yoast SEO plugin v27.3 - https:\/\/yoast.com\/product\/yoast-seo-wordpress\/ -->\n<title>Pince de pr\u00e9hension 137 10 - Wilhelm Hundt GmbH<\/title>\n<meta name=\"robots\" content=\"index, follow, max-snippet:-1, max-image-preview:large, max-video-preview:-1\" \/>\n<link rel=\"canonical\" href=\"https:\/\/hundtgroup.com\/fr\/produkt\/pince-de-prehension-137-10\/\" \/>\n<meta property=\"og:locale\" content=\"fr_FR\" \/>\n<meta property=\"og:type\" content=\"article\" \/>\n<meta property=\"og:title\" content=\"Pince de pr\u00e9hension 137 10 - Wilhelm Hundt GmbH\" \/>\n<meta property=\"og:description\" content=\"Pince de pr\u00e9hension avec vis de r\u00e9glage et levier de d\u00e9clenchement peint en bleu. M\u00e2choires forg\u00e9es et tremp\u00e9es et m\u00e2choire sp\u00e9ciale pour une pr\u00e9hension, un serrage et un maintien s\u00fbrs. M\u00e2choire sup\u00e9rieure soud\u00e9e automatiquement &#8211; liaison absolument solide avec le corps en t\u00f4le d&rsquo;acier La forme \u00e9tudi\u00e9e des m\u00e2choires garantit un appui en trois points [&hellip;]\" \/>\n<meta property=\"og:url\" content=\"https:\/\/hundtgroup.com\/fr\/produkt\/pince-de-prehension-137-10\/\" \/>\n<meta property=\"og:site_name\" content=\"Wilhelm Hundt GmbH\" \/>\n<meta property=\"article:modified_time\" content=\"2025-07-29T10:31:17+00:00\" \/>\n<meta property=\"og:image\" content=\"https:\/\/hundtgroup.com\/wp-content\/uploads\/410098.png\" \/>\n\t<meta property=\"og:image:width\" content=\"790\" \/>\n\t<meta property=\"og:image:height\" content=\"363\" \/>\n\t<meta property=\"og:image:type\" content=\"image\/png\" \/>\n<meta name=\"twitter:card\" content=\"summary_large_image\" \/>\n<meta name=\"twitter:label1\" content=\"Dur\u00e9e de lecture estim\u00e9e\" \/>\n\t<meta name=\"twitter:data1\" content=\"1 minute\" \/>\n<script type=\"application\/ld+json\" class=\"yoast-schema-graph\">{\"@context\":\"https:\\\/\\\/schema.org\",\"@graph\":[{\"@type\":\"WebPage\",\"@id\":\"https:\\\/\\\/hundtgroup.com\\\/fr\\\/produkt\\\/pince-de-prehension-137-10\\\/\",\"url\":\"https:\\\/\\\/hundtgroup.com\\\/fr\\\/produkt\\\/pince-de-prehension-137-10\\\/\",\"name\":\"Pince de pr\u00e9hension 137 10 - Wilhelm Hundt GmbH\",\"isPartOf\":{\"@id\":\"https:\\\/\\\/hundtgroup.com\\\/fr\\\/#website\"},\"primaryImageOfPage\":{\"@id\":\"https:\\\/\\\/hundtgroup.com\\\/fr\\\/produkt\\\/pince-de-prehension-137-10\\\/#primaryimage\"},\"image\":{\"@id\":\"https:\\\/\\\/hundtgroup.com\\\/fr\\\/produkt\\\/pince-de-prehension-137-10\\\/#primaryimage\"},\"thumbnailUrl\":\"https:\\\/\\\/hundtgroup.com\\\/wp-content\\\/uploads\\\/410098.png\",\"datePublished\":\"2022-10-26T13:58:39+00:00\",\"dateModified\":\"2025-07-29T10:31:17+00:00\",\"breadcrumb\":{\"@id\":\"https:\\\/\\\/hundtgroup.com\\\/fr\\\/produkt\\\/pince-de-prehension-137-10\\\/#breadcrumb\"},\"inLanguage\":\"fr-FR\",\"potentialAction\":[{\"@type\":\"ReadAction\",\"target\":[\"https:\\\/\\\/hundtgroup.com\\\/fr\\\/produkt\\\/pince-de-prehension-137-10\\\/\"]}]},{\"@type\":\"ImageObject\",\"inLanguage\":\"fr-FR\",\"@id\":\"https:\\\/\\\/hundtgroup.com\\\/fr\\\/produkt\\\/pince-de-prehension-137-10\\\/#primaryimage\",\"url\":\"https:\\\/\\\/hundtgroup.com\\\/wp-content\\\/uploads\\\/410098.png\",\"contentUrl\":\"https:\\\/\\\/hundtgroup.com\\\/wp-content\\\/uploads\\\/410098.png\",\"width\":790,\"height\":363},{\"@type\":\"BreadcrumbList\",\"@id\":\"https:\\\/\\\/hundtgroup.com\\\/fr\\\/produkt\\\/pince-de-prehension-137-10\\\/#breadcrumb\",\"itemListElement\":[{\"@type\":\"ListItem\",\"position\":1,\"name\":\"Startseite\",\"item\":\"https:\\\/\\\/hundtgroup.com\\\/fr\\\/accueil-nouveau\\\/\"},{\"@type\":\"ListItem\",\"position\":2,\"name\":\"Boutique\",\"item\":\"https:\\\/\\\/hundtgroup.com\\\/boutique\\\/\"},{\"@type\":\"ListItem\",\"position\":3,\"name\":\"Pince de pr\u00e9hension 137 10\"}]},{\"@type\":\"WebSite\",\"@id\":\"https:\\\/\\\/hundtgroup.com\\\/fr\\\/#website\",\"url\":\"https:\\\/\\\/hundtgroup.com\\\/fr\\\/\",\"name\":\"Wilhelm Hundt GmbH\",\"description\":\"Votre sp\u00e9cialiste en machines et outils pour le travail de la t\u00f4le\",\"potentialAction\":[{\"@type\":\"SearchAction\",\"target\":{\"@type\":\"EntryPoint\",\"urlTemplate\":\"https:\\\/\\\/hundtgroup.com\\\/fr\\\/?s={search_term_string}\"},\"query-input\":{\"@type\":\"PropertyValueSpecification\",\"valueRequired\":true,\"valueName\":\"search_term_string\"}}],\"inLanguage\":\"fr-FR\"}]}<\/script>\n<!-- \/ Yoast SEO plugin. -->","yoast_head_json":{"title":"Pince de pr\u00e9hension 137 10 - Wilhelm Hundt GmbH","robots":{"index":"index","follow":"follow","max-snippet":"max-snippet:-1","max-image-preview":"max-image-preview:large","max-video-preview":"max-video-preview:-1"},"canonical":"https:\/\/hundtgroup.com\/fr\/produkt\/pince-de-prehension-137-10\/","og_locale":"fr_FR","og_type":"article","og_title":"Pince de pr\u00e9hension 137 10 - Wilhelm Hundt GmbH","og_description":"Pince de pr\u00e9hension avec vis de r\u00e9glage et levier de d\u00e9clenchement peint en bleu. M\u00e2choires forg\u00e9es et tremp\u00e9es et m\u00e2choire sp\u00e9ciale pour une pr\u00e9hension, un serrage et un maintien s\u00fbrs. M\u00e2choire sup\u00e9rieure soud\u00e9e automatiquement &#8211; liaison absolument solide avec le corps en t\u00f4le d&rsquo;acier La forme \u00e9tudi\u00e9e des m\u00e2choires garantit un appui en trois points [&hellip;]","og_url":"https:\/\/hundtgroup.com\/fr\/produkt\/pince-de-prehension-137-10\/","og_site_name":"Wilhelm Hundt GmbH","article_modified_time":"2025-07-29T10:31:17+00:00","og_image":[{"width":790,"height":363,"url":"https:\/\/hundtgroup.com\/wp-content\/uploads\/410098.png","type":"image\/png"}],"twitter_card":"summary_large_image","twitter_misc":{"Dur\u00e9e de lecture estim\u00e9e":"1 minute"},"schema":{"@context":"https:\/\/schema.org","@graph":[{"@type":"WebPage","@id":"https:\/\/hundtgroup.com\/fr\/produkt\/pince-de-prehension-137-10\/","url":"https:\/\/hundtgroup.com\/fr\/produkt\/pince-de-prehension-137-10\/","name":"Pince de pr\u00e9hension 137 10 - Wilhelm Hundt GmbH","isPartOf":{"@id":"https:\/\/hundtgroup.com\/fr\/#website"},"primaryImageOfPage":{"@id":"https:\/\/hundtgroup.com\/fr\/produkt\/pince-de-prehension-137-10\/#primaryimage"},"image":{"@id":"https:\/\/hundtgroup.com\/fr\/produkt\/pince-de-prehension-137-10\/#primaryimage"},"thumbnailUrl":"https:\/\/hundtgroup.com\/wp-content\/uploads\/410098.png","datePublished":"2022-10-26T13:58:39+00:00","dateModified":"2025-07-29T10:31:17+00:00","breadcrumb":{"@id":"https:\/\/hundtgroup.com\/fr\/produkt\/pince-de-prehension-137-10\/#breadcrumb"},"inLanguage":"fr-FR","potentialAction":[{"@type":"ReadAction","target":["https:\/\/hundtgroup.com\/fr\/produkt\/pince-de-prehension-137-10\/"]}]},{"@type":"ImageObject","inLanguage":"fr-FR","@id":"https:\/\/hundtgroup.com\/fr\/produkt\/pince-de-prehension-137-10\/#primaryimage","url":"https:\/\/hundtgroup.com\/wp-content\/uploads\/410098.png","contentUrl":"https:\/\/hundtgroup.com\/wp-content\/uploads\/410098.png","width":790,"height":363},{"@type":"BreadcrumbList","@id":"https:\/\/hundtgroup.com\/fr\/produkt\/pince-de-prehension-137-10\/#breadcrumb","itemListElement":[{"@type":"ListItem","position":1,"name":"Startseite","item":"https:\/\/hundtgroup.com\/fr\/accueil-nouveau\/"},{"@type":"ListItem","position":2,"name":"Boutique","item":"https:\/\/hundtgroup.com\/boutique\/"},{"@type":"ListItem","position":3,"name":"Pince de pr\u00e9hension 137 10"}]},{"@type":"WebSite","@id":"https:\/\/hundtgroup.com\/fr\/#website","url":"https:\/\/hundtgroup.com\/fr\/","name":"Wilhelm Hundt GmbH","description":"Votre sp\u00e9cialiste en machines et outils pour le travail de la t\u00f4le","potentialAction":[{"@type":"SearchAction","target":{"@type":"EntryPoint","urlTemplate":"https:\/\/hundtgroup.com\/fr\/?s={search_term_string}"},"query-input":{"@type":"PropertyValueSpecification","valueRequired":true,"valueName":"search_term_string"}}],"inLanguage":"fr-FR"}]}},"_links":{"self":[{"href":"https:\/\/hundtgroup.com\/fr\/wp-json\/wp\/v2\/product\/36456","targetHints":{"allow":["GET"]}}],"collection":[{"href":"https:\/\/hundtgroup.com\/fr\/wp-json\/wp\/v2\/product"}],"about":[{"href":"https:\/\/hundtgroup.com\/fr\/wp-json\/wp\/v2\/types\/product"}],"wp:featuredmedia":[{"embeddable":true,"href":"https:\/\/hundtgroup.com\/fr\/wp-json\/wp\/v2\/media\/34130"}],"wp:attachment":[{"href":"https:\/\/hundtgroup.com\/fr\/wp-json\/wp\/v2\/media?parent=36456"}],"wp:term":[{"taxonomy":"product_cat","embeddable":true,"href":"https:\/\/hundtgroup.com\/fr\/wp-json\/wp\/v2\/product_cat?post=36456"},{"taxonomy":"product_tag","embeddable":true,"href":"https:\/\/hundtgroup.com\/fr\/wp-json\/wp\/v2\/product_tag?post=36456"}],"curies":[{"name":"wp","href":"https:\/\/api.w.org\/{rel}","templated":true}]}}