{"id":36692,"date":"2022-10-26T15:59:16","date_gmt":"2022-10-26T13:59:16","guid":{"rendered":"https:\/\/hundtgroup.com\/produkt\/outil-de-pose-de-rivets-sans-fil-accubird-pro\/"},"modified":"2025-08-01T11:56:02","modified_gmt":"2025-08-01T09:56:02","slug":"outil-de-pose-de-rivets-sans-fil-accubird-pro","status":"publish","type":"product","link":"https:\/\/hundtgroup.com\/fr\/produkt\/outil-de-pose-de-rivets-sans-fil-accubird-pro\/","title":{"rendered":"Outil de pose de rivets sans fil AccuBird Pro"},"content":{"rendered":"<p>Jusqu&rsquo;\u00e0 4 fois plus rapide que les outils sans fil du march\u00e9<br \/>\nMoteur BLDC puissant et durable pour une cadence de travail rapide<br \/>\nCourse de l&rsquo;outil de 25 mm pour les rivets longs<br \/>\nForce de pose de 13 kN<br \/>\nEclairage variable dans la bague de r\u00e9glage<br \/>\nMeilleure stabilit\u00e9 gr\u00e2ce \u00e0 un plus grand, surface d&rsquo;appui antid\u00e9rapante et centre de gravit\u00e9 plus bas<br \/>\nBo\u00eetier ergonomique gr\u00e2ce \u00e0 la poign\u00e9e Softgrip<br \/>\nNouvelle batterie coulissante avec affichage pr\u00e9cis de la capacit\u00e9<br \/>\nChargeur avec fonction de charge rapide<br \/>\nSyst\u00e8me de mandrin \u00e9prouv\u00e9 de la gamme TAURUS\u00ae<br \/>\nRivets aveugles de \u00d8 2,4 mm Alu jusqu&rsquo;\u00e0 \u00d8 6 mm tous mat\u00e9riaux<br \/>\nRivets aveugles BULB-TITE\u00ae jusqu&rsquo;\u00e0 \u00d8 4 mm et 5,2 mm Alu et acier<br \/>\nRivets aveugles G-Bulb jusqu&rsquo;\u00e0 \u00d8 4,8 mm tous mat\u00e9riaux<\/p>\n","protected":false},"excerpt":{"rendered":"<p>Jusqu&rsquo;\u00e0 4 fois plus rapide que les outils sans fil du march\u00e9 Moteur BLDC puissant et durable pour une cadence de travail rapide Course de l&rsquo;outil de 25 mm pour les rivets longs Force de pose de 13 kN Eclairage variable dans la bague de r\u00e9glage Meilleure stabilit\u00e9 gr\u00e2ce \u00e0 un plus grand, surface d&rsquo;appui [&hellip;]<\/p>\n","protected":false},"featured_media":34570,"template":"","meta":{"_acf_changed":false,"inline_featured_image":false},"product_cat":[2846,1221,1223,658],"product_tag":[],"class_list":{"0":"post-36692","1":"product","2":"type-product","3":"status-publish","4":"has-post-thumbnail","6":"brand-gesipa","7":"product_cat-outils-de-rivetage-fr","8":"product_cat-outils-de-rivetage","9":"product_cat-batterie","10":"product_cat-outils-sans-fil","12":"first","13":"instock","14":"taxable","15":"shipping-taxable","16":"purchasable","17":"product-type-simple","18":"add-to-wishlist-before_image"},"acf":[],"yoast_head":"<!-- This site is optimized with the Yoast SEO plugin v27.3 - https:\/\/yoast.com\/product\/yoast-seo-wordpress\/ -->\n<title>Outil de pose de rivets sans fil AccuBird Pro - Wilhelm Hundt GmbH<\/title>\n<meta name=\"robots\" content=\"index, follow, max-snippet:-1, max-image-preview:large, max-video-preview:-1\" \/>\n<link rel=\"canonical\" href=\"https:\/\/hundtgroup.com\/fr\/produkt\/outil-de-pose-de-rivets-sans-fil-accubird-pro\/\" \/>\n<meta property=\"og:locale\" content=\"fr_FR\" \/>\n<meta property=\"og:type\" content=\"article\" \/>\n<meta property=\"og:title\" content=\"Outil de pose de rivets sans fil AccuBird Pro - Wilhelm Hundt GmbH\" \/>\n<meta property=\"og:description\" content=\"Jusqu&rsquo;\u00e0 4 fois plus rapide que les outils sans fil du march\u00e9 Moteur BLDC puissant et durable pour une cadence de travail rapide Course de l&rsquo;outil de 25 mm pour les rivets longs Force de pose de 13 kN Eclairage variable dans la bague de r\u00e9glage Meilleure stabilit\u00e9 gr\u00e2ce \u00e0 un plus grand, surface d&rsquo;appui [&hellip;]\" \/>\n<meta property=\"og:url\" content=\"https:\/\/hundtgroup.com\/fr\/produkt\/outil-de-pose-de-rivets-sans-fil-accubird-pro\/\" \/>\n<meta property=\"og:site_name\" content=\"Wilhelm Hundt GmbH\" \/>\n<meta property=\"article:modified_time\" content=\"2025-08-01T09:56:02+00:00\" \/>\n<meta property=\"og:image\" content=\"https:\/\/hundtgroup.com\/wp-content\/uploads\/500848.png\" \/>\n\t<meta property=\"og:image:width\" content=\"527\" \/>\n\t<meta property=\"og:image:height\" content=\"484\" \/>\n\t<meta property=\"og:image:type\" content=\"image\/png\" \/>\n<meta name=\"twitter:card\" content=\"summary_large_image\" \/>\n<meta name=\"twitter:label1\" content=\"Dur\u00e9e de lecture estim\u00e9e\" \/>\n\t<meta name=\"twitter:data1\" content=\"1 minute\" \/>\n<script type=\"application\/ld+json\" class=\"yoast-schema-graph\">{\"@context\":\"https:\\\/\\\/schema.org\",\"@graph\":[{\"@type\":\"WebPage\",\"@id\":\"https:\\\/\\\/hundtgroup.com\\\/fr\\\/produkt\\\/outil-de-pose-de-rivets-sans-fil-accubird-pro\\\/\",\"url\":\"https:\\\/\\\/hundtgroup.com\\\/fr\\\/produkt\\\/outil-de-pose-de-rivets-sans-fil-accubird-pro\\\/\",\"name\":\"Outil de pose de rivets sans fil AccuBird Pro - Wilhelm Hundt GmbH\",\"isPartOf\":{\"@id\":\"https:\\\/\\\/hundtgroup.com\\\/fr\\\/#website\"},\"primaryImageOfPage\":{\"@id\":\"https:\\\/\\\/hundtgroup.com\\\/fr\\\/produkt\\\/outil-de-pose-de-rivets-sans-fil-accubird-pro\\\/#primaryimage\"},\"image\":{\"@id\":\"https:\\\/\\\/hundtgroup.com\\\/fr\\\/produkt\\\/outil-de-pose-de-rivets-sans-fil-accubird-pro\\\/#primaryimage\"},\"thumbnailUrl\":\"https:\\\/\\\/hundtgroup.com\\\/wp-content\\\/uploads\\\/500848.png\",\"datePublished\":\"2022-10-26T13:59:16+00:00\",\"dateModified\":\"2025-08-01T09:56:02+00:00\",\"breadcrumb\":{\"@id\":\"https:\\\/\\\/hundtgroup.com\\\/fr\\\/produkt\\\/outil-de-pose-de-rivets-sans-fil-accubird-pro\\\/#breadcrumb\"},\"inLanguage\":\"fr-FR\",\"potentialAction\":[{\"@type\":\"ReadAction\",\"target\":[\"https:\\\/\\\/hundtgroup.com\\\/fr\\\/produkt\\\/outil-de-pose-de-rivets-sans-fil-accubird-pro\\\/\"]}]},{\"@type\":\"ImageObject\",\"inLanguage\":\"fr-FR\",\"@id\":\"https:\\\/\\\/hundtgroup.com\\\/fr\\\/produkt\\\/outil-de-pose-de-rivets-sans-fil-accubird-pro\\\/#primaryimage\",\"url\":\"https:\\\/\\\/hundtgroup.com\\\/wp-content\\\/uploads\\\/500848.png\",\"contentUrl\":\"https:\\\/\\\/hundtgroup.com\\\/wp-content\\\/uploads\\\/500848.png\",\"width\":527,\"height\":484},{\"@type\":\"BreadcrumbList\",\"@id\":\"https:\\\/\\\/hundtgroup.com\\\/fr\\\/produkt\\\/outil-de-pose-de-rivets-sans-fil-accubird-pro\\\/#breadcrumb\",\"itemListElement\":[{\"@type\":\"ListItem\",\"position\":1,\"name\":\"Startseite\",\"item\":\"https:\\\/\\\/hundtgroup.com\\\/fr\\\/accueil-nouveau\\\/\"},{\"@type\":\"ListItem\",\"position\":2,\"name\":\"Boutique\",\"item\":\"https:\\\/\\\/hundtgroup.com\\\/boutique\\\/\"},{\"@type\":\"ListItem\",\"position\":3,\"name\":\"Outil de pose de rivets sans fil AccuBird Pro\"}]},{\"@type\":\"WebSite\",\"@id\":\"https:\\\/\\\/hundtgroup.com\\\/fr\\\/#website\",\"url\":\"https:\\\/\\\/hundtgroup.com\\\/fr\\\/\",\"name\":\"Wilhelm Hundt GmbH\",\"description\":\"Votre sp\u00e9cialiste en machines et outils pour le travail de la t\u00f4le\",\"potentialAction\":[{\"@type\":\"SearchAction\",\"target\":{\"@type\":\"EntryPoint\",\"urlTemplate\":\"https:\\\/\\\/hundtgroup.com\\\/fr\\\/?s={search_term_string}\"},\"query-input\":{\"@type\":\"PropertyValueSpecification\",\"valueRequired\":true,\"valueName\":\"search_term_string\"}}],\"inLanguage\":\"fr-FR\"}]}<\/script>\n<!-- \/ Yoast SEO plugin. -->","yoast_head_json":{"title":"Outil de pose de rivets sans fil AccuBird Pro - Wilhelm Hundt GmbH","robots":{"index":"index","follow":"follow","max-snippet":"max-snippet:-1","max-image-preview":"max-image-preview:large","max-video-preview":"max-video-preview:-1"},"canonical":"https:\/\/hundtgroup.com\/fr\/produkt\/outil-de-pose-de-rivets-sans-fil-accubird-pro\/","og_locale":"fr_FR","og_type":"article","og_title":"Outil de pose de rivets sans fil AccuBird Pro - Wilhelm Hundt GmbH","og_description":"Jusqu&rsquo;\u00e0 4 fois plus rapide que les outils sans fil du march\u00e9 Moteur BLDC puissant et durable pour une cadence de travail rapide Course de l&rsquo;outil de 25 mm pour les rivets longs Force de pose de 13 kN Eclairage variable dans la bague de r\u00e9glage Meilleure stabilit\u00e9 gr\u00e2ce \u00e0 un plus grand, surface d&rsquo;appui [&hellip;]","og_url":"https:\/\/hundtgroup.com\/fr\/produkt\/outil-de-pose-de-rivets-sans-fil-accubird-pro\/","og_site_name":"Wilhelm Hundt GmbH","article_modified_time":"2025-08-01T09:56:02+00:00","og_image":[{"width":527,"height":484,"url":"https:\/\/hundtgroup.com\/wp-content\/uploads\/500848.png","type":"image\/png"}],"twitter_card":"summary_large_image","twitter_misc":{"Dur\u00e9e de lecture estim\u00e9e":"1 minute"},"schema":{"@context":"https:\/\/schema.org","@graph":[{"@type":"WebPage","@id":"https:\/\/hundtgroup.com\/fr\/produkt\/outil-de-pose-de-rivets-sans-fil-accubird-pro\/","url":"https:\/\/hundtgroup.com\/fr\/produkt\/outil-de-pose-de-rivets-sans-fil-accubird-pro\/","name":"Outil de pose de rivets sans fil AccuBird Pro - Wilhelm Hundt GmbH","isPartOf":{"@id":"https:\/\/hundtgroup.com\/fr\/#website"},"primaryImageOfPage":{"@id":"https:\/\/hundtgroup.com\/fr\/produkt\/outil-de-pose-de-rivets-sans-fil-accubird-pro\/#primaryimage"},"image":{"@id":"https:\/\/hundtgroup.com\/fr\/produkt\/outil-de-pose-de-rivets-sans-fil-accubird-pro\/#primaryimage"},"thumbnailUrl":"https:\/\/hundtgroup.com\/wp-content\/uploads\/500848.png","datePublished":"2022-10-26T13:59:16+00:00","dateModified":"2025-08-01T09:56:02+00:00","breadcrumb":{"@id":"https:\/\/hundtgroup.com\/fr\/produkt\/outil-de-pose-de-rivets-sans-fil-accubird-pro\/#breadcrumb"},"inLanguage":"fr-FR","potentialAction":[{"@type":"ReadAction","target":["https:\/\/hundtgroup.com\/fr\/produkt\/outil-de-pose-de-rivets-sans-fil-accubird-pro\/"]}]},{"@type":"ImageObject","inLanguage":"fr-FR","@id":"https:\/\/hundtgroup.com\/fr\/produkt\/outil-de-pose-de-rivets-sans-fil-accubird-pro\/#primaryimage","url":"https:\/\/hundtgroup.com\/wp-content\/uploads\/500848.png","contentUrl":"https:\/\/hundtgroup.com\/wp-content\/uploads\/500848.png","width":527,"height":484},{"@type":"BreadcrumbList","@id":"https:\/\/hundtgroup.com\/fr\/produkt\/outil-de-pose-de-rivets-sans-fil-accubird-pro\/#breadcrumb","itemListElement":[{"@type":"ListItem","position":1,"name":"Startseite","item":"https:\/\/hundtgroup.com\/fr\/accueil-nouveau\/"},{"@type":"ListItem","position":2,"name":"Boutique","item":"https:\/\/hundtgroup.com\/boutique\/"},{"@type":"ListItem","position":3,"name":"Outil de pose de rivets sans fil AccuBird Pro"}]},{"@type":"WebSite","@id":"https:\/\/hundtgroup.com\/fr\/#website","url":"https:\/\/hundtgroup.com\/fr\/","name":"Wilhelm Hundt GmbH","description":"Votre sp\u00e9cialiste en machines et outils pour le travail de la t\u00f4le","potentialAction":[{"@type":"SearchAction","target":{"@type":"EntryPoint","urlTemplate":"https:\/\/hundtgroup.com\/fr\/?s={search_term_string}"},"query-input":{"@type":"PropertyValueSpecification","valueRequired":true,"valueName":"search_term_string"}}],"inLanguage":"fr-FR"}]}},"_links":{"self":[{"href":"https:\/\/hundtgroup.com\/fr\/wp-json\/wp\/v2\/product\/36692","targetHints":{"allow":["GET"]}}],"collection":[{"href":"https:\/\/hundtgroup.com\/fr\/wp-json\/wp\/v2\/product"}],"about":[{"href":"https:\/\/hundtgroup.com\/fr\/wp-json\/wp\/v2\/types\/product"}],"wp:featuredmedia":[{"embeddable":true,"href":"https:\/\/hundtgroup.com\/fr\/wp-json\/wp\/v2\/media\/34570"}],"wp:attachment":[{"href":"https:\/\/hundtgroup.com\/fr\/wp-json\/wp\/v2\/media?parent=36692"}],"wp:term":[{"taxonomy":"product_cat","embeddable":true,"href":"https:\/\/hundtgroup.com\/fr\/wp-json\/wp\/v2\/product_cat?post=36692"},{"taxonomy":"product_tag","embeddable":true,"href":"https:\/\/hundtgroup.com\/fr\/wp-json\/wp\/v2\/product_tag?post=36692"}],"curies":[{"name":"wp","href":"https:\/\/api.w.org\/{rel}","templated":true}]}}