{"id":36705,"date":"2022-10-26T15:59:16","date_gmt":"2022-10-26T13:59:16","guid":{"rendered":"https:\/\/hundtgroup.com\/produkt\/outil-de-pose-de-rivets-sans-fil-accubird\/"},"modified":"2025-08-01T11:54:54","modified_gmt":"2025-08-01T09:54:54","slug":"outil-de-pose-de-rivets-sans-fil-accubird","status":"publish","type":"product","link":"https:\/\/hundtgroup.com\/fr\/produkt\/outil-de-pose-de-rivets-sans-fil-accubird\/","title":{"rendered":"Outil de pose de rivets sans fil AccuBird"},"content":{"rendered":"<p>L&rsquo;appareil sans fil pour une utilisation flexible dans le domaine de l&rsquo;assemblage et de la production industrielle<br \/>\nForce de pose \u00e9lev\u00e9e pour une grande plage de travail jusqu&rsquo;\u00e0 5 mm de diam\u00e8tre de tous les mat\u00e9riaux<br \/>\nRivets aveugles BULB-TITE 4 ; 5,2 et 6,3 mm de diam\u00e8tre Alu et acier<br \/>\nGrande capacit\u00e9 de pi\u00e8ces par charge de batterie<br \/>\nGrande course de l&rsquo;appareil de 20 mm<\/p>\n","protected":false},"excerpt":{"rendered":"<p>L&rsquo;appareil sans fil pour une utilisation flexible dans le domaine de l&rsquo;assemblage et de la production industrielle Force de pose \u00e9lev\u00e9e pour une grande plage de travail jusqu&rsquo;\u00e0 5 mm de diam\u00e8tre de tous les mat\u00e9riaux Rivets aveugles BULB-TITE 4 ; 5,2 et 6,3 mm de diam\u00e8tre Alu et acier Grande capacit\u00e9 de pi\u00e8ces par [&hellip;]<\/p>\n","protected":false},"featured_media":33535,"template":"","meta":{"_acf_changed":false,"inline_featured_image":false},"product_cat":[2846,1221,1223,658,2827],"product_tag":[],"class_list":{"0":"post-36705","1":"product","2":"type-product","3":"status-publish","4":"has-post-thumbnail","6":"brand-gesipa","7":"product_cat-outils-de-rivetage-fr","8":"product_cat-outils-de-rivetage","9":"product_cat-batterie","10":"product_cat-outils-sans-fil","11":"product_cat-regle-en-acier-flexible","13":"first","14":"instock","15":"taxable","16":"shipping-taxable","17":"purchasable","18":"product-type-simple","19":"add-to-wishlist-before_image"},"acf":[],"yoast_head":"<!-- This site is optimized with the Yoast SEO plugin v27.3 - https:\/\/yoast.com\/product\/yoast-seo-wordpress\/ -->\n<title>Outil de pose de rivets sans fil AccuBird - Wilhelm Hundt GmbH<\/title>\n<meta name=\"robots\" content=\"index, follow, max-snippet:-1, max-image-preview:large, max-video-preview:-1\" \/>\n<link rel=\"canonical\" href=\"https:\/\/hundtgroup.com\/fr\/produkt\/outil-de-pose-de-rivets-sans-fil-accubird\/\" \/>\n<meta property=\"og:locale\" content=\"fr_FR\" \/>\n<meta property=\"og:type\" content=\"article\" \/>\n<meta property=\"og:title\" content=\"Outil de pose de rivets sans fil AccuBird - Wilhelm Hundt GmbH\" \/>\n<meta property=\"og:description\" content=\"L&rsquo;appareil sans fil pour une utilisation flexible dans le domaine de l&rsquo;assemblage et de la production industrielle Force de pose \u00e9lev\u00e9e pour une grande plage de travail jusqu&rsquo;\u00e0 5 mm de diam\u00e8tre de tous les mat\u00e9riaux Rivets aveugles BULB-TITE 4 ; 5,2 et 6,3 mm de diam\u00e8tre Alu et acier Grande capacit\u00e9 de pi\u00e8ces par [&hellip;]\" \/>\n<meta property=\"og:url\" content=\"https:\/\/hundtgroup.com\/fr\/produkt\/outil-de-pose-de-rivets-sans-fil-accubird\/\" \/>\n<meta property=\"og:site_name\" content=\"Wilhelm Hundt GmbH\" \/>\n<meta property=\"article:modified_time\" content=\"2025-08-01T09:54:54+00:00\" \/>\n<meta property=\"og:image\" content=\"https:\/\/hundtgroup.com\/wp-content\/uploads\/500849.png\" \/>\n\t<meta property=\"og:image:width\" content=\"447\" \/>\n\t<meta property=\"og:image:height\" content=\"480\" \/>\n\t<meta property=\"og:image:type\" content=\"image\/png\" \/>\n<meta name=\"twitter:card\" content=\"summary_large_image\" \/>\n<script type=\"application\/ld+json\" class=\"yoast-schema-graph\">{\"@context\":\"https:\\\/\\\/schema.org\",\"@graph\":[{\"@type\":\"WebPage\",\"@id\":\"https:\\\/\\\/hundtgroup.com\\\/fr\\\/produkt\\\/outil-de-pose-de-rivets-sans-fil-accubird\\\/\",\"url\":\"https:\\\/\\\/hundtgroup.com\\\/fr\\\/produkt\\\/outil-de-pose-de-rivets-sans-fil-accubird\\\/\",\"name\":\"Outil de pose de rivets sans fil AccuBird - Wilhelm Hundt GmbH\",\"isPartOf\":{\"@id\":\"https:\\\/\\\/hundtgroup.com\\\/fr\\\/#website\"},\"primaryImageOfPage\":{\"@id\":\"https:\\\/\\\/hundtgroup.com\\\/fr\\\/produkt\\\/outil-de-pose-de-rivets-sans-fil-accubird\\\/#primaryimage\"},\"image\":{\"@id\":\"https:\\\/\\\/hundtgroup.com\\\/fr\\\/produkt\\\/outil-de-pose-de-rivets-sans-fil-accubird\\\/#primaryimage\"},\"thumbnailUrl\":\"https:\\\/\\\/hundtgroup.com\\\/wp-content\\\/uploads\\\/500849.png\",\"datePublished\":\"2022-10-26T13:59:16+00:00\",\"dateModified\":\"2025-08-01T09:54:54+00:00\",\"breadcrumb\":{\"@id\":\"https:\\\/\\\/hundtgroup.com\\\/fr\\\/produkt\\\/outil-de-pose-de-rivets-sans-fil-accubird\\\/#breadcrumb\"},\"inLanguage\":\"fr-FR\",\"potentialAction\":[{\"@type\":\"ReadAction\",\"target\":[\"https:\\\/\\\/hundtgroup.com\\\/fr\\\/produkt\\\/outil-de-pose-de-rivets-sans-fil-accubird\\\/\"]}]},{\"@type\":\"ImageObject\",\"inLanguage\":\"fr-FR\",\"@id\":\"https:\\\/\\\/hundtgroup.com\\\/fr\\\/produkt\\\/outil-de-pose-de-rivets-sans-fil-accubird\\\/#primaryimage\",\"url\":\"https:\\\/\\\/hundtgroup.com\\\/wp-content\\\/uploads\\\/500849.png\",\"contentUrl\":\"https:\\\/\\\/hundtgroup.com\\\/wp-content\\\/uploads\\\/500849.png\",\"width\":447,\"height\":480},{\"@type\":\"BreadcrumbList\",\"@id\":\"https:\\\/\\\/hundtgroup.com\\\/fr\\\/produkt\\\/outil-de-pose-de-rivets-sans-fil-accubird\\\/#breadcrumb\",\"itemListElement\":[{\"@type\":\"ListItem\",\"position\":1,\"name\":\"Startseite\",\"item\":\"https:\\\/\\\/hundtgroup.com\\\/fr\\\/accueil-nouveau\\\/\"},{\"@type\":\"ListItem\",\"position\":2,\"name\":\"Boutique\",\"item\":\"https:\\\/\\\/hundtgroup.com\\\/boutique\\\/\"},{\"@type\":\"ListItem\",\"position\":3,\"name\":\"Outil de pose de rivets sans fil AccuBird\"}]},{\"@type\":\"WebSite\",\"@id\":\"https:\\\/\\\/hundtgroup.com\\\/fr\\\/#website\",\"url\":\"https:\\\/\\\/hundtgroup.com\\\/fr\\\/\",\"name\":\"Wilhelm Hundt GmbH\",\"description\":\"Votre sp\u00e9cialiste en machines et outils pour le travail de la t\u00f4le\",\"potentialAction\":[{\"@type\":\"SearchAction\",\"target\":{\"@type\":\"EntryPoint\",\"urlTemplate\":\"https:\\\/\\\/hundtgroup.com\\\/fr\\\/?s={search_term_string}\"},\"query-input\":{\"@type\":\"PropertyValueSpecification\",\"valueRequired\":true,\"valueName\":\"search_term_string\"}}],\"inLanguage\":\"fr-FR\"}]}<\/script>\n<!-- \/ Yoast SEO plugin. -->","yoast_head_json":{"title":"Outil de pose de rivets sans fil AccuBird - Wilhelm Hundt GmbH","robots":{"index":"index","follow":"follow","max-snippet":"max-snippet:-1","max-image-preview":"max-image-preview:large","max-video-preview":"max-video-preview:-1"},"canonical":"https:\/\/hundtgroup.com\/fr\/produkt\/outil-de-pose-de-rivets-sans-fil-accubird\/","og_locale":"fr_FR","og_type":"article","og_title":"Outil de pose de rivets sans fil AccuBird - Wilhelm Hundt GmbH","og_description":"L&rsquo;appareil sans fil pour une utilisation flexible dans le domaine de l&rsquo;assemblage et de la production industrielle Force de pose \u00e9lev\u00e9e pour une grande plage de travail jusqu&rsquo;\u00e0 5 mm de diam\u00e8tre de tous les mat\u00e9riaux Rivets aveugles BULB-TITE 4 ; 5,2 et 6,3 mm de diam\u00e8tre Alu et acier Grande capacit\u00e9 de pi\u00e8ces par [&hellip;]","og_url":"https:\/\/hundtgroup.com\/fr\/produkt\/outil-de-pose-de-rivets-sans-fil-accubird\/","og_site_name":"Wilhelm Hundt GmbH","article_modified_time":"2025-08-01T09:54:54+00:00","og_image":[{"width":447,"height":480,"url":"https:\/\/hundtgroup.com\/wp-content\/uploads\/500849.png","type":"image\/png"}],"twitter_card":"summary_large_image","schema":{"@context":"https:\/\/schema.org","@graph":[{"@type":"WebPage","@id":"https:\/\/hundtgroup.com\/fr\/produkt\/outil-de-pose-de-rivets-sans-fil-accubird\/","url":"https:\/\/hundtgroup.com\/fr\/produkt\/outil-de-pose-de-rivets-sans-fil-accubird\/","name":"Outil de pose de rivets sans fil AccuBird - Wilhelm Hundt GmbH","isPartOf":{"@id":"https:\/\/hundtgroup.com\/fr\/#website"},"primaryImageOfPage":{"@id":"https:\/\/hundtgroup.com\/fr\/produkt\/outil-de-pose-de-rivets-sans-fil-accubird\/#primaryimage"},"image":{"@id":"https:\/\/hundtgroup.com\/fr\/produkt\/outil-de-pose-de-rivets-sans-fil-accubird\/#primaryimage"},"thumbnailUrl":"https:\/\/hundtgroup.com\/wp-content\/uploads\/500849.png","datePublished":"2022-10-26T13:59:16+00:00","dateModified":"2025-08-01T09:54:54+00:00","breadcrumb":{"@id":"https:\/\/hundtgroup.com\/fr\/produkt\/outil-de-pose-de-rivets-sans-fil-accubird\/#breadcrumb"},"inLanguage":"fr-FR","potentialAction":[{"@type":"ReadAction","target":["https:\/\/hundtgroup.com\/fr\/produkt\/outil-de-pose-de-rivets-sans-fil-accubird\/"]}]},{"@type":"ImageObject","inLanguage":"fr-FR","@id":"https:\/\/hundtgroup.com\/fr\/produkt\/outil-de-pose-de-rivets-sans-fil-accubird\/#primaryimage","url":"https:\/\/hundtgroup.com\/wp-content\/uploads\/500849.png","contentUrl":"https:\/\/hundtgroup.com\/wp-content\/uploads\/500849.png","width":447,"height":480},{"@type":"BreadcrumbList","@id":"https:\/\/hundtgroup.com\/fr\/produkt\/outil-de-pose-de-rivets-sans-fil-accubird\/#breadcrumb","itemListElement":[{"@type":"ListItem","position":1,"name":"Startseite","item":"https:\/\/hundtgroup.com\/fr\/accueil-nouveau\/"},{"@type":"ListItem","position":2,"name":"Boutique","item":"https:\/\/hundtgroup.com\/boutique\/"},{"@type":"ListItem","position":3,"name":"Outil de pose de rivets sans fil AccuBird"}]},{"@type":"WebSite","@id":"https:\/\/hundtgroup.com\/fr\/#website","url":"https:\/\/hundtgroup.com\/fr\/","name":"Wilhelm Hundt GmbH","description":"Votre sp\u00e9cialiste en machines et outils pour le travail de la t\u00f4le","potentialAction":[{"@type":"SearchAction","target":{"@type":"EntryPoint","urlTemplate":"https:\/\/hundtgroup.com\/fr\/?s={search_term_string}"},"query-input":{"@type":"PropertyValueSpecification","valueRequired":true,"valueName":"search_term_string"}}],"inLanguage":"fr-FR"}]}},"_links":{"self":[{"href":"https:\/\/hundtgroup.com\/fr\/wp-json\/wp\/v2\/product\/36705","targetHints":{"allow":["GET"]}}],"collection":[{"href":"https:\/\/hundtgroup.com\/fr\/wp-json\/wp\/v2\/product"}],"about":[{"href":"https:\/\/hundtgroup.com\/fr\/wp-json\/wp\/v2\/types\/product"}],"wp:featuredmedia":[{"embeddable":true,"href":"https:\/\/hundtgroup.com\/fr\/wp-json\/wp\/v2\/media\/33535"}],"wp:attachment":[{"href":"https:\/\/hundtgroup.com\/fr\/wp-json\/wp\/v2\/media?parent=36705"}],"wp:term":[{"taxonomy":"product_cat","embeddable":true,"href":"https:\/\/hundtgroup.com\/fr\/wp-json\/wp\/v2\/product_cat?post=36705"},{"taxonomy":"product_tag","embeddable":true,"href":"https:\/\/hundtgroup.com\/fr\/wp-json\/wp\/v2\/product_tag?post=36705"}],"curies":[{"name":"wp","href":"https:\/\/api.w.org\/{rel}","templated":true}]}}