{"id":37237,"date":"2025-06-18T18:31:21","date_gmt":"2025-06-18T16:31:21","guid":{"rendered":"https:\/\/hundtgroup.com\/produkt\/scie-a-percer-stichling\/"},"modified":"2025-08-05T17:46:02","modified_gmt":"2025-08-05T15:46:02","slug":"scie-a-percer-stichling","status":"publish","type":"product","link":"https:\/\/hundtgroup.com\/fr\/produkt\/scie-a-percer-stichling\/","title":{"rendered":"Scie \u00e0 percer Stichling"},"content":{"rendered":"<p>Avec manche en plastique, pour percer et scier, id\u00e9al pour scier les petits rayons gr\u00e2ce \u00e0 la denture circulaire, avec pointe de per\u00e7age et cuill\u00e8re, convient pour le placopl\u00e2tre, le bois, le cuir, le caoutchouc, les mati\u00e8res plastiques, les mati\u00e8res press\u00e9es<\/p>\n","protected":false},"excerpt":{"rendered":"<p>Avec manche en plastique, pour percer et scier, id\u00e9al pour scier les petits rayons gr\u00e2ce \u00e0 la denture circulaire, avec pointe de per\u00e7age et cuill\u00e8re, convient pour le placopl\u00e2tre, le bois, le cuir, le caoutchouc, les mati\u00e8res plastiques, les mati\u00e8res press\u00e9es<\/p>\n","protected":false},"featured_media":35630,"template":"","meta":{"_acf_changed":false,"inline_featured_image":false},"product_cat":[1143,1300,1296],"product_tag":[],"class_list":{"0":"post-37237","1":"product","2":"type-product","3":"status-publish","4":"has-post-thumbnail","6":"brand-hundt","7":"product_cat-outils-a-main","8":"product_cat-scie","9":"product_cat-outils-de-construction-a-sec","11":"first","12":"instock","13":"taxable","14":"shipping-taxable","15":"purchasable","16":"product-type-simple","17":"add-to-wishlist-before_image"},"acf":[],"yoast_head":"<!-- This site is optimized with the Yoast SEO plugin v27.3 - https:\/\/yoast.com\/product\/yoast-seo-wordpress\/ -->\n<title>Scie \u00e0 percer Stichling - Wilhelm Hundt GmbH<\/title>\n<meta name=\"robots\" content=\"index, follow, max-snippet:-1, max-image-preview:large, max-video-preview:-1\" \/>\n<link rel=\"canonical\" href=\"https:\/\/hundtgroup.com\/fr\/produkt\/scie-a-percer-stichling\/\" \/>\n<meta property=\"og:locale\" content=\"fr_FR\" \/>\n<meta property=\"og:type\" content=\"article\" \/>\n<meta property=\"og:title\" content=\"Scie \u00e0 percer Stichling - Wilhelm Hundt GmbH\" \/>\n<meta property=\"og:description\" content=\"Avec manche en plastique, pour percer et scier, id\u00e9al pour scier les petits rayons gr\u00e2ce \u00e0 la denture circulaire, avec pointe de per\u00e7age et cuill\u00e8re, convient pour le placopl\u00e2tre, le bois, le cuir, le caoutchouc, les mati\u00e8res plastiques, les mati\u00e8res press\u00e9es\" \/>\n<meta property=\"og:url\" content=\"https:\/\/hundtgroup.com\/fr\/produkt\/scie-a-percer-stichling\/\" \/>\n<meta property=\"og:site_name\" content=\"Wilhelm Hundt GmbH\" \/>\n<meta property=\"article:modified_time\" content=\"2025-08-05T15:46:02+00:00\" \/>\n<meta property=\"og:image\" content=\"https:\/\/hundtgroup.com\/wp-content\/uploads\/470276.jpg\" \/>\n\t<meta property=\"og:image:width\" content=\"300\" \/>\n\t<meta property=\"og:image:height\" content=\"150\" \/>\n\t<meta property=\"og:image:type\" content=\"image\/jpeg\" \/>\n<meta name=\"twitter:card\" content=\"summary_large_image\" \/>\n<script type=\"application\/ld+json\" class=\"yoast-schema-graph\">{\"@context\":\"https:\\\/\\\/schema.org\",\"@graph\":[{\"@type\":\"WebPage\",\"@id\":\"https:\\\/\\\/hundtgroup.com\\\/fr\\\/produkt\\\/scie-a-percer-stichling\\\/\",\"url\":\"https:\\\/\\\/hundtgroup.com\\\/fr\\\/produkt\\\/scie-a-percer-stichling\\\/\",\"name\":\"Scie \u00e0 percer Stichling - Wilhelm Hundt GmbH\",\"isPartOf\":{\"@id\":\"https:\\\/\\\/hundtgroup.com\\\/fr\\\/#website\"},\"primaryImageOfPage\":{\"@id\":\"https:\\\/\\\/hundtgroup.com\\\/fr\\\/produkt\\\/scie-a-percer-stichling\\\/#primaryimage\"},\"image\":{\"@id\":\"https:\\\/\\\/hundtgroup.com\\\/fr\\\/produkt\\\/scie-a-percer-stichling\\\/#primaryimage\"},\"thumbnailUrl\":\"https:\\\/\\\/hundtgroup.com\\\/wp-content\\\/uploads\\\/470276.jpg\",\"datePublished\":\"2025-06-18T16:31:21+00:00\",\"dateModified\":\"2025-08-05T15:46:02+00:00\",\"breadcrumb\":{\"@id\":\"https:\\\/\\\/hundtgroup.com\\\/fr\\\/produkt\\\/scie-a-percer-stichling\\\/#breadcrumb\"},\"inLanguage\":\"fr-FR\",\"potentialAction\":[{\"@type\":\"ReadAction\",\"target\":[\"https:\\\/\\\/hundtgroup.com\\\/fr\\\/produkt\\\/scie-a-percer-stichling\\\/\"]}]},{\"@type\":\"ImageObject\",\"inLanguage\":\"fr-FR\",\"@id\":\"https:\\\/\\\/hundtgroup.com\\\/fr\\\/produkt\\\/scie-a-percer-stichling\\\/#primaryimage\",\"url\":\"https:\\\/\\\/hundtgroup.com\\\/wp-content\\\/uploads\\\/470276.jpg\",\"contentUrl\":\"https:\\\/\\\/hundtgroup.com\\\/wp-content\\\/uploads\\\/470276.jpg\",\"width\":300,\"height\":150},{\"@type\":\"BreadcrumbList\",\"@id\":\"https:\\\/\\\/hundtgroup.com\\\/fr\\\/produkt\\\/scie-a-percer-stichling\\\/#breadcrumb\",\"itemListElement\":[{\"@type\":\"ListItem\",\"position\":1,\"name\":\"Startseite\",\"item\":\"https:\\\/\\\/hundtgroup.com\\\/fr\\\/accueil-nouveau\\\/\"},{\"@type\":\"ListItem\",\"position\":2,\"name\":\"Boutique\",\"item\":\"https:\\\/\\\/hundtgroup.com\\\/boutique\\\/\"},{\"@type\":\"ListItem\",\"position\":3,\"name\":\"Scie \u00e0 percer Stichling\"}]},{\"@type\":\"WebSite\",\"@id\":\"https:\\\/\\\/hundtgroup.com\\\/fr\\\/#website\",\"url\":\"https:\\\/\\\/hundtgroup.com\\\/fr\\\/\",\"name\":\"Wilhelm Hundt GmbH\",\"description\":\"Votre sp\u00e9cialiste en machines et outils pour le travail de la t\u00f4le\",\"potentialAction\":[{\"@type\":\"SearchAction\",\"target\":{\"@type\":\"EntryPoint\",\"urlTemplate\":\"https:\\\/\\\/hundtgroup.com\\\/fr\\\/?s={search_term_string}\"},\"query-input\":{\"@type\":\"PropertyValueSpecification\",\"valueRequired\":true,\"valueName\":\"search_term_string\"}}],\"inLanguage\":\"fr-FR\"}]}<\/script>\n<!-- \/ Yoast SEO plugin. -->","yoast_head_json":{"title":"Scie \u00e0 percer Stichling - Wilhelm Hundt GmbH","robots":{"index":"index","follow":"follow","max-snippet":"max-snippet:-1","max-image-preview":"max-image-preview:large","max-video-preview":"max-video-preview:-1"},"canonical":"https:\/\/hundtgroup.com\/fr\/produkt\/scie-a-percer-stichling\/","og_locale":"fr_FR","og_type":"article","og_title":"Scie \u00e0 percer Stichling - Wilhelm Hundt GmbH","og_description":"Avec manche en plastique, pour percer et scier, id\u00e9al pour scier les petits rayons gr\u00e2ce \u00e0 la denture circulaire, avec pointe de per\u00e7age et cuill\u00e8re, convient pour le placopl\u00e2tre, le bois, le cuir, le caoutchouc, les mati\u00e8res plastiques, les mati\u00e8res press\u00e9es","og_url":"https:\/\/hundtgroup.com\/fr\/produkt\/scie-a-percer-stichling\/","og_site_name":"Wilhelm Hundt GmbH","article_modified_time":"2025-08-05T15:46:02+00:00","og_image":[{"width":300,"height":150,"url":"https:\/\/hundtgroup.com\/wp-content\/uploads\/470276.jpg","type":"image\/jpeg"}],"twitter_card":"summary_large_image","schema":{"@context":"https:\/\/schema.org","@graph":[{"@type":"WebPage","@id":"https:\/\/hundtgroup.com\/fr\/produkt\/scie-a-percer-stichling\/","url":"https:\/\/hundtgroup.com\/fr\/produkt\/scie-a-percer-stichling\/","name":"Scie \u00e0 percer Stichling - Wilhelm Hundt GmbH","isPartOf":{"@id":"https:\/\/hundtgroup.com\/fr\/#website"},"primaryImageOfPage":{"@id":"https:\/\/hundtgroup.com\/fr\/produkt\/scie-a-percer-stichling\/#primaryimage"},"image":{"@id":"https:\/\/hundtgroup.com\/fr\/produkt\/scie-a-percer-stichling\/#primaryimage"},"thumbnailUrl":"https:\/\/hundtgroup.com\/wp-content\/uploads\/470276.jpg","datePublished":"2025-06-18T16:31:21+00:00","dateModified":"2025-08-05T15:46:02+00:00","breadcrumb":{"@id":"https:\/\/hundtgroup.com\/fr\/produkt\/scie-a-percer-stichling\/#breadcrumb"},"inLanguage":"fr-FR","potentialAction":[{"@type":"ReadAction","target":["https:\/\/hundtgroup.com\/fr\/produkt\/scie-a-percer-stichling\/"]}]},{"@type":"ImageObject","inLanguage":"fr-FR","@id":"https:\/\/hundtgroup.com\/fr\/produkt\/scie-a-percer-stichling\/#primaryimage","url":"https:\/\/hundtgroup.com\/wp-content\/uploads\/470276.jpg","contentUrl":"https:\/\/hundtgroup.com\/wp-content\/uploads\/470276.jpg","width":300,"height":150},{"@type":"BreadcrumbList","@id":"https:\/\/hundtgroup.com\/fr\/produkt\/scie-a-percer-stichling\/#breadcrumb","itemListElement":[{"@type":"ListItem","position":1,"name":"Startseite","item":"https:\/\/hundtgroup.com\/fr\/accueil-nouveau\/"},{"@type":"ListItem","position":2,"name":"Boutique","item":"https:\/\/hundtgroup.com\/boutique\/"},{"@type":"ListItem","position":3,"name":"Scie \u00e0 percer Stichling"}]},{"@type":"WebSite","@id":"https:\/\/hundtgroup.com\/fr\/#website","url":"https:\/\/hundtgroup.com\/fr\/","name":"Wilhelm Hundt GmbH","description":"Votre sp\u00e9cialiste en machines et outils pour le travail de la t\u00f4le","potentialAction":[{"@type":"SearchAction","target":{"@type":"EntryPoint","urlTemplate":"https:\/\/hundtgroup.com\/fr\/?s={search_term_string}"},"query-input":{"@type":"PropertyValueSpecification","valueRequired":true,"valueName":"search_term_string"}}],"inLanguage":"fr-FR"}]}},"_links":{"self":[{"href":"https:\/\/hundtgroup.com\/fr\/wp-json\/wp\/v2\/product\/37237","targetHints":{"allow":["GET"]}}],"collection":[{"href":"https:\/\/hundtgroup.com\/fr\/wp-json\/wp\/v2\/product"}],"about":[{"href":"https:\/\/hundtgroup.com\/fr\/wp-json\/wp\/v2\/types\/product"}],"wp:featuredmedia":[{"embeddable":true,"href":"https:\/\/hundtgroup.com\/fr\/wp-json\/wp\/v2\/media\/35630"}],"wp:attachment":[{"href":"https:\/\/hundtgroup.com\/fr\/wp-json\/wp\/v2\/media?parent=37237"}],"wp:term":[{"taxonomy":"product_cat","embeddable":true,"href":"https:\/\/hundtgroup.com\/fr\/wp-json\/wp\/v2\/product_cat?post=37237"},{"taxonomy":"product_tag","embeddable":true,"href":"https:\/\/hundtgroup.com\/fr\/wp-json\/wp\/v2\/product_tag?post=37237"}],"curies":[{"name":"wp","href":"https:\/\/api.w.org\/{rel}","templated":true}]}}