{"id":37312,"date":"2025-06-18T18:31:33","date_gmt":"2025-06-18T16:31:33","guid":{"rendered":"https:\/\/hundtgroup.com\/produkt\/fein-abls-18-1-6-e-cisaille-a-tole-sans-fil-18v-40-ah\/"},"modified":"2025-08-01T11:20:39","modified_gmt":"2025-08-01T09:20:39","slug":"fein-abls-18-1-6-e-cisaille-a-tole-sans-fil-18v-40-ah","status":"publish","type":"product","link":"https:\/\/hundtgroup.com\/fr\/produkt\/fein-abls-18-1-6-e-cisaille-a-tole-sans-fil-18v-40-ah\/","title":{"rendered":"Fein ABLS 18 1.6 E Cisaille \u00e0 t\u00f4le sans fil 18V 4,0 Ah"},"content":{"rendered":"<p>Cisaille \u00e0 t\u00f4le sans fil maniable et curviligne pour la coupe et le rognage de t\u00f4les fines. Comprend un chargeur GAL 1880 CV AS, 2x batteries LiIon GBA 18V 4.0 Ah AS, un deuxi\u00e8me poussoir et une lame de table, un marqueur permanent, du ruban de peintre et un m\u00e8tre. <\/p>\n","protected":false},"excerpt":{"rendered":"<p>Cisaille \u00e0 t\u00f4le sans fil maniable et curviligne pour la coupe et le rognage de t\u00f4les fines. Comprend un chargeur GAL 1880 CV AS, 2x batteries LiIon GBA 18V 4.0 Ah AS, un deuxi\u00e8me poussoir et une lame de table, un marqueur permanent, du ruban de peintre et un m\u00e8tre.<\/p>\n","protected":false},"featured_media":35441,"template":"","meta":{"_acf_changed":false,"inline_featured_image":false},"product_cat":[658,1308],"product_tag":[],"class_list":{"0":"post-37312","1":"product","2":"type-product","3":"status-publish","4":"has-post-thumbnail","6":"brand-fein","7":"product_cat-outils-sans-fil","8":"product_cat-ciseaux-fr-2","10":"first","11":"instock","12":"taxable","13":"shipping-taxable","14":"purchasable","15":"product-type-simple","16":"add-to-wishlist-before_image"},"acf":[],"yoast_head":"<!-- This site is optimized with the Yoast SEO plugin v27.3 - https:\/\/yoast.com\/product\/yoast-seo-wordpress\/ -->\n<title>Fein ABLS 18 1.6 E Cisaille \u00e0 t\u00f4le sans fil 18V 4,0 Ah - Wilhelm Hundt GmbH<\/title>\n<meta name=\"robots\" content=\"index, follow, max-snippet:-1, max-image-preview:large, max-video-preview:-1\" \/>\n<link rel=\"canonical\" href=\"https:\/\/hundtgroup.com\/fr\/produkt\/fein-abls-18-1-6-e-cisaille-a-tole-sans-fil-18v-40-ah\/\" \/>\n<meta property=\"og:locale\" content=\"fr_FR\" \/>\n<meta property=\"og:type\" content=\"article\" \/>\n<meta property=\"og:title\" content=\"Fein ABLS 18 1.6 E Cisaille \u00e0 t\u00f4le sans fil 18V 4,0 Ah - Wilhelm Hundt GmbH\" \/>\n<meta property=\"og:description\" content=\"Cisaille \u00e0 t\u00f4le sans fil maniable et curviligne pour la coupe et le rognage de t\u00f4les fines. Comprend un chargeur GAL 1880 CV AS, 2x batteries LiIon GBA 18V 4.0 Ah AS, un deuxi\u00e8me poussoir et une lame de table, un marqueur permanent, du ruban de peintre et un m\u00e8tre.\" \/>\n<meta property=\"og:url\" content=\"https:\/\/hundtgroup.com\/fr\/produkt\/fein-abls-18-1-6-e-cisaille-a-tole-sans-fil-18v-40-ah\/\" \/>\n<meta property=\"og:site_name\" content=\"Wilhelm Hundt GmbH\" \/>\n<meta property=\"article:modified_time\" content=\"2025-08-01T09:20:39+00:00\" \/>\n<meta property=\"og:image\" content=\"https:\/\/hundtgroup.com\/wp-content\/uploads\/363640.jpg\" \/>\n\t<meta property=\"og:image:width\" content=\"1000\" \/>\n\t<meta property=\"og:image:height\" content=\"1000\" \/>\n\t<meta property=\"og:image:type\" content=\"image\/jpeg\" \/>\n<meta name=\"twitter:card\" content=\"summary_large_image\" \/>\n<script type=\"application\/ld+json\" class=\"yoast-schema-graph\">{\"@context\":\"https:\\\/\\\/schema.org\",\"@graph\":[{\"@type\":\"WebPage\",\"@id\":\"https:\\\/\\\/hundtgroup.com\\\/fr\\\/produkt\\\/fein-abls-18-1-6-e-cisaille-a-tole-sans-fil-18v-40-ah\\\/\",\"url\":\"https:\\\/\\\/hundtgroup.com\\\/fr\\\/produkt\\\/fein-abls-18-1-6-e-cisaille-a-tole-sans-fil-18v-40-ah\\\/\",\"name\":\"Fein ABLS 18 1.6 E Cisaille \u00e0 t\u00f4le sans fil 18V 4,0 Ah - Wilhelm Hundt GmbH\",\"isPartOf\":{\"@id\":\"https:\\\/\\\/hundtgroup.com\\\/fr\\\/#website\"},\"primaryImageOfPage\":{\"@id\":\"https:\\\/\\\/hundtgroup.com\\\/fr\\\/produkt\\\/fein-abls-18-1-6-e-cisaille-a-tole-sans-fil-18v-40-ah\\\/#primaryimage\"},\"image\":{\"@id\":\"https:\\\/\\\/hundtgroup.com\\\/fr\\\/produkt\\\/fein-abls-18-1-6-e-cisaille-a-tole-sans-fil-18v-40-ah\\\/#primaryimage\"},\"thumbnailUrl\":\"https:\\\/\\\/hundtgroup.com\\\/wp-content\\\/uploads\\\/363640.jpg\",\"datePublished\":\"2025-06-18T16:31:33+00:00\",\"dateModified\":\"2025-08-01T09:20:39+00:00\",\"breadcrumb\":{\"@id\":\"https:\\\/\\\/hundtgroup.com\\\/fr\\\/produkt\\\/fein-abls-18-1-6-e-cisaille-a-tole-sans-fil-18v-40-ah\\\/#breadcrumb\"},\"inLanguage\":\"fr-FR\",\"potentialAction\":[{\"@type\":\"ReadAction\",\"target\":[\"https:\\\/\\\/hundtgroup.com\\\/fr\\\/produkt\\\/fein-abls-18-1-6-e-cisaille-a-tole-sans-fil-18v-40-ah\\\/\"]}]},{\"@type\":\"ImageObject\",\"inLanguage\":\"fr-FR\",\"@id\":\"https:\\\/\\\/hundtgroup.com\\\/fr\\\/produkt\\\/fein-abls-18-1-6-e-cisaille-a-tole-sans-fil-18v-40-ah\\\/#primaryimage\",\"url\":\"https:\\\/\\\/hundtgroup.com\\\/wp-content\\\/uploads\\\/363640.jpg\",\"contentUrl\":\"https:\\\/\\\/hundtgroup.com\\\/wp-content\\\/uploads\\\/363640.jpg\",\"width\":1000,\"height\":1000},{\"@type\":\"BreadcrumbList\",\"@id\":\"https:\\\/\\\/hundtgroup.com\\\/fr\\\/produkt\\\/fein-abls-18-1-6-e-cisaille-a-tole-sans-fil-18v-40-ah\\\/#breadcrumb\",\"itemListElement\":[{\"@type\":\"ListItem\",\"position\":1,\"name\":\"Startseite\",\"item\":\"https:\\\/\\\/hundtgroup.com\\\/fr\\\/accueil-nouveau\\\/\"},{\"@type\":\"ListItem\",\"position\":2,\"name\":\"Boutique\",\"item\":\"https:\\\/\\\/hundtgroup.com\\\/boutique\\\/\"},{\"@type\":\"ListItem\",\"position\":3,\"name\":\"Fein ABLS 18 1.6 E Cisaille \u00e0 t\u00f4le sans fil 18V 4,0 Ah\"}]},{\"@type\":\"WebSite\",\"@id\":\"https:\\\/\\\/hundtgroup.com\\\/fr\\\/#website\",\"url\":\"https:\\\/\\\/hundtgroup.com\\\/fr\\\/\",\"name\":\"Wilhelm Hundt GmbH\",\"description\":\"Votre sp\u00e9cialiste en machines et outils pour le travail de la t\u00f4le\",\"potentialAction\":[{\"@type\":\"SearchAction\",\"target\":{\"@type\":\"EntryPoint\",\"urlTemplate\":\"https:\\\/\\\/hundtgroup.com\\\/fr\\\/?s={search_term_string}\"},\"query-input\":{\"@type\":\"PropertyValueSpecification\",\"valueRequired\":true,\"valueName\":\"search_term_string\"}}],\"inLanguage\":\"fr-FR\"}]}<\/script>\n<!-- \/ Yoast SEO plugin. -->","yoast_head_json":{"title":"Fein ABLS 18 1.6 E Cisaille \u00e0 t\u00f4le sans fil 18V 4,0 Ah - Wilhelm Hundt GmbH","robots":{"index":"index","follow":"follow","max-snippet":"max-snippet:-1","max-image-preview":"max-image-preview:large","max-video-preview":"max-video-preview:-1"},"canonical":"https:\/\/hundtgroup.com\/fr\/produkt\/fein-abls-18-1-6-e-cisaille-a-tole-sans-fil-18v-40-ah\/","og_locale":"fr_FR","og_type":"article","og_title":"Fein ABLS 18 1.6 E Cisaille \u00e0 t\u00f4le sans fil 18V 4,0 Ah - Wilhelm Hundt GmbH","og_description":"Cisaille \u00e0 t\u00f4le sans fil maniable et curviligne pour la coupe et le rognage de t\u00f4les fines. Comprend un chargeur GAL 1880 CV AS, 2x batteries LiIon GBA 18V 4.0 Ah AS, un deuxi\u00e8me poussoir et une lame de table, un marqueur permanent, du ruban de peintre et un m\u00e8tre.","og_url":"https:\/\/hundtgroup.com\/fr\/produkt\/fein-abls-18-1-6-e-cisaille-a-tole-sans-fil-18v-40-ah\/","og_site_name":"Wilhelm Hundt GmbH","article_modified_time":"2025-08-01T09:20:39+00:00","og_image":[{"width":1000,"height":1000,"url":"https:\/\/hundtgroup.com\/wp-content\/uploads\/363640.jpg","type":"image\/jpeg"}],"twitter_card":"summary_large_image","schema":{"@context":"https:\/\/schema.org","@graph":[{"@type":"WebPage","@id":"https:\/\/hundtgroup.com\/fr\/produkt\/fein-abls-18-1-6-e-cisaille-a-tole-sans-fil-18v-40-ah\/","url":"https:\/\/hundtgroup.com\/fr\/produkt\/fein-abls-18-1-6-e-cisaille-a-tole-sans-fil-18v-40-ah\/","name":"Fein ABLS 18 1.6 E Cisaille \u00e0 t\u00f4le sans fil 18V 4,0 Ah - Wilhelm Hundt GmbH","isPartOf":{"@id":"https:\/\/hundtgroup.com\/fr\/#website"},"primaryImageOfPage":{"@id":"https:\/\/hundtgroup.com\/fr\/produkt\/fein-abls-18-1-6-e-cisaille-a-tole-sans-fil-18v-40-ah\/#primaryimage"},"image":{"@id":"https:\/\/hundtgroup.com\/fr\/produkt\/fein-abls-18-1-6-e-cisaille-a-tole-sans-fil-18v-40-ah\/#primaryimage"},"thumbnailUrl":"https:\/\/hundtgroup.com\/wp-content\/uploads\/363640.jpg","datePublished":"2025-06-18T16:31:33+00:00","dateModified":"2025-08-01T09:20:39+00:00","breadcrumb":{"@id":"https:\/\/hundtgroup.com\/fr\/produkt\/fein-abls-18-1-6-e-cisaille-a-tole-sans-fil-18v-40-ah\/#breadcrumb"},"inLanguage":"fr-FR","potentialAction":[{"@type":"ReadAction","target":["https:\/\/hundtgroup.com\/fr\/produkt\/fein-abls-18-1-6-e-cisaille-a-tole-sans-fil-18v-40-ah\/"]}]},{"@type":"ImageObject","inLanguage":"fr-FR","@id":"https:\/\/hundtgroup.com\/fr\/produkt\/fein-abls-18-1-6-e-cisaille-a-tole-sans-fil-18v-40-ah\/#primaryimage","url":"https:\/\/hundtgroup.com\/wp-content\/uploads\/363640.jpg","contentUrl":"https:\/\/hundtgroup.com\/wp-content\/uploads\/363640.jpg","width":1000,"height":1000},{"@type":"BreadcrumbList","@id":"https:\/\/hundtgroup.com\/fr\/produkt\/fein-abls-18-1-6-e-cisaille-a-tole-sans-fil-18v-40-ah\/#breadcrumb","itemListElement":[{"@type":"ListItem","position":1,"name":"Startseite","item":"https:\/\/hundtgroup.com\/fr\/accueil-nouveau\/"},{"@type":"ListItem","position":2,"name":"Boutique","item":"https:\/\/hundtgroup.com\/boutique\/"},{"@type":"ListItem","position":3,"name":"Fein ABLS 18 1.6 E Cisaille \u00e0 t\u00f4le sans fil 18V 4,0 Ah"}]},{"@type":"WebSite","@id":"https:\/\/hundtgroup.com\/fr\/#website","url":"https:\/\/hundtgroup.com\/fr\/","name":"Wilhelm Hundt GmbH","description":"Votre sp\u00e9cialiste en machines et outils pour le travail de la t\u00f4le","potentialAction":[{"@type":"SearchAction","target":{"@type":"EntryPoint","urlTemplate":"https:\/\/hundtgroup.com\/fr\/?s={search_term_string}"},"query-input":{"@type":"PropertyValueSpecification","valueRequired":true,"valueName":"search_term_string"}}],"inLanguage":"fr-FR"}]}},"_links":{"self":[{"href":"https:\/\/hundtgroup.com\/fr\/wp-json\/wp\/v2\/product\/37312","targetHints":{"allow":["GET"]}}],"collection":[{"href":"https:\/\/hundtgroup.com\/fr\/wp-json\/wp\/v2\/product"}],"about":[{"href":"https:\/\/hundtgroup.com\/fr\/wp-json\/wp\/v2\/types\/product"}],"wp:featuredmedia":[{"embeddable":true,"href":"https:\/\/hundtgroup.com\/fr\/wp-json\/wp\/v2\/media\/35441"}],"wp:attachment":[{"href":"https:\/\/hundtgroup.com\/fr\/wp-json\/wp\/v2\/media?parent=37312"}],"wp:term":[{"taxonomy":"product_cat","embeddable":true,"href":"https:\/\/hundtgroup.com\/fr\/wp-json\/wp\/v2\/product_cat?post=37312"},{"taxonomy":"product_tag","embeddable":true,"href":"https:\/\/hundtgroup.com\/fr\/wp-json\/wp\/v2\/product_tag?post=37312"}],"curies":[{"name":"wp","href":"https:\/\/api.w.org\/{rel}","templated":true}]}}