{"id":37361,"date":"2025-06-18T18:31:36","date_gmt":"2025-06-18T16:31:36","guid":{"rendered":"https:\/\/hundtgroup.com\/produkt\/perceuse-visseuse-gbm-10-re-bosch\/"},"modified":"2025-07-28T16:42:42","modified_gmt":"2025-07-28T14:42:42","slug":"perceuse-visseuse-gbm-10-re-bosch","status":"publish","type":"product","link":"https:\/\/hundtgroup.com\/fr\/produkt\/perceuse-visseuse-gbm-10-re-bosch\/","title":{"rendered":"Perceuse-visseuse GBM 10 RE Bosch"},"content":{"rendered":"<p>Design compact et poids r\u00e9duit pour une maniabilit\u00e9 optimale,<br \/>\nElectronique de commande pour un per\u00e7age pr\u00e9cis, mandrin \u00e0 serrage rapide en m\u00e9tal pour<br \/>\nhaute pr\u00e9cision et longue dur\u00e9e de vie, rotation \u00e0 droite\/gauche.<\/p>\n","protected":false},"excerpt":{"rendered":"<p>Design compact et poids r\u00e9duit pour une maniabilit\u00e9 optimale, Electronique de commande pour un per\u00e7age pr\u00e9cis, mandrin \u00e0 serrage rapide en m\u00e9tal pour haute pr\u00e9cision et longue dur\u00e9e de vie, rotation \u00e0 droite\/gauche.<\/p>\n","protected":false},"featured_media":35364,"template":"","meta":{"_acf_changed":false,"inline_featured_image":false},"product_cat":[670,1309],"product_tag":[],"class_list":{"0":"post-37361","1":"product","2":"type-product","3":"status-publish","4":"has-post-thumbnail","6":"brand-bosch","7":"product_cat-outils-electriques","8":"product_cat-perceuse-visseuse-fr","10":"first","11":"instock","12":"taxable","13":"shipping-taxable","14":"purchasable","15":"product-type-simple","16":"add-to-wishlist-before_image"},"acf":[],"yoast_head":"<!-- This site is optimized with the Yoast SEO plugin v27.3 - https:\/\/yoast.com\/product\/yoast-seo-wordpress\/ -->\n<title>Perceuse-visseuse GBM 10 RE Bosch - Wilhelm Hundt GmbH<\/title>\n<meta name=\"robots\" content=\"index, follow, max-snippet:-1, max-image-preview:large, max-video-preview:-1\" \/>\n<link rel=\"canonical\" href=\"https:\/\/hundtgroup.com\/fr\/produkt\/perceuse-visseuse-gbm-10-re-bosch\/\" \/>\n<meta property=\"og:locale\" content=\"fr_FR\" \/>\n<meta property=\"og:type\" content=\"article\" \/>\n<meta property=\"og:title\" content=\"Perceuse-visseuse GBM 10 RE Bosch - Wilhelm Hundt GmbH\" \/>\n<meta property=\"og:description\" content=\"Design compact et poids r\u00e9duit pour une maniabilit\u00e9 optimale, Electronique de commande pour un per\u00e7age pr\u00e9cis, mandrin \u00e0 serrage rapide en m\u00e9tal pour haute pr\u00e9cision et longue dur\u00e9e de vie, rotation \u00e0 droite\/gauche.\" \/>\n<meta property=\"og:url\" content=\"https:\/\/hundtgroup.com\/fr\/produkt\/perceuse-visseuse-gbm-10-re-bosch\/\" \/>\n<meta property=\"og:site_name\" content=\"Wilhelm Hundt GmbH\" \/>\n<meta property=\"article:modified_time\" content=\"2025-07-28T14:42:42+00:00\" \/>\n<meta property=\"og:image\" content=\"https:\/\/hundtgroup.com\/wp-content\/uploads\/341012.jpg\" \/>\n\t<meta property=\"og:image:width\" content=\"551\" \/>\n\t<meta property=\"og:image:height\" content=\"600\" \/>\n\t<meta property=\"og:image:type\" content=\"image\/jpeg\" \/>\n<meta name=\"twitter:card\" content=\"summary_large_image\" \/>\n<script type=\"application\/ld+json\" class=\"yoast-schema-graph\">{\"@context\":\"https:\\\/\\\/schema.org\",\"@graph\":[{\"@type\":\"WebPage\",\"@id\":\"https:\\\/\\\/hundtgroup.com\\\/fr\\\/produkt\\\/perceuse-visseuse-gbm-10-re-bosch\\\/\",\"url\":\"https:\\\/\\\/hundtgroup.com\\\/fr\\\/produkt\\\/perceuse-visseuse-gbm-10-re-bosch\\\/\",\"name\":\"Perceuse-visseuse GBM 10 RE Bosch - Wilhelm Hundt GmbH\",\"isPartOf\":{\"@id\":\"https:\\\/\\\/hundtgroup.com\\\/fr\\\/#website\"},\"primaryImageOfPage\":{\"@id\":\"https:\\\/\\\/hundtgroup.com\\\/fr\\\/produkt\\\/perceuse-visseuse-gbm-10-re-bosch\\\/#primaryimage\"},\"image\":{\"@id\":\"https:\\\/\\\/hundtgroup.com\\\/fr\\\/produkt\\\/perceuse-visseuse-gbm-10-re-bosch\\\/#primaryimage\"},\"thumbnailUrl\":\"https:\\\/\\\/hundtgroup.com\\\/wp-content\\\/uploads\\\/341012.jpg\",\"datePublished\":\"2025-06-18T16:31:36+00:00\",\"dateModified\":\"2025-07-28T14:42:42+00:00\",\"breadcrumb\":{\"@id\":\"https:\\\/\\\/hundtgroup.com\\\/fr\\\/produkt\\\/perceuse-visseuse-gbm-10-re-bosch\\\/#breadcrumb\"},\"inLanguage\":\"fr-FR\",\"potentialAction\":[{\"@type\":\"ReadAction\",\"target\":[\"https:\\\/\\\/hundtgroup.com\\\/fr\\\/produkt\\\/perceuse-visseuse-gbm-10-re-bosch\\\/\"]}]},{\"@type\":\"ImageObject\",\"inLanguage\":\"fr-FR\",\"@id\":\"https:\\\/\\\/hundtgroup.com\\\/fr\\\/produkt\\\/perceuse-visseuse-gbm-10-re-bosch\\\/#primaryimage\",\"url\":\"https:\\\/\\\/hundtgroup.com\\\/wp-content\\\/uploads\\\/341012.jpg\",\"contentUrl\":\"https:\\\/\\\/hundtgroup.com\\\/wp-content\\\/uploads\\\/341012.jpg\",\"width\":551,\"height\":600},{\"@type\":\"BreadcrumbList\",\"@id\":\"https:\\\/\\\/hundtgroup.com\\\/fr\\\/produkt\\\/perceuse-visseuse-gbm-10-re-bosch\\\/#breadcrumb\",\"itemListElement\":[{\"@type\":\"ListItem\",\"position\":1,\"name\":\"Startseite\",\"item\":\"https:\\\/\\\/hundtgroup.com\\\/fr\\\/accueil-nouveau\\\/\"},{\"@type\":\"ListItem\",\"position\":2,\"name\":\"Boutique\",\"item\":\"https:\\\/\\\/hundtgroup.com\\\/boutique\\\/\"},{\"@type\":\"ListItem\",\"position\":3,\"name\":\"Perceuse-visseuse GBM 10 RE Bosch\"}]},{\"@type\":\"WebSite\",\"@id\":\"https:\\\/\\\/hundtgroup.com\\\/fr\\\/#website\",\"url\":\"https:\\\/\\\/hundtgroup.com\\\/fr\\\/\",\"name\":\"Wilhelm Hundt GmbH\",\"description\":\"Votre sp\u00e9cialiste en machines et outils pour le travail de la t\u00f4le\",\"potentialAction\":[{\"@type\":\"SearchAction\",\"target\":{\"@type\":\"EntryPoint\",\"urlTemplate\":\"https:\\\/\\\/hundtgroup.com\\\/fr\\\/?s={search_term_string}\"},\"query-input\":{\"@type\":\"PropertyValueSpecification\",\"valueRequired\":true,\"valueName\":\"search_term_string\"}}],\"inLanguage\":\"fr-FR\"}]}<\/script>\n<!-- \/ Yoast SEO plugin. -->","yoast_head_json":{"title":"Perceuse-visseuse GBM 10 RE Bosch - Wilhelm Hundt GmbH","robots":{"index":"index","follow":"follow","max-snippet":"max-snippet:-1","max-image-preview":"max-image-preview:large","max-video-preview":"max-video-preview:-1"},"canonical":"https:\/\/hundtgroup.com\/fr\/produkt\/perceuse-visseuse-gbm-10-re-bosch\/","og_locale":"fr_FR","og_type":"article","og_title":"Perceuse-visseuse GBM 10 RE Bosch - Wilhelm Hundt GmbH","og_description":"Design compact et poids r\u00e9duit pour une maniabilit\u00e9 optimale, Electronique de commande pour un per\u00e7age pr\u00e9cis, mandrin \u00e0 serrage rapide en m\u00e9tal pour haute pr\u00e9cision et longue dur\u00e9e de vie, rotation \u00e0 droite\/gauche.","og_url":"https:\/\/hundtgroup.com\/fr\/produkt\/perceuse-visseuse-gbm-10-re-bosch\/","og_site_name":"Wilhelm Hundt GmbH","article_modified_time":"2025-07-28T14:42:42+00:00","og_image":[{"width":551,"height":600,"url":"https:\/\/hundtgroup.com\/wp-content\/uploads\/341012.jpg","type":"image\/jpeg"}],"twitter_card":"summary_large_image","schema":{"@context":"https:\/\/schema.org","@graph":[{"@type":"WebPage","@id":"https:\/\/hundtgroup.com\/fr\/produkt\/perceuse-visseuse-gbm-10-re-bosch\/","url":"https:\/\/hundtgroup.com\/fr\/produkt\/perceuse-visseuse-gbm-10-re-bosch\/","name":"Perceuse-visseuse GBM 10 RE Bosch - Wilhelm Hundt GmbH","isPartOf":{"@id":"https:\/\/hundtgroup.com\/fr\/#website"},"primaryImageOfPage":{"@id":"https:\/\/hundtgroup.com\/fr\/produkt\/perceuse-visseuse-gbm-10-re-bosch\/#primaryimage"},"image":{"@id":"https:\/\/hundtgroup.com\/fr\/produkt\/perceuse-visseuse-gbm-10-re-bosch\/#primaryimage"},"thumbnailUrl":"https:\/\/hundtgroup.com\/wp-content\/uploads\/341012.jpg","datePublished":"2025-06-18T16:31:36+00:00","dateModified":"2025-07-28T14:42:42+00:00","breadcrumb":{"@id":"https:\/\/hundtgroup.com\/fr\/produkt\/perceuse-visseuse-gbm-10-re-bosch\/#breadcrumb"},"inLanguage":"fr-FR","potentialAction":[{"@type":"ReadAction","target":["https:\/\/hundtgroup.com\/fr\/produkt\/perceuse-visseuse-gbm-10-re-bosch\/"]}]},{"@type":"ImageObject","inLanguage":"fr-FR","@id":"https:\/\/hundtgroup.com\/fr\/produkt\/perceuse-visseuse-gbm-10-re-bosch\/#primaryimage","url":"https:\/\/hundtgroup.com\/wp-content\/uploads\/341012.jpg","contentUrl":"https:\/\/hundtgroup.com\/wp-content\/uploads\/341012.jpg","width":551,"height":600},{"@type":"BreadcrumbList","@id":"https:\/\/hundtgroup.com\/fr\/produkt\/perceuse-visseuse-gbm-10-re-bosch\/#breadcrumb","itemListElement":[{"@type":"ListItem","position":1,"name":"Startseite","item":"https:\/\/hundtgroup.com\/fr\/accueil-nouveau\/"},{"@type":"ListItem","position":2,"name":"Boutique","item":"https:\/\/hundtgroup.com\/boutique\/"},{"@type":"ListItem","position":3,"name":"Perceuse-visseuse GBM 10 RE Bosch"}]},{"@type":"WebSite","@id":"https:\/\/hundtgroup.com\/fr\/#website","url":"https:\/\/hundtgroup.com\/fr\/","name":"Wilhelm Hundt GmbH","description":"Votre sp\u00e9cialiste en machines et outils pour le travail de la t\u00f4le","potentialAction":[{"@type":"SearchAction","target":{"@type":"EntryPoint","urlTemplate":"https:\/\/hundtgroup.com\/fr\/?s={search_term_string}"},"query-input":{"@type":"PropertyValueSpecification","valueRequired":true,"valueName":"search_term_string"}}],"inLanguage":"fr-FR"}]}},"_links":{"self":[{"href":"https:\/\/hundtgroup.com\/fr\/wp-json\/wp\/v2\/product\/37361","targetHints":{"allow":["GET"]}}],"collection":[{"href":"https:\/\/hundtgroup.com\/fr\/wp-json\/wp\/v2\/product"}],"about":[{"href":"https:\/\/hundtgroup.com\/fr\/wp-json\/wp\/v2\/types\/product"}],"wp:featuredmedia":[{"embeddable":true,"href":"https:\/\/hundtgroup.com\/fr\/wp-json\/wp\/v2\/media\/35364"}],"wp:attachment":[{"href":"https:\/\/hundtgroup.com\/fr\/wp-json\/wp\/v2\/media?parent=37361"}],"wp:term":[{"taxonomy":"product_cat","embeddable":true,"href":"https:\/\/hundtgroup.com\/fr\/wp-json\/wp\/v2\/product_cat?post=37361"},{"taxonomy":"product_tag","embeddable":true,"href":"https:\/\/hundtgroup.com\/fr\/wp-json\/wp\/v2\/product_tag?post=37361"}],"curies":[{"name":"wp","href":"https:\/\/api.w.org\/{rel}","templated":true}]}}