{"id":37422,"date":"2025-06-18T18:31:41","date_gmt":"2025-06-18T16:31:41","guid":{"rendered":"https:\/\/hundtgroup.com\/produkt\/chargeur-rapide-gal-12v-40-bosch\/"},"modified":"2025-07-28T16:40:32","modified_gmt":"2025-07-28T14:40:32","slug":"chargeur-rapide-gal-12v-40-bosch","status":"publish","type":"product","link":"https:\/\/hundtgroup.com\/fr\/produkt\/chargeur-rapide-gal-12v-40-bosch\/","title":{"rendered":"Chargeur rapide GAL 12V-40 Bosch"},"content":{"rendered":"<p>Vitesse de charge \u00e9lev\u00e9e gr\u00e2ce \u00e0 un courant de charge de 4 A &#8211; GBA 12V 2.0Ah charge \u00e0 80% en 24 min.<br \/>\nLe syst\u00e8me Professional 12V est 100 % compatible avec toutes les batteries 12V Bosch Professional.<\/p>\n","protected":false},"excerpt":{"rendered":"<p>Vitesse de charge \u00e9lev\u00e9e gr\u00e2ce \u00e0 un courant de charge de 4 A &#8211; GBA 12V 2.0Ah charge \u00e0 80% en 24 min. Le syst\u00e8me Professional 12V est 100 % compatible avec toutes les batteries 12V Bosch Professional.<\/p>\n","protected":false},"featured_media":35392,"template":"","meta":{"_acf_changed":false,"inline_featured_image":false},"product_cat":[1144,1311],"product_tag":[],"class_list":{"0":"post-37422","1":"product","2":"type-product","3":"status-publish","4":"has-post-thumbnail","6":"brand-bosch","7":"product_cat-accessoires-batterie-electrique","8":"product_cat-chargeur","10":"first","11":"instock","12":"taxable","13":"shipping-taxable","14":"purchasable","15":"product-type-simple","16":"add-to-wishlist-before_image"},"acf":[],"yoast_head":"<!-- This site is optimized with the Yoast SEO plugin v27.3 - https:\/\/yoast.com\/product\/yoast-seo-wordpress\/ -->\n<title>Chargeur rapide GAL 12V-40 Bosch - Wilhelm Hundt GmbH<\/title>\n<meta name=\"robots\" content=\"index, follow, max-snippet:-1, max-image-preview:large, max-video-preview:-1\" \/>\n<link rel=\"canonical\" href=\"https:\/\/hundtgroup.com\/fr\/produkt\/chargeur-rapide-gal-12v-40-bosch\/\" \/>\n<meta property=\"og:locale\" content=\"fr_FR\" \/>\n<meta property=\"og:type\" content=\"article\" \/>\n<meta property=\"og:title\" content=\"Chargeur rapide GAL 12V-40 Bosch - Wilhelm Hundt GmbH\" \/>\n<meta property=\"og:description\" content=\"Vitesse de charge \u00e9lev\u00e9e gr\u00e2ce \u00e0 un courant de charge de 4 A &#8211; GBA 12V 2.0Ah charge \u00e0 80% en 24 min. Le syst\u00e8me Professional 12V est 100 % compatible avec toutes les batteries 12V Bosch Professional.\" \/>\n<meta property=\"og:url\" content=\"https:\/\/hundtgroup.com\/fr\/produkt\/chargeur-rapide-gal-12v-40-bosch\/\" \/>\n<meta property=\"og:site_name\" content=\"Wilhelm Hundt GmbH\" \/>\n<meta property=\"article:modified_time\" content=\"2025-07-28T14:40:32+00:00\" \/>\n<meta property=\"og:image\" content=\"https:\/\/hundtgroup.com\/wp-content\/uploads\/350110.jpg\" \/>\n\t<meta property=\"og:image:width\" content=\"1200\" \/>\n\t<meta property=\"og:image:height\" content=\"855\" \/>\n\t<meta property=\"og:image:type\" content=\"image\/jpeg\" \/>\n<meta name=\"twitter:card\" content=\"summary_large_image\" \/>\n<script type=\"application\/ld+json\" class=\"yoast-schema-graph\">{\"@context\":\"https:\\\/\\\/schema.org\",\"@graph\":[{\"@type\":\"WebPage\",\"@id\":\"https:\\\/\\\/hundtgroup.com\\\/fr\\\/produkt\\\/chargeur-rapide-gal-12v-40-bosch\\\/\",\"url\":\"https:\\\/\\\/hundtgroup.com\\\/fr\\\/produkt\\\/chargeur-rapide-gal-12v-40-bosch\\\/\",\"name\":\"Chargeur rapide GAL 12V-40 Bosch - Wilhelm Hundt GmbH\",\"isPartOf\":{\"@id\":\"https:\\\/\\\/hundtgroup.com\\\/fr\\\/#website\"},\"primaryImageOfPage\":{\"@id\":\"https:\\\/\\\/hundtgroup.com\\\/fr\\\/produkt\\\/chargeur-rapide-gal-12v-40-bosch\\\/#primaryimage\"},\"image\":{\"@id\":\"https:\\\/\\\/hundtgroup.com\\\/fr\\\/produkt\\\/chargeur-rapide-gal-12v-40-bosch\\\/#primaryimage\"},\"thumbnailUrl\":\"https:\\\/\\\/hundtgroup.com\\\/wp-content\\\/uploads\\\/350110.jpg\",\"datePublished\":\"2025-06-18T16:31:41+00:00\",\"dateModified\":\"2025-07-28T14:40:32+00:00\",\"breadcrumb\":{\"@id\":\"https:\\\/\\\/hundtgroup.com\\\/fr\\\/produkt\\\/chargeur-rapide-gal-12v-40-bosch\\\/#breadcrumb\"},\"inLanguage\":\"fr-FR\",\"potentialAction\":[{\"@type\":\"ReadAction\",\"target\":[\"https:\\\/\\\/hundtgroup.com\\\/fr\\\/produkt\\\/chargeur-rapide-gal-12v-40-bosch\\\/\"]}]},{\"@type\":\"ImageObject\",\"inLanguage\":\"fr-FR\",\"@id\":\"https:\\\/\\\/hundtgroup.com\\\/fr\\\/produkt\\\/chargeur-rapide-gal-12v-40-bosch\\\/#primaryimage\",\"url\":\"https:\\\/\\\/hundtgroup.com\\\/wp-content\\\/uploads\\\/350110.jpg\",\"contentUrl\":\"https:\\\/\\\/hundtgroup.com\\\/wp-content\\\/uploads\\\/350110.jpg\",\"width\":1200,\"height\":855},{\"@type\":\"BreadcrumbList\",\"@id\":\"https:\\\/\\\/hundtgroup.com\\\/fr\\\/produkt\\\/chargeur-rapide-gal-12v-40-bosch\\\/#breadcrumb\",\"itemListElement\":[{\"@type\":\"ListItem\",\"position\":1,\"name\":\"Startseite\",\"item\":\"https:\\\/\\\/hundtgroup.com\\\/fr\\\/accueil-nouveau\\\/\"},{\"@type\":\"ListItem\",\"position\":2,\"name\":\"Boutique\",\"item\":\"https:\\\/\\\/hundtgroup.com\\\/boutique\\\/\"},{\"@type\":\"ListItem\",\"position\":3,\"name\":\"Chargeur rapide GAL 12V-40 Bosch\"}]},{\"@type\":\"WebSite\",\"@id\":\"https:\\\/\\\/hundtgroup.com\\\/fr\\\/#website\",\"url\":\"https:\\\/\\\/hundtgroup.com\\\/fr\\\/\",\"name\":\"Wilhelm Hundt GmbH\",\"description\":\"Votre sp\u00e9cialiste en machines et outils pour le travail de la t\u00f4le\",\"potentialAction\":[{\"@type\":\"SearchAction\",\"target\":{\"@type\":\"EntryPoint\",\"urlTemplate\":\"https:\\\/\\\/hundtgroup.com\\\/fr\\\/?s={search_term_string}\"},\"query-input\":{\"@type\":\"PropertyValueSpecification\",\"valueRequired\":true,\"valueName\":\"search_term_string\"}}],\"inLanguage\":\"fr-FR\"}]}<\/script>\n<!-- \/ Yoast SEO plugin. -->","yoast_head_json":{"title":"Chargeur rapide GAL 12V-40 Bosch - Wilhelm Hundt GmbH","robots":{"index":"index","follow":"follow","max-snippet":"max-snippet:-1","max-image-preview":"max-image-preview:large","max-video-preview":"max-video-preview:-1"},"canonical":"https:\/\/hundtgroup.com\/fr\/produkt\/chargeur-rapide-gal-12v-40-bosch\/","og_locale":"fr_FR","og_type":"article","og_title":"Chargeur rapide GAL 12V-40 Bosch - Wilhelm Hundt GmbH","og_description":"Vitesse de charge \u00e9lev\u00e9e gr\u00e2ce \u00e0 un courant de charge de 4 A &#8211; GBA 12V 2.0Ah charge \u00e0 80% en 24 min. Le syst\u00e8me Professional 12V est 100 % compatible avec toutes les batteries 12V Bosch Professional.","og_url":"https:\/\/hundtgroup.com\/fr\/produkt\/chargeur-rapide-gal-12v-40-bosch\/","og_site_name":"Wilhelm Hundt GmbH","article_modified_time":"2025-07-28T14:40:32+00:00","og_image":[{"width":1200,"height":855,"url":"https:\/\/hundtgroup.com\/wp-content\/uploads\/350110.jpg","type":"image\/jpeg"}],"twitter_card":"summary_large_image","schema":{"@context":"https:\/\/schema.org","@graph":[{"@type":"WebPage","@id":"https:\/\/hundtgroup.com\/fr\/produkt\/chargeur-rapide-gal-12v-40-bosch\/","url":"https:\/\/hundtgroup.com\/fr\/produkt\/chargeur-rapide-gal-12v-40-bosch\/","name":"Chargeur rapide GAL 12V-40 Bosch - Wilhelm Hundt GmbH","isPartOf":{"@id":"https:\/\/hundtgroup.com\/fr\/#website"},"primaryImageOfPage":{"@id":"https:\/\/hundtgroup.com\/fr\/produkt\/chargeur-rapide-gal-12v-40-bosch\/#primaryimage"},"image":{"@id":"https:\/\/hundtgroup.com\/fr\/produkt\/chargeur-rapide-gal-12v-40-bosch\/#primaryimage"},"thumbnailUrl":"https:\/\/hundtgroup.com\/wp-content\/uploads\/350110.jpg","datePublished":"2025-06-18T16:31:41+00:00","dateModified":"2025-07-28T14:40:32+00:00","breadcrumb":{"@id":"https:\/\/hundtgroup.com\/fr\/produkt\/chargeur-rapide-gal-12v-40-bosch\/#breadcrumb"},"inLanguage":"fr-FR","potentialAction":[{"@type":"ReadAction","target":["https:\/\/hundtgroup.com\/fr\/produkt\/chargeur-rapide-gal-12v-40-bosch\/"]}]},{"@type":"ImageObject","inLanguage":"fr-FR","@id":"https:\/\/hundtgroup.com\/fr\/produkt\/chargeur-rapide-gal-12v-40-bosch\/#primaryimage","url":"https:\/\/hundtgroup.com\/wp-content\/uploads\/350110.jpg","contentUrl":"https:\/\/hundtgroup.com\/wp-content\/uploads\/350110.jpg","width":1200,"height":855},{"@type":"BreadcrumbList","@id":"https:\/\/hundtgroup.com\/fr\/produkt\/chargeur-rapide-gal-12v-40-bosch\/#breadcrumb","itemListElement":[{"@type":"ListItem","position":1,"name":"Startseite","item":"https:\/\/hundtgroup.com\/fr\/accueil-nouveau\/"},{"@type":"ListItem","position":2,"name":"Boutique","item":"https:\/\/hundtgroup.com\/boutique\/"},{"@type":"ListItem","position":3,"name":"Chargeur rapide GAL 12V-40 Bosch"}]},{"@type":"WebSite","@id":"https:\/\/hundtgroup.com\/fr\/#website","url":"https:\/\/hundtgroup.com\/fr\/","name":"Wilhelm Hundt GmbH","description":"Votre sp\u00e9cialiste en machines et outils pour le travail de la t\u00f4le","potentialAction":[{"@type":"SearchAction","target":{"@type":"EntryPoint","urlTemplate":"https:\/\/hundtgroup.com\/fr\/?s={search_term_string}"},"query-input":{"@type":"PropertyValueSpecification","valueRequired":true,"valueName":"search_term_string"}}],"inLanguage":"fr-FR"}]}},"_links":{"self":[{"href":"https:\/\/hundtgroup.com\/fr\/wp-json\/wp\/v2\/product\/37422","targetHints":{"allow":["GET"]}}],"collection":[{"href":"https:\/\/hundtgroup.com\/fr\/wp-json\/wp\/v2\/product"}],"about":[{"href":"https:\/\/hundtgroup.com\/fr\/wp-json\/wp\/v2\/types\/product"}],"wp:featuredmedia":[{"embeddable":true,"href":"https:\/\/hundtgroup.com\/fr\/wp-json\/wp\/v2\/media\/35392"}],"wp:attachment":[{"href":"https:\/\/hundtgroup.com\/fr\/wp-json\/wp\/v2\/media?parent=37422"}],"wp:term":[{"taxonomy":"product_cat","embeddable":true,"href":"https:\/\/hundtgroup.com\/fr\/wp-json\/wp\/v2\/product_cat?post=37422"},{"taxonomy":"product_tag","embeddable":true,"href":"https:\/\/hundtgroup.com\/fr\/wp-json\/wp\/v2\/product_tag?post=37422"}],"curies":[{"name":"wp","href":"https:\/\/api.w.org\/{rel}","templated":true}]}}