{"id":37899,"date":"2025-06-18T18:32:55","date_gmt":"2025-06-18T16:32:55","guid":{"rendered":"https:\/\/hundtgroup.com\/produkt\/rivets-aveugles-a2-a2-tete-plate-oe-30-x-10\/"},"modified":"2025-08-05T17:40:57","modified_gmt":"2025-08-05T15:40:57","slug":"rivets-aveugles-a2-a2-tete-plate-oe-30-x-10","status":"publish","type":"product","link":"https:\/\/hundtgroup.com\/fr\/produkt\/rivets-aveugles-a2-a2-tete-plate-oe-30-x-10\/","title":{"rendered":"Rivets aveugles A2\/A2 t\u00eate plate \u00d8 3,0 x 10"},"content":{"rendered":"<p>Rivets aveugles standard \u00e0 t\u00eate plate avec tige et mandrin en acier inoxydable V2A<\/p>\n<p>Prix par 1000 pi\u00e8ces<br \/>\n(ex. : quantit\u00e9 command\u00e9e 5 = 5000 pi\u00e8ces)<\/p>\n","protected":false},"excerpt":{"rendered":"<p>Rivets aveugles standard \u00e0 t\u00eate plate avec tige et mandrin en acier inoxydable V2A Prix par 1000 pi\u00e8ces (ex. : quantit\u00e9 command\u00e9e 5 = 5000 pi\u00e8ces)<\/p>\n","protected":false},"featured_media":16889,"template":"","meta":{"_acf_changed":false,"inline_featured_image":false},"product_cat":[2959,2979,1237,1234],"product_tag":[],"class_list":{"0":"post-37899","1":"product","2":"type-product","3":"status-publish","4":"has-post-thumbnail","6":"brand-hundt","7":"product_cat-oe-30-fr","8":"product_cat-a2-a2-fr","9":"product_cat-rivets-aveugles","10":"product_cat-technique-de-fixation","12":"first","13":"instock","14":"taxable","15":"shipping-taxable","16":"purchasable","17":"product-type-simple","18":"add-to-wishlist-before_image"},"acf":[],"yoast_head":"<!-- This site is optimized with the Yoast SEO plugin v27.3 - https:\/\/yoast.com\/product\/yoast-seo-wordpress\/ -->\n<title>Rivets aveugles A2\/A2 t\u00eate plate \u00d8 3,0 x 10 - Wilhelm Hundt GmbH<\/title>\n<meta name=\"robots\" content=\"index, follow, max-snippet:-1, max-image-preview:large, max-video-preview:-1\" \/>\n<link rel=\"canonical\" href=\"https:\/\/hundtgroup.com\/fr\/produkt\/rivets-aveugles-a2-a2-tete-plate-oe-30-x-10\/\" \/>\n<meta property=\"og:locale\" content=\"fr_FR\" \/>\n<meta property=\"og:type\" content=\"article\" \/>\n<meta property=\"og:title\" content=\"Rivets aveugles A2\/A2 t\u00eate plate \u00d8 3,0 x 10 - Wilhelm Hundt GmbH\" \/>\n<meta property=\"og:description\" content=\"Rivets aveugles standard \u00e0 t\u00eate plate avec tige et mandrin en acier inoxydable V2A Prix par 1000 pi\u00e8ces (ex. : quantit\u00e9 command\u00e9e 5 = 5000 pi\u00e8ces)\" \/>\n<meta property=\"og:url\" content=\"https:\/\/hundtgroup.com\/fr\/produkt\/rivets-aveugles-a2-a2-tete-plate-oe-30-x-10\/\" \/>\n<meta property=\"og:site_name\" content=\"Wilhelm Hundt GmbH\" \/>\n<meta property=\"article:modified_time\" content=\"2025-08-05T15:40:57+00:00\" \/>\n<meta property=\"og:image\" content=\"https:\/\/hundtgroup.com\/wp-content\/uploads\/513003.jpg\" \/>\n\t<meta property=\"og:image:width\" content=\"400\" \/>\n\t<meta property=\"og:image:height\" content=\"400\" \/>\n\t<meta property=\"og:image:type\" content=\"image\/jpeg\" \/>\n<meta name=\"twitter:card\" content=\"summary_large_image\" \/>\n<script type=\"application\/ld+json\" class=\"yoast-schema-graph\">{\"@context\":\"https:\\\/\\\/schema.org\",\"@graph\":[{\"@type\":\"WebPage\",\"@id\":\"https:\\\/\\\/hundtgroup.com\\\/fr\\\/produkt\\\/rivets-aveugles-a2-a2-tete-plate-oe-30-x-10\\\/\",\"url\":\"https:\\\/\\\/hundtgroup.com\\\/fr\\\/produkt\\\/rivets-aveugles-a2-a2-tete-plate-oe-30-x-10\\\/\",\"name\":\"Rivets aveugles A2\\\/A2 t\u00eate plate \u00d8 3,0 x 10 - Wilhelm Hundt GmbH\",\"isPartOf\":{\"@id\":\"https:\\\/\\\/hundtgroup.com\\\/fr\\\/#website\"},\"primaryImageOfPage\":{\"@id\":\"https:\\\/\\\/hundtgroup.com\\\/fr\\\/produkt\\\/rivets-aveugles-a2-a2-tete-plate-oe-30-x-10\\\/#primaryimage\"},\"image\":{\"@id\":\"https:\\\/\\\/hundtgroup.com\\\/fr\\\/produkt\\\/rivets-aveugles-a2-a2-tete-plate-oe-30-x-10\\\/#primaryimage\"},\"thumbnailUrl\":\"https:\\\/\\\/hundtgroup.com\\\/wp-content\\\/uploads\\\/513003.jpg\",\"datePublished\":\"2025-06-18T16:32:55+00:00\",\"dateModified\":\"2025-08-05T15:40:57+00:00\",\"breadcrumb\":{\"@id\":\"https:\\\/\\\/hundtgroup.com\\\/fr\\\/produkt\\\/rivets-aveugles-a2-a2-tete-plate-oe-30-x-10\\\/#breadcrumb\"},\"inLanguage\":\"fr-FR\",\"potentialAction\":[{\"@type\":\"ReadAction\",\"target\":[\"https:\\\/\\\/hundtgroup.com\\\/fr\\\/produkt\\\/rivets-aveugles-a2-a2-tete-plate-oe-30-x-10\\\/\"]}]},{\"@type\":\"ImageObject\",\"inLanguage\":\"fr-FR\",\"@id\":\"https:\\\/\\\/hundtgroup.com\\\/fr\\\/produkt\\\/rivets-aveugles-a2-a2-tete-plate-oe-30-x-10\\\/#primaryimage\",\"url\":\"https:\\\/\\\/hundtgroup.com\\\/wp-content\\\/uploads\\\/513003.jpg\",\"contentUrl\":\"https:\\\/\\\/hundtgroup.com\\\/wp-content\\\/uploads\\\/513003.jpg\",\"width\":400,\"height\":400},{\"@type\":\"BreadcrumbList\",\"@id\":\"https:\\\/\\\/hundtgroup.com\\\/fr\\\/produkt\\\/rivets-aveugles-a2-a2-tete-plate-oe-30-x-10\\\/#breadcrumb\",\"itemListElement\":[{\"@type\":\"ListItem\",\"position\":1,\"name\":\"Startseite\",\"item\":\"https:\\\/\\\/hundtgroup.com\\\/fr\\\/accueil-nouveau\\\/\"},{\"@type\":\"ListItem\",\"position\":2,\"name\":\"Boutique\",\"item\":\"https:\\\/\\\/hundtgroup.com\\\/boutique\\\/\"},{\"@type\":\"ListItem\",\"position\":3,\"name\":\"Rivets aveugles A2\\\/A2 t\u00eate plate \u00d8 3,0 x 10\"}]},{\"@type\":\"WebSite\",\"@id\":\"https:\\\/\\\/hundtgroup.com\\\/fr\\\/#website\",\"url\":\"https:\\\/\\\/hundtgroup.com\\\/fr\\\/\",\"name\":\"Wilhelm Hundt GmbH\",\"description\":\"Votre sp\u00e9cialiste en machines et outils pour le travail de la t\u00f4le\",\"potentialAction\":[{\"@type\":\"SearchAction\",\"target\":{\"@type\":\"EntryPoint\",\"urlTemplate\":\"https:\\\/\\\/hundtgroup.com\\\/fr\\\/?s={search_term_string}\"},\"query-input\":{\"@type\":\"PropertyValueSpecification\",\"valueRequired\":true,\"valueName\":\"search_term_string\"}}],\"inLanguage\":\"fr-FR\"}]}<\/script>\n<!-- \/ Yoast SEO plugin. -->","yoast_head_json":{"title":"Rivets aveugles A2\/A2 t\u00eate plate \u00d8 3,0 x 10 - Wilhelm Hundt GmbH","robots":{"index":"index","follow":"follow","max-snippet":"max-snippet:-1","max-image-preview":"max-image-preview:large","max-video-preview":"max-video-preview:-1"},"canonical":"https:\/\/hundtgroup.com\/fr\/produkt\/rivets-aveugles-a2-a2-tete-plate-oe-30-x-10\/","og_locale":"fr_FR","og_type":"article","og_title":"Rivets aveugles A2\/A2 t\u00eate plate \u00d8 3,0 x 10 - Wilhelm Hundt GmbH","og_description":"Rivets aveugles standard \u00e0 t\u00eate plate avec tige et mandrin en acier inoxydable V2A Prix par 1000 pi\u00e8ces (ex. : quantit\u00e9 command\u00e9e 5 = 5000 pi\u00e8ces)","og_url":"https:\/\/hundtgroup.com\/fr\/produkt\/rivets-aveugles-a2-a2-tete-plate-oe-30-x-10\/","og_site_name":"Wilhelm Hundt GmbH","article_modified_time":"2025-08-05T15:40:57+00:00","og_image":[{"width":400,"height":400,"url":"https:\/\/hundtgroup.com\/wp-content\/uploads\/513003.jpg","type":"image\/jpeg"}],"twitter_card":"summary_large_image","schema":{"@context":"https:\/\/schema.org","@graph":[{"@type":"WebPage","@id":"https:\/\/hundtgroup.com\/fr\/produkt\/rivets-aveugles-a2-a2-tete-plate-oe-30-x-10\/","url":"https:\/\/hundtgroup.com\/fr\/produkt\/rivets-aveugles-a2-a2-tete-plate-oe-30-x-10\/","name":"Rivets aveugles A2\/A2 t\u00eate plate \u00d8 3,0 x 10 - Wilhelm Hundt GmbH","isPartOf":{"@id":"https:\/\/hundtgroup.com\/fr\/#website"},"primaryImageOfPage":{"@id":"https:\/\/hundtgroup.com\/fr\/produkt\/rivets-aveugles-a2-a2-tete-plate-oe-30-x-10\/#primaryimage"},"image":{"@id":"https:\/\/hundtgroup.com\/fr\/produkt\/rivets-aveugles-a2-a2-tete-plate-oe-30-x-10\/#primaryimage"},"thumbnailUrl":"https:\/\/hundtgroup.com\/wp-content\/uploads\/513003.jpg","datePublished":"2025-06-18T16:32:55+00:00","dateModified":"2025-08-05T15:40:57+00:00","breadcrumb":{"@id":"https:\/\/hundtgroup.com\/fr\/produkt\/rivets-aveugles-a2-a2-tete-plate-oe-30-x-10\/#breadcrumb"},"inLanguage":"fr-FR","potentialAction":[{"@type":"ReadAction","target":["https:\/\/hundtgroup.com\/fr\/produkt\/rivets-aveugles-a2-a2-tete-plate-oe-30-x-10\/"]}]},{"@type":"ImageObject","inLanguage":"fr-FR","@id":"https:\/\/hundtgroup.com\/fr\/produkt\/rivets-aveugles-a2-a2-tete-plate-oe-30-x-10\/#primaryimage","url":"https:\/\/hundtgroup.com\/wp-content\/uploads\/513003.jpg","contentUrl":"https:\/\/hundtgroup.com\/wp-content\/uploads\/513003.jpg","width":400,"height":400},{"@type":"BreadcrumbList","@id":"https:\/\/hundtgroup.com\/fr\/produkt\/rivets-aveugles-a2-a2-tete-plate-oe-30-x-10\/#breadcrumb","itemListElement":[{"@type":"ListItem","position":1,"name":"Startseite","item":"https:\/\/hundtgroup.com\/fr\/accueil-nouveau\/"},{"@type":"ListItem","position":2,"name":"Boutique","item":"https:\/\/hundtgroup.com\/boutique\/"},{"@type":"ListItem","position":3,"name":"Rivets aveugles A2\/A2 t\u00eate plate \u00d8 3,0 x 10"}]},{"@type":"WebSite","@id":"https:\/\/hundtgroup.com\/fr\/#website","url":"https:\/\/hundtgroup.com\/fr\/","name":"Wilhelm Hundt GmbH","description":"Votre sp\u00e9cialiste en machines et outils pour le travail de la t\u00f4le","potentialAction":[{"@type":"SearchAction","target":{"@type":"EntryPoint","urlTemplate":"https:\/\/hundtgroup.com\/fr\/?s={search_term_string}"},"query-input":{"@type":"PropertyValueSpecification","valueRequired":true,"valueName":"search_term_string"}}],"inLanguage":"fr-FR"}]}},"_links":{"self":[{"href":"https:\/\/hundtgroup.com\/fr\/wp-json\/wp\/v2\/product\/37899","targetHints":{"allow":["GET"]}}],"collection":[{"href":"https:\/\/hundtgroup.com\/fr\/wp-json\/wp\/v2\/product"}],"about":[{"href":"https:\/\/hundtgroup.com\/fr\/wp-json\/wp\/v2\/types\/product"}],"wp:featuredmedia":[{"embeddable":true,"href":"https:\/\/hundtgroup.com\/fr\/wp-json\/wp\/v2\/media\/16889"}],"wp:attachment":[{"href":"https:\/\/hundtgroup.com\/fr\/wp-json\/wp\/v2\/media?parent=37899"}],"wp:term":[{"taxonomy":"product_cat","embeddable":true,"href":"https:\/\/hundtgroup.com\/fr\/wp-json\/wp\/v2\/product_cat?post=37899"},{"taxonomy":"product_tag","embeddable":true,"href":"https:\/\/hundtgroup.com\/fr\/wp-json\/wp\/v2\/product_tag?post=37899"}],"curies":[{"name":"wp","href":"https:\/\/api.w.org\/{rel}","templated":true}]}}