{"id":40441,"date":"2026-01-28T10:17:39","date_gmt":"2026-01-28T09:17:39","guid":{"rendered":"https:\/\/hundtgroup.com\/produkt\/bosch-exsb18v-150-perceuse-visseuse-a-percussion-sans-fil-80-ah\/"},"modified":"2026-01-28T10:17:39","modified_gmt":"2026-01-28T09:17:39","slug":"bosch-exsb18v-150-perceuse-visseuse-a-percussion-sans-fil-80-ah","status":"publish","type":"product","link":"https:\/\/hundtgroup.com\/fr\/produkt\/bosch-exsb18v-150-perceuse-visseuse-a-percussion-sans-fil-80-ah\/","title":{"rendered":"Bosch EXSB18V-150 Perceuse-visseuse \u00e0 percussion sans fil 8,0 Ah"},"content":{"rendered":"<p>Jusqu&rsquo;\u00e0 75% plus puissant que le GSB 18V-110 C Professional\u00b9<br \/>\nPuissance extr\u00eame : 150 Nm max. Couple id\u00e9al pour le per\u00e7age de m\u00e9taux de \u00d8 16 mm, le sciage de trous dans le bois de \u00d8 150 mm et dans la ma\u00e7onnerie de \u00d8 20 mm<br \/>\nBITURBO BRUSHLESS : moteur et syst\u00e8me d&rsquo;entra\u00eenement haute performance con\u00e7us pour la puissance extr\u00eame des batteries EXPERT<br \/>\nProtection avanc\u00e9e de l&rsquo;utilisateur : KickBack Control (marche\/arr\u00eat) minimise le risque de blessure en s&rsquo;arr\u00eatant lorsque la perceuse se bloque<br \/>\nElectronic Angle Detection : place les vis dans les poutres avec un angle r\u00e9glable pour cr\u00e9er une construction robuste <\/p>\n","protected":false},"excerpt":{"rendered":"<p>Jusqu&rsquo;\u00e0 75% plus puissant que le GSB 18V-110 C Professional\u00b9 Puissance extr\u00eame : 150 Nm max. Couple id\u00e9al pour le per\u00e7age de m\u00e9taux de \u00d8 16 mm, le sciage de trous dans le bois de \u00d8 150 mm et dans la ma\u00e7onnerie de \u00d8 20 mm BITURBO BRUSHLESS : moteur et syst\u00e8me d&rsquo;entra\u00eenement haute performance [&hellip;]<\/p>\n","protected":false},"featured_media":40442,"template":"","meta":{"_acf_changed":false,"inline_featured_image":false},"product_cat":[3253,658],"product_tag":[],"class_list":{"0":"post-40441","1":"product","2":"type-product","3":"status-publish","4":"has-post-thumbnail","6":"brand-bosch-expert","7":"product_cat-perceuse-visseuse-a-percussion","8":"product_cat-outils-sans-fil","10":"first","11":"instock","12":"taxable","13":"shipping-taxable","14":"purchasable","15":"product-type-simple","16":"add-to-wishlist-before_image"},"acf":[],"yoast_head":"<!-- This site is optimized with the Yoast SEO plugin v27.3 - https:\/\/yoast.com\/product\/yoast-seo-wordpress\/ -->\n<title>Bosch EXSB18V-150 Perceuse-visseuse \u00e0 percussion sans fil 8,0 Ah - Wilhelm Hundt GmbH<\/title>\n<meta name=\"robots\" content=\"index, follow, max-snippet:-1, max-image-preview:large, max-video-preview:-1\" \/>\n<link rel=\"canonical\" href=\"https:\/\/hundtgroup.com\/fr\/produkt\/bosch-exsb18v-150-perceuse-visseuse-a-percussion-sans-fil-80-ah\/\" \/>\n<meta property=\"og:locale\" content=\"fr_FR\" \/>\n<meta property=\"og:type\" content=\"article\" \/>\n<meta property=\"og:title\" content=\"Bosch EXSB18V-150 Perceuse-visseuse \u00e0 percussion sans fil 8,0 Ah - Wilhelm Hundt GmbH\" \/>\n<meta property=\"og:description\" content=\"Jusqu&rsquo;\u00e0 75% plus puissant que le GSB 18V-110 C Professional\u00b9 Puissance extr\u00eame : 150 Nm max. Couple id\u00e9al pour le per\u00e7age de m\u00e9taux de \u00d8 16 mm, le sciage de trous dans le bois de \u00d8 150 mm et dans la ma\u00e7onnerie de \u00d8 20 mm BITURBO BRUSHLESS : moteur et syst\u00e8me d&rsquo;entra\u00eenement haute performance [&hellip;]\" \/>\n<meta property=\"og:url\" content=\"https:\/\/hundtgroup.com\/fr\/produkt\/bosch-exsb18v-150-perceuse-visseuse-a-percussion-sans-fil-80-ah\/\" \/>\n<meta property=\"og:site_name\" content=\"Wilhelm Hundt GmbH\" \/>\n<meta property=\"og:image\" content=\"https:\/\/hundtgroup.com\/wp-content\/uploads\/340823.jpg\" \/>\n\t<meta property=\"og:image:width\" content=\"600\" \/>\n\t<meta property=\"og:image:height\" content=\"600\" \/>\n\t<meta property=\"og:image:type\" content=\"image\/jpeg\" \/>\n<meta name=\"twitter:card\" content=\"summary_large_image\" \/>\n<meta name=\"twitter:label1\" content=\"Dur\u00e9e de lecture estim\u00e9e\" \/>\n\t<meta name=\"twitter:data1\" content=\"1 minute\" \/>\n<script type=\"application\/ld+json\" class=\"yoast-schema-graph\">{\"@context\":\"https:\\\/\\\/schema.org\",\"@graph\":[{\"@type\":\"WebPage\",\"@id\":\"https:\\\/\\\/hundtgroup.com\\\/fr\\\/produkt\\\/bosch-exsb18v-150-perceuse-visseuse-a-percussion-sans-fil-80-ah\\\/\",\"url\":\"https:\\\/\\\/hundtgroup.com\\\/fr\\\/produkt\\\/bosch-exsb18v-150-perceuse-visseuse-a-percussion-sans-fil-80-ah\\\/\",\"name\":\"Bosch EXSB18V-150 Perceuse-visseuse \u00e0 percussion sans fil 8,0 Ah - Wilhelm Hundt GmbH\",\"isPartOf\":{\"@id\":\"https:\\\/\\\/hundtgroup.com\\\/fr\\\/#website\"},\"primaryImageOfPage\":{\"@id\":\"https:\\\/\\\/hundtgroup.com\\\/fr\\\/produkt\\\/bosch-exsb18v-150-perceuse-visseuse-a-percussion-sans-fil-80-ah\\\/#primaryimage\"},\"image\":{\"@id\":\"https:\\\/\\\/hundtgroup.com\\\/fr\\\/produkt\\\/bosch-exsb18v-150-perceuse-visseuse-a-percussion-sans-fil-80-ah\\\/#primaryimage\"},\"thumbnailUrl\":\"https:\\\/\\\/hundtgroup.com\\\/wp-content\\\/uploads\\\/340823.jpg\",\"datePublished\":\"2026-01-28T09:17:39+00:00\",\"breadcrumb\":{\"@id\":\"https:\\\/\\\/hundtgroup.com\\\/fr\\\/produkt\\\/bosch-exsb18v-150-perceuse-visseuse-a-percussion-sans-fil-80-ah\\\/#breadcrumb\"},\"inLanguage\":\"fr-FR\",\"potentialAction\":[{\"@type\":\"ReadAction\",\"target\":[\"https:\\\/\\\/hundtgroup.com\\\/fr\\\/produkt\\\/bosch-exsb18v-150-perceuse-visseuse-a-percussion-sans-fil-80-ah\\\/\"]}]},{\"@type\":\"ImageObject\",\"inLanguage\":\"fr-FR\",\"@id\":\"https:\\\/\\\/hundtgroup.com\\\/fr\\\/produkt\\\/bosch-exsb18v-150-perceuse-visseuse-a-percussion-sans-fil-80-ah\\\/#primaryimage\",\"url\":\"https:\\\/\\\/hundtgroup.com\\\/wp-content\\\/uploads\\\/340823.jpg\",\"contentUrl\":\"https:\\\/\\\/hundtgroup.com\\\/wp-content\\\/uploads\\\/340823.jpg\",\"width\":600,\"height\":600},{\"@type\":\"BreadcrumbList\",\"@id\":\"https:\\\/\\\/hundtgroup.com\\\/fr\\\/produkt\\\/bosch-exsb18v-150-perceuse-visseuse-a-percussion-sans-fil-80-ah\\\/#breadcrumb\",\"itemListElement\":[{\"@type\":\"ListItem\",\"position\":1,\"name\":\"Startseite\",\"item\":\"https:\\\/\\\/hundtgroup.com\\\/fr\\\/accueil-nouveau\\\/\"},{\"@type\":\"ListItem\",\"position\":2,\"name\":\"Boutique\",\"item\":\"https:\\\/\\\/hundtgroup.com\\\/boutique\\\/\"},{\"@type\":\"ListItem\",\"position\":3,\"name\":\"Bosch EXSB18V-150 Perceuse-visseuse \u00e0 percussion sans fil 8,0 Ah\"}]},{\"@type\":\"WebSite\",\"@id\":\"https:\\\/\\\/hundtgroup.com\\\/fr\\\/#website\",\"url\":\"https:\\\/\\\/hundtgroup.com\\\/fr\\\/\",\"name\":\"Wilhelm Hundt GmbH\",\"description\":\"Votre sp\u00e9cialiste en machines et outils pour le travail de la t\u00f4le\",\"potentialAction\":[{\"@type\":\"SearchAction\",\"target\":{\"@type\":\"EntryPoint\",\"urlTemplate\":\"https:\\\/\\\/hundtgroup.com\\\/fr\\\/?s={search_term_string}\"},\"query-input\":{\"@type\":\"PropertyValueSpecification\",\"valueRequired\":true,\"valueName\":\"search_term_string\"}}],\"inLanguage\":\"fr-FR\"}]}<\/script>\n<!-- \/ Yoast SEO plugin. -->","yoast_head_json":{"title":"Bosch EXSB18V-150 Perceuse-visseuse \u00e0 percussion sans fil 8,0 Ah - Wilhelm Hundt GmbH","robots":{"index":"index","follow":"follow","max-snippet":"max-snippet:-1","max-image-preview":"max-image-preview:large","max-video-preview":"max-video-preview:-1"},"canonical":"https:\/\/hundtgroup.com\/fr\/produkt\/bosch-exsb18v-150-perceuse-visseuse-a-percussion-sans-fil-80-ah\/","og_locale":"fr_FR","og_type":"article","og_title":"Bosch EXSB18V-150 Perceuse-visseuse \u00e0 percussion sans fil 8,0 Ah - Wilhelm Hundt GmbH","og_description":"Jusqu&rsquo;\u00e0 75% plus puissant que le GSB 18V-110 C Professional\u00b9 Puissance extr\u00eame : 150 Nm max. Couple id\u00e9al pour le per\u00e7age de m\u00e9taux de \u00d8 16 mm, le sciage de trous dans le bois de \u00d8 150 mm et dans la ma\u00e7onnerie de \u00d8 20 mm BITURBO BRUSHLESS : moteur et syst\u00e8me d&rsquo;entra\u00eenement haute performance [&hellip;]","og_url":"https:\/\/hundtgroup.com\/fr\/produkt\/bosch-exsb18v-150-perceuse-visseuse-a-percussion-sans-fil-80-ah\/","og_site_name":"Wilhelm Hundt GmbH","og_image":[{"width":600,"height":600,"url":"https:\/\/hundtgroup.com\/wp-content\/uploads\/340823.jpg","type":"image\/jpeg"}],"twitter_card":"summary_large_image","twitter_misc":{"Dur\u00e9e de lecture estim\u00e9e":"1 minute"},"schema":{"@context":"https:\/\/schema.org","@graph":[{"@type":"WebPage","@id":"https:\/\/hundtgroup.com\/fr\/produkt\/bosch-exsb18v-150-perceuse-visseuse-a-percussion-sans-fil-80-ah\/","url":"https:\/\/hundtgroup.com\/fr\/produkt\/bosch-exsb18v-150-perceuse-visseuse-a-percussion-sans-fil-80-ah\/","name":"Bosch EXSB18V-150 Perceuse-visseuse \u00e0 percussion sans fil 8,0 Ah - Wilhelm Hundt GmbH","isPartOf":{"@id":"https:\/\/hundtgroup.com\/fr\/#website"},"primaryImageOfPage":{"@id":"https:\/\/hundtgroup.com\/fr\/produkt\/bosch-exsb18v-150-perceuse-visseuse-a-percussion-sans-fil-80-ah\/#primaryimage"},"image":{"@id":"https:\/\/hundtgroup.com\/fr\/produkt\/bosch-exsb18v-150-perceuse-visseuse-a-percussion-sans-fil-80-ah\/#primaryimage"},"thumbnailUrl":"https:\/\/hundtgroup.com\/wp-content\/uploads\/340823.jpg","datePublished":"2026-01-28T09:17:39+00:00","breadcrumb":{"@id":"https:\/\/hundtgroup.com\/fr\/produkt\/bosch-exsb18v-150-perceuse-visseuse-a-percussion-sans-fil-80-ah\/#breadcrumb"},"inLanguage":"fr-FR","potentialAction":[{"@type":"ReadAction","target":["https:\/\/hundtgroup.com\/fr\/produkt\/bosch-exsb18v-150-perceuse-visseuse-a-percussion-sans-fil-80-ah\/"]}]},{"@type":"ImageObject","inLanguage":"fr-FR","@id":"https:\/\/hundtgroup.com\/fr\/produkt\/bosch-exsb18v-150-perceuse-visseuse-a-percussion-sans-fil-80-ah\/#primaryimage","url":"https:\/\/hundtgroup.com\/wp-content\/uploads\/340823.jpg","contentUrl":"https:\/\/hundtgroup.com\/wp-content\/uploads\/340823.jpg","width":600,"height":600},{"@type":"BreadcrumbList","@id":"https:\/\/hundtgroup.com\/fr\/produkt\/bosch-exsb18v-150-perceuse-visseuse-a-percussion-sans-fil-80-ah\/#breadcrumb","itemListElement":[{"@type":"ListItem","position":1,"name":"Startseite","item":"https:\/\/hundtgroup.com\/fr\/accueil-nouveau\/"},{"@type":"ListItem","position":2,"name":"Boutique","item":"https:\/\/hundtgroup.com\/boutique\/"},{"@type":"ListItem","position":3,"name":"Bosch EXSB18V-150 Perceuse-visseuse \u00e0 percussion sans fil 8,0 Ah"}]},{"@type":"WebSite","@id":"https:\/\/hundtgroup.com\/fr\/#website","url":"https:\/\/hundtgroup.com\/fr\/","name":"Wilhelm Hundt GmbH","description":"Votre sp\u00e9cialiste en machines et outils pour le travail de la t\u00f4le","potentialAction":[{"@type":"SearchAction","target":{"@type":"EntryPoint","urlTemplate":"https:\/\/hundtgroup.com\/fr\/?s={search_term_string}"},"query-input":{"@type":"PropertyValueSpecification","valueRequired":true,"valueName":"search_term_string"}}],"inLanguage":"fr-FR"}]}},"_links":{"self":[{"href":"https:\/\/hundtgroup.com\/fr\/wp-json\/wp\/v2\/product\/40441","targetHints":{"allow":["GET"]}}],"collection":[{"href":"https:\/\/hundtgroup.com\/fr\/wp-json\/wp\/v2\/product"}],"about":[{"href":"https:\/\/hundtgroup.com\/fr\/wp-json\/wp\/v2\/types\/product"}],"wp:featuredmedia":[{"embeddable":true,"href":"https:\/\/hundtgroup.com\/fr\/wp-json\/wp\/v2\/media\/40442"}],"wp:attachment":[{"href":"https:\/\/hundtgroup.com\/fr\/wp-json\/wp\/v2\/media?parent=40441"}],"wp:term":[{"taxonomy":"product_cat","embeddable":true,"href":"https:\/\/hundtgroup.com\/fr\/wp-json\/wp\/v2\/product_cat?post=40441"},{"taxonomy":"product_tag","embeddable":true,"href":"https:\/\/hundtgroup.com\/fr\/wp-json\/wp\/v2\/product_tag?post=40441"}],"curies":[{"name":"wp","href":"https:\/\/api.w.org\/{rel}","templated":true}]}}