{"id":40655,"date":"2026-01-28T10:17:44","date_gmt":"2026-01-28T09:17:44","guid":{"rendered":"https:\/\/hundtgroup.com\/produkt\/bosch-exsr18v-90-perceuse-visseuse-sans-fil-3x-40-ah\/"},"modified":"2026-01-28T10:17:44","modified_gmt":"2026-01-28T09:17:44","slug":"bosch-exsr18v-90-perceuse-visseuse-sans-fil-3x-40-ah","status":"publish","type":"product","link":"https:\/\/hundtgroup.com\/fr\/produkt\/bosch-exsr18v-90-perceuse-visseuse-sans-fil-3x-40-ah\/","title":{"rendered":"Bosch EXSR18V-90 Perceuse-visseuse sans fil 3x 4,0 Ah"},"content":{"rendered":"<p>Combinaison optimale de puissance, de compacit\u00e9 et de protection avanc\u00e9e\u00b9<br \/>\nPuissant et polyvalent : le puissant moteur sans balai fournit une puissance exceptionnelle avec un couple doux\/dur de 36\/65 Nm et 2.100 1\/min<br \/>\nPuissance compacte : longueur de t\u00eate de 163 mm et mandrin m\u00e9tallique de 13 mm pour une plus grande robustesse et une meilleure transmission du couple<br \/>\nProtection avanc\u00e9e de l&rsquo;utilisateur : le contr\u00f4le KickBack (marche\/arr\u00eat) minimise le risque de blessure en s&rsquo;arr\u00eatant lorsque la m\u00e8che se bloque<br \/>\nContr\u00f4le in\u00e9gal\u00e9 de l&rsquo;outil : l&#8217;embrayage de pr\u00e9cision (marche\/arr\u00eat) stoppe le d\u00e9brayage si n\u00e9cessaire et vous laisse la libert\u00e9 de personnaliser l&rsquo;outil selon vos besoins<\/p>\n","protected":false},"excerpt":{"rendered":"<p>Combinaison optimale de puissance, de compacit\u00e9 et de protection avanc\u00e9e\u00b9 Puissant et polyvalent : le puissant moteur sans balai fournit une puissance exceptionnelle avec un couple doux\/dur de 36\/65 Nm et 2.100 1\/min Puissance compacte : longueur de t\u00eate de 163 mm et mandrin m\u00e9tallique de 13 mm pour une plus grande robustesse et une [&hellip;]<\/p>\n","protected":false},"featured_media":40657,"template":"","meta":{"_acf_changed":false,"inline_featured_image":false},"product_cat":[658,1226],"product_tag":[],"class_list":{"0":"post-40655","1":"product","2":"type-product","3":"status-publish","4":"has-post-thumbnail","6":"brand-bosch-expert","7":"product_cat-outils-sans-fil","8":"product_cat-perceuse-visseuse","10":"first","11":"instock","12":"taxable","13":"shipping-taxable","14":"purchasable","15":"product-type-simple","16":"add-to-wishlist-before_image"},"acf":[],"yoast_head":"<!-- This site is optimized with the Yoast SEO plugin v27.3 - https:\/\/yoast.com\/product\/yoast-seo-wordpress\/ -->\n<title>Bosch EXSR18V-90 Perceuse-visseuse sans fil 3x 4,0 Ah - Wilhelm Hundt GmbH<\/title>\n<meta name=\"robots\" content=\"index, follow, max-snippet:-1, max-image-preview:large, max-video-preview:-1\" \/>\n<link rel=\"canonical\" href=\"https:\/\/hundtgroup.com\/fr\/produkt\/bosch-exsr18v-90-perceuse-visseuse-sans-fil-3x-40-ah\/\" \/>\n<meta property=\"og:locale\" content=\"fr_FR\" \/>\n<meta property=\"og:type\" content=\"article\" \/>\n<meta property=\"og:title\" content=\"Bosch EXSR18V-90 Perceuse-visseuse sans fil 3x 4,0 Ah - Wilhelm Hundt GmbH\" \/>\n<meta property=\"og:description\" content=\"Combinaison optimale de puissance, de compacit\u00e9 et de protection avanc\u00e9e\u00b9 Puissant et polyvalent : le puissant moteur sans balai fournit une puissance exceptionnelle avec un couple doux\/dur de 36\/65 Nm et 2.100 1\/min Puissance compacte : longueur de t\u00eate de 163 mm et mandrin m\u00e9tallique de 13 mm pour une plus grande robustesse et une [&hellip;]\" \/>\n<meta property=\"og:url\" content=\"https:\/\/hundtgroup.com\/fr\/produkt\/bosch-exsr18v-90-perceuse-visseuse-sans-fil-3x-40-ah\/\" \/>\n<meta property=\"og:site_name\" content=\"Wilhelm Hundt GmbH\" \/>\n<meta property=\"og:image\" content=\"https:\/\/hundtgroup.com\/wp-content\/uploads\/340830.jpg\" \/>\n\t<meta property=\"og:image:width\" content=\"600\" \/>\n\t<meta property=\"og:image:height\" content=\"600\" \/>\n\t<meta property=\"og:image:type\" content=\"image\/jpeg\" \/>\n<meta name=\"twitter:card\" content=\"summary_large_image\" \/>\n<meta name=\"twitter:label1\" content=\"Dur\u00e9e de lecture estim\u00e9e\" \/>\n\t<meta name=\"twitter:data1\" content=\"1 minute\" \/>\n<script type=\"application\/ld+json\" class=\"yoast-schema-graph\">{\"@context\":\"https:\\\/\\\/schema.org\",\"@graph\":[{\"@type\":\"WebPage\",\"@id\":\"https:\\\/\\\/hundtgroup.com\\\/fr\\\/produkt\\\/bosch-exsr18v-90-perceuse-visseuse-sans-fil-3x-40-ah\\\/\",\"url\":\"https:\\\/\\\/hundtgroup.com\\\/fr\\\/produkt\\\/bosch-exsr18v-90-perceuse-visseuse-sans-fil-3x-40-ah\\\/\",\"name\":\"Bosch EXSR18V-90 Perceuse-visseuse sans fil 3x 4,0 Ah - Wilhelm Hundt GmbH\",\"isPartOf\":{\"@id\":\"https:\\\/\\\/hundtgroup.com\\\/fr\\\/#website\"},\"primaryImageOfPage\":{\"@id\":\"https:\\\/\\\/hundtgroup.com\\\/fr\\\/produkt\\\/bosch-exsr18v-90-perceuse-visseuse-sans-fil-3x-40-ah\\\/#primaryimage\"},\"image\":{\"@id\":\"https:\\\/\\\/hundtgroup.com\\\/fr\\\/produkt\\\/bosch-exsr18v-90-perceuse-visseuse-sans-fil-3x-40-ah\\\/#primaryimage\"},\"thumbnailUrl\":\"https:\\\/\\\/hundtgroup.com\\\/wp-content\\\/uploads\\\/340830.jpg\",\"datePublished\":\"2026-01-28T09:17:44+00:00\",\"breadcrumb\":{\"@id\":\"https:\\\/\\\/hundtgroup.com\\\/fr\\\/produkt\\\/bosch-exsr18v-90-perceuse-visseuse-sans-fil-3x-40-ah\\\/#breadcrumb\"},\"inLanguage\":\"fr-FR\",\"potentialAction\":[{\"@type\":\"ReadAction\",\"target\":[\"https:\\\/\\\/hundtgroup.com\\\/fr\\\/produkt\\\/bosch-exsr18v-90-perceuse-visseuse-sans-fil-3x-40-ah\\\/\"]}]},{\"@type\":\"ImageObject\",\"inLanguage\":\"fr-FR\",\"@id\":\"https:\\\/\\\/hundtgroup.com\\\/fr\\\/produkt\\\/bosch-exsr18v-90-perceuse-visseuse-sans-fil-3x-40-ah\\\/#primaryimage\",\"url\":\"https:\\\/\\\/hundtgroup.com\\\/wp-content\\\/uploads\\\/340830.jpg\",\"contentUrl\":\"https:\\\/\\\/hundtgroup.com\\\/wp-content\\\/uploads\\\/340830.jpg\",\"width\":600,\"height\":600},{\"@type\":\"BreadcrumbList\",\"@id\":\"https:\\\/\\\/hundtgroup.com\\\/fr\\\/produkt\\\/bosch-exsr18v-90-perceuse-visseuse-sans-fil-3x-40-ah\\\/#breadcrumb\",\"itemListElement\":[{\"@type\":\"ListItem\",\"position\":1,\"name\":\"Startseite\",\"item\":\"https:\\\/\\\/hundtgroup.com\\\/fr\\\/accueil-nouveau\\\/\"},{\"@type\":\"ListItem\",\"position\":2,\"name\":\"Boutique\",\"item\":\"https:\\\/\\\/hundtgroup.com\\\/boutique\\\/\"},{\"@type\":\"ListItem\",\"position\":3,\"name\":\"Bosch EXSR18V-90 Perceuse-visseuse sans fil 3x 4,0 Ah\"}]},{\"@type\":\"WebSite\",\"@id\":\"https:\\\/\\\/hundtgroup.com\\\/fr\\\/#website\",\"url\":\"https:\\\/\\\/hundtgroup.com\\\/fr\\\/\",\"name\":\"Wilhelm Hundt GmbH\",\"description\":\"Votre sp\u00e9cialiste en machines et outils pour le travail de la t\u00f4le\",\"potentialAction\":[{\"@type\":\"SearchAction\",\"target\":{\"@type\":\"EntryPoint\",\"urlTemplate\":\"https:\\\/\\\/hundtgroup.com\\\/fr\\\/?s={search_term_string}\"},\"query-input\":{\"@type\":\"PropertyValueSpecification\",\"valueRequired\":true,\"valueName\":\"search_term_string\"}}],\"inLanguage\":\"fr-FR\"}]}<\/script>\n<!-- \/ Yoast SEO plugin. -->","yoast_head_json":{"title":"Bosch EXSR18V-90 Perceuse-visseuse sans fil 3x 4,0 Ah - Wilhelm Hundt GmbH","robots":{"index":"index","follow":"follow","max-snippet":"max-snippet:-1","max-image-preview":"max-image-preview:large","max-video-preview":"max-video-preview:-1"},"canonical":"https:\/\/hundtgroup.com\/fr\/produkt\/bosch-exsr18v-90-perceuse-visseuse-sans-fil-3x-40-ah\/","og_locale":"fr_FR","og_type":"article","og_title":"Bosch EXSR18V-90 Perceuse-visseuse sans fil 3x 4,0 Ah - Wilhelm Hundt GmbH","og_description":"Combinaison optimale de puissance, de compacit\u00e9 et de protection avanc\u00e9e\u00b9 Puissant et polyvalent : le puissant moteur sans balai fournit une puissance exceptionnelle avec un couple doux\/dur de 36\/65 Nm et 2.100 1\/min Puissance compacte : longueur de t\u00eate de 163 mm et mandrin m\u00e9tallique de 13 mm pour une plus grande robustesse et une [&hellip;]","og_url":"https:\/\/hundtgroup.com\/fr\/produkt\/bosch-exsr18v-90-perceuse-visseuse-sans-fil-3x-40-ah\/","og_site_name":"Wilhelm Hundt GmbH","og_image":[{"width":600,"height":600,"url":"https:\/\/hundtgroup.com\/wp-content\/uploads\/340830.jpg","type":"image\/jpeg"}],"twitter_card":"summary_large_image","twitter_misc":{"Dur\u00e9e de lecture estim\u00e9e":"1 minute"},"schema":{"@context":"https:\/\/schema.org","@graph":[{"@type":"WebPage","@id":"https:\/\/hundtgroup.com\/fr\/produkt\/bosch-exsr18v-90-perceuse-visseuse-sans-fil-3x-40-ah\/","url":"https:\/\/hundtgroup.com\/fr\/produkt\/bosch-exsr18v-90-perceuse-visseuse-sans-fil-3x-40-ah\/","name":"Bosch EXSR18V-90 Perceuse-visseuse sans fil 3x 4,0 Ah - Wilhelm Hundt GmbH","isPartOf":{"@id":"https:\/\/hundtgroup.com\/fr\/#website"},"primaryImageOfPage":{"@id":"https:\/\/hundtgroup.com\/fr\/produkt\/bosch-exsr18v-90-perceuse-visseuse-sans-fil-3x-40-ah\/#primaryimage"},"image":{"@id":"https:\/\/hundtgroup.com\/fr\/produkt\/bosch-exsr18v-90-perceuse-visseuse-sans-fil-3x-40-ah\/#primaryimage"},"thumbnailUrl":"https:\/\/hundtgroup.com\/wp-content\/uploads\/340830.jpg","datePublished":"2026-01-28T09:17:44+00:00","breadcrumb":{"@id":"https:\/\/hundtgroup.com\/fr\/produkt\/bosch-exsr18v-90-perceuse-visseuse-sans-fil-3x-40-ah\/#breadcrumb"},"inLanguage":"fr-FR","potentialAction":[{"@type":"ReadAction","target":["https:\/\/hundtgroup.com\/fr\/produkt\/bosch-exsr18v-90-perceuse-visseuse-sans-fil-3x-40-ah\/"]}]},{"@type":"ImageObject","inLanguage":"fr-FR","@id":"https:\/\/hundtgroup.com\/fr\/produkt\/bosch-exsr18v-90-perceuse-visseuse-sans-fil-3x-40-ah\/#primaryimage","url":"https:\/\/hundtgroup.com\/wp-content\/uploads\/340830.jpg","contentUrl":"https:\/\/hundtgroup.com\/wp-content\/uploads\/340830.jpg","width":600,"height":600},{"@type":"BreadcrumbList","@id":"https:\/\/hundtgroup.com\/fr\/produkt\/bosch-exsr18v-90-perceuse-visseuse-sans-fil-3x-40-ah\/#breadcrumb","itemListElement":[{"@type":"ListItem","position":1,"name":"Startseite","item":"https:\/\/hundtgroup.com\/fr\/accueil-nouveau\/"},{"@type":"ListItem","position":2,"name":"Boutique","item":"https:\/\/hundtgroup.com\/boutique\/"},{"@type":"ListItem","position":3,"name":"Bosch EXSR18V-90 Perceuse-visseuse sans fil 3x 4,0 Ah"}]},{"@type":"WebSite","@id":"https:\/\/hundtgroup.com\/fr\/#website","url":"https:\/\/hundtgroup.com\/fr\/","name":"Wilhelm Hundt GmbH","description":"Votre sp\u00e9cialiste en machines et outils pour le travail de la t\u00f4le","potentialAction":[{"@type":"SearchAction","target":{"@type":"EntryPoint","urlTemplate":"https:\/\/hundtgroup.com\/fr\/?s={search_term_string}"},"query-input":{"@type":"PropertyValueSpecification","valueRequired":true,"valueName":"search_term_string"}}],"inLanguage":"fr-FR"}]}},"_links":{"self":[{"href":"https:\/\/hundtgroup.com\/fr\/wp-json\/wp\/v2\/product\/40655","targetHints":{"allow":["GET"]}}],"collection":[{"href":"https:\/\/hundtgroup.com\/fr\/wp-json\/wp\/v2\/product"}],"about":[{"href":"https:\/\/hundtgroup.com\/fr\/wp-json\/wp\/v2\/types\/product"}],"wp:featuredmedia":[{"embeddable":true,"href":"https:\/\/hundtgroup.com\/fr\/wp-json\/wp\/v2\/media\/40657"}],"wp:attachment":[{"href":"https:\/\/hundtgroup.com\/fr\/wp-json\/wp\/v2\/media?parent=40655"}],"wp:term":[{"taxonomy":"product_cat","embeddable":true,"href":"https:\/\/hundtgroup.com\/fr\/wp-json\/wp\/v2\/product_cat?post=40655"},{"taxonomy":"product_tag","embeddable":true,"href":"https:\/\/hundtgroup.com\/fr\/wp-json\/wp\/v2\/product_tag?post=40655"}],"curies":[{"name":"wp","href":"https:\/\/api.w.org\/{rel}","templated":true}]}}