{"id":40974,"date":"2026-01-28T10:18:01","date_gmt":"2026-01-28T09:18:01","guid":{"rendered":"https:\/\/hundtgroup.com\/produkt\/pince-amperemetrique-exmc600-17-bosch\/"},"modified":"2026-01-28T10:18:01","modified_gmt":"2026-01-28T09:18:01","slug":"pince-amperemetrique-exmc600-17-bosch","status":"publish","type":"product","link":"https:\/\/hundtgroup.com\/fr\/produkt\/pince-amperemetrique-exmc600-17-bosch\/","title":{"rendered":"Pince amp\u00e8rem\u00e9trique EXMC600-17 Bosch"},"content":{"rendered":"<p>True RMS- Mesure du courant AC\/DC, mesure de la temp\u00e9rature et double source d&rsquo;alimentation<br \/>\nInterface enfichable de type K : mesure les temp\u00e9ratures de -40 \u00e0 +400 \u00b0C<br \/>\nFonctionnalit\u00e9 polyvalente : mesure le courant AC\/DC, le courant d&rsquo;appel, la fr\u00e9quence, la tension, la capacit\u00e9 et plus encore<br \/>\nDesign compact : utilisation facile d&rsquo;une seule main et suspension magn\u00e9tique MH 1 Professional<br \/>\nAdapt\u00e9 aux chantiers : testeur de tension sans contact et lampe de poche int\u00e9gr\u00e9s pour les conditions de faible luminosit\u00e9<\/p>\n","protected":false},"excerpt":{"rendered":"<p>True RMS- Mesure du courant AC\/DC, mesure de la temp\u00e9rature et double source d&rsquo;alimentation Interface enfichable de type K : mesure les temp\u00e9ratures de -40 \u00e0 +400 \u00b0C Fonctionnalit\u00e9 polyvalente : mesure le courant AC\/DC, le courant d&rsquo;appel, la fr\u00e9quence, la tension, la capacit\u00e9 et plus encore Design compact : utilisation facile d&rsquo;une seule main [&hellip;]<\/p>\n","protected":false},"featured_media":40976,"template":"","meta":{"_acf_changed":false,"inline_featured_image":false},"product_cat":[3299,670],"product_tag":[],"class_list":{"0":"post-40974","1":"product","2":"type-product","3":"status-publish","4":"has-post-thumbnail","6":"brand-bosch-expert","7":"product_cat-pince-amperemetrique","8":"product_cat-outils-electriques","10":"first","11":"instock","12":"taxable","13":"shipping-taxable","14":"purchasable","15":"product-type-simple","16":"add-to-wishlist-before_image"},"acf":[],"yoast_head":"<!-- This site is optimized with the Yoast SEO plugin v27.3 - https:\/\/yoast.com\/product\/yoast-seo-wordpress\/ -->\n<title>Pince amp\u00e8rem\u00e9trique EXMC600-17 Bosch - Wilhelm Hundt GmbH<\/title>\n<meta name=\"robots\" content=\"index, follow, max-snippet:-1, max-image-preview:large, max-video-preview:-1\" \/>\n<link rel=\"canonical\" href=\"https:\/\/hundtgroup.com\/fr\/produkt\/pince-amperemetrique-exmc600-17-bosch\/\" \/>\n<meta property=\"og:locale\" content=\"fr_FR\" \/>\n<meta property=\"og:type\" content=\"article\" \/>\n<meta property=\"og:title\" content=\"Pince amp\u00e8rem\u00e9trique EXMC600-17 Bosch - Wilhelm Hundt GmbH\" \/>\n<meta property=\"og:description\" content=\"True RMS- Mesure du courant AC\/DC, mesure de la temp\u00e9rature et double source d&rsquo;alimentation Interface enfichable de type K : mesure les temp\u00e9ratures de -40 \u00e0 +400 \u00b0C Fonctionnalit\u00e9 polyvalente : mesure le courant AC\/DC, le courant d&rsquo;appel, la fr\u00e9quence, la tension, la capacit\u00e9 et plus encore Design compact : utilisation facile d&rsquo;une seule main [&hellip;]\" \/>\n<meta property=\"og:url\" content=\"https:\/\/hundtgroup.com\/fr\/produkt\/pince-amperemetrique-exmc600-17-bosch\/\" \/>\n<meta property=\"og:site_name\" content=\"Wilhelm Hundt GmbH\" \/>\n<meta property=\"og:image\" content=\"https:\/\/hundtgroup.com\/wp-content\/uploads\/340876.jpg\" \/>\n\t<meta property=\"og:image:width\" content=\"1021\" \/>\n\t<meta property=\"og:image:height\" content=\"972\" \/>\n\t<meta property=\"og:image:type\" content=\"image\/jpeg\" \/>\n<meta name=\"twitter:card\" content=\"summary_large_image\" \/>\n<script type=\"application\/ld+json\" class=\"yoast-schema-graph\">{\"@context\":\"https:\\\/\\\/schema.org\",\"@graph\":[{\"@type\":\"WebPage\",\"@id\":\"https:\\\/\\\/hundtgroup.com\\\/fr\\\/produkt\\\/pince-amperemetrique-exmc600-17-bosch\\\/\",\"url\":\"https:\\\/\\\/hundtgroup.com\\\/fr\\\/produkt\\\/pince-amperemetrique-exmc600-17-bosch\\\/\",\"name\":\"Pince amp\u00e8rem\u00e9trique EXMC600-17 Bosch - Wilhelm Hundt GmbH\",\"isPartOf\":{\"@id\":\"https:\\\/\\\/hundtgroup.com\\\/fr\\\/#website\"},\"primaryImageOfPage\":{\"@id\":\"https:\\\/\\\/hundtgroup.com\\\/fr\\\/produkt\\\/pince-amperemetrique-exmc600-17-bosch\\\/#primaryimage\"},\"image\":{\"@id\":\"https:\\\/\\\/hundtgroup.com\\\/fr\\\/produkt\\\/pince-amperemetrique-exmc600-17-bosch\\\/#primaryimage\"},\"thumbnailUrl\":\"https:\\\/\\\/hundtgroup.com\\\/wp-content\\\/uploads\\\/340876.jpg\",\"datePublished\":\"2026-01-28T09:18:01+00:00\",\"breadcrumb\":{\"@id\":\"https:\\\/\\\/hundtgroup.com\\\/fr\\\/produkt\\\/pince-amperemetrique-exmc600-17-bosch\\\/#breadcrumb\"},\"inLanguage\":\"fr-FR\",\"potentialAction\":[{\"@type\":\"ReadAction\",\"target\":[\"https:\\\/\\\/hundtgroup.com\\\/fr\\\/produkt\\\/pince-amperemetrique-exmc600-17-bosch\\\/\"]}]},{\"@type\":\"ImageObject\",\"inLanguage\":\"fr-FR\",\"@id\":\"https:\\\/\\\/hundtgroup.com\\\/fr\\\/produkt\\\/pince-amperemetrique-exmc600-17-bosch\\\/#primaryimage\",\"url\":\"https:\\\/\\\/hundtgroup.com\\\/wp-content\\\/uploads\\\/340876.jpg\",\"contentUrl\":\"https:\\\/\\\/hundtgroup.com\\\/wp-content\\\/uploads\\\/340876.jpg\",\"width\":1021,\"height\":972},{\"@type\":\"BreadcrumbList\",\"@id\":\"https:\\\/\\\/hundtgroup.com\\\/fr\\\/produkt\\\/pince-amperemetrique-exmc600-17-bosch\\\/#breadcrumb\",\"itemListElement\":[{\"@type\":\"ListItem\",\"position\":1,\"name\":\"Startseite\",\"item\":\"https:\\\/\\\/hundtgroup.com\\\/fr\\\/accueil-nouveau\\\/\"},{\"@type\":\"ListItem\",\"position\":2,\"name\":\"Boutique\",\"item\":\"https:\\\/\\\/hundtgroup.com\\\/boutique\\\/\"},{\"@type\":\"ListItem\",\"position\":3,\"name\":\"Pince amp\u00e8rem\u00e9trique EXMC600-17 Bosch\"}]},{\"@type\":\"WebSite\",\"@id\":\"https:\\\/\\\/hundtgroup.com\\\/fr\\\/#website\",\"url\":\"https:\\\/\\\/hundtgroup.com\\\/fr\\\/\",\"name\":\"Wilhelm Hundt GmbH\",\"description\":\"Votre sp\u00e9cialiste en machines et outils pour le travail de la t\u00f4le\",\"potentialAction\":[{\"@type\":\"SearchAction\",\"target\":{\"@type\":\"EntryPoint\",\"urlTemplate\":\"https:\\\/\\\/hundtgroup.com\\\/fr\\\/?s={search_term_string}\"},\"query-input\":{\"@type\":\"PropertyValueSpecification\",\"valueRequired\":true,\"valueName\":\"search_term_string\"}}],\"inLanguage\":\"fr-FR\"}]}<\/script>\n<!-- \/ Yoast SEO plugin. -->","yoast_head_json":{"title":"Pince amp\u00e8rem\u00e9trique EXMC600-17 Bosch - Wilhelm Hundt GmbH","robots":{"index":"index","follow":"follow","max-snippet":"max-snippet:-1","max-image-preview":"max-image-preview:large","max-video-preview":"max-video-preview:-1"},"canonical":"https:\/\/hundtgroup.com\/fr\/produkt\/pince-amperemetrique-exmc600-17-bosch\/","og_locale":"fr_FR","og_type":"article","og_title":"Pince amp\u00e8rem\u00e9trique EXMC600-17 Bosch - Wilhelm Hundt GmbH","og_description":"True RMS- Mesure du courant AC\/DC, mesure de la temp\u00e9rature et double source d&rsquo;alimentation Interface enfichable de type K : mesure les temp\u00e9ratures de -40 \u00e0 +400 \u00b0C Fonctionnalit\u00e9 polyvalente : mesure le courant AC\/DC, le courant d&rsquo;appel, la fr\u00e9quence, la tension, la capacit\u00e9 et plus encore Design compact : utilisation facile d&rsquo;une seule main [&hellip;]","og_url":"https:\/\/hundtgroup.com\/fr\/produkt\/pince-amperemetrique-exmc600-17-bosch\/","og_site_name":"Wilhelm Hundt GmbH","og_image":[{"width":1021,"height":972,"url":"https:\/\/hundtgroup.com\/wp-content\/uploads\/340876.jpg","type":"image\/jpeg"}],"twitter_card":"summary_large_image","schema":{"@context":"https:\/\/schema.org","@graph":[{"@type":"WebPage","@id":"https:\/\/hundtgroup.com\/fr\/produkt\/pince-amperemetrique-exmc600-17-bosch\/","url":"https:\/\/hundtgroup.com\/fr\/produkt\/pince-amperemetrique-exmc600-17-bosch\/","name":"Pince amp\u00e8rem\u00e9trique EXMC600-17 Bosch - Wilhelm Hundt GmbH","isPartOf":{"@id":"https:\/\/hundtgroup.com\/fr\/#website"},"primaryImageOfPage":{"@id":"https:\/\/hundtgroup.com\/fr\/produkt\/pince-amperemetrique-exmc600-17-bosch\/#primaryimage"},"image":{"@id":"https:\/\/hundtgroup.com\/fr\/produkt\/pince-amperemetrique-exmc600-17-bosch\/#primaryimage"},"thumbnailUrl":"https:\/\/hundtgroup.com\/wp-content\/uploads\/340876.jpg","datePublished":"2026-01-28T09:18:01+00:00","breadcrumb":{"@id":"https:\/\/hundtgroup.com\/fr\/produkt\/pince-amperemetrique-exmc600-17-bosch\/#breadcrumb"},"inLanguage":"fr-FR","potentialAction":[{"@type":"ReadAction","target":["https:\/\/hundtgroup.com\/fr\/produkt\/pince-amperemetrique-exmc600-17-bosch\/"]}]},{"@type":"ImageObject","inLanguage":"fr-FR","@id":"https:\/\/hundtgroup.com\/fr\/produkt\/pince-amperemetrique-exmc600-17-bosch\/#primaryimage","url":"https:\/\/hundtgroup.com\/wp-content\/uploads\/340876.jpg","contentUrl":"https:\/\/hundtgroup.com\/wp-content\/uploads\/340876.jpg","width":1021,"height":972},{"@type":"BreadcrumbList","@id":"https:\/\/hundtgroup.com\/fr\/produkt\/pince-amperemetrique-exmc600-17-bosch\/#breadcrumb","itemListElement":[{"@type":"ListItem","position":1,"name":"Startseite","item":"https:\/\/hundtgroup.com\/fr\/accueil-nouveau\/"},{"@type":"ListItem","position":2,"name":"Boutique","item":"https:\/\/hundtgroup.com\/boutique\/"},{"@type":"ListItem","position":3,"name":"Pince amp\u00e8rem\u00e9trique EXMC600-17 Bosch"}]},{"@type":"WebSite","@id":"https:\/\/hundtgroup.com\/fr\/#website","url":"https:\/\/hundtgroup.com\/fr\/","name":"Wilhelm Hundt GmbH","description":"Votre sp\u00e9cialiste en machines et outils pour le travail de la t\u00f4le","potentialAction":[{"@type":"SearchAction","target":{"@type":"EntryPoint","urlTemplate":"https:\/\/hundtgroup.com\/fr\/?s={search_term_string}"},"query-input":{"@type":"PropertyValueSpecification","valueRequired":true,"valueName":"search_term_string"}}],"inLanguage":"fr-FR"}]}},"_links":{"self":[{"href":"https:\/\/hundtgroup.com\/fr\/wp-json\/wp\/v2\/product\/40974","targetHints":{"allow":["GET"]}}],"collection":[{"href":"https:\/\/hundtgroup.com\/fr\/wp-json\/wp\/v2\/product"}],"about":[{"href":"https:\/\/hundtgroup.com\/fr\/wp-json\/wp\/v2\/types\/product"}],"wp:featuredmedia":[{"embeddable":true,"href":"https:\/\/hundtgroup.com\/fr\/wp-json\/wp\/v2\/media\/40976"}],"wp:attachment":[{"href":"https:\/\/hundtgroup.com\/fr\/wp-json\/wp\/v2\/media?parent=40974"}],"wp:term":[{"taxonomy":"product_cat","embeddable":true,"href":"https:\/\/hundtgroup.com\/fr\/wp-json\/wp\/v2\/product_cat?post=40974"},{"taxonomy":"product_tag","embeddable":true,"href":"https:\/\/hundtgroup.com\/fr\/wp-json\/wp\/v2\/product_tag?post=40974"}],"curies":[{"name":"wp","href":"https:\/\/api.w.org\/{rel}","templated":true}]}}