{"id":41008,"date":"2026-01-28T10:18:01","date_gmt":"2026-01-28T09:18:01","guid":{"rendered":"https:\/\/hundtgroup.com\/produkt\/bosch-d-tect-18v-200-17c-localisateur-universel\/"},"modified":"2026-01-28T10:18:01","modified_gmt":"2026-01-28T09:18:01","slug":"bosch-d-tect-18v-200-17c-localisateur-universel","status":"publish","type":"product","link":"https:\/\/hundtgroup.com\/fr\/produkt\/bosch-d-tect-18v-200-17c-localisateur-universel\/","title":{"rendered":"Bosch D-tect 18V-200-17C Localisateur universel"},"content":{"rendered":"<p>Excellente performance de d\u00e9tection avec la technologie radar Bosch<br \/>\nExcellente qualit\u00e9 de d\u00e9tection : d\u00e9tecte les objets cach\u00e9s jusqu&rsquo;\u00e0 200 mm de profondeur avec la technologie IA<br \/>\nTechnologie radar Bosch : garantit une d\u00e9tection pr\u00e9cise pour \u00e9viter les dommages co\u00fbteux et les risques pour la s\u00e9curit\u00e9<br \/>\n Puissance 18V : travaillez efficacement sans interruption gr\u00e2ce \u00e0 la plateforme de batterie 18V<br \/>\nFonction d&rsquo;imagerie 3D : offre une vue facile \u00e0 interpr\u00e9ter des zones murales et des objets cach\u00e9s<\/p>\n","protected":false},"excerpt":{"rendered":"<p>Excellente performance de d\u00e9tection avec la technologie radar Bosch Excellente qualit\u00e9 de d\u00e9tection : d\u00e9tecte les objets cach\u00e9s jusqu&rsquo;\u00e0 200 mm de profondeur avec la technologie IA Technologie radar Bosch : garantit une d\u00e9tection pr\u00e9cise pour \u00e9viter les dommages co\u00fbteux et les risques pour la s\u00e9curit\u00e9 Puissance 18V : travaillez efficacement sans interruption gr\u00e2ce \u00e0 [&hellip;]<\/p>\n","protected":false},"featured_media":41010,"template":"","meta":{"_acf_changed":false,"inline_featured_image":false},"product_cat":[3309,658],"product_tag":[],"class_list":{"0":"post-41008","1":"product","2":"type-product","3":"status-publish","4":"has-post-thumbnail","6":"brand-bosch-expert","7":"product_cat-localisateur-universel","8":"product_cat-outils-sans-fil","10":"first","11":"instock","12":"taxable","13":"shipping-taxable","14":"purchasable","15":"product-type-simple","16":"add-to-wishlist-before_image"},"acf":[],"yoast_head":"<!-- This site is optimized with the Yoast SEO plugin v27.3 - https:\/\/yoast.com\/product\/yoast-seo-wordpress\/ -->\n<title>Bosch D-tect 18V-200-17C Localisateur universel - Wilhelm Hundt GmbH<\/title>\n<meta name=\"robots\" content=\"index, follow, max-snippet:-1, max-image-preview:large, max-video-preview:-1\" \/>\n<link rel=\"canonical\" href=\"https:\/\/hundtgroup.com\/fr\/produkt\/bosch-d-tect-18v-200-17c-localisateur-universel\/\" \/>\n<meta property=\"og:locale\" content=\"fr_FR\" \/>\n<meta property=\"og:type\" content=\"article\" \/>\n<meta property=\"og:title\" content=\"Bosch D-tect 18V-200-17C Localisateur universel - Wilhelm Hundt GmbH\" \/>\n<meta property=\"og:description\" content=\"Excellente performance de d\u00e9tection avec la technologie radar Bosch Excellente qualit\u00e9 de d\u00e9tection : d\u00e9tecte les objets cach\u00e9s jusqu&rsquo;\u00e0 200 mm de profondeur avec la technologie IA Technologie radar Bosch : garantit une d\u00e9tection pr\u00e9cise pour \u00e9viter les dommages co\u00fbteux et les risques pour la s\u00e9curit\u00e9 Puissance 18V : travaillez efficacement sans interruption gr\u00e2ce \u00e0 [&hellip;]\" \/>\n<meta property=\"og:url\" content=\"https:\/\/hundtgroup.com\/fr\/produkt\/bosch-d-tect-18v-200-17c-localisateur-universel\/\" \/>\n<meta property=\"og:site_name\" content=\"Wilhelm Hundt GmbH\" \/>\n<meta property=\"og:image\" content=\"https:\/\/hundtgroup.com\/wp-content\/uploads\/340871.jpg\" \/>\n\t<meta property=\"og:image:width\" content=\"1041\" \/>\n\t<meta property=\"og:image:height\" content=\"983\" \/>\n\t<meta property=\"og:image:type\" content=\"image\/jpeg\" \/>\n<meta name=\"twitter:card\" content=\"summary_large_image\" \/>\n<script type=\"application\/ld+json\" class=\"yoast-schema-graph\">{\"@context\":\"https:\\\/\\\/schema.org\",\"@graph\":[{\"@type\":\"WebPage\",\"@id\":\"https:\\\/\\\/hundtgroup.com\\\/fr\\\/produkt\\\/bosch-d-tect-18v-200-17c-localisateur-universel\\\/\",\"url\":\"https:\\\/\\\/hundtgroup.com\\\/fr\\\/produkt\\\/bosch-d-tect-18v-200-17c-localisateur-universel\\\/\",\"name\":\"Bosch D-tect 18V-200-17C Localisateur universel - Wilhelm Hundt GmbH\",\"isPartOf\":{\"@id\":\"https:\\\/\\\/hundtgroup.com\\\/fr\\\/#website\"},\"primaryImageOfPage\":{\"@id\":\"https:\\\/\\\/hundtgroup.com\\\/fr\\\/produkt\\\/bosch-d-tect-18v-200-17c-localisateur-universel\\\/#primaryimage\"},\"image\":{\"@id\":\"https:\\\/\\\/hundtgroup.com\\\/fr\\\/produkt\\\/bosch-d-tect-18v-200-17c-localisateur-universel\\\/#primaryimage\"},\"thumbnailUrl\":\"https:\\\/\\\/hundtgroup.com\\\/wp-content\\\/uploads\\\/340871.jpg\",\"datePublished\":\"2026-01-28T09:18:01+00:00\",\"breadcrumb\":{\"@id\":\"https:\\\/\\\/hundtgroup.com\\\/fr\\\/produkt\\\/bosch-d-tect-18v-200-17c-localisateur-universel\\\/#breadcrumb\"},\"inLanguage\":\"fr-FR\",\"potentialAction\":[{\"@type\":\"ReadAction\",\"target\":[\"https:\\\/\\\/hundtgroup.com\\\/fr\\\/produkt\\\/bosch-d-tect-18v-200-17c-localisateur-universel\\\/\"]}]},{\"@type\":\"ImageObject\",\"inLanguage\":\"fr-FR\",\"@id\":\"https:\\\/\\\/hundtgroup.com\\\/fr\\\/produkt\\\/bosch-d-tect-18v-200-17c-localisateur-universel\\\/#primaryimage\",\"url\":\"https:\\\/\\\/hundtgroup.com\\\/wp-content\\\/uploads\\\/340871.jpg\",\"contentUrl\":\"https:\\\/\\\/hundtgroup.com\\\/wp-content\\\/uploads\\\/340871.jpg\",\"width\":1041,\"height\":983},{\"@type\":\"BreadcrumbList\",\"@id\":\"https:\\\/\\\/hundtgroup.com\\\/fr\\\/produkt\\\/bosch-d-tect-18v-200-17c-localisateur-universel\\\/#breadcrumb\",\"itemListElement\":[{\"@type\":\"ListItem\",\"position\":1,\"name\":\"Startseite\",\"item\":\"https:\\\/\\\/hundtgroup.com\\\/fr\\\/accueil-nouveau\\\/\"},{\"@type\":\"ListItem\",\"position\":2,\"name\":\"Boutique\",\"item\":\"https:\\\/\\\/hundtgroup.com\\\/boutique\\\/\"},{\"@type\":\"ListItem\",\"position\":3,\"name\":\"Bosch D-tect 18V-200-17C Localisateur universel\"}]},{\"@type\":\"WebSite\",\"@id\":\"https:\\\/\\\/hundtgroup.com\\\/fr\\\/#website\",\"url\":\"https:\\\/\\\/hundtgroup.com\\\/fr\\\/\",\"name\":\"Wilhelm Hundt GmbH\",\"description\":\"Votre sp\u00e9cialiste en machines et outils pour le travail de la t\u00f4le\",\"potentialAction\":[{\"@type\":\"SearchAction\",\"target\":{\"@type\":\"EntryPoint\",\"urlTemplate\":\"https:\\\/\\\/hundtgroup.com\\\/fr\\\/?s={search_term_string}\"},\"query-input\":{\"@type\":\"PropertyValueSpecification\",\"valueRequired\":true,\"valueName\":\"search_term_string\"}}],\"inLanguage\":\"fr-FR\"}]}<\/script>\n<!-- \/ Yoast SEO plugin. -->","yoast_head_json":{"title":"Bosch D-tect 18V-200-17C Localisateur universel - Wilhelm Hundt GmbH","robots":{"index":"index","follow":"follow","max-snippet":"max-snippet:-1","max-image-preview":"max-image-preview:large","max-video-preview":"max-video-preview:-1"},"canonical":"https:\/\/hundtgroup.com\/fr\/produkt\/bosch-d-tect-18v-200-17c-localisateur-universel\/","og_locale":"fr_FR","og_type":"article","og_title":"Bosch D-tect 18V-200-17C Localisateur universel - Wilhelm Hundt GmbH","og_description":"Excellente performance de d\u00e9tection avec la technologie radar Bosch Excellente qualit\u00e9 de d\u00e9tection : d\u00e9tecte les objets cach\u00e9s jusqu&rsquo;\u00e0 200 mm de profondeur avec la technologie IA Technologie radar Bosch : garantit une d\u00e9tection pr\u00e9cise pour \u00e9viter les dommages co\u00fbteux et les risques pour la s\u00e9curit\u00e9 Puissance 18V : travaillez efficacement sans interruption gr\u00e2ce \u00e0 [&hellip;]","og_url":"https:\/\/hundtgroup.com\/fr\/produkt\/bosch-d-tect-18v-200-17c-localisateur-universel\/","og_site_name":"Wilhelm Hundt GmbH","og_image":[{"width":1041,"height":983,"url":"https:\/\/hundtgroup.com\/wp-content\/uploads\/340871.jpg","type":"image\/jpeg"}],"twitter_card":"summary_large_image","schema":{"@context":"https:\/\/schema.org","@graph":[{"@type":"WebPage","@id":"https:\/\/hundtgroup.com\/fr\/produkt\/bosch-d-tect-18v-200-17c-localisateur-universel\/","url":"https:\/\/hundtgroup.com\/fr\/produkt\/bosch-d-tect-18v-200-17c-localisateur-universel\/","name":"Bosch D-tect 18V-200-17C Localisateur universel - Wilhelm Hundt GmbH","isPartOf":{"@id":"https:\/\/hundtgroup.com\/fr\/#website"},"primaryImageOfPage":{"@id":"https:\/\/hundtgroup.com\/fr\/produkt\/bosch-d-tect-18v-200-17c-localisateur-universel\/#primaryimage"},"image":{"@id":"https:\/\/hundtgroup.com\/fr\/produkt\/bosch-d-tect-18v-200-17c-localisateur-universel\/#primaryimage"},"thumbnailUrl":"https:\/\/hundtgroup.com\/wp-content\/uploads\/340871.jpg","datePublished":"2026-01-28T09:18:01+00:00","breadcrumb":{"@id":"https:\/\/hundtgroup.com\/fr\/produkt\/bosch-d-tect-18v-200-17c-localisateur-universel\/#breadcrumb"},"inLanguage":"fr-FR","potentialAction":[{"@type":"ReadAction","target":["https:\/\/hundtgroup.com\/fr\/produkt\/bosch-d-tect-18v-200-17c-localisateur-universel\/"]}]},{"@type":"ImageObject","inLanguage":"fr-FR","@id":"https:\/\/hundtgroup.com\/fr\/produkt\/bosch-d-tect-18v-200-17c-localisateur-universel\/#primaryimage","url":"https:\/\/hundtgroup.com\/wp-content\/uploads\/340871.jpg","contentUrl":"https:\/\/hundtgroup.com\/wp-content\/uploads\/340871.jpg","width":1041,"height":983},{"@type":"BreadcrumbList","@id":"https:\/\/hundtgroup.com\/fr\/produkt\/bosch-d-tect-18v-200-17c-localisateur-universel\/#breadcrumb","itemListElement":[{"@type":"ListItem","position":1,"name":"Startseite","item":"https:\/\/hundtgroup.com\/fr\/accueil-nouveau\/"},{"@type":"ListItem","position":2,"name":"Boutique","item":"https:\/\/hundtgroup.com\/boutique\/"},{"@type":"ListItem","position":3,"name":"Bosch D-tect 18V-200-17C Localisateur universel"}]},{"@type":"WebSite","@id":"https:\/\/hundtgroup.com\/fr\/#website","url":"https:\/\/hundtgroup.com\/fr\/","name":"Wilhelm Hundt GmbH","description":"Votre sp\u00e9cialiste en machines et outils pour le travail de la t\u00f4le","potentialAction":[{"@type":"SearchAction","target":{"@type":"EntryPoint","urlTemplate":"https:\/\/hundtgroup.com\/fr\/?s={search_term_string}"},"query-input":{"@type":"PropertyValueSpecification","valueRequired":true,"valueName":"search_term_string"}}],"inLanguage":"fr-FR"}]}},"_links":{"self":[{"href":"https:\/\/hundtgroup.com\/fr\/wp-json\/wp\/v2\/product\/41008","targetHints":{"allow":["GET"]}}],"collection":[{"href":"https:\/\/hundtgroup.com\/fr\/wp-json\/wp\/v2\/product"}],"about":[{"href":"https:\/\/hundtgroup.com\/fr\/wp-json\/wp\/v2\/types\/product"}],"wp:featuredmedia":[{"embeddable":true,"href":"https:\/\/hundtgroup.com\/fr\/wp-json\/wp\/v2\/media\/41010"}],"wp:attachment":[{"href":"https:\/\/hundtgroup.com\/fr\/wp-json\/wp\/v2\/media?parent=41008"}],"wp:term":[{"taxonomy":"product_cat","embeddable":true,"href":"https:\/\/hundtgroup.com\/fr\/wp-json\/wp\/v2\/product_cat?post=41008"},{"taxonomy":"product_tag","embeddable":true,"href":"https:\/\/hundtgroup.com\/fr\/wp-json\/wp\/v2\/product_tag?post=41008"}],"curies":[{"name":"wp","href":"https:\/\/api.w.org\/{rel}","templated":true}]}}