{"id":41242,"date":"2026-01-28T10:18:01","date_gmt":"2026-01-28T09:18:01","guid":{"rendered":"https:\/\/hundtgroup.com\/produkt\/multimetre-exdm600-17-bosch\/"},"modified":"2026-01-28T10:18:01","modified_gmt":"2026-01-28T09:18:01","slug":"multimetre-exdm600-17-bosch","status":"publish","type":"product","link":"https:\/\/hundtgroup.com\/fr\/produkt\/multimetre-exdm600-17-bosch\/","title":{"rendered":"Multim\u00e8tre EXDM600-17 Bosch"},"content":{"rendered":"<p>Indice de protection IP65, r\u00e9sistance aux chutes jusqu&rsquo;\u00e0 2 m, \u00e9cran invers\u00e9, classification de s\u00e9curit\u00e9 CAT III 600 V, double source d&rsquo;alimentation et mesure de la temp\u00e9rature<br \/>\nInterface enfichable de type K : mesure les temp\u00e9ratures de -40 \u00e0 400\u00b0C<br \/>\nPolyvalent : mesure la temp\u00e9rature et les microamp\u00e8res, les r\u00e9sistances jusqu&rsquo;\u00e0 60 M ? LoZ et effectue des tests de diodes<br \/>\nDesign compact : Utilisation facile \u00e0 une main avec la suspension magn\u00e9tique compatible MH 1 Professional<br \/>\nAdapt\u00e9 au chantier : Fonctionnalit\u00e9 HVAC \u00e9tendue avec mesure de la temp\u00e9rature, microamp\u00e8res, LoZ et tests de diodes<\/p>\n","protected":false},"excerpt":{"rendered":"<p>Indice de protection IP65, r\u00e9sistance aux chutes jusqu&rsquo;\u00e0 2 m, \u00e9cran invers\u00e9, classification de s\u00e9curit\u00e9 CAT III 600 V, double source d&rsquo;alimentation et mesure de la temp\u00e9rature Interface enfichable de type K : mesure les temp\u00e9ratures de -40 \u00e0 400\u00b0C Polyvalent : mesure la temp\u00e9rature et les microamp\u00e8res, les r\u00e9sistances jusqu&rsquo;\u00e0 60 M ? LoZ [&hellip;]<\/p>\n","protected":false},"featured_media":41244,"template":"","meta":{"_acf_changed":false,"inline_featured_image":false},"product_cat":[3337,670],"product_tag":[],"class_list":{"0":"post-41242","1":"product","2":"type-product","3":"status-publish","4":"has-post-thumbnail","6":"brand-bosch-expert","7":"product_cat-multimetre","8":"product_cat-outils-electriques","10":"first","11":"instock","12":"taxable","13":"shipping-taxable","14":"purchasable","15":"product-type-simple","16":"add-to-wishlist-before_image"},"acf":[],"yoast_head":"<!-- This site is optimized with the Yoast SEO plugin v27.3 - https:\/\/yoast.com\/product\/yoast-seo-wordpress\/ -->\n<title>Multim\u00e8tre EXDM600-17 Bosch - Wilhelm Hundt GmbH<\/title>\n<meta name=\"robots\" content=\"index, follow, max-snippet:-1, max-image-preview:large, max-video-preview:-1\" \/>\n<link rel=\"canonical\" href=\"https:\/\/hundtgroup.com\/fr\/produkt\/multimetre-exdm600-17-bosch\/\" \/>\n<meta property=\"og:locale\" content=\"fr_FR\" \/>\n<meta property=\"og:type\" content=\"article\" \/>\n<meta property=\"og:title\" content=\"Multim\u00e8tre EXDM600-17 Bosch - Wilhelm Hundt GmbH\" \/>\n<meta property=\"og:description\" content=\"Indice de protection IP65, r\u00e9sistance aux chutes jusqu&rsquo;\u00e0 2 m, \u00e9cran invers\u00e9, classification de s\u00e9curit\u00e9 CAT III 600 V, double source d&rsquo;alimentation et mesure de la temp\u00e9rature Interface enfichable de type K : mesure les temp\u00e9ratures de -40 \u00e0 400\u00b0C Polyvalent : mesure la temp\u00e9rature et les microamp\u00e8res, les r\u00e9sistances jusqu&rsquo;\u00e0 60 M ? LoZ [&hellip;]\" \/>\n<meta property=\"og:url\" content=\"https:\/\/hundtgroup.com\/fr\/produkt\/multimetre-exdm600-17-bosch\/\" \/>\n<meta property=\"og:site_name\" content=\"Wilhelm Hundt GmbH\" \/>\n<meta property=\"og:image\" content=\"https:\/\/hundtgroup.com\/wp-content\/uploads\/340875.jpg\" \/>\n\t<meta property=\"og:image:width\" content=\"982\" \/>\n\t<meta property=\"og:image:height\" content=\"969\" \/>\n\t<meta property=\"og:image:type\" content=\"image\/jpeg\" \/>\n<meta name=\"twitter:card\" content=\"summary_large_image\" \/>\n<script type=\"application\/ld+json\" class=\"yoast-schema-graph\">{\"@context\":\"https:\\\/\\\/schema.org\",\"@graph\":[{\"@type\":\"WebPage\",\"@id\":\"https:\\\/\\\/hundtgroup.com\\\/fr\\\/produkt\\\/multimetre-exdm600-17-bosch\\\/\",\"url\":\"https:\\\/\\\/hundtgroup.com\\\/fr\\\/produkt\\\/multimetre-exdm600-17-bosch\\\/\",\"name\":\"Multim\u00e8tre EXDM600-17 Bosch - Wilhelm Hundt GmbH\",\"isPartOf\":{\"@id\":\"https:\\\/\\\/hundtgroup.com\\\/fr\\\/#website\"},\"primaryImageOfPage\":{\"@id\":\"https:\\\/\\\/hundtgroup.com\\\/fr\\\/produkt\\\/multimetre-exdm600-17-bosch\\\/#primaryimage\"},\"image\":{\"@id\":\"https:\\\/\\\/hundtgroup.com\\\/fr\\\/produkt\\\/multimetre-exdm600-17-bosch\\\/#primaryimage\"},\"thumbnailUrl\":\"https:\\\/\\\/hundtgroup.com\\\/wp-content\\\/uploads\\\/340875.jpg\",\"datePublished\":\"2026-01-28T09:18:01+00:00\",\"breadcrumb\":{\"@id\":\"https:\\\/\\\/hundtgroup.com\\\/fr\\\/produkt\\\/multimetre-exdm600-17-bosch\\\/#breadcrumb\"},\"inLanguage\":\"fr-FR\",\"potentialAction\":[{\"@type\":\"ReadAction\",\"target\":[\"https:\\\/\\\/hundtgroup.com\\\/fr\\\/produkt\\\/multimetre-exdm600-17-bosch\\\/\"]}]},{\"@type\":\"ImageObject\",\"inLanguage\":\"fr-FR\",\"@id\":\"https:\\\/\\\/hundtgroup.com\\\/fr\\\/produkt\\\/multimetre-exdm600-17-bosch\\\/#primaryimage\",\"url\":\"https:\\\/\\\/hundtgroup.com\\\/wp-content\\\/uploads\\\/340875.jpg\",\"contentUrl\":\"https:\\\/\\\/hundtgroup.com\\\/wp-content\\\/uploads\\\/340875.jpg\",\"width\":982,\"height\":969},{\"@type\":\"BreadcrumbList\",\"@id\":\"https:\\\/\\\/hundtgroup.com\\\/fr\\\/produkt\\\/multimetre-exdm600-17-bosch\\\/#breadcrumb\",\"itemListElement\":[{\"@type\":\"ListItem\",\"position\":1,\"name\":\"Startseite\",\"item\":\"https:\\\/\\\/hundtgroup.com\\\/fr\\\/accueil-nouveau\\\/\"},{\"@type\":\"ListItem\",\"position\":2,\"name\":\"Boutique\",\"item\":\"https:\\\/\\\/hundtgroup.com\\\/boutique\\\/\"},{\"@type\":\"ListItem\",\"position\":3,\"name\":\"Multim\u00e8tre EXDM600-17 Bosch\"}]},{\"@type\":\"WebSite\",\"@id\":\"https:\\\/\\\/hundtgroup.com\\\/fr\\\/#website\",\"url\":\"https:\\\/\\\/hundtgroup.com\\\/fr\\\/\",\"name\":\"Wilhelm Hundt GmbH\",\"description\":\"Votre sp\u00e9cialiste en machines et outils pour le travail de la t\u00f4le\",\"potentialAction\":[{\"@type\":\"SearchAction\",\"target\":{\"@type\":\"EntryPoint\",\"urlTemplate\":\"https:\\\/\\\/hundtgroup.com\\\/fr\\\/?s={search_term_string}\"},\"query-input\":{\"@type\":\"PropertyValueSpecification\",\"valueRequired\":true,\"valueName\":\"search_term_string\"}}],\"inLanguage\":\"fr-FR\"}]}<\/script>\n<!-- \/ Yoast SEO plugin. -->","yoast_head_json":{"title":"Multim\u00e8tre EXDM600-17 Bosch - Wilhelm Hundt GmbH","robots":{"index":"index","follow":"follow","max-snippet":"max-snippet:-1","max-image-preview":"max-image-preview:large","max-video-preview":"max-video-preview:-1"},"canonical":"https:\/\/hundtgroup.com\/fr\/produkt\/multimetre-exdm600-17-bosch\/","og_locale":"fr_FR","og_type":"article","og_title":"Multim\u00e8tre EXDM600-17 Bosch - Wilhelm Hundt GmbH","og_description":"Indice de protection IP65, r\u00e9sistance aux chutes jusqu&rsquo;\u00e0 2 m, \u00e9cran invers\u00e9, classification de s\u00e9curit\u00e9 CAT III 600 V, double source d&rsquo;alimentation et mesure de la temp\u00e9rature Interface enfichable de type K : mesure les temp\u00e9ratures de -40 \u00e0 400\u00b0C Polyvalent : mesure la temp\u00e9rature et les microamp\u00e8res, les r\u00e9sistances jusqu&rsquo;\u00e0 60 M ? LoZ [&hellip;]","og_url":"https:\/\/hundtgroup.com\/fr\/produkt\/multimetre-exdm600-17-bosch\/","og_site_name":"Wilhelm Hundt GmbH","og_image":[{"width":982,"height":969,"url":"https:\/\/hundtgroup.com\/wp-content\/uploads\/340875.jpg","type":"image\/jpeg"}],"twitter_card":"summary_large_image","schema":{"@context":"https:\/\/schema.org","@graph":[{"@type":"WebPage","@id":"https:\/\/hundtgroup.com\/fr\/produkt\/multimetre-exdm600-17-bosch\/","url":"https:\/\/hundtgroup.com\/fr\/produkt\/multimetre-exdm600-17-bosch\/","name":"Multim\u00e8tre EXDM600-17 Bosch - Wilhelm Hundt GmbH","isPartOf":{"@id":"https:\/\/hundtgroup.com\/fr\/#website"},"primaryImageOfPage":{"@id":"https:\/\/hundtgroup.com\/fr\/produkt\/multimetre-exdm600-17-bosch\/#primaryimage"},"image":{"@id":"https:\/\/hundtgroup.com\/fr\/produkt\/multimetre-exdm600-17-bosch\/#primaryimage"},"thumbnailUrl":"https:\/\/hundtgroup.com\/wp-content\/uploads\/340875.jpg","datePublished":"2026-01-28T09:18:01+00:00","breadcrumb":{"@id":"https:\/\/hundtgroup.com\/fr\/produkt\/multimetre-exdm600-17-bosch\/#breadcrumb"},"inLanguage":"fr-FR","potentialAction":[{"@type":"ReadAction","target":["https:\/\/hundtgroup.com\/fr\/produkt\/multimetre-exdm600-17-bosch\/"]}]},{"@type":"ImageObject","inLanguage":"fr-FR","@id":"https:\/\/hundtgroup.com\/fr\/produkt\/multimetre-exdm600-17-bosch\/#primaryimage","url":"https:\/\/hundtgroup.com\/wp-content\/uploads\/340875.jpg","contentUrl":"https:\/\/hundtgroup.com\/wp-content\/uploads\/340875.jpg","width":982,"height":969},{"@type":"BreadcrumbList","@id":"https:\/\/hundtgroup.com\/fr\/produkt\/multimetre-exdm600-17-bosch\/#breadcrumb","itemListElement":[{"@type":"ListItem","position":1,"name":"Startseite","item":"https:\/\/hundtgroup.com\/fr\/accueil-nouveau\/"},{"@type":"ListItem","position":2,"name":"Boutique","item":"https:\/\/hundtgroup.com\/boutique\/"},{"@type":"ListItem","position":3,"name":"Multim\u00e8tre EXDM600-17 Bosch"}]},{"@type":"WebSite","@id":"https:\/\/hundtgroup.com\/fr\/#website","url":"https:\/\/hundtgroup.com\/fr\/","name":"Wilhelm Hundt GmbH","description":"Votre sp\u00e9cialiste en machines et outils pour le travail de la t\u00f4le","potentialAction":[{"@type":"SearchAction","target":{"@type":"EntryPoint","urlTemplate":"https:\/\/hundtgroup.com\/fr\/?s={search_term_string}"},"query-input":{"@type":"PropertyValueSpecification","valueRequired":true,"valueName":"search_term_string"}}],"inLanguage":"fr-FR"}]}},"_links":{"self":[{"href":"https:\/\/hundtgroup.com\/fr\/wp-json\/wp\/v2\/product\/41242","targetHints":{"allow":["GET"]}}],"collection":[{"href":"https:\/\/hundtgroup.com\/fr\/wp-json\/wp\/v2\/product"}],"about":[{"href":"https:\/\/hundtgroup.com\/fr\/wp-json\/wp\/v2\/types\/product"}],"wp:featuredmedia":[{"embeddable":true,"href":"https:\/\/hundtgroup.com\/fr\/wp-json\/wp\/v2\/media\/41244"}],"wp:attachment":[{"href":"https:\/\/hundtgroup.com\/fr\/wp-json\/wp\/v2\/media?parent=41242"}],"wp:term":[{"taxonomy":"product_cat","embeddable":true,"href":"https:\/\/hundtgroup.com\/fr\/wp-json\/wp\/v2\/product_cat?post=41242"},{"taxonomy":"product_tag","embeddable":true,"href":"https:\/\/hundtgroup.com\/fr\/wp-json\/wp\/v2\/product_tag?post=41242"}],"curies":[{"name":"wp","href":"https:\/\/api.w.org\/{rel}","templated":true}]}}