{"id":41611,"date":"2026-01-28T10:17:35","date_gmt":"2026-01-28T09:17:35","guid":{"rendered":"https:\/\/hundtgroup.com\/produkt\/bosch-exks18v-68gx-scie-circulaire-sans-fil-solo\/"},"modified":"2026-01-28T10:17:35","modified_gmt":"2026-01-28T09:17:35","slug":"bosch-exks18v-68gx-scie-circulaire-sans-fil-solo","status":"publish","type":"product","link":"https:\/\/hundtgroup.com\/fr\/produkt\/bosch-exks18v-68gx-scie-circulaire-sans-fil-solo\/","title":{"rendered":"Bosch EXKS18V-68GX Scie circulaire sans fil solo"},"content":{"rendered":"<p>Scie \u00e0 onglet mobile pour des coupes de tron\u00e7onnage pr\u00e9cises et douces.<br \/>\nPr\u00e9cision de la coupe en bout : L&rsquo;outil et les rails de coupe FSN X forment ensemble un excellent syst\u00e8me mobile pour les coupes de pr\u00e9cision et d&rsquo;angle<br \/>\nCapable de tron\u00e7onner : L&rsquo;outil est compatible avec les rails de tron\u00e7onnage FSN X de Bosch et devient ainsi une scie \u00e0 onglet mobile<br \/>\nBITURBO BRUSHLESS : Moteur et syst\u00e8me d&rsquo;entra\u00eenement haute performance, con\u00e7us pour la puissance extr\u00eame des batteries EXPERT<br \/>\nStop Control : D\u00e9tecte la fin de la coupe, arr\u00eate l&rsquo;outil et minimise le risque de blessure<\/p>\n","protected":false},"excerpt":{"rendered":"<p>Scie \u00e0 onglet mobile pour des coupes de tron\u00e7onnage pr\u00e9cises et douces. Pr\u00e9cision de la coupe en bout : L&rsquo;outil et les rails de coupe FSN X forment ensemble un excellent syst\u00e8me mobile pour les coupes de pr\u00e9cision et d&rsquo;angle Capable de tron\u00e7onner : L&rsquo;outil est compatible avec les rails de tron\u00e7onnage FSN X de [&hellip;]<\/p>\n","protected":false},"featured_media":41614,"template":"","meta":{"_acf_changed":false,"inline_featured_image":false},"product_cat":[3389,658],"product_tag":[],"class_list":{"0":"post-41611","1":"product","2":"type-product","3":"status-publish","4":"has-post-thumbnail","6":"brand-bosch-expert","7":"product_cat-scies-circulaires","8":"product_cat-outils-sans-fil","10":"first","11":"instock","12":"taxable","13":"shipping-taxable","14":"purchasable","15":"product-type-simple","16":"add-to-wishlist-before_image"},"acf":[],"yoast_head":"<!-- This site is optimized with the Yoast SEO plugin v27.3 - https:\/\/yoast.com\/product\/yoast-seo-wordpress\/ -->\n<title>Bosch EXKS18V-68GX Scie circulaire sans fil solo - Wilhelm Hundt GmbH<\/title>\n<meta name=\"robots\" content=\"index, follow, max-snippet:-1, max-image-preview:large, max-video-preview:-1\" \/>\n<link rel=\"canonical\" href=\"https:\/\/hundtgroup.com\/fr\/produkt\/bosch-exks18v-68gx-scie-circulaire-sans-fil-solo\/\" \/>\n<meta property=\"og:locale\" content=\"fr_FR\" \/>\n<meta property=\"og:type\" content=\"article\" \/>\n<meta property=\"og:title\" content=\"Bosch EXKS18V-68GX Scie circulaire sans fil solo - Wilhelm Hundt GmbH\" \/>\n<meta property=\"og:description\" content=\"Scie \u00e0 onglet mobile pour des coupes de tron\u00e7onnage pr\u00e9cises et douces. Pr\u00e9cision de la coupe en bout : L&rsquo;outil et les rails de coupe FSN X forment ensemble un excellent syst\u00e8me mobile pour les coupes de pr\u00e9cision et d&rsquo;angle Capable de tron\u00e7onner : L&rsquo;outil est compatible avec les rails de tron\u00e7onnage FSN X de [&hellip;]\" \/>\n<meta property=\"og:url\" content=\"https:\/\/hundtgroup.com\/fr\/produkt\/bosch-exks18v-68gx-scie-circulaire-sans-fil-solo\/\" \/>\n<meta property=\"og:site_name\" content=\"Wilhelm Hundt GmbH\" \/>\n<meta property=\"og:image\" content=\"https:\/\/hundtgroup.com\/wp-content\/uploads\/340814.jpg\" \/>\n\t<meta property=\"og:image:width\" content=\"800\" \/>\n\t<meta property=\"og:image:height\" content=\"600\" \/>\n\t<meta property=\"og:image:type\" content=\"image\/jpeg\" \/>\n<meta name=\"twitter:card\" content=\"summary_large_image\" \/>\n<meta name=\"twitter:label1\" content=\"Dur\u00e9e de lecture estim\u00e9e\" \/>\n\t<meta name=\"twitter:data1\" content=\"1 minute\" \/>\n<script type=\"application\/ld+json\" class=\"yoast-schema-graph\">{\"@context\":\"https:\\\/\\\/schema.org\",\"@graph\":[{\"@type\":\"WebPage\",\"@id\":\"https:\\\/\\\/hundtgroup.com\\\/fr\\\/produkt\\\/bosch-exks18v-68gx-scie-circulaire-sans-fil-solo\\\/\",\"url\":\"https:\\\/\\\/hundtgroup.com\\\/fr\\\/produkt\\\/bosch-exks18v-68gx-scie-circulaire-sans-fil-solo\\\/\",\"name\":\"Bosch EXKS18V-68GX Scie circulaire sans fil solo - Wilhelm Hundt GmbH\",\"isPartOf\":{\"@id\":\"https:\\\/\\\/hundtgroup.com\\\/fr\\\/#website\"},\"primaryImageOfPage\":{\"@id\":\"https:\\\/\\\/hundtgroup.com\\\/fr\\\/produkt\\\/bosch-exks18v-68gx-scie-circulaire-sans-fil-solo\\\/#primaryimage\"},\"image\":{\"@id\":\"https:\\\/\\\/hundtgroup.com\\\/fr\\\/produkt\\\/bosch-exks18v-68gx-scie-circulaire-sans-fil-solo\\\/#primaryimage\"},\"thumbnailUrl\":\"https:\\\/\\\/hundtgroup.com\\\/wp-content\\\/uploads\\\/340814.jpg\",\"datePublished\":\"2026-01-28T09:17:35+00:00\",\"breadcrumb\":{\"@id\":\"https:\\\/\\\/hundtgroup.com\\\/fr\\\/produkt\\\/bosch-exks18v-68gx-scie-circulaire-sans-fil-solo\\\/#breadcrumb\"},\"inLanguage\":\"fr-FR\",\"potentialAction\":[{\"@type\":\"ReadAction\",\"target\":[\"https:\\\/\\\/hundtgroup.com\\\/fr\\\/produkt\\\/bosch-exks18v-68gx-scie-circulaire-sans-fil-solo\\\/\"]}]},{\"@type\":\"ImageObject\",\"inLanguage\":\"fr-FR\",\"@id\":\"https:\\\/\\\/hundtgroup.com\\\/fr\\\/produkt\\\/bosch-exks18v-68gx-scie-circulaire-sans-fil-solo\\\/#primaryimage\",\"url\":\"https:\\\/\\\/hundtgroup.com\\\/wp-content\\\/uploads\\\/340814.jpg\",\"contentUrl\":\"https:\\\/\\\/hundtgroup.com\\\/wp-content\\\/uploads\\\/340814.jpg\",\"width\":800,\"height\":600},{\"@type\":\"BreadcrumbList\",\"@id\":\"https:\\\/\\\/hundtgroup.com\\\/fr\\\/produkt\\\/bosch-exks18v-68gx-scie-circulaire-sans-fil-solo\\\/#breadcrumb\",\"itemListElement\":[{\"@type\":\"ListItem\",\"position\":1,\"name\":\"Startseite\",\"item\":\"https:\\\/\\\/hundtgroup.com\\\/fr\\\/accueil-nouveau\\\/\"},{\"@type\":\"ListItem\",\"position\":2,\"name\":\"Boutique\",\"item\":\"https:\\\/\\\/hundtgroup.com\\\/boutique\\\/\"},{\"@type\":\"ListItem\",\"position\":3,\"name\":\"Bosch EXKS18V-68GX Scie circulaire sans fil solo\"}]},{\"@type\":\"WebSite\",\"@id\":\"https:\\\/\\\/hundtgroup.com\\\/fr\\\/#website\",\"url\":\"https:\\\/\\\/hundtgroup.com\\\/fr\\\/\",\"name\":\"Wilhelm Hundt GmbH\",\"description\":\"Votre sp\u00e9cialiste en machines et outils pour le travail de la t\u00f4le\",\"potentialAction\":[{\"@type\":\"SearchAction\",\"target\":{\"@type\":\"EntryPoint\",\"urlTemplate\":\"https:\\\/\\\/hundtgroup.com\\\/fr\\\/?s={search_term_string}\"},\"query-input\":{\"@type\":\"PropertyValueSpecification\",\"valueRequired\":true,\"valueName\":\"search_term_string\"}}],\"inLanguage\":\"fr-FR\"}]}<\/script>\n<!-- \/ Yoast SEO plugin. -->","yoast_head_json":{"title":"Bosch EXKS18V-68GX Scie circulaire sans fil solo - Wilhelm Hundt GmbH","robots":{"index":"index","follow":"follow","max-snippet":"max-snippet:-1","max-image-preview":"max-image-preview:large","max-video-preview":"max-video-preview:-1"},"canonical":"https:\/\/hundtgroup.com\/fr\/produkt\/bosch-exks18v-68gx-scie-circulaire-sans-fil-solo\/","og_locale":"fr_FR","og_type":"article","og_title":"Bosch EXKS18V-68GX Scie circulaire sans fil solo - Wilhelm Hundt GmbH","og_description":"Scie \u00e0 onglet mobile pour des coupes de tron\u00e7onnage pr\u00e9cises et douces. Pr\u00e9cision de la coupe en bout : L&rsquo;outil et les rails de coupe FSN X forment ensemble un excellent syst\u00e8me mobile pour les coupes de pr\u00e9cision et d&rsquo;angle Capable de tron\u00e7onner : L&rsquo;outil est compatible avec les rails de tron\u00e7onnage FSN X de [&hellip;]","og_url":"https:\/\/hundtgroup.com\/fr\/produkt\/bosch-exks18v-68gx-scie-circulaire-sans-fil-solo\/","og_site_name":"Wilhelm Hundt GmbH","og_image":[{"width":800,"height":600,"url":"https:\/\/hundtgroup.com\/wp-content\/uploads\/340814.jpg","type":"image\/jpeg"}],"twitter_card":"summary_large_image","twitter_misc":{"Dur\u00e9e de lecture estim\u00e9e":"1 minute"},"schema":{"@context":"https:\/\/schema.org","@graph":[{"@type":"WebPage","@id":"https:\/\/hundtgroup.com\/fr\/produkt\/bosch-exks18v-68gx-scie-circulaire-sans-fil-solo\/","url":"https:\/\/hundtgroup.com\/fr\/produkt\/bosch-exks18v-68gx-scie-circulaire-sans-fil-solo\/","name":"Bosch EXKS18V-68GX Scie circulaire sans fil solo - Wilhelm Hundt GmbH","isPartOf":{"@id":"https:\/\/hundtgroup.com\/fr\/#website"},"primaryImageOfPage":{"@id":"https:\/\/hundtgroup.com\/fr\/produkt\/bosch-exks18v-68gx-scie-circulaire-sans-fil-solo\/#primaryimage"},"image":{"@id":"https:\/\/hundtgroup.com\/fr\/produkt\/bosch-exks18v-68gx-scie-circulaire-sans-fil-solo\/#primaryimage"},"thumbnailUrl":"https:\/\/hundtgroup.com\/wp-content\/uploads\/340814.jpg","datePublished":"2026-01-28T09:17:35+00:00","breadcrumb":{"@id":"https:\/\/hundtgroup.com\/fr\/produkt\/bosch-exks18v-68gx-scie-circulaire-sans-fil-solo\/#breadcrumb"},"inLanguage":"fr-FR","potentialAction":[{"@type":"ReadAction","target":["https:\/\/hundtgroup.com\/fr\/produkt\/bosch-exks18v-68gx-scie-circulaire-sans-fil-solo\/"]}]},{"@type":"ImageObject","inLanguage":"fr-FR","@id":"https:\/\/hundtgroup.com\/fr\/produkt\/bosch-exks18v-68gx-scie-circulaire-sans-fil-solo\/#primaryimage","url":"https:\/\/hundtgroup.com\/wp-content\/uploads\/340814.jpg","contentUrl":"https:\/\/hundtgroup.com\/wp-content\/uploads\/340814.jpg","width":800,"height":600},{"@type":"BreadcrumbList","@id":"https:\/\/hundtgroup.com\/fr\/produkt\/bosch-exks18v-68gx-scie-circulaire-sans-fil-solo\/#breadcrumb","itemListElement":[{"@type":"ListItem","position":1,"name":"Startseite","item":"https:\/\/hundtgroup.com\/fr\/accueil-nouveau\/"},{"@type":"ListItem","position":2,"name":"Boutique","item":"https:\/\/hundtgroup.com\/boutique\/"},{"@type":"ListItem","position":3,"name":"Bosch EXKS18V-68GX Scie circulaire sans fil solo"}]},{"@type":"WebSite","@id":"https:\/\/hundtgroup.com\/fr\/#website","url":"https:\/\/hundtgroup.com\/fr\/","name":"Wilhelm Hundt GmbH","description":"Votre sp\u00e9cialiste en machines et outils pour le travail de la t\u00f4le","potentialAction":[{"@type":"SearchAction","target":{"@type":"EntryPoint","urlTemplate":"https:\/\/hundtgroup.com\/fr\/?s={search_term_string}"},"query-input":{"@type":"PropertyValueSpecification","valueRequired":true,"valueName":"search_term_string"}}],"inLanguage":"fr-FR"}]}},"_links":{"self":[{"href":"https:\/\/hundtgroup.com\/fr\/wp-json\/wp\/v2\/product\/41611","targetHints":{"allow":["GET"]}}],"collection":[{"href":"https:\/\/hundtgroup.com\/fr\/wp-json\/wp\/v2\/product"}],"about":[{"href":"https:\/\/hundtgroup.com\/fr\/wp-json\/wp\/v2\/types\/product"}],"wp:featuredmedia":[{"embeddable":true,"href":"https:\/\/hundtgroup.com\/fr\/wp-json\/wp\/v2\/media\/41614"}],"wp:attachment":[{"href":"https:\/\/hundtgroup.com\/fr\/wp-json\/wp\/v2\/media?parent=41611"}],"wp:term":[{"taxonomy":"product_cat","embeddable":true,"href":"https:\/\/hundtgroup.com\/fr\/wp-json\/wp\/v2\/product_cat?post=41611"},{"taxonomy":"product_tag","embeddable":true,"href":"https:\/\/hundtgroup.com\/fr\/wp-json\/wp\/v2\/product_tag?post=41611"}],"curies":[{"name":"wp","href":"https:\/\/api.w.org\/{rel}","templated":true}]}}