{"id":41931,"date":"2026-04-01T12:06:14","date_gmt":"2026-04-01T10:06:14","guid":{"rendered":"https:\/\/hundtgroup.com\/?post_type=product&#038;p=41931"},"modified":"2026-04-01T12:22:18","modified_gmt":"2026-04-01T10:22:18","slug":"hundt-kit-doutils-pour-isolateurs-all-in-one-44-pieces-bosch-en-sac-a-dos-trolley-verrouillable-kopie","status":"publish","type":"product","link":"https:\/\/hundtgroup.com\/fr\/produkt\/hundt-kit-doutils-pour-isolateurs-all-in-one-44-pieces-bosch-en-sac-a-dos-trolley-verrouillable-kopie\/","title":{"rendered":"Hundt Kit d&rsquo;outils pour isolateurs All in ONE 44 pi\u00e8ces Bosch en sac \u00e0 dos trolley PRO verrouillable"},"content":{"rendered":"<p>Kit d&rsquo;outillage pour isolateur comprenant :<br \/>\nSac \u00e0 outils trolley PRO verrouillable<br \/>\nCouteau \u00e0 tapis 150 mm forme B<br \/>\nEtui de couteau en cuir 150 mm<br \/>\nCiseaux ERDI Ideal bleu 216\/260 droite<br \/>\nCiseaux ERDI Ideal bleu 216\/260 gauche<br \/>\nCisaille ERDI 218\/350<br \/>\nPerforatrice manuelle taille 20<br \/>\nM\u00e8tre pliant en bois 2 m avec \u00e9chelle de circonf\u00e9rence<br \/>\nPince de pr\u00e9hension 250 mm Germany<br \/>\nPince de Rabitz 250 mm Germany<br \/>\nStylo feutre<br \/>\nPince \u00e0 rivets aveugles HZ<br \/>\nPince combin\u00e9e 200 mm<br \/>\nGabarit de tra\u00e7age<br \/>\nCompas d&rsquo;arc 300 mm Germany<br \/>\nCompas de pr\u00e9hension (palpeur) 300 mm Germany<br \/>\nPunaise 4 x 50 mm<br \/>\nPince \u00e0 plier 60 mm courb\u00e9e \u00e0 45<br \/>\n\u00c9querre de but\u00e9e 300 mm<br \/>\nMarteau de serrurier 300 g<br \/>\nTournevis 150 x 8 mm manche bois<br \/>\nScie PUK<br \/>\n\u00e9chelle flexible acier \u00e0 ressort<br \/>\nLime d&rsquo;atelier<br \/>\nBloc d&rsquo;isom\u00e9trie DIN A6<br \/>\nBloc d&rsquo;isom\u00e9trie DIN A4<br \/>\nStylo \u00e0 bille<br \/>\nTendeur \u00e0 une main<br \/>\nCisaille \u00e0 tapis 250 mm<br \/>\nMarteau en bois 60&#215;120 mm<br \/>\nTournevis pour carburateur \u00e0 fente et PH2<br \/>\nTournevis \u00e0 douille SW8<br \/>\nTournevis \u00e0 douille SW7<br \/>\nDouille SW7 \/ SW7 Boule<br \/>\nJeu de douilles avec aimant SW 6, 7, 8, 10, 12, 13<br \/>\nBosch GSR 12V-15 Perceuse-visseuse sans fil 12V<\/p>\n","protected":false},"excerpt":{"rendered":"<p>Kit d&rsquo;outillage pour isolateur comprenant : Sac \u00e0 outils trolley PRO verrouillable Couteau \u00e0 tapis 150 mm forme B Etui de couteau en cuir 150 mm Ciseaux ERDI Ideal bleu 216\/260 droite Ciseaux ERDI Ideal bleu 216\/260 gauche Cisaille ERDI 218\/350 Perforatrice manuelle taille 20 M\u00e8tre pliant en bois 2 m avec \u00e9chelle de circonf\u00e9rence [&hellip;]<\/p>\n","protected":false},"featured_media":41903,"template":"","meta":{"_acf_changed":false,"inline_featured_image":false},"product_cat":[1143,1260],"product_tag":[],"class_list":{"0":"post-41931","1":"product","2":"type-product","3":"status-publish","4":"has-post-thumbnail","6":"brand-hundt","7":"brand-bosch","8":"product_cat-outils-a-main","9":"product_cat-assortiments-doutils","11":"first","12":"instock","13":"taxable","14":"shipping-taxable","15":"purchasable","16":"product-type-simple","17":"add-to-wishlist-before_image"},"acf":[],"yoast_head":"<!-- This site is optimized with the Yoast SEO plugin v27.3 - https:\/\/yoast.com\/product\/yoast-seo-wordpress\/ -->\n<title>Hundt Kit d&#039;outils pour isolateurs All in ONE 44 pi\u00e8ces Bosch en sac \u00e0 dos trolley PRO verrouillable - Wilhelm Hundt GmbH<\/title>\n<meta name=\"robots\" content=\"index, follow, max-snippet:-1, max-image-preview:large, max-video-preview:-1\" \/>\n<link rel=\"canonical\" href=\"https:\/\/hundtgroup.com\/fr\/produkt\/hundt-kit-doutils-pour-isolateurs-all-in-one-44-pieces-bosch-en-sac-a-dos-trolley-verrouillable-kopie\/\" \/>\n<meta property=\"og:locale\" content=\"fr_FR\" \/>\n<meta property=\"og:type\" content=\"article\" \/>\n<meta property=\"og:title\" content=\"Hundt Kit d&#039;outils pour isolateurs All in ONE 44 pi\u00e8ces Bosch en sac \u00e0 dos trolley PRO verrouillable - Wilhelm Hundt GmbH\" \/>\n<meta property=\"og:description\" content=\"Kit d&rsquo;outillage pour isolateur comprenant : Sac \u00e0 outils trolley PRO verrouillable Couteau \u00e0 tapis 150 mm forme B Etui de couteau en cuir 150 mm Ciseaux ERDI Ideal bleu 216\/260 droite Ciseaux ERDI Ideal bleu 216\/260 gauche Cisaille ERDI 218\/350 Perforatrice manuelle taille 20 M\u00e8tre pliant en bois 2 m avec \u00e9chelle de circonf\u00e9rence [&hellip;]\" \/>\n<meta property=\"og:url\" content=\"https:\/\/hundtgroup.com\/fr\/produkt\/hundt-kit-doutils-pour-isolateurs-all-in-one-44-pieces-bosch-en-sac-a-dos-trolley-verrouillable-kopie\/\" \/>\n<meta property=\"og:site_name\" content=\"Wilhelm Hundt GmbH\" \/>\n<meta property=\"article:modified_time\" content=\"2026-04-01T10:22:18+00:00\" \/>\n<meta property=\"og:image\" content=\"https:\/\/hundtgroup.com\/wp-content\/uploads\/GTLine-2.png\" \/>\n\t<meta property=\"og:image:width\" content=\"299\" \/>\n\t<meta property=\"og:image:height\" content=\"463\" \/>\n\t<meta property=\"og:image:type\" content=\"image\/png\" \/>\n<meta name=\"twitter:card\" content=\"summary_large_image\" \/>\n<meta name=\"twitter:label1\" content=\"Dur\u00e9e de lecture estim\u00e9e\" \/>\n\t<meta name=\"twitter:data1\" content=\"1 minute\" \/>\n<script type=\"application\/ld+json\" class=\"yoast-schema-graph\">{\"@context\":\"https:\\\/\\\/schema.org\",\"@graph\":[{\"@type\":\"WebPage\",\"@id\":\"https:\\\/\\\/hundtgroup.com\\\/fr\\\/produkt\\\/hundt-kit-doutils-pour-isolateurs-all-in-one-44-pieces-bosch-en-sac-a-dos-trolley-verrouillable-kopie\\\/\",\"url\":\"https:\\\/\\\/hundtgroup.com\\\/fr\\\/produkt\\\/hundt-kit-doutils-pour-isolateurs-all-in-one-44-pieces-bosch-en-sac-a-dos-trolley-verrouillable-kopie\\\/\",\"name\":\"Hundt Kit d'outils pour isolateurs All in ONE 44 pi\u00e8ces Bosch en sac \u00e0 dos trolley PRO verrouillable - Wilhelm Hundt GmbH\",\"isPartOf\":{\"@id\":\"https:\\\/\\\/hundtgroup.com\\\/fr\\\/#website\"},\"primaryImageOfPage\":{\"@id\":\"https:\\\/\\\/hundtgroup.com\\\/fr\\\/produkt\\\/hundt-kit-doutils-pour-isolateurs-all-in-one-44-pieces-bosch-en-sac-a-dos-trolley-verrouillable-kopie\\\/#primaryimage\"},\"image\":{\"@id\":\"https:\\\/\\\/hundtgroup.com\\\/fr\\\/produkt\\\/hundt-kit-doutils-pour-isolateurs-all-in-one-44-pieces-bosch-en-sac-a-dos-trolley-verrouillable-kopie\\\/#primaryimage\"},\"thumbnailUrl\":\"https:\\\/\\\/hundtgroup.com\\\/wp-content\\\/uploads\\\/GTLine-2.png\",\"datePublished\":\"2026-04-01T10:06:14+00:00\",\"dateModified\":\"2026-04-01T10:22:18+00:00\",\"breadcrumb\":{\"@id\":\"https:\\\/\\\/hundtgroup.com\\\/fr\\\/produkt\\\/hundt-kit-doutils-pour-isolateurs-all-in-one-44-pieces-bosch-en-sac-a-dos-trolley-verrouillable-kopie\\\/#breadcrumb\"},\"inLanguage\":\"fr-FR\",\"potentialAction\":[{\"@type\":\"ReadAction\",\"target\":[\"https:\\\/\\\/hundtgroup.com\\\/fr\\\/produkt\\\/hundt-kit-doutils-pour-isolateurs-all-in-one-44-pieces-bosch-en-sac-a-dos-trolley-verrouillable-kopie\\\/\"]}]},{\"@type\":\"ImageObject\",\"inLanguage\":\"fr-FR\",\"@id\":\"https:\\\/\\\/hundtgroup.com\\\/fr\\\/produkt\\\/hundt-kit-doutils-pour-isolateurs-all-in-one-44-pieces-bosch-en-sac-a-dos-trolley-verrouillable-kopie\\\/#primaryimage\",\"url\":\"https:\\\/\\\/hundtgroup.com\\\/wp-content\\\/uploads\\\/GTLine-2.png\",\"contentUrl\":\"https:\\\/\\\/hundtgroup.com\\\/wp-content\\\/uploads\\\/GTLine-2.png\",\"width\":299,\"height\":463},{\"@type\":\"BreadcrumbList\",\"@id\":\"https:\\\/\\\/hundtgroup.com\\\/fr\\\/produkt\\\/hundt-kit-doutils-pour-isolateurs-all-in-one-44-pieces-bosch-en-sac-a-dos-trolley-verrouillable-kopie\\\/#breadcrumb\",\"itemListElement\":[{\"@type\":\"ListItem\",\"position\":1,\"name\":\"Startseite\",\"item\":\"https:\\\/\\\/hundtgroup.com\\\/fr\\\/accueil-nouveau\\\/\"},{\"@type\":\"ListItem\",\"position\":2,\"name\":\"Boutique\",\"item\":\"https:\\\/\\\/hundtgroup.com\\\/boutique\\\/\"},{\"@type\":\"ListItem\",\"position\":3,\"name\":\"Hundt Kit d&#8217;outils pour isolateurs All in ONE 44 pi\u00e8ces Bosch en sac \u00e0 dos trolley PRO verrouillable\"}]},{\"@type\":\"WebSite\",\"@id\":\"https:\\\/\\\/hundtgroup.com\\\/fr\\\/#website\",\"url\":\"https:\\\/\\\/hundtgroup.com\\\/fr\\\/\",\"name\":\"Wilhelm Hundt GmbH\",\"description\":\"Votre sp\u00e9cialiste en machines et outils pour le travail de la t\u00f4le\",\"potentialAction\":[{\"@type\":\"SearchAction\",\"target\":{\"@type\":\"EntryPoint\",\"urlTemplate\":\"https:\\\/\\\/hundtgroup.com\\\/fr\\\/?s={search_term_string}\"},\"query-input\":{\"@type\":\"PropertyValueSpecification\",\"valueRequired\":true,\"valueName\":\"search_term_string\"}}],\"inLanguage\":\"fr-FR\"}]}<\/script>\n<!-- \/ Yoast SEO plugin. -->","yoast_head_json":{"title":"Hundt Kit d'outils pour isolateurs All in ONE 44 pi\u00e8ces Bosch en sac \u00e0 dos trolley PRO verrouillable - Wilhelm Hundt GmbH","robots":{"index":"index","follow":"follow","max-snippet":"max-snippet:-1","max-image-preview":"max-image-preview:large","max-video-preview":"max-video-preview:-1"},"canonical":"https:\/\/hundtgroup.com\/fr\/produkt\/hundt-kit-doutils-pour-isolateurs-all-in-one-44-pieces-bosch-en-sac-a-dos-trolley-verrouillable-kopie\/","og_locale":"fr_FR","og_type":"article","og_title":"Hundt Kit d'outils pour isolateurs All in ONE 44 pi\u00e8ces Bosch en sac \u00e0 dos trolley PRO verrouillable - Wilhelm Hundt GmbH","og_description":"Kit d&rsquo;outillage pour isolateur comprenant : Sac \u00e0 outils trolley PRO verrouillable Couteau \u00e0 tapis 150 mm forme B Etui de couteau en cuir 150 mm Ciseaux ERDI Ideal bleu 216\/260 droite Ciseaux ERDI Ideal bleu 216\/260 gauche Cisaille ERDI 218\/350 Perforatrice manuelle taille 20 M\u00e8tre pliant en bois 2 m avec \u00e9chelle de circonf\u00e9rence [&hellip;]","og_url":"https:\/\/hundtgroup.com\/fr\/produkt\/hundt-kit-doutils-pour-isolateurs-all-in-one-44-pieces-bosch-en-sac-a-dos-trolley-verrouillable-kopie\/","og_site_name":"Wilhelm Hundt GmbH","article_modified_time":"2026-04-01T10:22:18+00:00","og_image":[{"width":299,"height":463,"url":"https:\/\/hundtgroup.com\/wp-content\/uploads\/GTLine-2.png","type":"image\/png"}],"twitter_card":"summary_large_image","twitter_misc":{"Dur\u00e9e de lecture estim\u00e9e":"1 minute"},"schema":{"@context":"https:\/\/schema.org","@graph":[{"@type":"WebPage","@id":"https:\/\/hundtgroup.com\/fr\/produkt\/hundt-kit-doutils-pour-isolateurs-all-in-one-44-pieces-bosch-en-sac-a-dos-trolley-verrouillable-kopie\/","url":"https:\/\/hundtgroup.com\/fr\/produkt\/hundt-kit-doutils-pour-isolateurs-all-in-one-44-pieces-bosch-en-sac-a-dos-trolley-verrouillable-kopie\/","name":"Hundt Kit d'outils pour isolateurs All in ONE 44 pi\u00e8ces Bosch en sac \u00e0 dos trolley PRO verrouillable - Wilhelm Hundt GmbH","isPartOf":{"@id":"https:\/\/hundtgroup.com\/fr\/#website"},"primaryImageOfPage":{"@id":"https:\/\/hundtgroup.com\/fr\/produkt\/hundt-kit-doutils-pour-isolateurs-all-in-one-44-pieces-bosch-en-sac-a-dos-trolley-verrouillable-kopie\/#primaryimage"},"image":{"@id":"https:\/\/hundtgroup.com\/fr\/produkt\/hundt-kit-doutils-pour-isolateurs-all-in-one-44-pieces-bosch-en-sac-a-dos-trolley-verrouillable-kopie\/#primaryimage"},"thumbnailUrl":"https:\/\/hundtgroup.com\/wp-content\/uploads\/GTLine-2.png","datePublished":"2026-04-01T10:06:14+00:00","dateModified":"2026-04-01T10:22:18+00:00","breadcrumb":{"@id":"https:\/\/hundtgroup.com\/fr\/produkt\/hundt-kit-doutils-pour-isolateurs-all-in-one-44-pieces-bosch-en-sac-a-dos-trolley-verrouillable-kopie\/#breadcrumb"},"inLanguage":"fr-FR","potentialAction":[{"@type":"ReadAction","target":["https:\/\/hundtgroup.com\/fr\/produkt\/hundt-kit-doutils-pour-isolateurs-all-in-one-44-pieces-bosch-en-sac-a-dos-trolley-verrouillable-kopie\/"]}]},{"@type":"ImageObject","inLanguage":"fr-FR","@id":"https:\/\/hundtgroup.com\/fr\/produkt\/hundt-kit-doutils-pour-isolateurs-all-in-one-44-pieces-bosch-en-sac-a-dos-trolley-verrouillable-kopie\/#primaryimage","url":"https:\/\/hundtgroup.com\/wp-content\/uploads\/GTLine-2.png","contentUrl":"https:\/\/hundtgroup.com\/wp-content\/uploads\/GTLine-2.png","width":299,"height":463},{"@type":"BreadcrumbList","@id":"https:\/\/hundtgroup.com\/fr\/produkt\/hundt-kit-doutils-pour-isolateurs-all-in-one-44-pieces-bosch-en-sac-a-dos-trolley-verrouillable-kopie\/#breadcrumb","itemListElement":[{"@type":"ListItem","position":1,"name":"Startseite","item":"https:\/\/hundtgroup.com\/fr\/accueil-nouveau\/"},{"@type":"ListItem","position":2,"name":"Boutique","item":"https:\/\/hundtgroup.com\/boutique\/"},{"@type":"ListItem","position":3,"name":"Hundt Kit d&#8217;outils pour isolateurs All in ONE 44 pi\u00e8ces Bosch en sac \u00e0 dos trolley PRO verrouillable"}]},{"@type":"WebSite","@id":"https:\/\/hundtgroup.com\/fr\/#website","url":"https:\/\/hundtgroup.com\/fr\/","name":"Wilhelm Hundt GmbH","description":"Votre sp\u00e9cialiste en machines et outils pour le travail de la t\u00f4le","potentialAction":[{"@type":"SearchAction","target":{"@type":"EntryPoint","urlTemplate":"https:\/\/hundtgroup.com\/fr\/?s={search_term_string}"},"query-input":{"@type":"PropertyValueSpecification","valueRequired":true,"valueName":"search_term_string"}}],"inLanguage":"fr-FR"}]}},"_links":{"self":[{"href":"https:\/\/hundtgroup.com\/fr\/wp-json\/wp\/v2\/product\/41931","targetHints":{"allow":["GET"]}}],"collection":[{"href":"https:\/\/hundtgroup.com\/fr\/wp-json\/wp\/v2\/product"}],"about":[{"href":"https:\/\/hundtgroup.com\/fr\/wp-json\/wp\/v2\/types\/product"}],"wp:featuredmedia":[{"embeddable":true,"href":"https:\/\/hundtgroup.com\/fr\/wp-json\/wp\/v2\/media\/41903"}],"wp:attachment":[{"href":"https:\/\/hundtgroup.com\/fr\/wp-json\/wp\/v2\/media?parent=41931"}],"wp:term":[{"taxonomy":"product_cat","embeddable":true,"href":"https:\/\/hundtgroup.com\/fr\/wp-json\/wp\/v2\/product_cat?post=41931"},{"taxonomy":"product_tag","embeddable":true,"href":"https:\/\/hundtgroup.com\/fr\/wp-json\/wp\/v2\/product_tag?post=41931"}],"curies":[{"name":"wp","href":"https:\/\/api.w.org\/{rel}","templated":true}]}}