{"id":36691,"date":"2022-10-26T15:59:16","date_gmt":"2022-10-26T13:59:16","guid":{"rendered":"https:\/\/hundtgroup.com\/produkt\/accubird-pro-ricaricabile-per-rivetti-ciechi\/"},"modified":"2025-08-01T11:56:05","modified_gmt":"2025-08-01T09:56:05","slug":"accubird-pro-ricaricabile-per-rivetti-ciechi","status":"publish","type":"product","link":"https:\/\/hundtgroup.com\/it\/produkt\/accubird-pro-ricaricabile-per-rivetti-ciechi\/","title":{"rendered":"AccuBird Pro ricaricabile per rivetti ciechi"},"content":{"rendered":"<p>Fino a 4 volte pi\u00f9 veloce degli utensili a batteria standard sul mercato<br \/>\nMotore BLDC potente e resistente per cicli di lavoro rapidi<br \/>\nCorsa dell&#8217;utensile di 25 mm per rivetti ciechi lunghi<br \/>\nForza di regolazione di 13 kN<br \/>\nIlluminazione variabile nell&#8217;anello di regolazione<br \/>\nStabilit\u00e0 migliorata grazie all&#8217;impronta pi\u00f9 grande e antiscivolo, base antiscivolo e baricentro pi\u00f9 basso<br \/>\nAlloggiamento facile da maneggiare grazie all&#8217;impugnatura morbida<br \/>\nNuova batteria scorrevole con indicazione precisa della capacit\u00e0<br \/>\nCaricabatterie con funzione di ricarica rapida<br \/>\nSistema di ganasce per mandrini della collaudata serie TAURUS\u00ae<br \/>\nRivetti ciechi da \u00d8 2. 4 mm in alluminio a \u00d8 6 mm in alluminio,4 mm in alluminio fino a \u00d8 6 mm in tutti i materiali<br \/>\nRivetti ciechi BULB-TITE\u00ae fino a \u00d8 4 mm e 5,2 mm in alluminio e acciaio<br \/>\nRivetti ciechi G-Bulb fino a \u00d8 4,8 mm in tutti i materiali<\/p>\n","protected":false},"excerpt":{"rendered":"<p>Fino a 4 volte pi\u00f9 veloce degli utensili a batteria standard sul mercato Motore BLDC potente e resistente per cicli di lavoro rapidi Corsa dell&#8217;utensile di 25 mm per rivetti ciechi lunghi Forza di regolazione di 13 kN Illuminazione variabile nell&#8217;anello di regolazione Stabilit\u00e0 migliorata grazie all&#8217;impronta pi\u00f9 grande e antiscivolo, base antiscivolo e baricentro [&hellip;]<\/p>\n","protected":false},"featured_media":34571,"template":"","meta":{"_acf_changed":false,"inline_featured_image":false},"product_cat":[2848,2445,654,2447],"product_tag":[],"class_list":{"0":"post-36691","1":"product","2":"type-product","3":"status-publish","4":"has-post-thumbnail","6":"brand-gesipa","7":"product_cat-strumenti-di-rivettatura-it","8":"product_cat-strumenti-di-rivettatura","9":"product_cat-strumenti-a-batteria","10":"product_cat-batteria","12":"first","13":"instock","14":"taxable","15":"shipping-taxable","16":"purchasable","17":"product-type-simple","18":"add-to-wishlist-before_image"},"acf":[],"yoast_head":"<!-- This site is optimized with the Yoast SEO plugin v27.3 - https:\/\/yoast.com\/product\/yoast-seo-wordpress\/ -->\n<title>AccuBird Pro ricaricabile per rivetti ciechi - Wilhelm Hundt GmbH<\/title>\n<meta name=\"robots\" content=\"index, follow, max-snippet:-1, max-image-preview:large, max-video-preview:-1\" \/>\n<link rel=\"canonical\" href=\"https:\/\/hundtgroup.com\/it\/produkt\/accubird-pro-ricaricabile-per-rivetti-ciechi\/\" \/>\n<meta property=\"og:locale\" content=\"it_IT\" \/>\n<meta property=\"og:type\" content=\"article\" \/>\n<meta property=\"og:title\" content=\"AccuBird Pro ricaricabile per rivetti ciechi - Wilhelm Hundt GmbH\" \/>\n<meta property=\"og:description\" content=\"Fino a 4 volte pi\u00f9 veloce degli utensili a batteria standard sul mercato Motore BLDC potente e resistente per cicli di lavoro rapidi Corsa dell&#8217;utensile di 25 mm per rivetti ciechi lunghi Forza di regolazione di 13 kN Illuminazione variabile nell&#8217;anello di regolazione Stabilit\u00e0 migliorata grazie all&#8217;impronta pi\u00f9 grande e antiscivolo, base antiscivolo e baricentro [&hellip;]\" \/>\n<meta property=\"og:url\" content=\"https:\/\/hundtgroup.com\/it\/produkt\/accubird-pro-ricaricabile-per-rivetti-ciechi\/\" \/>\n<meta property=\"og:site_name\" content=\"Wilhelm Hundt GmbH\" \/>\n<meta property=\"article:modified_time\" content=\"2025-08-01T09:56:05+00:00\" \/>\n<meta property=\"og:image\" content=\"https:\/\/hundtgroup.com\/wp-content\/uploads\/500848.png\" \/>\n\t<meta property=\"og:image:width\" content=\"527\" \/>\n\t<meta property=\"og:image:height\" content=\"484\" \/>\n\t<meta property=\"og:image:type\" content=\"image\/png\" \/>\n<meta name=\"twitter:card\" content=\"summary_large_image\" \/>\n<meta name=\"twitter:label1\" content=\"Tempo di lettura stimato\" \/>\n\t<meta name=\"twitter:data1\" content=\"1 minuto\" \/>\n<script type=\"application\/ld+json\" class=\"yoast-schema-graph\">{\"@context\":\"https:\\\/\\\/schema.org\",\"@graph\":[{\"@type\":\"WebPage\",\"@id\":\"https:\\\/\\\/hundtgroup.com\\\/it\\\/produkt\\\/accubird-pro-ricaricabile-per-rivetti-ciechi\\\/\",\"url\":\"https:\\\/\\\/hundtgroup.com\\\/it\\\/produkt\\\/accubird-pro-ricaricabile-per-rivetti-ciechi\\\/\",\"name\":\"AccuBird Pro ricaricabile per rivetti ciechi - Wilhelm Hundt GmbH\",\"isPartOf\":{\"@id\":\"https:\\\/\\\/hundtgroup.com\\\/it\\\/#website\"},\"primaryImageOfPage\":{\"@id\":\"https:\\\/\\\/hundtgroup.com\\\/it\\\/produkt\\\/accubird-pro-ricaricabile-per-rivetti-ciechi\\\/#primaryimage\"},\"image\":{\"@id\":\"https:\\\/\\\/hundtgroup.com\\\/it\\\/produkt\\\/accubird-pro-ricaricabile-per-rivetti-ciechi\\\/#primaryimage\"},\"thumbnailUrl\":\"https:\\\/\\\/hundtgroup.com\\\/wp-content\\\/uploads\\\/500848.png\",\"datePublished\":\"2022-10-26T13:59:16+00:00\",\"dateModified\":\"2025-08-01T09:56:05+00:00\",\"breadcrumb\":{\"@id\":\"https:\\\/\\\/hundtgroup.com\\\/it\\\/produkt\\\/accubird-pro-ricaricabile-per-rivetti-ciechi\\\/#breadcrumb\"},\"inLanguage\":\"it-IT\",\"potentialAction\":[{\"@type\":\"ReadAction\",\"target\":[\"https:\\\/\\\/hundtgroup.com\\\/it\\\/produkt\\\/accubird-pro-ricaricabile-per-rivetti-ciechi\\\/\"]}]},{\"@type\":\"ImageObject\",\"inLanguage\":\"it-IT\",\"@id\":\"https:\\\/\\\/hundtgroup.com\\\/it\\\/produkt\\\/accubird-pro-ricaricabile-per-rivetti-ciechi\\\/#primaryimage\",\"url\":\"https:\\\/\\\/hundtgroup.com\\\/wp-content\\\/uploads\\\/500848.png\",\"contentUrl\":\"https:\\\/\\\/hundtgroup.com\\\/wp-content\\\/uploads\\\/500848.png\",\"width\":527,\"height\":484},{\"@type\":\"BreadcrumbList\",\"@id\":\"https:\\\/\\\/hundtgroup.com\\\/it\\\/produkt\\\/accubird-pro-ricaricabile-per-rivetti-ciechi\\\/#breadcrumb\",\"itemListElement\":[{\"@type\":\"ListItem\",\"position\":1,\"name\":\"Startseite\",\"item\":\"https:\\\/\\\/hundtgroup.com\\\/it\\\/casa-nuova\\\/\"},{\"@type\":\"ListItem\",\"position\":2,\"name\":\"Negozio\",\"item\":\"https:\\\/\\\/hundtgroup.com\\\/negozio\\\/\"},{\"@type\":\"ListItem\",\"position\":3,\"name\":\"AccuBird Pro ricaricabile per rivetti ciechi\"}]},{\"@type\":\"WebSite\",\"@id\":\"https:\\\/\\\/hundtgroup.com\\\/it\\\/#website\",\"url\":\"https:\\\/\\\/hundtgroup.com\\\/it\\\/\",\"name\":\"Wilhelm Hundt GmbH\",\"description\":\"Il tuo specialista in macchine e utensili per la lavorazione della lamiera\",\"potentialAction\":[{\"@type\":\"SearchAction\",\"target\":{\"@type\":\"EntryPoint\",\"urlTemplate\":\"https:\\\/\\\/hundtgroup.com\\\/it\\\/?s={search_term_string}\"},\"query-input\":{\"@type\":\"PropertyValueSpecification\",\"valueRequired\":true,\"valueName\":\"search_term_string\"}}],\"inLanguage\":\"it-IT\"}]}<\/script>\n<!-- \/ Yoast SEO plugin. -->","yoast_head_json":{"title":"AccuBird Pro ricaricabile per rivetti ciechi - Wilhelm Hundt GmbH","robots":{"index":"index","follow":"follow","max-snippet":"max-snippet:-1","max-image-preview":"max-image-preview:large","max-video-preview":"max-video-preview:-1"},"canonical":"https:\/\/hundtgroup.com\/it\/produkt\/accubird-pro-ricaricabile-per-rivetti-ciechi\/","og_locale":"it_IT","og_type":"article","og_title":"AccuBird Pro ricaricabile per rivetti ciechi - Wilhelm Hundt GmbH","og_description":"Fino a 4 volte pi\u00f9 veloce degli utensili a batteria standard sul mercato Motore BLDC potente e resistente per cicli di lavoro rapidi Corsa dell&#8217;utensile di 25 mm per rivetti ciechi lunghi Forza di regolazione di 13 kN Illuminazione variabile nell&#8217;anello di regolazione Stabilit\u00e0 migliorata grazie all&#8217;impronta pi\u00f9 grande e antiscivolo, base antiscivolo e baricentro [&hellip;]","og_url":"https:\/\/hundtgroup.com\/it\/produkt\/accubird-pro-ricaricabile-per-rivetti-ciechi\/","og_site_name":"Wilhelm Hundt GmbH","article_modified_time":"2025-08-01T09:56:05+00:00","og_image":[{"width":527,"height":484,"url":"https:\/\/hundtgroup.com\/wp-content\/uploads\/500848.png","type":"image\/png"}],"twitter_card":"summary_large_image","twitter_misc":{"Tempo di lettura stimato":"1 minuto"},"schema":{"@context":"https:\/\/schema.org","@graph":[{"@type":"WebPage","@id":"https:\/\/hundtgroup.com\/it\/produkt\/accubird-pro-ricaricabile-per-rivetti-ciechi\/","url":"https:\/\/hundtgroup.com\/it\/produkt\/accubird-pro-ricaricabile-per-rivetti-ciechi\/","name":"AccuBird Pro ricaricabile per rivetti ciechi - Wilhelm Hundt GmbH","isPartOf":{"@id":"https:\/\/hundtgroup.com\/it\/#website"},"primaryImageOfPage":{"@id":"https:\/\/hundtgroup.com\/it\/produkt\/accubird-pro-ricaricabile-per-rivetti-ciechi\/#primaryimage"},"image":{"@id":"https:\/\/hundtgroup.com\/it\/produkt\/accubird-pro-ricaricabile-per-rivetti-ciechi\/#primaryimage"},"thumbnailUrl":"https:\/\/hundtgroup.com\/wp-content\/uploads\/500848.png","datePublished":"2022-10-26T13:59:16+00:00","dateModified":"2025-08-01T09:56:05+00:00","breadcrumb":{"@id":"https:\/\/hundtgroup.com\/it\/produkt\/accubird-pro-ricaricabile-per-rivetti-ciechi\/#breadcrumb"},"inLanguage":"it-IT","potentialAction":[{"@type":"ReadAction","target":["https:\/\/hundtgroup.com\/it\/produkt\/accubird-pro-ricaricabile-per-rivetti-ciechi\/"]}]},{"@type":"ImageObject","inLanguage":"it-IT","@id":"https:\/\/hundtgroup.com\/it\/produkt\/accubird-pro-ricaricabile-per-rivetti-ciechi\/#primaryimage","url":"https:\/\/hundtgroup.com\/wp-content\/uploads\/500848.png","contentUrl":"https:\/\/hundtgroup.com\/wp-content\/uploads\/500848.png","width":527,"height":484},{"@type":"BreadcrumbList","@id":"https:\/\/hundtgroup.com\/it\/produkt\/accubird-pro-ricaricabile-per-rivetti-ciechi\/#breadcrumb","itemListElement":[{"@type":"ListItem","position":1,"name":"Startseite","item":"https:\/\/hundtgroup.com\/it\/casa-nuova\/"},{"@type":"ListItem","position":2,"name":"Negozio","item":"https:\/\/hundtgroup.com\/negozio\/"},{"@type":"ListItem","position":3,"name":"AccuBird Pro ricaricabile per rivetti ciechi"}]},{"@type":"WebSite","@id":"https:\/\/hundtgroup.com\/it\/#website","url":"https:\/\/hundtgroup.com\/it\/","name":"Wilhelm Hundt GmbH","description":"Il tuo specialista in macchine e utensili per la lavorazione della lamiera","potentialAction":[{"@type":"SearchAction","target":{"@type":"EntryPoint","urlTemplate":"https:\/\/hundtgroup.com\/it\/?s={search_term_string}"},"query-input":{"@type":"PropertyValueSpecification","valueRequired":true,"valueName":"search_term_string"}}],"inLanguage":"it-IT"}]}},"_links":{"self":[{"href":"https:\/\/hundtgroup.com\/it\/wp-json\/wp\/v2\/product\/36691","targetHints":{"allow":["GET"]}}],"collection":[{"href":"https:\/\/hundtgroup.com\/it\/wp-json\/wp\/v2\/product"}],"about":[{"href":"https:\/\/hundtgroup.com\/it\/wp-json\/wp\/v2\/types\/product"}],"wp:featuredmedia":[{"embeddable":true,"href":"https:\/\/hundtgroup.com\/it\/wp-json\/wp\/v2\/media\/34571"}],"wp:attachment":[{"href":"https:\/\/hundtgroup.com\/it\/wp-json\/wp\/v2\/media?parent=36691"}],"wp:term":[{"taxonomy":"product_cat","embeddable":true,"href":"https:\/\/hundtgroup.com\/it\/wp-json\/wp\/v2\/product_cat?post=36691"},{"taxonomy":"product_tag","embeddable":true,"href":"https:\/\/hundtgroup.com\/it\/wp-json\/wp\/v2\/product_tag?post=36691"}],"curies":[{"name":"wp","href":"https:\/\/api.w.org\/{rel}","templated":true}]}}