{"id":37328,"date":"2025-06-18T18:31:36","date_gmt":"2025-06-18T16:31:36","guid":{"rendered":"https:\/\/hundtgroup.com\/produkt\/trapano-avvitatore-makita-dp2010j\/"},"modified":"2025-07-28T16:43:26","modified_gmt":"2025-07-28T14:43:26","slug":"trapano-avvitatore-makita-dp2010j","status":"publish","type":"product","link":"https:\/\/hundtgroup.com\/it\/produkt\/trapano-avvitatore-makita-dp2010j\/","title":{"rendered":"Trapano avvitatore Makita DP2010J"},"content":{"rendered":"<p>Foratrice compatta ad alta velocit\u00e0 da 370 W. Il dispositivo ha una velocit\u00e0 variabile tra 0 e 4.200 giri al minuto ed \u00e8 ideale per gli installatori di impianti di condizionamento dell&#8217;aria per praticare fori di piccolo diametro, ad esempio per i rivetti ciechi. Con mandrino ad anello con larghezza di serraggio da 0,5 a 6,5 mm.  <\/p>\n","protected":false},"excerpt":{"rendered":"<p>Foratrice compatta ad alta velocit\u00e0 da 370 W. Il dispositivo ha una velocit\u00e0 variabile tra 0 e 4.200 giri al minuto ed \u00e8 ideale per gli installatori di impianti di condizionamento dell&#8217;aria per praticare fori di piccolo diametro, ad esempio per i rivetti ciechi. Con mandrino ad anello con larghezza di serraggio da 0,5 a [&hellip;]<\/p>\n","protected":false},"featured_media":35316,"template":"","meta":{"_acf_changed":false,"inline_featured_image":false},"product_cat":[668,2533],"product_tag":[],"class_list":{"0":"post-37328","1":"product","2":"type-product","3":"status-publish","4":"has-post-thumbnail","6":"brand-makita","7":"product_cat-utensili-elettrici","8":"product_cat-trapano-a-colonna-it","10":"first","11":"instock","12":"taxable","13":"shipping-taxable","14":"purchasable","15":"product-type-simple","16":"add-to-wishlist-before_image"},"acf":[],"yoast_head":"<!-- This site is optimized with the Yoast SEO plugin v27.3 - https:\/\/yoast.com\/product\/yoast-seo-wordpress\/ -->\n<title>Trapano avvitatore Makita DP2010J - Wilhelm Hundt GmbH<\/title>\n<meta name=\"robots\" content=\"index, follow, max-snippet:-1, max-image-preview:large, max-video-preview:-1\" \/>\n<link rel=\"canonical\" href=\"https:\/\/hundtgroup.com\/it\/produkt\/trapano-avvitatore-makita-dp2010j\/\" \/>\n<meta property=\"og:locale\" content=\"it_IT\" \/>\n<meta property=\"og:type\" content=\"article\" \/>\n<meta property=\"og:title\" content=\"Trapano avvitatore Makita DP2010J - Wilhelm Hundt GmbH\" \/>\n<meta property=\"og:description\" content=\"Foratrice compatta ad alta velocit\u00e0 da 370 W. Il dispositivo ha una velocit\u00e0 variabile tra 0 e 4.200 giri al minuto ed \u00e8 ideale per gli installatori di impianti di condizionamento dell&#8217;aria per praticare fori di piccolo diametro, ad esempio per i rivetti ciechi. Con mandrino ad anello con larghezza di serraggio da 0,5 a [&hellip;]\" \/>\n<meta property=\"og:url\" content=\"https:\/\/hundtgroup.com\/it\/produkt\/trapano-avvitatore-makita-dp2010j\/\" \/>\n<meta property=\"og:site_name\" content=\"Wilhelm Hundt GmbH\" \/>\n<meta property=\"article:modified_time\" content=\"2025-07-28T14:43:26+00:00\" \/>\n<meta property=\"og:image\" content=\"https:\/\/hundtgroup.com\/wp-content\/uploads\/316501.jpg\" \/>\n\t<meta property=\"og:image:width\" content=\"1000\" \/>\n\t<meta property=\"og:image:height\" content=\"952\" \/>\n\t<meta property=\"og:image:type\" content=\"image\/jpeg\" \/>\n<meta name=\"twitter:card\" content=\"summary_large_image\" \/>\n<script type=\"application\/ld+json\" class=\"yoast-schema-graph\">{\"@context\":\"https:\\\/\\\/schema.org\",\"@graph\":[{\"@type\":\"WebPage\",\"@id\":\"https:\\\/\\\/hundtgroup.com\\\/it\\\/produkt\\\/trapano-avvitatore-makita-dp2010j\\\/\",\"url\":\"https:\\\/\\\/hundtgroup.com\\\/it\\\/produkt\\\/trapano-avvitatore-makita-dp2010j\\\/\",\"name\":\"Trapano avvitatore Makita DP2010J - Wilhelm Hundt GmbH\",\"isPartOf\":{\"@id\":\"https:\\\/\\\/hundtgroup.com\\\/it\\\/#website\"},\"primaryImageOfPage\":{\"@id\":\"https:\\\/\\\/hundtgroup.com\\\/it\\\/produkt\\\/trapano-avvitatore-makita-dp2010j\\\/#primaryimage\"},\"image\":{\"@id\":\"https:\\\/\\\/hundtgroup.com\\\/it\\\/produkt\\\/trapano-avvitatore-makita-dp2010j\\\/#primaryimage\"},\"thumbnailUrl\":\"https:\\\/\\\/hundtgroup.com\\\/wp-content\\\/uploads\\\/316501.jpg\",\"datePublished\":\"2025-06-18T16:31:36+00:00\",\"dateModified\":\"2025-07-28T14:43:26+00:00\",\"breadcrumb\":{\"@id\":\"https:\\\/\\\/hundtgroup.com\\\/it\\\/produkt\\\/trapano-avvitatore-makita-dp2010j\\\/#breadcrumb\"},\"inLanguage\":\"it-IT\",\"potentialAction\":[{\"@type\":\"ReadAction\",\"target\":[\"https:\\\/\\\/hundtgroup.com\\\/it\\\/produkt\\\/trapano-avvitatore-makita-dp2010j\\\/\"]}]},{\"@type\":\"ImageObject\",\"inLanguage\":\"it-IT\",\"@id\":\"https:\\\/\\\/hundtgroup.com\\\/it\\\/produkt\\\/trapano-avvitatore-makita-dp2010j\\\/#primaryimage\",\"url\":\"https:\\\/\\\/hundtgroup.com\\\/wp-content\\\/uploads\\\/316501.jpg\",\"contentUrl\":\"https:\\\/\\\/hundtgroup.com\\\/wp-content\\\/uploads\\\/316501.jpg\",\"width\":1000,\"height\":952},{\"@type\":\"BreadcrumbList\",\"@id\":\"https:\\\/\\\/hundtgroup.com\\\/it\\\/produkt\\\/trapano-avvitatore-makita-dp2010j\\\/#breadcrumb\",\"itemListElement\":[{\"@type\":\"ListItem\",\"position\":1,\"name\":\"Startseite\",\"item\":\"https:\\\/\\\/hundtgroup.com\\\/it\\\/casa-nuova\\\/\"},{\"@type\":\"ListItem\",\"position\":2,\"name\":\"Negozio\",\"item\":\"https:\\\/\\\/hundtgroup.com\\\/negozio\\\/\"},{\"@type\":\"ListItem\",\"position\":3,\"name\":\"Trapano avvitatore Makita DP2010J\"}]},{\"@type\":\"WebSite\",\"@id\":\"https:\\\/\\\/hundtgroup.com\\\/it\\\/#website\",\"url\":\"https:\\\/\\\/hundtgroup.com\\\/it\\\/\",\"name\":\"Wilhelm Hundt GmbH\",\"description\":\"Il tuo specialista in macchine e utensili per la lavorazione della lamiera\",\"potentialAction\":[{\"@type\":\"SearchAction\",\"target\":{\"@type\":\"EntryPoint\",\"urlTemplate\":\"https:\\\/\\\/hundtgroup.com\\\/it\\\/?s={search_term_string}\"},\"query-input\":{\"@type\":\"PropertyValueSpecification\",\"valueRequired\":true,\"valueName\":\"search_term_string\"}}],\"inLanguage\":\"it-IT\"}]}<\/script>\n<!-- \/ Yoast SEO plugin. -->","yoast_head_json":{"title":"Trapano avvitatore Makita DP2010J - Wilhelm Hundt GmbH","robots":{"index":"index","follow":"follow","max-snippet":"max-snippet:-1","max-image-preview":"max-image-preview:large","max-video-preview":"max-video-preview:-1"},"canonical":"https:\/\/hundtgroup.com\/it\/produkt\/trapano-avvitatore-makita-dp2010j\/","og_locale":"it_IT","og_type":"article","og_title":"Trapano avvitatore Makita DP2010J - Wilhelm Hundt GmbH","og_description":"Foratrice compatta ad alta velocit\u00e0 da 370 W. Il dispositivo ha una velocit\u00e0 variabile tra 0 e 4.200 giri al minuto ed \u00e8 ideale per gli installatori di impianti di condizionamento dell&#8217;aria per praticare fori di piccolo diametro, ad esempio per i rivetti ciechi. Con mandrino ad anello con larghezza di serraggio da 0,5 a [&hellip;]","og_url":"https:\/\/hundtgroup.com\/it\/produkt\/trapano-avvitatore-makita-dp2010j\/","og_site_name":"Wilhelm Hundt GmbH","article_modified_time":"2025-07-28T14:43:26+00:00","og_image":[{"width":1000,"height":952,"url":"https:\/\/hundtgroup.com\/wp-content\/uploads\/316501.jpg","type":"image\/jpeg"}],"twitter_card":"summary_large_image","schema":{"@context":"https:\/\/schema.org","@graph":[{"@type":"WebPage","@id":"https:\/\/hundtgroup.com\/it\/produkt\/trapano-avvitatore-makita-dp2010j\/","url":"https:\/\/hundtgroup.com\/it\/produkt\/trapano-avvitatore-makita-dp2010j\/","name":"Trapano avvitatore Makita DP2010J - Wilhelm Hundt GmbH","isPartOf":{"@id":"https:\/\/hundtgroup.com\/it\/#website"},"primaryImageOfPage":{"@id":"https:\/\/hundtgroup.com\/it\/produkt\/trapano-avvitatore-makita-dp2010j\/#primaryimage"},"image":{"@id":"https:\/\/hundtgroup.com\/it\/produkt\/trapano-avvitatore-makita-dp2010j\/#primaryimage"},"thumbnailUrl":"https:\/\/hundtgroup.com\/wp-content\/uploads\/316501.jpg","datePublished":"2025-06-18T16:31:36+00:00","dateModified":"2025-07-28T14:43:26+00:00","breadcrumb":{"@id":"https:\/\/hundtgroup.com\/it\/produkt\/trapano-avvitatore-makita-dp2010j\/#breadcrumb"},"inLanguage":"it-IT","potentialAction":[{"@type":"ReadAction","target":["https:\/\/hundtgroup.com\/it\/produkt\/trapano-avvitatore-makita-dp2010j\/"]}]},{"@type":"ImageObject","inLanguage":"it-IT","@id":"https:\/\/hundtgroup.com\/it\/produkt\/trapano-avvitatore-makita-dp2010j\/#primaryimage","url":"https:\/\/hundtgroup.com\/wp-content\/uploads\/316501.jpg","contentUrl":"https:\/\/hundtgroup.com\/wp-content\/uploads\/316501.jpg","width":1000,"height":952},{"@type":"BreadcrumbList","@id":"https:\/\/hundtgroup.com\/it\/produkt\/trapano-avvitatore-makita-dp2010j\/#breadcrumb","itemListElement":[{"@type":"ListItem","position":1,"name":"Startseite","item":"https:\/\/hundtgroup.com\/it\/casa-nuova\/"},{"@type":"ListItem","position":2,"name":"Negozio","item":"https:\/\/hundtgroup.com\/negozio\/"},{"@type":"ListItem","position":3,"name":"Trapano avvitatore Makita DP2010J"}]},{"@type":"WebSite","@id":"https:\/\/hundtgroup.com\/it\/#website","url":"https:\/\/hundtgroup.com\/it\/","name":"Wilhelm Hundt GmbH","description":"Il tuo specialista in macchine e utensili per la lavorazione della lamiera","potentialAction":[{"@type":"SearchAction","target":{"@type":"EntryPoint","urlTemplate":"https:\/\/hundtgroup.com\/it\/?s={search_term_string}"},"query-input":{"@type":"PropertyValueSpecification","valueRequired":true,"valueName":"search_term_string"}}],"inLanguage":"it-IT"}]}},"_links":{"self":[{"href":"https:\/\/hundtgroup.com\/it\/wp-json\/wp\/v2\/product\/37328","targetHints":{"allow":["GET"]}}],"collection":[{"href":"https:\/\/hundtgroup.com\/it\/wp-json\/wp\/v2\/product"}],"about":[{"href":"https:\/\/hundtgroup.com\/it\/wp-json\/wp\/v2\/types\/product"}],"wp:featuredmedia":[{"embeddable":true,"href":"https:\/\/hundtgroup.com\/it\/wp-json\/wp\/v2\/media\/35316"}],"wp:attachment":[{"href":"https:\/\/hundtgroup.com\/it\/wp-json\/wp\/v2\/media?parent=37328"}],"wp:term":[{"taxonomy":"product_cat","embeddable":true,"href":"https:\/\/hundtgroup.com\/it\/wp-json\/wp\/v2\/product_cat?post=37328"},{"taxonomy":"product_tag","embeddable":true,"href":"https:\/\/hundtgroup.com\/it\/wp-json\/wp\/v2\/product_tag?post=37328"}],"curies":[{"name":"wp","href":"https:\/\/api.w.org\/{rel}","templated":true}]}}