{"id":19945,"date":"2022-10-26T15:58:47","date_gmt":"2022-10-26T13:58:47","guid":{"rendered":"https:\/\/hundtgroup.com\/produkt\/scoretang-99-00-220\/"},"modified":"2025-07-29T12:51:10","modified_gmt":"2025-07-29T10:51:10","slug":"scoretang-99-00-220","status":"publish","type":"product","link":"https:\/\/hundtgroup.com\/nl\/produkt\/scoretang-99-00-220\/","title":{"rendered":"Scoretang 99 00 220"},"content":{"rendered":"<p>Draaitangen voor het draaien en knippen van binddraad van de rol in \u00e9\u00e9n handeling: snel, betrouwbaar en rendabel<br \/>\nDe meest verkochte draaitang ter wereld dankzij zijn onge\u00ebvenaarde precisie en duurzaamheid<br \/>\nSnijkanten extra gehard<br \/>\nHardheid van de snijkanten ca. 61HRC<br \/>\nSpeciaal gereedschapsstaal in een speciale kwaliteit, gesmeed, in olie gehard<\/p>\n","protected":false},"excerpt":{"rendered":"<p>Draaitangen voor het draaien en knippen van binddraad van de rol in \u00e9\u00e9n handeling: snel, betrouwbaar en rendabel De meest verkochte draaitang ter wereld dankzij zijn onge\u00ebvenaarde precisie en duurzaamheid Snijkanten extra gehard Hardheid van de snijkanten ca. 61HRC Speciaal gereedschapsstaal in een speciale kwaliteit, gesmeed, in olie gehard<\/p>\n","protected":false},"featured_media":19137,"template":"","meta":{"_acf_changed":false,"inline_featured_image":false},"product_cat":[727,789,781],"product_tag":[],"class_list":{"0":"post-19945","1":"product","2":"type-product","3":"status-publish","4":"has-post-thumbnail","6":"brand-knipex","7":"product_cat-handgereedschap","8":"product_cat-scoretang","9":"product_cat-tang","11":"first","12":"instock","13":"taxable","14":"shipping-taxable","15":"purchasable","16":"product-type-simple","17":"add-to-wishlist-before_image"},"acf":[],"yoast_head":"<!-- This site is optimized with the Yoast SEO plugin v27.3 - https:\/\/yoast.com\/product\/yoast-seo-wordpress\/ -->\n<title>Scoretang 99 00 220 - Wilhelm Hundt GmbH<\/title>\n<meta name=\"robots\" content=\"index, follow, max-snippet:-1, max-image-preview:large, max-video-preview:-1\" \/>\n<link rel=\"canonical\" href=\"https:\/\/hundtgroup.com\/nl\/produkt\/scoretang-99-00-220\/\" \/>\n<meta property=\"og:locale\" content=\"nl_NL\" \/>\n<meta property=\"og:type\" content=\"article\" \/>\n<meta property=\"og:title\" content=\"Scoretang 99 00 220 - Wilhelm Hundt GmbH\" \/>\n<meta property=\"og:description\" content=\"Draaitangen voor het draaien en knippen van binddraad van de rol in \u00e9\u00e9n handeling: snel, betrouwbaar en rendabel De meest verkochte draaitang ter wereld dankzij zijn onge\u00ebvenaarde precisie en duurzaamheid Snijkanten extra gehard Hardheid van de snijkanten ca. 61HRC Speciaal gereedschapsstaal in een speciale kwaliteit, gesmeed, in olie gehard\" \/>\n<meta property=\"og:url\" content=\"https:\/\/hundtgroup.com\/nl\/produkt\/scoretang-99-00-220\/\" \/>\n<meta property=\"og:site_name\" content=\"Wilhelm Hundt GmbH\" \/>\n<meta property=\"article:modified_time\" content=\"2025-07-29T10:51:10+00:00\" \/>\n<meta property=\"og:image\" content=\"https:\/\/hundtgroup.com\/wp-content\/uploads\/470526.png\" \/>\n\t<meta property=\"og:image:width\" content=\"827\" \/>\n\t<meta property=\"og:image:height\" content=\"185\" \/>\n\t<meta property=\"og:image:type\" content=\"image\/png\" \/>\n<meta name=\"twitter:card\" content=\"summary_large_image\" \/>\n<script type=\"application\/ld+json\" class=\"yoast-schema-graph\">{\"@context\":\"https:\\\/\\\/schema.org\",\"@graph\":[{\"@type\":\"WebPage\",\"@id\":\"https:\\\/\\\/hundtgroup.com\\\/nl\\\/produkt\\\/scoretang-99-00-220\\\/\",\"url\":\"https:\\\/\\\/hundtgroup.com\\\/nl\\\/produkt\\\/scoretang-99-00-220\\\/\",\"name\":\"Scoretang 99 00 220 - Wilhelm Hundt GmbH\",\"isPartOf\":{\"@id\":\"https:\\\/\\\/hundtgroup.com\\\/nl\\\/#website\"},\"primaryImageOfPage\":{\"@id\":\"https:\\\/\\\/hundtgroup.com\\\/nl\\\/produkt\\\/scoretang-99-00-220\\\/#primaryimage\"},\"image\":{\"@id\":\"https:\\\/\\\/hundtgroup.com\\\/nl\\\/produkt\\\/scoretang-99-00-220\\\/#primaryimage\"},\"thumbnailUrl\":\"https:\\\/\\\/hundtgroup.com\\\/wp-content\\\/uploads\\\/470526.png\",\"datePublished\":\"2022-10-26T13:58:47+00:00\",\"dateModified\":\"2025-07-29T10:51:10+00:00\",\"breadcrumb\":{\"@id\":\"https:\\\/\\\/hundtgroup.com\\\/nl\\\/produkt\\\/scoretang-99-00-220\\\/#breadcrumb\"},\"inLanguage\":\"nl-NL\",\"potentialAction\":[{\"@type\":\"ReadAction\",\"target\":[\"https:\\\/\\\/hundtgroup.com\\\/nl\\\/produkt\\\/scoretang-99-00-220\\\/\"]}]},{\"@type\":\"ImageObject\",\"inLanguage\":\"nl-NL\",\"@id\":\"https:\\\/\\\/hundtgroup.com\\\/nl\\\/produkt\\\/scoretang-99-00-220\\\/#primaryimage\",\"url\":\"https:\\\/\\\/hundtgroup.com\\\/wp-content\\\/uploads\\\/470526.png\",\"contentUrl\":\"https:\\\/\\\/hundtgroup.com\\\/wp-content\\\/uploads\\\/470526.png\",\"width\":827,\"height\":185},{\"@type\":\"BreadcrumbList\",\"@id\":\"https:\\\/\\\/hundtgroup.com\\\/nl\\\/produkt\\\/scoretang-99-00-220\\\/#breadcrumb\",\"itemListElement\":[{\"@type\":\"ListItem\",\"position\":1,\"name\":\"Startseite\",\"item\":\"https:\\\/\\\/hundtgroup.com\\\/nl\\\/thuis-nieuw\\\/\"},{\"@type\":\"ListItem\",\"position\":2,\"name\":\"Winkel op\",\"item\":\"https:\\\/\\\/hundtgroup.com\\\/winkel-op\\\/\"},{\"@type\":\"ListItem\",\"position\":3,\"name\":\"Scoretang 99 00 220\"}]},{\"@type\":\"WebSite\",\"@id\":\"https:\\\/\\\/hundtgroup.com\\\/nl\\\/#website\",\"url\":\"https:\\\/\\\/hundtgroup.com\\\/nl\\\/\",\"name\":\"Wilhelm Hundt GmbH\",\"description\":\"Uw specialist voor machines en gereedschappen voor plaatbewerking\",\"potentialAction\":[{\"@type\":\"SearchAction\",\"target\":{\"@type\":\"EntryPoint\",\"urlTemplate\":\"https:\\\/\\\/hundtgroup.com\\\/nl\\\/?s={search_term_string}\"},\"query-input\":{\"@type\":\"PropertyValueSpecification\",\"valueRequired\":true,\"valueName\":\"search_term_string\"}}],\"inLanguage\":\"nl-NL\"}]}<\/script>\n<!-- \/ Yoast SEO plugin. -->","yoast_head_json":{"title":"Scoretang 99 00 220 - Wilhelm Hundt GmbH","robots":{"index":"index","follow":"follow","max-snippet":"max-snippet:-1","max-image-preview":"max-image-preview:large","max-video-preview":"max-video-preview:-1"},"canonical":"https:\/\/hundtgroup.com\/nl\/produkt\/scoretang-99-00-220\/","og_locale":"nl_NL","og_type":"article","og_title":"Scoretang 99 00 220 - Wilhelm Hundt GmbH","og_description":"Draaitangen voor het draaien en knippen van binddraad van de rol in \u00e9\u00e9n handeling: snel, betrouwbaar en rendabel De meest verkochte draaitang ter wereld dankzij zijn onge\u00ebvenaarde precisie en duurzaamheid Snijkanten extra gehard Hardheid van de snijkanten ca. 61HRC Speciaal gereedschapsstaal in een speciale kwaliteit, gesmeed, in olie gehard","og_url":"https:\/\/hundtgroup.com\/nl\/produkt\/scoretang-99-00-220\/","og_site_name":"Wilhelm Hundt GmbH","article_modified_time":"2025-07-29T10:51:10+00:00","og_image":[{"width":827,"height":185,"url":"https:\/\/hundtgroup.com\/wp-content\/uploads\/470526.png","type":"image\/png"}],"twitter_card":"summary_large_image","schema":{"@context":"https:\/\/schema.org","@graph":[{"@type":"WebPage","@id":"https:\/\/hundtgroup.com\/nl\/produkt\/scoretang-99-00-220\/","url":"https:\/\/hundtgroup.com\/nl\/produkt\/scoretang-99-00-220\/","name":"Scoretang 99 00 220 - Wilhelm Hundt GmbH","isPartOf":{"@id":"https:\/\/hundtgroup.com\/nl\/#website"},"primaryImageOfPage":{"@id":"https:\/\/hundtgroup.com\/nl\/produkt\/scoretang-99-00-220\/#primaryimage"},"image":{"@id":"https:\/\/hundtgroup.com\/nl\/produkt\/scoretang-99-00-220\/#primaryimage"},"thumbnailUrl":"https:\/\/hundtgroup.com\/wp-content\/uploads\/470526.png","datePublished":"2022-10-26T13:58:47+00:00","dateModified":"2025-07-29T10:51:10+00:00","breadcrumb":{"@id":"https:\/\/hundtgroup.com\/nl\/produkt\/scoretang-99-00-220\/#breadcrumb"},"inLanguage":"nl-NL","potentialAction":[{"@type":"ReadAction","target":["https:\/\/hundtgroup.com\/nl\/produkt\/scoretang-99-00-220\/"]}]},{"@type":"ImageObject","inLanguage":"nl-NL","@id":"https:\/\/hundtgroup.com\/nl\/produkt\/scoretang-99-00-220\/#primaryimage","url":"https:\/\/hundtgroup.com\/wp-content\/uploads\/470526.png","contentUrl":"https:\/\/hundtgroup.com\/wp-content\/uploads\/470526.png","width":827,"height":185},{"@type":"BreadcrumbList","@id":"https:\/\/hundtgroup.com\/nl\/produkt\/scoretang-99-00-220\/#breadcrumb","itemListElement":[{"@type":"ListItem","position":1,"name":"Startseite","item":"https:\/\/hundtgroup.com\/nl\/thuis-nieuw\/"},{"@type":"ListItem","position":2,"name":"Winkel op","item":"https:\/\/hundtgroup.com\/winkel-op\/"},{"@type":"ListItem","position":3,"name":"Scoretang 99 00 220"}]},{"@type":"WebSite","@id":"https:\/\/hundtgroup.com\/nl\/#website","url":"https:\/\/hundtgroup.com\/nl\/","name":"Wilhelm Hundt GmbH","description":"Uw specialist voor machines en gereedschappen voor plaatbewerking","potentialAction":[{"@type":"SearchAction","target":{"@type":"EntryPoint","urlTemplate":"https:\/\/hundtgroup.com\/nl\/?s={search_term_string}"},"query-input":{"@type":"PropertyValueSpecification","valueRequired":true,"valueName":"search_term_string"}}],"inLanguage":"nl-NL"}]}},"_links":{"self":[{"href":"https:\/\/hundtgroup.com\/nl\/wp-json\/wp\/v2\/product\/19945","targetHints":{"allow":["GET"]}}],"collection":[{"href":"https:\/\/hundtgroup.com\/nl\/wp-json\/wp\/v2\/product"}],"about":[{"href":"https:\/\/hundtgroup.com\/nl\/wp-json\/wp\/v2\/types\/product"}],"wp:featuredmedia":[{"embeddable":true,"href":"https:\/\/hundtgroup.com\/nl\/wp-json\/wp\/v2\/media\/19137"}],"wp:attachment":[{"href":"https:\/\/hundtgroup.com\/nl\/wp-json\/wp\/v2\/media?parent=19945"}],"wp:term":[{"taxonomy":"product_cat","embeddable":true,"href":"https:\/\/hundtgroup.com\/nl\/wp-json\/wp\/v2\/product_cat?post=19945"},{"taxonomy":"product_tag","embeddable":true,"href":"https:\/\/hundtgroup.com\/nl\/wp-json\/wp\/v2\/product_tag?post=19945"}],"curies":[{"name":"wp","href":"https:\/\/api.w.org\/{rel}","templated":true}]}}