{"id":36696,"date":"2022-10-26T15:59:16","date_gmt":"2022-10-26T13:59:16","guid":{"rendered":"https:\/\/hundtgroup.com\/produkt\/accubird-pro-oplaadbare-blindklinknagelzetter\/"},"modified":"2025-08-01T11:56:04","modified_gmt":"2025-08-01T09:56:04","slug":"accubird-pro-oplaadbare-blindklinknagelzetter","status":"publish","type":"product","link":"https:\/\/hundtgroup.com\/nl\/produkt\/accubird-pro-oplaadbare-blindklinknagelzetter\/","title":{"rendered":"AccuBird Pro oplaadbare blindklinknagelzetter"},"content":{"rendered":"<p>Tot 4 x sneller dan standaard accugereedschap op de markt<br \/>\nKrachtige en duurzame BLDC-motor voor snelle werkcycli<br \/>\n25 mm gereedschapsslag voor lange blindklinknagels<br \/>\n13 kN instelkracht<br \/>\nVariabele verlichting in de instelring<br \/>\nVerbeterde stabiliteit dankzij grotere, slipvaste voetplaat en lager zwaartepunt, antislipvoet en lager zwaartepunt<br \/>\nHandvriendelijke behuizing dankzij softgrip<br \/>\nNieuwe verschuifbare accu met nauwkeurige capaciteitsaanduiding<br \/>\nLader met snellaadfunctie<br \/>\nBeproefd spanklauwensysteem van de TAURUS\u00ae -serie<br \/>\nBlindklinknagels van \u00d8 2. Aluminium tot \u00d8 6 mm in aluminium,4 mm aluminium tot \u00d8 6 mm in alle materialen<br \/>\nBULB-TITE\u00ae blindklinknagels tot \u00d8 4 mm en 5,2 mm aluminium en staal<br \/>\nG-Bulb blindklinknagels tot \u00d8 4,8 mm in alle materialen<\/p>\n","protected":false},"excerpt":{"rendered":"<p>Tot 4 x sneller dan standaard accugereedschap op de markt Krachtige en duurzame BLDC-motor voor snelle werkcycli 25 mm gereedschapsslag voor lange blindklinknagels 13 kN instelkracht Variabele verlichting in de instelring Verbeterde stabiliteit dankzij grotere, slipvaste voetplaat en lager zwaartepunt, antislipvoet en lager zwaartepunt Handvriendelijke behuizing dankzij softgrip Nieuwe verschuifbare accu met nauwkeurige capaciteitsaanduiding Lader [&hellip;]<\/p>\n","protected":false},"featured_media":34569,"template":"","meta":{"_acf_changed":false,"inline_featured_image":false},"product_cat":[2847,805,807,648],"product_tag":[],"class_list":{"0":"post-36696","1":"product","2":"type-product","3":"status-publish","4":"has-post-thumbnail","6":"brand-gesipa","7":"product_cat-gereedschap-voor-klinken-nl","8":"product_cat-gereedschap-voor-klinken","9":"product_cat-batterij","10":"product_cat-batterij-gereedschap","12":"first","13":"instock","14":"taxable","15":"shipping-taxable","16":"purchasable","17":"product-type-simple","18":"add-to-wishlist-before_image"},"acf":[],"yoast_head":"<!-- This site is optimized with the Yoast SEO plugin v27.3 - https:\/\/yoast.com\/product\/yoast-seo-wordpress\/ -->\n<title>AccuBird Pro oplaadbare blindklinknagelzetter - Wilhelm Hundt GmbH<\/title>\n<meta name=\"robots\" content=\"index, follow, max-snippet:-1, max-image-preview:large, max-video-preview:-1\" \/>\n<link rel=\"canonical\" href=\"https:\/\/hundtgroup.com\/nl\/produkt\/accubird-pro-oplaadbare-blindklinknagelzetter\/\" \/>\n<meta property=\"og:locale\" content=\"nl_NL\" \/>\n<meta property=\"og:type\" content=\"article\" \/>\n<meta property=\"og:title\" content=\"AccuBird Pro oplaadbare blindklinknagelzetter - Wilhelm Hundt GmbH\" \/>\n<meta property=\"og:description\" content=\"Tot 4 x sneller dan standaard accugereedschap op de markt Krachtige en duurzame BLDC-motor voor snelle werkcycli 25 mm gereedschapsslag voor lange blindklinknagels 13 kN instelkracht Variabele verlichting in de instelring Verbeterde stabiliteit dankzij grotere, slipvaste voetplaat en lager zwaartepunt, antislipvoet en lager zwaartepunt Handvriendelijke behuizing dankzij softgrip Nieuwe verschuifbare accu met nauwkeurige capaciteitsaanduiding Lader [&hellip;]\" \/>\n<meta property=\"og:url\" content=\"https:\/\/hundtgroup.com\/nl\/produkt\/accubird-pro-oplaadbare-blindklinknagelzetter\/\" \/>\n<meta property=\"og:site_name\" content=\"Wilhelm Hundt GmbH\" \/>\n<meta property=\"article:modified_time\" content=\"2025-08-01T09:56:04+00:00\" \/>\n<meta property=\"og:image\" content=\"https:\/\/hundtgroup.com\/wp-content\/uploads\/500848.png\" \/>\n\t<meta property=\"og:image:width\" content=\"527\" \/>\n\t<meta property=\"og:image:height\" content=\"484\" \/>\n\t<meta property=\"og:image:type\" content=\"image\/png\" \/>\n<meta name=\"twitter:card\" content=\"summary_large_image\" \/>\n<script type=\"application\/ld+json\" class=\"yoast-schema-graph\">{\"@context\":\"https:\\\/\\\/schema.org\",\"@graph\":[{\"@type\":\"WebPage\",\"@id\":\"https:\\\/\\\/hundtgroup.com\\\/nl\\\/produkt\\\/accubird-pro-oplaadbare-blindklinknagelzetter\\\/\",\"url\":\"https:\\\/\\\/hundtgroup.com\\\/nl\\\/produkt\\\/accubird-pro-oplaadbare-blindklinknagelzetter\\\/\",\"name\":\"AccuBird Pro oplaadbare blindklinknagelzetter - Wilhelm Hundt GmbH\",\"isPartOf\":{\"@id\":\"https:\\\/\\\/hundtgroup.com\\\/nl\\\/#website\"},\"primaryImageOfPage\":{\"@id\":\"https:\\\/\\\/hundtgroup.com\\\/nl\\\/produkt\\\/accubird-pro-oplaadbare-blindklinknagelzetter\\\/#primaryimage\"},\"image\":{\"@id\":\"https:\\\/\\\/hundtgroup.com\\\/nl\\\/produkt\\\/accubird-pro-oplaadbare-blindklinknagelzetter\\\/#primaryimage\"},\"thumbnailUrl\":\"https:\\\/\\\/hundtgroup.com\\\/wp-content\\\/uploads\\\/500848.png\",\"datePublished\":\"2022-10-26T13:59:16+00:00\",\"dateModified\":\"2025-08-01T09:56:04+00:00\",\"breadcrumb\":{\"@id\":\"https:\\\/\\\/hundtgroup.com\\\/nl\\\/produkt\\\/accubird-pro-oplaadbare-blindklinknagelzetter\\\/#breadcrumb\"},\"inLanguage\":\"nl-NL\",\"potentialAction\":[{\"@type\":\"ReadAction\",\"target\":[\"https:\\\/\\\/hundtgroup.com\\\/nl\\\/produkt\\\/accubird-pro-oplaadbare-blindklinknagelzetter\\\/\"]}]},{\"@type\":\"ImageObject\",\"inLanguage\":\"nl-NL\",\"@id\":\"https:\\\/\\\/hundtgroup.com\\\/nl\\\/produkt\\\/accubird-pro-oplaadbare-blindklinknagelzetter\\\/#primaryimage\",\"url\":\"https:\\\/\\\/hundtgroup.com\\\/wp-content\\\/uploads\\\/500848.png\",\"contentUrl\":\"https:\\\/\\\/hundtgroup.com\\\/wp-content\\\/uploads\\\/500848.png\",\"width\":527,\"height\":484},{\"@type\":\"BreadcrumbList\",\"@id\":\"https:\\\/\\\/hundtgroup.com\\\/nl\\\/produkt\\\/accubird-pro-oplaadbare-blindklinknagelzetter\\\/#breadcrumb\",\"itemListElement\":[{\"@type\":\"ListItem\",\"position\":1,\"name\":\"Startseite\",\"item\":\"https:\\\/\\\/hundtgroup.com\\\/nl\\\/thuis-nieuw\\\/\"},{\"@type\":\"ListItem\",\"position\":2,\"name\":\"Winkel op\",\"item\":\"https:\\\/\\\/hundtgroup.com\\\/winkel-op\\\/\"},{\"@type\":\"ListItem\",\"position\":3,\"name\":\"AccuBird Pro oplaadbare blindklinknagelzetter\"}]},{\"@type\":\"WebSite\",\"@id\":\"https:\\\/\\\/hundtgroup.com\\\/nl\\\/#website\",\"url\":\"https:\\\/\\\/hundtgroup.com\\\/nl\\\/\",\"name\":\"Wilhelm Hundt GmbH\",\"description\":\"Uw specialist voor machines en gereedschappen voor plaatbewerking\",\"potentialAction\":[{\"@type\":\"SearchAction\",\"target\":{\"@type\":\"EntryPoint\",\"urlTemplate\":\"https:\\\/\\\/hundtgroup.com\\\/nl\\\/?s={search_term_string}\"},\"query-input\":{\"@type\":\"PropertyValueSpecification\",\"valueRequired\":true,\"valueName\":\"search_term_string\"}}],\"inLanguage\":\"nl-NL\"}]}<\/script>\n<!-- \/ Yoast SEO plugin. -->","yoast_head_json":{"title":"AccuBird Pro oplaadbare blindklinknagelzetter - Wilhelm Hundt GmbH","robots":{"index":"index","follow":"follow","max-snippet":"max-snippet:-1","max-image-preview":"max-image-preview:large","max-video-preview":"max-video-preview:-1"},"canonical":"https:\/\/hundtgroup.com\/nl\/produkt\/accubird-pro-oplaadbare-blindklinknagelzetter\/","og_locale":"nl_NL","og_type":"article","og_title":"AccuBird Pro oplaadbare blindklinknagelzetter - Wilhelm Hundt GmbH","og_description":"Tot 4 x sneller dan standaard accugereedschap op de markt Krachtige en duurzame BLDC-motor voor snelle werkcycli 25 mm gereedschapsslag voor lange blindklinknagels 13 kN instelkracht Variabele verlichting in de instelring Verbeterde stabiliteit dankzij grotere, slipvaste voetplaat en lager zwaartepunt, antislipvoet en lager zwaartepunt Handvriendelijke behuizing dankzij softgrip Nieuwe verschuifbare accu met nauwkeurige capaciteitsaanduiding Lader [&hellip;]","og_url":"https:\/\/hundtgroup.com\/nl\/produkt\/accubird-pro-oplaadbare-blindklinknagelzetter\/","og_site_name":"Wilhelm Hundt GmbH","article_modified_time":"2025-08-01T09:56:04+00:00","og_image":[{"width":527,"height":484,"url":"https:\/\/hundtgroup.com\/wp-content\/uploads\/500848.png","type":"image\/png"}],"twitter_card":"summary_large_image","schema":{"@context":"https:\/\/schema.org","@graph":[{"@type":"WebPage","@id":"https:\/\/hundtgroup.com\/nl\/produkt\/accubird-pro-oplaadbare-blindklinknagelzetter\/","url":"https:\/\/hundtgroup.com\/nl\/produkt\/accubird-pro-oplaadbare-blindklinknagelzetter\/","name":"AccuBird Pro oplaadbare blindklinknagelzetter - Wilhelm Hundt GmbH","isPartOf":{"@id":"https:\/\/hundtgroup.com\/nl\/#website"},"primaryImageOfPage":{"@id":"https:\/\/hundtgroup.com\/nl\/produkt\/accubird-pro-oplaadbare-blindklinknagelzetter\/#primaryimage"},"image":{"@id":"https:\/\/hundtgroup.com\/nl\/produkt\/accubird-pro-oplaadbare-blindklinknagelzetter\/#primaryimage"},"thumbnailUrl":"https:\/\/hundtgroup.com\/wp-content\/uploads\/500848.png","datePublished":"2022-10-26T13:59:16+00:00","dateModified":"2025-08-01T09:56:04+00:00","breadcrumb":{"@id":"https:\/\/hundtgroup.com\/nl\/produkt\/accubird-pro-oplaadbare-blindklinknagelzetter\/#breadcrumb"},"inLanguage":"nl-NL","potentialAction":[{"@type":"ReadAction","target":["https:\/\/hundtgroup.com\/nl\/produkt\/accubird-pro-oplaadbare-blindklinknagelzetter\/"]}]},{"@type":"ImageObject","inLanguage":"nl-NL","@id":"https:\/\/hundtgroup.com\/nl\/produkt\/accubird-pro-oplaadbare-blindklinknagelzetter\/#primaryimage","url":"https:\/\/hundtgroup.com\/wp-content\/uploads\/500848.png","contentUrl":"https:\/\/hundtgroup.com\/wp-content\/uploads\/500848.png","width":527,"height":484},{"@type":"BreadcrumbList","@id":"https:\/\/hundtgroup.com\/nl\/produkt\/accubird-pro-oplaadbare-blindklinknagelzetter\/#breadcrumb","itemListElement":[{"@type":"ListItem","position":1,"name":"Startseite","item":"https:\/\/hundtgroup.com\/nl\/thuis-nieuw\/"},{"@type":"ListItem","position":2,"name":"Winkel op","item":"https:\/\/hundtgroup.com\/winkel-op\/"},{"@type":"ListItem","position":3,"name":"AccuBird Pro oplaadbare blindklinknagelzetter"}]},{"@type":"WebSite","@id":"https:\/\/hundtgroup.com\/nl\/#website","url":"https:\/\/hundtgroup.com\/nl\/","name":"Wilhelm Hundt GmbH","description":"Uw specialist voor machines en gereedschappen voor plaatbewerking","potentialAction":[{"@type":"SearchAction","target":{"@type":"EntryPoint","urlTemplate":"https:\/\/hundtgroup.com\/nl\/?s={search_term_string}"},"query-input":{"@type":"PropertyValueSpecification","valueRequired":true,"valueName":"search_term_string"}}],"inLanguage":"nl-NL"}]}},"_links":{"self":[{"href":"https:\/\/hundtgroup.com\/nl\/wp-json\/wp\/v2\/product\/36696","targetHints":{"allow":["GET"]}}],"collection":[{"href":"https:\/\/hundtgroup.com\/nl\/wp-json\/wp\/v2\/product"}],"about":[{"href":"https:\/\/hundtgroup.com\/nl\/wp-json\/wp\/v2\/types\/product"}],"wp:featuredmedia":[{"embeddable":true,"href":"https:\/\/hundtgroup.com\/nl\/wp-json\/wp\/v2\/media\/34569"}],"wp:attachment":[{"href":"https:\/\/hundtgroup.com\/nl\/wp-json\/wp\/v2\/media?parent=36696"}],"wp:term":[{"taxonomy":"product_cat","embeddable":true,"href":"https:\/\/hundtgroup.com\/nl\/wp-json\/wp\/v2\/product_cat?post=36696"},{"taxonomy":"product_tag","embeddable":true,"href":"https:\/\/hundtgroup.com\/nl\/wp-json\/wp\/v2\/product_tag?post=36696"}],"curies":[{"name":"wp","href":"https:\/\/api.w.org\/{rel}","templated":true}]}}