{"id":36921,"date":"2022-10-26T15:59:46","date_gmt":"2022-10-26T13:59:46","guid":{"rendered":"https:\/\/hundtgroup.com\/produkt\/clip-schijfpennen-geisoleerd-540-mm\/"},"modified":"2025-07-29T13:50:38","modified_gmt":"2025-07-29T11:50:38","slug":"clip-schijfpennen-geisoleerd-540-mm","status":"publish","type":"product","link":"https:\/\/hundtgroup.com\/nl\/produkt\/clip-schijfpennen-geisoleerd-540-mm\/","title":{"rendered":"Clip-schijfpennen ge\u00efsoleerd 54,0 mm"},"content":{"rendered":"<p>Met de combinatie van laspen en borgring kunnen isolatiematerialen in \u00e9\u00e9n keer op plaatmateriaal worden bevestigd. Dankzij de schachtisolatie kunnen isolatiematerialen met aluminium bekleding of gaas zonder problemen worden bevestigd. <\/p>\n<p>Prijs per 1000 stuks<br \/>\n(bijv. bestelhoeveelheid 5 = 5000 stuks)<\/p>\n","protected":false},"excerpt":{"rendered":"<p>Met de combinatie van laspen en borgring kunnen isolatiematerialen in \u00e9\u00e9n keer op plaatmateriaal worden bevestigd. Dankzij de schachtisolatie kunnen isolatiematerialen met aluminium bekleding of gaas zonder problemen worden bevestigd. Prijs per 1000 stuks (bijv. bestelhoeveelheid 5 = 5000 stuks)<\/p>\n","protected":false},"featured_media":33653,"template":"","meta":{"_acf_changed":false,"inline_featured_image":false},"product_cat":[820,818],"product_tag":[],"class_list":{"0":"post-36921","1":"product","2":"type-product","3":"status-publish","4":"has-post-thumbnail","6":"brand-bohl","7":"product_cat-laspennen","8":"product_cat-bevestigingstechnologie","10":"first","11":"instock","12":"taxable","13":"shipping-taxable","14":"purchasable","15":"product-type-simple","16":"add-to-wishlist-before_image"},"acf":[],"yoast_head":"<!-- This site is optimized with the Yoast SEO plugin v27.3 - https:\/\/yoast.com\/product\/yoast-seo-wordpress\/ -->\n<title>Clip-schijfpennen ge\u00efsoleerd 54,0 mm - Wilhelm Hundt GmbH<\/title>\n<meta name=\"robots\" content=\"index, follow, max-snippet:-1, max-image-preview:large, max-video-preview:-1\" \/>\n<link rel=\"canonical\" href=\"https:\/\/hundtgroup.com\/nl\/produkt\/clip-schijfpennen-geisoleerd-540-mm\/\" \/>\n<meta property=\"og:locale\" content=\"nl_NL\" \/>\n<meta property=\"og:type\" content=\"article\" \/>\n<meta property=\"og:title\" content=\"Clip-schijfpennen ge\u00efsoleerd 54,0 mm - Wilhelm Hundt GmbH\" \/>\n<meta property=\"og:description\" content=\"Met de combinatie van laspen en borgring kunnen isolatiematerialen in \u00e9\u00e9n keer op plaatmateriaal worden bevestigd. Dankzij de schachtisolatie kunnen isolatiematerialen met aluminium bekleding of gaas zonder problemen worden bevestigd. Prijs per 1000 stuks (bijv. bestelhoeveelheid 5 = 5000 stuks)\" \/>\n<meta property=\"og:url\" content=\"https:\/\/hundtgroup.com\/nl\/produkt\/clip-schijfpennen-geisoleerd-540-mm\/\" \/>\n<meta property=\"og:site_name\" content=\"Wilhelm Hundt GmbH\" \/>\n<meta property=\"article:modified_time\" content=\"2025-07-29T11:50:38+00:00\" \/>\n<meta property=\"og:image\" content=\"https:\/\/hundtgroup.com\/wp-content\/uploads\/396219.jpg\" \/>\n\t<meta property=\"og:image:width\" content=\"400\" \/>\n\t<meta property=\"og:image:height\" content=\"400\" \/>\n\t<meta property=\"og:image:type\" content=\"image\/jpeg\" \/>\n<meta name=\"twitter:card\" content=\"summary_large_image\" \/>\n<script type=\"application\/ld+json\" class=\"yoast-schema-graph\">{\"@context\":\"https:\\\/\\\/schema.org\",\"@graph\":[{\"@type\":\"WebPage\",\"@id\":\"https:\\\/\\\/hundtgroup.com\\\/nl\\\/produkt\\\/clip-schijfpennen-geisoleerd-540-mm\\\/\",\"url\":\"https:\\\/\\\/hundtgroup.com\\\/nl\\\/produkt\\\/clip-schijfpennen-geisoleerd-540-mm\\\/\",\"name\":\"Clip-schijfpennen ge\u00efsoleerd 54,0 mm - Wilhelm Hundt GmbH\",\"isPartOf\":{\"@id\":\"https:\\\/\\\/hundtgroup.com\\\/nl\\\/#website\"},\"primaryImageOfPage\":{\"@id\":\"https:\\\/\\\/hundtgroup.com\\\/nl\\\/produkt\\\/clip-schijfpennen-geisoleerd-540-mm\\\/#primaryimage\"},\"image\":{\"@id\":\"https:\\\/\\\/hundtgroup.com\\\/nl\\\/produkt\\\/clip-schijfpennen-geisoleerd-540-mm\\\/#primaryimage\"},\"thumbnailUrl\":\"https:\\\/\\\/hundtgroup.com\\\/wp-content\\\/uploads\\\/396219.jpg\",\"datePublished\":\"2022-10-26T13:59:46+00:00\",\"dateModified\":\"2025-07-29T11:50:38+00:00\",\"breadcrumb\":{\"@id\":\"https:\\\/\\\/hundtgroup.com\\\/nl\\\/produkt\\\/clip-schijfpennen-geisoleerd-540-mm\\\/#breadcrumb\"},\"inLanguage\":\"nl-NL\",\"potentialAction\":[{\"@type\":\"ReadAction\",\"target\":[\"https:\\\/\\\/hundtgroup.com\\\/nl\\\/produkt\\\/clip-schijfpennen-geisoleerd-540-mm\\\/\"]}]},{\"@type\":\"ImageObject\",\"inLanguage\":\"nl-NL\",\"@id\":\"https:\\\/\\\/hundtgroup.com\\\/nl\\\/produkt\\\/clip-schijfpennen-geisoleerd-540-mm\\\/#primaryimage\",\"url\":\"https:\\\/\\\/hundtgroup.com\\\/wp-content\\\/uploads\\\/396219.jpg\",\"contentUrl\":\"https:\\\/\\\/hundtgroup.com\\\/wp-content\\\/uploads\\\/396219.jpg\",\"width\":400,\"height\":400},{\"@type\":\"BreadcrumbList\",\"@id\":\"https:\\\/\\\/hundtgroup.com\\\/nl\\\/produkt\\\/clip-schijfpennen-geisoleerd-540-mm\\\/#breadcrumb\",\"itemListElement\":[{\"@type\":\"ListItem\",\"position\":1,\"name\":\"Startseite\",\"item\":\"https:\\\/\\\/hundtgroup.com\\\/nl\\\/thuis-nieuw\\\/\"},{\"@type\":\"ListItem\",\"position\":2,\"name\":\"Winkel op\",\"item\":\"https:\\\/\\\/hundtgroup.com\\\/winkel-op\\\/\"},{\"@type\":\"ListItem\",\"position\":3,\"name\":\"Clip-schijfpennen ge\u00efsoleerd 54,0 mm\"}]},{\"@type\":\"WebSite\",\"@id\":\"https:\\\/\\\/hundtgroup.com\\\/nl\\\/#website\",\"url\":\"https:\\\/\\\/hundtgroup.com\\\/nl\\\/\",\"name\":\"Wilhelm Hundt GmbH\",\"description\":\"Uw specialist voor machines en gereedschappen voor plaatbewerking\",\"potentialAction\":[{\"@type\":\"SearchAction\",\"target\":{\"@type\":\"EntryPoint\",\"urlTemplate\":\"https:\\\/\\\/hundtgroup.com\\\/nl\\\/?s={search_term_string}\"},\"query-input\":{\"@type\":\"PropertyValueSpecification\",\"valueRequired\":true,\"valueName\":\"search_term_string\"}}],\"inLanguage\":\"nl-NL\"}]}<\/script>\n<!-- \/ Yoast SEO plugin. -->","yoast_head_json":{"title":"Clip-schijfpennen ge\u00efsoleerd 54,0 mm - Wilhelm Hundt GmbH","robots":{"index":"index","follow":"follow","max-snippet":"max-snippet:-1","max-image-preview":"max-image-preview:large","max-video-preview":"max-video-preview:-1"},"canonical":"https:\/\/hundtgroup.com\/nl\/produkt\/clip-schijfpennen-geisoleerd-540-mm\/","og_locale":"nl_NL","og_type":"article","og_title":"Clip-schijfpennen ge\u00efsoleerd 54,0 mm - Wilhelm Hundt GmbH","og_description":"Met de combinatie van laspen en borgring kunnen isolatiematerialen in \u00e9\u00e9n keer op plaatmateriaal worden bevestigd. Dankzij de schachtisolatie kunnen isolatiematerialen met aluminium bekleding of gaas zonder problemen worden bevestigd. Prijs per 1000 stuks (bijv. bestelhoeveelheid 5 = 5000 stuks)","og_url":"https:\/\/hundtgroup.com\/nl\/produkt\/clip-schijfpennen-geisoleerd-540-mm\/","og_site_name":"Wilhelm Hundt GmbH","article_modified_time":"2025-07-29T11:50:38+00:00","og_image":[{"width":400,"height":400,"url":"https:\/\/hundtgroup.com\/wp-content\/uploads\/396219.jpg","type":"image\/jpeg"}],"twitter_card":"summary_large_image","schema":{"@context":"https:\/\/schema.org","@graph":[{"@type":"WebPage","@id":"https:\/\/hundtgroup.com\/nl\/produkt\/clip-schijfpennen-geisoleerd-540-mm\/","url":"https:\/\/hundtgroup.com\/nl\/produkt\/clip-schijfpennen-geisoleerd-540-mm\/","name":"Clip-schijfpennen ge\u00efsoleerd 54,0 mm - Wilhelm Hundt GmbH","isPartOf":{"@id":"https:\/\/hundtgroup.com\/nl\/#website"},"primaryImageOfPage":{"@id":"https:\/\/hundtgroup.com\/nl\/produkt\/clip-schijfpennen-geisoleerd-540-mm\/#primaryimage"},"image":{"@id":"https:\/\/hundtgroup.com\/nl\/produkt\/clip-schijfpennen-geisoleerd-540-mm\/#primaryimage"},"thumbnailUrl":"https:\/\/hundtgroup.com\/wp-content\/uploads\/396219.jpg","datePublished":"2022-10-26T13:59:46+00:00","dateModified":"2025-07-29T11:50:38+00:00","breadcrumb":{"@id":"https:\/\/hundtgroup.com\/nl\/produkt\/clip-schijfpennen-geisoleerd-540-mm\/#breadcrumb"},"inLanguage":"nl-NL","potentialAction":[{"@type":"ReadAction","target":["https:\/\/hundtgroup.com\/nl\/produkt\/clip-schijfpennen-geisoleerd-540-mm\/"]}]},{"@type":"ImageObject","inLanguage":"nl-NL","@id":"https:\/\/hundtgroup.com\/nl\/produkt\/clip-schijfpennen-geisoleerd-540-mm\/#primaryimage","url":"https:\/\/hundtgroup.com\/wp-content\/uploads\/396219.jpg","contentUrl":"https:\/\/hundtgroup.com\/wp-content\/uploads\/396219.jpg","width":400,"height":400},{"@type":"BreadcrumbList","@id":"https:\/\/hundtgroup.com\/nl\/produkt\/clip-schijfpennen-geisoleerd-540-mm\/#breadcrumb","itemListElement":[{"@type":"ListItem","position":1,"name":"Startseite","item":"https:\/\/hundtgroup.com\/nl\/thuis-nieuw\/"},{"@type":"ListItem","position":2,"name":"Winkel op","item":"https:\/\/hundtgroup.com\/winkel-op\/"},{"@type":"ListItem","position":3,"name":"Clip-schijfpennen ge\u00efsoleerd 54,0 mm"}]},{"@type":"WebSite","@id":"https:\/\/hundtgroup.com\/nl\/#website","url":"https:\/\/hundtgroup.com\/nl\/","name":"Wilhelm Hundt GmbH","description":"Uw specialist voor machines en gereedschappen voor plaatbewerking","potentialAction":[{"@type":"SearchAction","target":{"@type":"EntryPoint","urlTemplate":"https:\/\/hundtgroup.com\/nl\/?s={search_term_string}"},"query-input":{"@type":"PropertyValueSpecification","valueRequired":true,"valueName":"search_term_string"}}],"inLanguage":"nl-NL"}]}},"_links":{"self":[{"href":"https:\/\/hundtgroup.com\/nl\/wp-json\/wp\/v2\/product\/36921","targetHints":{"allow":["GET"]}}],"collection":[{"href":"https:\/\/hundtgroup.com\/nl\/wp-json\/wp\/v2\/product"}],"about":[{"href":"https:\/\/hundtgroup.com\/nl\/wp-json\/wp\/v2\/types\/product"}],"wp:featuredmedia":[{"embeddable":true,"href":"https:\/\/hundtgroup.com\/nl\/wp-json\/wp\/v2\/media\/33653"}],"wp:attachment":[{"href":"https:\/\/hundtgroup.com\/nl\/wp-json\/wp\/v2\/media?parent=36921"}],"wp:term":[{"taxonomy":"product_cat","embeddable":true,"href":"https:\/\/hundtgroup.com\/nl\/wp-json\/wp\/v2\/product_cat?post=36921"},{"taxonomy":"product_tag","embeddable":true,"href":"https:\/\/hundtgroup.com\/nl\/wp-json\/wp\/v2\/product_tag?post=36921"}],"curies":[{"name":"wp","href":"https:\/\/api.w.org\/{rel}","templated":true}]}}