{"id":40582,"date":"2026-01-28T10:17:39","date_gmt":"2026-01-28T09:17:39","guid":{"rendered":"https:\/\/hundtgroup.com\/produkt\/bosch-exsb18v-150-accu-klopboormachine-solo\/"},"modified":"2026-01-28T10:17:39","modified_gmt":"2026-01-28T09:17:39","slug":"bosch-exsb18v-150-accu-klopboormachine-solo","status":"publish","type":"product","link":"https:\/\/hundtgroup.com\/nl\/produkt\/bosch-exsb18v-150-accu-klopboormachine-solo\/","title":{"rendered":"Bosch EXSB18V-150 accu klopboormachine solo"},"content":{"rendered":"<p>Tot 75% meer vermogen dan de GSB 18V-110 C Professional\u00b9<br \/>\nExtreme Power: 150 Nm max. koppel. Koppel, ideaal voor metaalboren met \u00d8 16 mm, gaten zagen in hout met \u00d8 150 mm en in metselwerk met \u00d8 20 mm<br \/>\nBITURBO BRUSHLESS: Krachtige motor en aandrijfsysteem, ontworpen voor het extreme vermogen van EXPERT accu&#8217;s<br \/>\nGeavanceerde gebruikersbescherming: KickBack Control (aan\/uit) minimaliseert het risico op letsel door uit te schakelen als de boor vastloopt<br \/>\nElektronische hoekdetectie: Schroeven onder een instelbare hoek in balken steken voor een robuuste constructie. <\/p>\n","protected":false},"excerpt":{"rendered":"<p>Tot 75% meer vermogen dan de GSB 18V-110 C Professional\u00b9 Extreme Power: 150 Nm max. koppel. Koppel, ideaal voor metaalboren met \u00d8 16 mm, gaten zagen in hout met \u00d8 150 mm en in metselwerk met \u00d8 20 mm BITURBO BRUSHLESS: Krachtige motor en aandrijfsysteem, ontworpen voor het extreme vermogen van EXPERT accu&#8217;s Geavanceerde gebruikersbescherming: [&hellip;]<\/p>\n","protected":false},"featured_media":40584,"template":"","meta":{"_acf_changed":false,"inline_featured_image":false},"product_cat":[3255,648],"product_tag":[],"class_list":{"0":"post-40582","1":"product","2":"type-product","3":"status-publish","4":"has-post-thumbnail","6":"brand-bosch-expert","7":"product_cat-klopboormachine","8":"product_cat-batterij-gereedschap","10":"first","11":"instock","12":"taxable","13":"shipping-taxable","14":"purchasable","15":"product-type-simple","16":"add-to-wishlist-before_image"},"acf":[],"yoast_head":"<!-- This site is optimized with the Yoast SEO plugin v27.3 - https:\/\/yoast.com\/product\/yoast-seo-wordpress\/ -->\n<title>Bosch EXSB18V-150 accu klopboormachine solo - Wilhelm Hundt GmbH<\/title>\n<meta name=\"robots\" content=\"index, follow, max-snippet:-1, max-image-preview:large, max-video-preview:-1\" \/>\n<link rel=\"canonical\" href=\"https:\/\/hundtgroup.com\/nl\/produkt\/bosch-exsb18v-150-accu-klopboormachine-solo\/\" \/>\n<meta property=\"og:locale\" content=\"nl_NL\" \/>\n<meta property=\"og:type\" content=\"article\" \/>\n<meta property=\"og:title\" content=\"Bosch EXSB18V-150 accu klopboormachine solo - Wilhelm Hundt GmbH\" \/>\n<meta property=\"og:description\" content=\"Tot 75% meer vermogen dan de GSB 18V-110 C Professional\u00b9 Extreme Power: 150 Nm max. koppel. Koppel, ideaal voor metaalboren met \u00d8 16 mm, gaten zagen in hout met \u00d8 150 mm en in metselwerk met \u00d8 20 mm BITURBO BRUSHLESS: Krachtige motor en aandrijfsysteem, ontworpen voor het extreme vermogen van EXPERT accu&#8217;s Geavanceerde gebruikersbescherming: [&hellip;]\" \/>\n<meta property=\"og:url\" content=\"https:\/\/hundtgroup.com\/nl\/produkt\/bosch-exsb18v-150-accu-klopboormachine-solo\/\" \/>\n<meta property=\"og:site_name\" content=\"Wilhelm Hundt GmbH\" \/>\n<meta property=\"og:image\" content=\"https:\/\/hundtgroup.com\/wp-content\/uploads\/340822.jpg\" \/>\n\t<meta property=\"og:image:width\" content=\"600\" \/>\n\t<meta property=\"og:image:height\" content=\"600\" \/>\n\t<meta property=\"og:image:type\" content=\"image\/jpeg\" \/>\n<meta name=\"twitter:card\" content=\"summary_large_image\" \/>\n<script type=\"application\/ld+json\" class=\"yoast-schema-graph\">{\"@context\":\"https:\\\/\\\/schema.org\",\"@graph\":[{\"@type\":\"WebPage\",\"@id\":\"https:\\\/\\\/hundtgroup.com\\\/nl\\\/produkt\\\/bosch-exsb18v-150-accu-klopboormachine-solo\\\/\",\"url\":\"https:\\\/\\\/hundtgroup.com\\\/nl\\\/produkt\\\/bosch-exsb18v-150-accu-klopboormachine-solo\\\/\",\"name\":\"Bosch EXSB18V-150 accu klopboormachine solo - Wilhelm Hundt GmbH\",\"isPartOf\":{\"@id\":\"https:\\\/\\\/hundtgroup.com\\\/nl\\\/#website\"},\"primaryImageOfPage\":{\"@id\":\"https:\\\/\\\/hundtgroup.com\\\/nl\\\/produkt\\\/bosch-exsb18v-150-accu-klopboormachine-solo\\\/#primaryimage\"},\"image\":{\"@id\":\"https:\\\/\\\/hundtgroup.com\\\/nl\\\/produkt\\\/bosch-exsb18v-150-accu-klopboormachine-solo\\\/#primaryimage\"},\"thumbnailUrl\":\"https:\\\/\\\/hundtgroup.com\\\/wp-content\\\/uploads\\\/340822.jpg\",\"datePublished\":\"2026-01-28T09:17:39+00:00\",\"breadcrumb\":{\"@id\":\"https:\\\/\\\/hundtgroup.com\\\/nl\\\/produkt\\\/bosch-exsb18v-150-accu-klopboormachine-solo\\\/#breadcrumb\"},\"inLanguage\":\"nl-NL\",\"potentialAction\":[{\"@type\":\"ReadAction\",\"target\":[\"https:\\\/\\\/hundtgroup.com\\\/nl\\\/produkt\\\/bosch-exsb18v-150-accu-klopboormachine-solo\\\/\"]}]},{\"@type\":\"ImageObject\",\"inLanguage\":\"nl-NL\",\"@id\":\"https:\\\/\\\/hundtgroup.com\\\/nl\\\/produkt\\\/bosch-exsb18v-150-accu-klopboormachine-solo\\\/#primaryimage\",\"url\":\"https:\\\/\\\/hundtgroup.com\\\/wp-content\\\/uploads\\\/340822.jpg\",\"contentUrl\":\"https:\\\/\\\/hundtgroup.com\\\/wp-content\\\/uploads\\\/340822.jpg\",\"width\":600,\"height\":600},{\"@type\":\"BreadcrumbList\",\"@id\":\"https:\\\/\\\/hundtgroup.com\\\/nl\\\/produkt\\\/bosch-exsb18v-150-accu-klopboormachine-solo\\\/#breadcrumb\",\"itemListElement\":[{\"@type\":\"ListItem\",\"position\":1,\"name\":\"Startseite\",\"item\":\"https:\\\/\\\/hundtgroup.com\\\/nl\\\/thuis-nieuw\\\/\"},{\"@type\":\"ListItem\",\"position\":2,\"name\":\"Winkel op\",\"item\":\"https:\\\/\\\/hundtgroup.com\\\/winkel-op\\\/\"},{\"@type\":\"ListItem\",\"position\":3,\"name\":\"Bosch EXSB18V-150 accu klopboormachine solo\"}]},{\"@type\":\"WebSite\",\"@id\":\"https:\\\/\\\/hundtgroup.com\\\/nl\\\/#website\",\"url\":\"https:\\\/\\\/hundtgroup.com\\\/nl\\\/\",\"name\":\"Wilhelm Hundt GmbH\",\"description\":\"Uw specialist voor machines en gereedschappen voor plaatbewerking\",\"potentialAction\":[{\"@type\":\"SearchAction\",\"target\":{\"@type\":\"EntryPoint\",\"urlTemplate\":\"https:\\\/\\\/hundtgroup.com\\\/nl\\\/?s={search_term_string}\"},\"query-input\":{\"@type\":\"PropertyValueSpecification\",\"valueRequired\":true,\"valueName\":\"search_term_string\"}}],\"inLanguage\":\"nl-NL\"}]}<\/script>\n<!-- \/ Yoast SEO plugin. -->","yoast_head_json":{"title":"Bosch EXSB18V-150 accu klopboormachine solo - Wilhelm Hundt GmbH","robots":{"index":"index","follow":"follow","max-snippet":"max-snippet:-1","max-image-preview":"max-image-preview:large","max-video-preview":"max-video-preview:-1"},"canonical":"https:\/\/hundtgroup.com\/nl\/produkt\/bosch-exsb18v-150-accu-klopboormachine-solo\/","og_locale":"nl_NL","og_type":"article","og_title":"Bosch EXSB18V-150 accu klopboormachine solo - Wilhelm Hundt GmbH","og_description":"Tot 75% meer vermogen dan de GSB 18V-110 C Professional\u00b9 Extreme Power: 150 Nm max. koppel. Koppel, ideaal voor metaalboren met \u00d8 16 mm, gaten zagen in hout met \u00d8 150 mm en in metselwerk met \u00d8 20 mm BITURBO BRUSHLESS: Krachtige motor en aandrijfsysteem, ontworpen voor het extreme vermogen van EXPERT accu&#8217;s Geavanceerde gebruikersbescherming: [&hellip;]","og_url":"https:\/\/hundtgroup.com\/nl\/produkt\/bosch-exsb18v-150-accu-klopboormachine-solo\/","og_site_name":"Wilhelm Hundt GmbH","og_image":[{"width":600,"height":600,"url":"https:\/\/hundtgroup.com\/wp-content\/uploads\/340822.jpg","type":"image\/jpeg"}],"twitter_card":"summary_large_image","schema":{"@context":"https:\/\/schema.org","@graph":[{"@type":"WebPage","@id":"https:\/\/hundtgroup.com\/nl\/produkt\/bosch-exsb18v-150-accu-klopboormachine-solo\/","url":"https:\/\/hundtgroup.com\/nl\/produkt\/bosch-exsb18v-150-accu-klopboormachine-solo\/","name":"Bosch EXSB18V-150 accu klopboormachine solo - Wilhelm Hundt GmbH","isPartOf":{"@id":"https:\/\/hundtgroup.com\/nl\/#website"},"primaryImageOfPage":{"@id":"https:\/\/hundtgroup.com\/nl\/produkt\/bosch-exsb18v-150-accu-klopboormachine-solo\/#primaryimage"},"image":{"@id":"https:\/\/hundtgroup.com\/nl\/produkt\/bosch-exsb18v-150-accu-klopboormachine-solo\/#primaryimage"},"thumbnailUrl":"https:\/\/hundtgroup.com\/wp-content\/uploads\/340822.jpg","datePublished":"2026-01-28T09:17:39+00:00","breadcrumb":{"@id":"https:\/\/hundtgroup.com\/nl\/produkt\/bosch-exsb18v-150-accu-klopboormachine-solo\/#breadcrumb"},"inLanguage":"nl-NL","potentialAction":[{"@type":"ReadAction","target":["https:\/\/hundtgroup.com\/nl\/produkt\/bosch-exsb18v-150-accu-klopboormachine-solo\/"]}]},{"@type":"ImageObject","inLanguage":"nl-NL","@id":"https:\/\/hundtgroup.com\/nl\/produkt\/bosch-exsb18v-150-accu-klopboormachine-solo\/#primaryimage","url":"https:\/\/hundtgroup.com\/wp-content\/uploads\/340822.jpg","contentUrl":"https:\/\/hundtgroup.com\/wp-content\/uploads\/340822.jpg","width":600,"height":600},{"@type":"BreadcrumbList","@id":"https:\/\/hundtgroup.com\/nl\/produkt\/bosch-exsb18v-150-accu-klopboormachine-solo\/#breadcrumb","itemListElement":[{"@type":"ListItem","position":1,"name":"Startseite","item":"https:\/\/hundtgroup.com\/nl\/thuis-nieuw\/"},{"@type":"ListItem","position":2,"name":"Winkel op","item":"https:\/\/hundtgroup.com\/winkel-op\/"},{"@type":"ListItem","position":3,"name":"Bosch EXSB18V-150 accu klopboormachine solo"}]},{"@type":"WebSite","@id":"https:\/\/hundtgroup.com\/nl\/#website","url":"https:\/\/hundtgroup.com\/nl\/","name":"Wilhelm Hundt GmbH","description":"Uw specialist voor machines en gereedschappen voor plaatbewerking","potentialAction":[{"@type":"SearchAction","target":{"@type":"EntryPoint","urlTemplate":"https:\/\/hundtgroup.com\/nl\/?s={search_term_string}"},"query-input":{"@type":"PropertyValueSpecification","valueRequired":true,"valueName":"search_term_string"}}],"inLanguage":"nl-NL"}]}},"_links":{"self":[{"href":"https:\/\/hundtgroup.com\/nl\/wp-json\/wp\/v2\/product\/40582","targetHints":{"allow":["GET"]}}],"collection":[{"href":"https:\/\/hundtgroup.com\/nl\/wp-json\/wp\/v2\/product"}],"about":[{"href":"https:\/\/hundtgroup.com\/nl\/wp-json\/wp\/v2\/types\/product"}],"wp:featuredmedia":[{"embeddable":true,"href":"https:\/\/hundtgroup.com\/nl\/wp-json\/wp\/v2\/media\/40584"}],"wp:attachment":[{"href":"https:\/\/hundtgroup.com\/nl\/wp-json\/wp\/v2\/media?parent=40582"}],"wp:term":[{"taxonomy":"product_cat","embeddable":true,"href":"https:\/\/hundtgroup.com\/nl\/wp-json\/wp\/v2\/product_cat?post=40582"},{"taxonomy":"product_tag","embeddable":true,"href":"https:\/\/hundtgroup.com\/nl\/wp-json\/wp\/v2\/product_tag?post=40582"}],"curies":[{"name":"wp","href":"https:\/\/api.w.org\/{rel}","templated":true}]}}