{"id":40864,"date":"2026-01-28T10:18:01","date_gmt":"2026-01-28T09:18:01","guid":{"rendered":"https:\/\/hundtgroup.com\/produkt\/bosch-exdm600-17-multimeter\/"},"modified":"2026-01-28T10:18:01","modified_gmt":"2026-01-28T09:18:01","slug":"bosch-exdm600-17-multimeter","status":"publish","type":"product","link":"https:\/\/hundtgroup.com\/nl\/produkt\/bosch-exdm600-17-multimeter\/","title":{"rendered":"Bosch EXDM600-17 Multimeter"},"content":{"rendered":"<p>Beschermingsklasse IP65, valbestendigheid tot 2 m, omgekeerd display, veiligheidsclassificatie volgens CAT III 600 V, dubbele voeding en temperatuurmeting<br \/>\nPlug-on K-type interface: Meet temperaturen van -40 tot 400\u00b0C<br \/>\nVeelzijdig: Meet temperatuur en microamp\u00e8res, weerstanden tot 60 M? LoZ en voert diodetests uit<br \/>\nCompact ontwerp: Eenvoudige bediening met \u00e9\u00e9n hand met compatibele magnetische ophanging MH 1 Professional<br \/>\nGeschikt voor bouwplaatsen: Uitgebreide HVAC-functionaliteit met temperatuurmeting, microamp\u00e8re, LoZ en diodetests.<\/p>\n","protected":false},"excerpt":{"rendered":"<p>Beschermingsklasse IP65, valbestendigheid tot 2 m, omgekeerd display, veiligheidsclassificatie volgens CAT III 600 V, dubbele voeding en temperatuurmeting Plug-on K-type interface: Meet temperaturen van -40 tot 400\u00b0C Veelzijdig: Meet temperatuur en microamp\u00e8res, weerstanden tot 60 M? LoZ en voert diodetests uit Compact ontwerp: Eenvoudige bediening met \u00e9\u00e9n hand met compatibele magnetische ophanging MH 1 Professional [&hellip;]<\/p>\n","protected":false},"featured_media":40866,"template":"","meta":{"_acf_changed":false,"inline_featured_image":false},"product_cat":[3289,665],"product_tag":[],"class_list":{"0":"post-40864","1":"product","2":"type-product","3":"status-publish","4":"has-post-thumbnail","6":"brand-bosch-expert","7":"product_cat-multimeter","8":"product_cat-elektrisch-gereedschap","10":"first","11":"instock","12":"taxable","13":"shipping-taxable","14":"purchasable","15":"product-type-simple","16":"add-to-wishlist-before_image"},"acf":[],"yoast_head":"<!-- This site is optimized with the Yoast SEO plugin v27.3 - https:\/\/yoast.com\/product\/yoast-seo-wordpress\/ -->\n<title>Bosch EXDM600-17 Multimeter - Wilhelm Hundt GmbH<\/title>\n<meta name=\"robots\" content=\"index, follow, max-snippet:-1, max-image-preview:large, max-video-preview:-1\" \/>\n<link rel=\"canonical\" href=\"https:\/\/hundtgroup.com\/nl\/produkt\/bosch-exdm600-17-multimeter\/\" \/>\n<meta property=\"og:locale\" content=\"nl_NL\" \/>\n<meta property=\"og:type\" content=\"article\" \/>\n<meta property=\"og:title\" content=\"Bosch EXDM600-17 Multimeter - Wilhelm Hundt GmbH\" \/>\n<meta property=\"og:description\" content=\"Beschermingsklasse IP65, valbestendigheid tot 2 m, omgekeerd display, veiligheidsclassificatie volgens CAT III 600 V, dubbele voeding en temperatuurmeting Plug-on K-type interface: Meet temperaturen van -40 tot 400\u00b0C Veelzijdig: Meet temperatuur en microamp\u00e8res, weerstanden tot 60 M? LoZ en voert diodetests uit Compact ontwerp: Eenvoudige bediening met \u00e9\u00e9n hand met compatibele magnetische ophanging MH 1 Professional [&hellip;]\" \/>\n<meta property=\"og:url\" content=\"https:\/\/hundtgroup.com\/nl\/produkt\/bosch-exdm600-17-multimeter\/\" \/>\n<meta property=\"og:site_name\" content=\"Wilhelm Hundt GmbH\" \/>\n<meta property=\"og:image\" content=\"https:\/\/hundtgroup.com\/wp-content\/uploads\/340875.jpg\" \/>\n\t<meta property=\"og:image:width\" content=\"982\" \/>\n\t<meta property=\"og:image:height\" content=\"969\" \/>\n\t<meta property=\"og:image:type\" content=\"image\/jpeg\" \/>\n<meta name=\"twitter:card\" content=\"summary_large_image\" \/>\n<script type=\"application\/ld+json\" class=\"yoast-schema-graph\">{\"@context\":\"https:\\\/\\\/schema.org\",\"@graph\":[{\"@type\":\"WebPage\",\"@id\":\"https:\\\/\\\/hundtgroup.com\\\/nl\\\/produkt\\\/bosch-exdm600-17-multimeter\\\/\",\"url\":\"https:\\\/\\\/hundtgroup.com\\\/nl\\\/produkt\\\/bosch-exdm600-17-multimeter\\\/\",\"name\":\"Bosch EXDM600-17 Multimeter - Wilhelm Hundt GmbH\",\"isPartOf\":{\"@id\":\"https:\\\/\\\/hundtgroup.com\\\/nl\\\/#website\"},\"primaryImageOfPage\":{\"@id\":\"https:\\\/\\\/hundtgroup.com\\\/nl\\\/produkt\\\/bosch-exdm600-17-multimeter\\\/#primaryimage\"},\"image\":{\"@id\":\"https:\\\/\\\/hundtgroup.com\\\/nl\\\/produkt\\\/bosch-exdm600-17-multimeter\\\/#primaryimage\"},\"thumbnailUrl\":\"https:\\\/\\\/hundtgroup.com\\\/wp-content\\\/uploads\\\/340875.jpg\",\"datePublished\":\"2026-01-28T09:18:01+00:00\",\"breadcrumb\":{\"@id\":\"https:\\\/\\\/hundtgroup.com\\\/nl\\\/produkt\\\/bosch-exdm600-17-multimeter\\\/#breadcrumb\"},\"inLanguage\":\"nl-NL\",\"potentialAction\":[{\"@type\":\"ReadAction\",\"target\":[\"https:\\\/\\\/hundtgroup.com\\\/nl\\\/produkt\\\/bosch-exdm600-17-multimeter\\\/\"]}]},{\"@type\":\"ImageObject\",\"inLanguage\":\"nl-NL\",\"@id\":\"https:\\\/\\\/hundtgroup.com\\\/nl\\\/produkt\\\/bosch-exdm600-17-multimeter\\\/#primaryimage\",\"url\":\"https:\\\/\\\/hundtgroup.com\\\/wp-content\\\/uploads\\\/340875.jpg\",\"contentUrl\":\"https:\\\/\\\/hundtgroup.com\\\/wp-content\\\/uploads\\\/340875.jpg\",\"width\":982,\"height\":969},{\"@type\":\"BreadcrumbList\",\"@id\":\"https:\\\/\\\/hundtgroup.com\\\/nl\\\/produkt\\\/bosch-exdm600-17-multimeter\\\/#breadcrumb\",\"itemListElement\":[{\"@type\":\"ListItem\",\"position\":1,\"name\":\"Startseite\",\"item\":\"https:\\\/\\\/hundtgroup.com\\\/nl\\\/thuis-nieuw\\\/\"},{\"@type\":\"ListItem\",\"position\":2,\"name\":\"Winkel op\",\"item\":\"https:\\\/\\\/hundtgroup.com\\\/winkel-op\\\/\"},{\"@type\":\"ListItem\",\"position\":3,\"name\":\"Bosch EXDM600-17 Multimeter\"}]},{\"@type\":\"WebSite\",\"@id\":\"https:\\\/\\\/hundtgroup.com\\\/nl\\\/#website\",\"url\":\"https:\\\/\\\/hundtgroup.com\\\/nl\\\/\",\"name\":\"Wilhelm Hundt GmbH\",\"description\":\"Uw specialist voor machines en gereedschappen voor plaatbewerking\",\"potentialAction\":[{\"@type\":\"SearchAction\",\"target\":{\"@type\":\"EntryPoint\",\"urlTemplate\":\"https:\\\/\\\/hundtgroup.com\\\/nl\\\/?s={search_term_string}\"},\"query-input\":{\"@type\":\"PropertyValueSpecification\",\"valueRequired\":true,\"valueName\":\"search_term_string\"}}],\"inLanguage\":\"nl-NL\"}]}<\/script>\n<!-- \/ Yoast SEO plugin. -->","yoast_head_json":{"title":"Bosch EXDM600-17 Multimeter - Wilhelm Hundt GmbH","robots":{"index":"index","follow":"follow","max-snippet":"max-snippet:-1","max-image-preview":"max-image-preview:large","max-video-preview":"max-video-preview:-1"},"canonical":"https:\/\/hundtgroup.com\/nl\/produkt\/bosch-exdm600-17-multimeter\/","og_locale":"nl_NL","og_type":"article","og_title":"Bosch EXDM600-17 Multimeter - Wilhelm Hundt GmbH","og_description":"Beschermingsklasse IP65, valbestendigheid tot 2 m, omgekeerd display, veiligheidsclassificatie volgens CAT III 600 V, dubbele voeding en temperatuurmeting Plug-on K-type interface: Meet temperaturen van -40 tot 400\u00b0C Veelzijdig: Meet temperatuur en microamp\u00e8res, weerstanden tot 60 M? LoZ en voert diodetests uit Compact ontwerp: Eenvoudige bediening met \u00e9\u00e9n hand met compatibele magnetische ophanging MH 1 Professional [&hellip;]","og_url":"https:\/\/hundtgroup.com\/nl\/produkt\/bosch-exdm600-17-multimeter\/","og_site_name":"Wilhelm Hundt GmbH","og_image":[{"width":982,"height":969,"url":"https:\/\/hundtgroup.com\/wp-content\/uploads\/340875.jpg","type":"image\/jpeg"}],"twitter_card":"summary_large_image","schema":{"@context":"https:\/\/schema.org","@graph":[{"@type":"WebPage","@id":"https:\/\/hundtgroup.com\/nl\/produkt\/bosch-exdm600-17-multimeter\/","url":"https:\/\/hundtgroup.com\/nl\/produkt\/bosch-exdm600-17-multimeter\/","name":"Bosch EXDM600-17 Multimeter - Wilhelm Hundt GmbH","isPartOf":{"@id":"https:\/\/hundtgroup.com\/nl\/#website"},"primaryImageOfPage":{"@id":"https:\/\/hundtgroup.com\/nl\/produkt\/bosch-exdm600-17-multimeter\/#primaryimage"},"image":{"@id":"https:\/\/hundtgroup.com\/nl\/produkt\/bosch-exdm600-17-multimeter\/#primaryimage"},"thumbnailUrl":"https:\/\/hundtgroup.com\/wp-content\/uploads\/340875.jpg","datePublished":"2026-01-28T09:18:01+00:00","breadcrumb":{"@id":"https:\/\/hundtgroup.com\/nl\/produkt\/bosch-exdm600-17-multimeter\/#breadcrumb"},"inLanguage":"nl-NL","potentialAction":[{"@type":"ReadAction","target":["https:\/\/hundtgroup.com\/nl\/produkt\/bosch-exdm600-17-multimeter\/"]}]},{"@type":"ImageObject","inLanguage":"nl-NL","@id":"https:\/\/hundtgroup.com\/nl\/produkt\/bosch-exdm600-17-multimeter\/#primaryimage","url":"https:\/\/hundtgroup.com\/wp-content\/uploads\/340875.jpg","contentUrl":"https:\/\/hundtgroup.com\/wp-content\/uploads\/340875.jpg","width":982,"height":969},{"@type":"BreadcrumbList","@id":"https:\/\/hundtgroup.com\/nl\/produkt\/bosch-exdm600-17-multimeter\/#breadcrumb","itemListElement":[{"@type":"ListItem","position":1,"name":"Startseite","item":"https:\/\/hundtgroup.com\/nl\/thuis-nieuw\/"},{"@type":"ListItem","position":2,"name":"Winkel op","item":"https:\/\/hundtgroup.com\/winkel-op\/"},{"@type":"ListItem","position":3,"name":"Bosch EXDM600-17 Multimeter"}]},{"@type":"WebSite","@id":"https:\/\/hundtgroup.com\/nl\/#website","url":"https:\/\/hundtgroup.com\/nl\/","name":"Wilhelm Hundt GmbH","description":"Uw specialist voor machines en gereedschappen voor plaatbewerking","potentialAction":[{"@type":"SearchAction","target":{"@type":"EntryPoint","urlTemplate":"https:\/\/hundtgroup.com\/nl\/?s={search_term_string}"},"query-input":{"@type":"PropertyValueSpecification","valueRequired":true,"valueName":"search_term_string"}}],"inLanguage":"nl-NL"}]}},"_links":{"self":[{"href":"https:\/\/hundtgroup.com\/nl\/wp-json\/wp\/v2\/product\/40864","targetHints":{"allow":["GET"]}}],"collection":[{"href":"https:\/\/hundtgroup.com\/nl\/wp-json\/wp\/v2\/product"}],"about":[{"href":"https:\/\/hundtgroup.com\/nl\/wp-json\/wp\/v2\/types\/product"}],"wp:featuredmedia":[{"embeddable":true,"href":"https:\/\/hundtgroup.com\/nl\/wp-json\/wp\/v2\/media\/40866"}],"wp:attachment":[{"href":"https:\/\/hundtgroup.com\/nl\/wp-json\/wp\/v2\/media?parent=40864"}],"wp:term":[{"taxonomy":"product_cat","embeddable":true,"href":"https:\/\/hundtgroup.com\/nl\/wp-json\/wp\/v2\/product_cat?post=40864"},{"taxonomy":"product_tag","embeddable":true,"href":"https:\/\/hundtgroup.com\/nl\/wp-json\/wp\/v2\/product_tag?post=40864"}],"curies":[{"name":"wp","href":"https:\/\/api.w.org\/{rel}","templated":true}]}}