{"id":13022,"date":"2022-03-11T14:29:02","date_gmt":"2022-03-11T13:29:02","guid":{"rendered":"https:\/\/hundtgroup.com\/moje-konto\/"},"modified":"2025-06-26T12:09:15","modified_gmt":"2025-06-26T10:09:15","slug":"moje-konto","status":"publish","type":"page","link":"https:\/\/hundtgroup.com\/pl\/sklep\/moje-konto\/","title":{"rendered":"Moje konto"},"content":{"rendered":"<div class=\"woocommerce\"><\/div>\n","protected":false},"excerpt":{"rendered":"","protected":false},"author":1,"featured_media":0,"parent":13323,"menu_order":1,"comment_status":"closed","ping_status":"closed","template":"","meta":{"_acf_changed":false,"inline_featured_image":false,"footnotes":""},"class_list":["post-13022","page","type-page","status-publish","hentry"],"acf":[],"yoast_head":"<!-- This site is optimized with the Yoast SEO plugin v27.3 - https:\/\/yoast.com\/product\/yoast-seo-wordpress\/ -->\n<title>Moje konto Hundt - dost\u0119p do zam\u00f3wie\u0144, adres\u00f3w i wiele wi\u0119cej.<\/title>\n<meta name=\"description\" content=\"Zaloguj si\u0119 na swoje konto Hundt i zarz\u0105dzaj swoimi zam\u00f3wieniami, adresami i ustawieniami w \u0142atwy i wygodny spos\u00f3b.\" \/>\n<meta name=\"robots\" content=\"index, follow, max-snippet:-1, max-image-preview:large, max-video-preview:-1\" \/>\n<link rel=\"canonical\" href=\"https:\/\/hundtgroup.com\/pl\/sklep\/moje-konto\/\" \/>\n<meta property=\"og:locale\" content=\"pl_PL\" \/>\n<meta property=\"og:type\" content=\"article\" \/>\n<meta property=\"og:title\" content=\"Moje konto Hundt - dost\u0119p do zam\u00f3wie\u0144, adres\u00f3w i wiele wi\u0119cej.\" \/>\n<meta property=\"og:description\" content=\"Zaloguj si\u0119 na swoje konto Hundt i zarz\u0105dzaj swoimi zam\u00f3wieniami, adresami i ustawieniami w \u0142atwy i wygodny spos\u00f3b.\" \/>\n<meta property=\"og:url\" content=\"https:\/\/hundtgroup.com\/pl\/sklep\/moje-konto\/\" \/>\n<meta property=\"og:site_name\" content=\"Wilhelm Hundt GmbH\" \/>\n<meta property=\"article:modified_time\" content=\"2025-06-26T10:09:15+00:00\" \/>\n<meta name=\"twitter:card\" content=\"summary_large_image\" \/>\n<script type=\"application\/ld+json\" class=\"yoast-schema-graph\">{\"@context\":\"https:\\\/\\\/schema.org\",\"@graph\":[{\"@type\":\"WebPage\",\"@id\":\"https:\\\/\\\/hundtgroup.com\\\/pl\\\/sklep\\\/moje-konto\\\/\",\"url\":\"https:\\\/\\\/hundtgroup.com\\\/pl\\\/sklep\\\/moje-konto\\\/\",\"name\":\"Moje konto Hundt - dost\u0119p do zam\u00f3wie\u0144, adres\u00f3w i wiele wi\u0119cej.\",\"isPartOf\":{\"@id\":\"https:\\\/\\\/hundtgroup.com\\\/pl\\\/#website\"},\"datePublished\":\"2022-03-11T13:29:02+00:00\",\"dateModified\":\"2025-06-26T10:09:15+00:00\",\"description\":\"Zaloguj si\u0119 na swoje konto Hundt i zarz\u0105dzaj swoimi zam\u00f3wieniami, adresami i ustawieniami w \u0142atwy i wygodny spos\u00f3b.\",\"breadcrumb\":{\"@id\":\"https:\\\/\\\/hundtgroup.com\\\/pl\\\/sklep\\\/moje-konto\\\/#breadcrumb\"},\"inLanguage\":\"pl-PL\",\"potentialAction\":[{\"@type\":\"ReadAction\",\"target\":[\"https:\\\/\\\/hundtgroup.com\\\/pl\\\/sklep\\\/moje-konto\\\/\"]}]},{\"@type\":\"BreadcrumbList\",\"@id\":\"https:\\\/\\\/hundtgroup.com\\\/pl\\\/sklep\\\/moje-konto\\\/#breadcrumb\",\"itemListElement\":[{\"@type\":\"ListItem\",\"position\":1,\"name\":\"Startseite\",\"item\":\"https:\\\/\\\/hundtgroup.com\\\/pl\\\/strona-glowna-nowa\\\/\"},{\"@type\":\"ListItem\",\"position\":2,\"name\":\"Sklep\",\"item\":\"https:\\\/\\\/hundtgroup.com\\\/pl\\\/sklep\\\/\"},{\"@type\":\"ListItem\",\"position\":3,\"name\":\"Moje konto\"}]},{\"@type\":\"WebSite\",\"@id\":\"https:\\\/\\\/hundtgroup.com\\\/pl\\\/#website\",\"url\":\"https:\\\/\\\/hundtgroup.com\\\/pl\\\/\",\"name\":\"Wilhelm Hundt GmbH\",\"description\":\"Specjalista od maszyn i narz\u0119dzi do obr\u00f3bki blachy\",\"potentialAction\":[{\"@type\":\"SearchAction\",\"target\":{\"@type\":\"EntryPoint\",\"urlTemplate\":\"https:\\\/\\\/hundtgroup.com\\\/pl\\\/?s={search_term_string}\"},\"query-input\":{\"@type\":\"PropertyValueSpecification\",\"valueRequired\":true,\"valueName\":\"search_term_string\"}}],\"inLanguage\":\"pl-PL\"}]}<\/script>\n<!-- \/ Yoast SEO plugin. -->","yoast_head_json":{"title":"Moje konto Hundt - dost\u0119p do zam\u00f3wie\u0144, adres\u00f3w i wiele wi\u0119cej.","description":"Zaloguj si\u0119 na swoje konto Hundt i zarz\u0105dzaj swoimi zam\u00f3wieniami, adresami i ustawieniami w \u0142atwy i wygodny spos\u00f3b.","robots":{"index":"index","follow":"follow","max-snippet":"max-snippet:-1","max-image-preview":"max-image-preview:large","max-video-preview":"max-video-preview:-1"},"canonical":"https:\/\/hundtgroup.com\/pl\/sklep\/moje-konto\/","og_locale":"pl_PL","og_type":"article","og_title":"Moje konto Hundt - dost\u0119p do zam\u00f3wie\u0144, adres\u00f3w i wiele wi\u0119cej.","og_description":"Zaloguj si\u0119 na swoje konto Hundt i zarz\u0105dzaj swoimi zam\u00f3wieniami, adresami i ustawieniami w \u0142atwy i wygodny spos\u00f3b.","og_url":"https:\/\/hundtgroup.com\/pl\/sklep\/moje-konto\/","og_site_name":"Wilhelm Hundt GmbH","article_modified_time":"2025-06-26T10:09:15+00:00","twitter_card":"summary_large_image","schema":{"@context":"https:\/\/schema.org","@graph":[{"@type":"WebPage","@id":"https:\/\/hundtgroup.com\/pl\/sklep\/moje-konto\/","url":"https:\/\/hundtgroup.com\/pl\/sklep\/moje-konto\/","name":"Moje konto Hundt - dost\u0119p do zam\u00f3wie\u0144, adres\u00f3w i wiele wi\u0119cej.","isPartOf":{"@id":"https:\/\/hundtgroup.com\/pl\/#website"},"datePublished":"2022-03-11T13:29:02+00:00","dateModified":"2025-06-26T10:09:15+00:00","description":"Zaloguj si\u0119 na swoje konto Hundt i zarz\u0105dzaj swoimi zam\u00f3wieniami, adresami i ustawieniami w \u0142atwy i wygodny spos\u00f3b.","breadcrumb":{"@id":"https:\/\/hundtgroup.com\/pl\/sklep\/moje-konto\/#breadcrumb"},"inLanguage":"pl-PL","potentialAction":[{"@type":"ReadAction","target":["https:\/\/hundtgroup.com\/pl\/sklep\/moje-konto\/"]}]},{"@type":"BreadcrumbList","@id":"https:\/\/hundtgroup.com\/pl\/sklep\/moje-konto\/#breadcrumb","itemListElement":[{"@type":"ListItem","position":1,"name":"Startseite","item":"https:\/\/hundtgroup.com\/pl\/strona-glowna-nowa\/"},{"@type":"ListItem","position":2,"name":"Sklep","item":"https:\/\/hundtgroup.com\/pl\/sklep\/"},{"@type":"ListItem","position":3,"name":"Moje konto"}]},{"@type":"WebSite","@id":"https:\/\/hundtgroup.com\/pl\/#website","url":"https:\/\/hundtgroup.com\/pl\/","name":"Wilhelm Hundt GmbH","description":"Specjalista od maszyn i narz\u0119dzi do obr\u00f3bki blachy","potentialAction":[{"@type":"SearchAction","target":{"@type":"EntryPoint","urlTemplate":"https:\/\/hundtgroup.com\/pl\/?s={search_term_string}"},"query-input":{"@type":"PropertyValueSpecification","valueRequired":true,"valueName":"search_term_string"}}],"inLanguage":"pl-PL"}]}},"_links":{"self":[{"href":"https:\/\/hundtgroup.com\/pl\/wp-json\/wp\/v2\/pages\/13022","targetHints":{"allow":["GET"]}}],"collection":[{"href":"https:\/\/hundtgroup.com\/pl\/wp-json\/wp\/v2\/pages"}],"about":[{"href":"https:\/\/hundtgroup.com\/pl\/wp-json\/wp\/v2\/types\/page"}],"author":[{"embeddable":true,"href":"https:\/\/hundtgroup.com\/pl\/wp-json\/wp\/v2\/users\/1"}],"replies":[{"embeddable":true,"href":"https:\/\/hundtgroup.com\/pl\/wp-json\/wp\/v2\/comments?post=13022"}],"version-history":[{"count":0,"href":"https:\/\/hundtgroup.com\/pl\/wp-json\/wp\/v2\/pages\/13022\/revisions"}],"up":[{"embeddable":true,"href":"https:\/\/hundtgroup.com\/pl\/wp-json\/wp\/v2\/pages\/13323"}],"wp:attachment":[{"href":"https:\/\/hundtgroup.com\/pl\/wp-json\/wp\/v2\/media?parent=13022"}],"curies":[{"name":"wp","href":"https:\/\/api.w.org\/{rel}","templated":true}]}}