{"id":13101,"date":"2022-03-16T11:55:46","date_gmt":"2022-03-16T10:55:46","guid":{"rendered":"https:\/\/hundtgroup.com\/polityka-anulowania\/"},"modified":"2025-06-26T12:09:15","modified_gmt":"2025-06-26T10:09:15","slug":"polityka-anulowania","status":"publish","type":"page","link":"https:\/\/hundtgroup.com\/pl\/sklep\/polityka-anulowania\/","title":{"rendered":"Polityka anulowania"},"content":{"rendered":"<div id='av_section_1'  class='avia-section av-2sl9s-ce1ce7ae9fb18ca1bfd02c768aeff783 main_color avia-section-default avia-no-border-styling  avia-builder-el-0  avia-builder-el-no-sibling  avia-bg-style-scroll container_wrap fullsize'  ><div class='container av-section-cont-open' ><main  role=\"main\" itemprop=\"mainContentOfPage\"  class='template-page content  av-content-full alpha units'><div class='post-entry post-entry-type-page post-entry-13101'><div class='entry-content-wrapper clearfix'>\n<div  class='flex_column av-2bm5s-12e59aa6892b139d7db93fa9c175de19 av_one_full  avia-builder-el-1  el_before_av_one_half  avia-builder-el-first  first av-break-at-tablet flex_column_div  '     ><div class=\"pxl-headline pxl-hl hl-wrap | hl-sub--off hl--align-left hl--no-margin   \">\n    <div class=\"hl-inner\">\n            <h1 class=\"hl-main hl-line |  hl_main--default  \">Prawo do anulowania<\/h1>\n            <div class=\"overline lightgrey\">\n              \n              <span class=\"overline-slant\"><\/span>\n            <\/div>\n    <\/div>\n<\/div><\/div><div  class='flex_column av-19duk-203c71f2b7316c109b6c9028b2bb783c av_one_half  avia-builder-el-3  el_after_av_one_full  el_before_av_one_half  first av-break-at-tablet flex_column_div  column-top-margin'     ><section  class='av_textblock_section av-kyllgorp-ab49c557e96d149ccd0bdfb148880aa9 '   itemscope=\"itemscope\" itemtype=\"https:\/\/schema.org\/CreativeWork\" ><div class='avia_textblock'  itemprop=\"text\" ><h3>Prawo do anulowania<\/h3>\n<p>U\u017cytkownik ma prawo do odst\u0105pienia od umowy w ci\u0105gu czternastu dni bez podania przyczyny.<\/p>\n<p>Skuteczna umowa z nami zostaje zawarta po otrzymaniu potwierdzenia zam\u00f3wienia.<\/p>\n<p>Okres odst\u0105pienia od umowy wynosi czterna\u015bcie dni od dnia, w kt\u00f3rym u\u017cytkownik lub wskazana przez niego osoba trzecia, kt\u00f3ra nie jest przewo\u017anikiem, wesz\u0142a w posiadanie towar\u00f3w.<\/p>\n<p>Aby skorzysta\u0107 z prawa do odst\u0105pienia od umowy, nale\u017cy poinformowa\u0107 nas, Wilhelm Hundt GmbH, Schwabhausen 25, 42349 Wuppertal, tel.: 0202\/430448-0\/faks: 0202\/430448-20, e-mail: info@hundt.de o swojej decyzji o odst\u0105pieniu od umowy w drodze jednoznacznego o\u015bwiadczenia (np. pismo wys\u0142ane poczt\u0105, faksem lub poczt\u0105 elektroniczn\u0105). Mo\u017cna skorzysta\u0107 z za\u0142\u0105czonego przyk\u0142adowego formularza odst\u0105pienia od umowy, ale nie jest to obowi\u0105zkowe.<\/p>\n<p>Mo\u017cesz wype\u0142ni\u0107 przyk\u0142adowy formularz odst\u0105pienia od umowy lub inne jasne o\u015bwiadczenie i wys\u0142a\u0107 je do nas, korzystaj\u0105c z powy\u017cszych danych. Aby dotrzyma\u0107 terminu odst\u0105pienia od umowy, wystarczy wys\u0142a\u0107 powiadomienie o skorzystaniu z prawa do odst\u0105pienia od umowy przed up\u0142ywem terminu do odst\u0105pienia od umowy. <\/p>\n<h3>Konsekwencje anulowania<\/h3>\n<p>W przypadku odst\u0105pienia od umowy przez u\u017cytkownika, zwr\u00f3cimy mu wszystkie otrzymane od niego p\u0142atno\u015bci, w tym koszty dostawy (z wyj\u0105tkiem dodatkowych koszt\u00f3w wynikaj\u0105cych z wyboru przez u\u017cytkownika rodzaju dostawy innego ni\u017c najta\u0144szy rodzaj standardowej dostawy oferowanej przez nas), bez zb\u0119dnej zw\u0142oki, a w ka\u017cdym razie nie p\u00f3\u017aniej ni\u017c 14 dni od dnia, w kt\u00f3rym zostali\u015bmy poinformowani o decyzji u\u017cytkownika o odst\u0105pieniu od niniejszej umowy. W celu dokonania zwrotu u\u017cyjemy tych samych \u015brodk\u00f3w p\u0142atniczych, kt\u00f3rych u\u017cy\u0142e\u015b w pierwotnej transakcji, chyba \u017ce wyra\u017anie uzgodniono z Tob\u0105 inaczej; w \u017cadnym wypadku nie zostaniesz obci\u0105\u017cony \u017cadnymi op\u0142atami za ten zwrot. <\/p>\n<p>U\u017cytkownik ponosi bezpo\u015brednie koszty zwrotu towar\u00f3w.<\/p>\n<p>Mo\u017cemy odm\u00f3wi\u0107 zwrotu pieni\u0119dzy do czasu otrzymania towar\u00f3w z powrotem lub do czasu dostarczenia przez u\u017cytkownika dowodu, \u017ce zwr\u00f3ci\u0142 towary, w zale\u017cno\u015bci od tego, co nast\u0105pi wcze\u015bniej.<\/p>\n<\/div><\/section><\/div><div  class='flex_column av-rl3w-f06583f4044d095245411ef6c8430cfc av_one_half  avia-builder-el-5  el_after_av_one_half  avia-builder-el-last  av-break-at-tablet flex_column_div  column-top-margin'     ><section  class='av_textblock_section av-kyllqexe-41b8fbccf53431dd941cd32608e1feca '   itemscope=\"itemscope\" itemtype=\"https:\/\/schema.org\/CreativeWork\" ><div class='avia_textblock'  itemprop=\"text\" ><h3>Przyk\u0142adowy formularz anulowania<\/h3>\n<p>Je\u015bli chcesz anulowa\u0107 umow\u0119, wype\u0142nij ten formularz i ode\u015blij go do nas:<br \/>\nWilhelm Hundt GmbH, Schwabhausen 25, 42349 Wuppertal, Fax 0202\/430448-20, info@hundt.de<\/p>\n<ul>\n<li>Ja\/My (*) niniejszym odst\u0119puj\u0119\/odst\u0119pujemy (*) od zawartej przeze mnie\/nas (*) umowy zakupu<\/li>\n<li>nast\u0119puj\u0105cych towar\u00f3w (*)\/\u015bwiadczenia nast\u0119puj\u0105cej us\u0142ugi (*):<br \/>\nZam\u00f3wione w dniu (*)\/otrzymane w dniu (*):<\/li>\n<li>Nazwa konsumenta(-\u00f3w):<\/li>\n<li>Adres konsumenta(-\u00f3w):<\/li>\n<li>Podpis konsumenta(-\u00f3w) (tylko w przypadku powiadomienia w formie papierowej):<br \/>\nData:<\/li>\n<\/ul>\n<p>(*) Niepotrzebne skre\u015bli\u0107<\/p>\n<\/div><\/section><\/div>\n","protected":false},"excerpt":{"rendered":"","protected":false},"author":1,"featured_media":0,"parent":13323,"menu_order":4,"comment_status":"closed","ping_status":"closed","template":"","meta":{"_acf_changed":false,"inline_featured_image":false,"footnotes":""},"class_list":["post-13101","page","type-page","status-publish","hentry"],"acf":[],"yoast_head":"<!-- This site is optimized with the Yoast SEO plugin v27.3 - https:\/\/yoast.com\/product\/yoast-seo-wordpress\/ -->\n<title>Polityka anulowania rezerwacji w Hundt - Twoje prawa w skr\u00f3cie<\/title>\n<meta name=\"description\" content=\"Dowiedz si\u0119 o swoich prawach jako klienta Hundt.\" \/>\n<meta name=\"robots\" content=\"index, follow, max-snippet:-1, max-image-preview:large, max-video-preview:-1\" \/>\n<link rel=\"canonical\" href=\"https:\/\/hundtgroup.com\/pl\/sklep\/polityka-anulowania\/\" \/>\n<meta property=\"og:locale\" content=\"pl_PL\" \/>\n<meta property=\"og:type\" content=\"article\" \/>\n<meta property=\"og:title\" content=\"Polityka anulowania rezerwacji w Hundt - Twoje prawa w skr\u00f3cie\" \/>\n<meta property=\"og:description\" content=\"Dowiedz si\u0119 o swoich prawach jako klienta Hundt.\" \/>\n<meta property=\"og:url\" content=\"https:\/\/hundtgroup.com\/pl\/sklep\/polityka-anulowania\/\" \/>\n<meta property=\"og:site_name\" content=\"Wilhelm Hundt GmbH\" \/>\n<meta property=\"article:modified_time\" content=\"2025-06-26T10:09:15+00:00\" \/>\n<meta name=\"twitter:card\" content=\"summary_large_image\" \/>\n<meta name=\"twitter:label1\" content=\"Szacowany czas czytania\" \/>\n\t<meta name=\"twitter:data1\" content=\"8 minuta\" \/>\n<script type=\"application\/ld+json\" class=\"yoast-schema-graph\">{\"@context\":\"https:\\\/\\\/schema.org\",\"@graph\":[{\"@type\":\"WebPage\",\"@id\":\"https:\\\/\\\/hundtgroup.com\\\/pl\\\/sklep\\\/polityka-anulowania\\\/\",\"url\":\"https:\\\/\\\/hundtgroup.com\\\/pl\\\/sklep\\\/polityka-anulowania\\\/\",\"name\":\"Polityka anulowania rezerwacji w Hundt - Twoje prawa w skr\u00f3cie\",\"isPartOf\":{\"@id\":\"https:\\\/\\\/hundtgroup.com\\\/pl\\\/#website\"},\"datePublished\":\"2022-03-16T10:55:46+00:00\",\"dateModified\":\"2025-06-26T10:09:15+00:00\",\"description\":\"Dowiedz si\u0119 o swoich prawach jako klienta Hundt.\",\"breadcrumb\":{\"@id\":\"https:\\\/\\\/hundtgroup.com\\\/pl\\\/sklep\\\/polityka-anulowania\\\/#breadcrumb\"},\"inLanguage\":\"pl-PL\",\"potentialAction\":[{\"@type\":\"ReadAction\",\"target\":[\"https:\\\/\\\/hundtgroup.com\\\/pl\\\/sklep\\\/polityka-anulowania\\\/\"]}]},{\"@type\":\"BreadcrumbList\",\"@id\":\"https:\\\/\\\/hundtgroup.com\\\/pl\\\/sklep\\\/polityka-anulowania\\\/#breadcrumb\",\"itemListElement\":[{\"@type\":\"ListItem\",\"position\":1,\"name\":\"Startseite\",\"item\":\"https:\\\/\\\/hundtgroup.com\\\/pl\\\/strona-glowna-nowa\\\/\"},{\"@type\":\"ListItem\",\"position\":2,\"name\":\"Sklep\",\"item\":\"https:\\\/\\\/hundtgroup.com\\\/pl\\\/sklep\\\/\"},{\"@type\":\"ListItem\",\"position\":3,\"name\":\"Polityka anulowania\"}]},{\"@type\":\"WebSite\",\"@id\":\"https:\\\/\\\/hundtgroup.com\\\/pl\\\/#website\",\"url\":\"https:\\\/\\\/hundtgroup.com\\\/pl\\\/\",\"name\":\"Wilhelm Hundt GmbH\",\"description\":\"Specjalista od maszyn i narz\u0119dzi do obr\u00f3bki blachy\",\"potentialAction\":[{\"@type\":\"SearchAction\",\"target\":{\"@type\":\"EntryPoint\",\"urlTemplate\":\"https:\\\/\\\/hundtgroup.com\\\/pl\\\/?s={search_term_string}\"},\"query-input\":{\"@type\":\"PropertyValueSpecification\",\"valueRequired\":true,\"valueName\":\"search_term_string\"}}],\"inLanguage\":\"pl-PL\"}]}<\/script>\n<!-- \/ Yoast SEO plugin. -->","yoast_head_json":{"title":"Polityka anulowania rezerwacji w Hundt - Twoje prawa w skr\u00f3cie","description":"Dowiedz si\u0119 o swoich prawach jako klienta Hundt.","robots":{"index":"index","follow":"follow","max-snippet":"max-snippet:-1","max-image-preview":"max-image-preview:large","max-video-preview":"max-video-preview:-1"},"canonical":"https:\/\/hundtgroup.com\/pl\/sklep\/polityka-anulowania\/","og_locale":"pl_PL","og_type":"article","og_title":"Polityka anulowania rezerwacji w Hundt - Twoje prawa w skr\u00f3cie","og_description":"Dowiedz si\u0119 o swoich prawach jako klienta Hundt.","og_url":"https:\/\/hundtgroup.com\/pl\/sklep\/polityka-anulowania\/","og_site_name":"Wilhelm Hundt GmbH","article_modified_time":"2025-06-26T10:09:15+00:00","twitter_card":"summary_large_image","twitter_misc":{"Szacowany czas czytania":"8 minuta"},"schema":{"@context":"https:\/\/schema.org","@graph":[{"@type":"WebPage","@id":"https:\/\/hundtgroup.com\/pl\/sklep\/polityka-anulowania\/","url":"https:\/\/hundtgroup.com\/pl\/sklep\/polityka-anulowania\/","name":"Polityka anulowania rezerwacji w Hundt - Twoje prawa w skr\u00f3cie","isPartOf":{"@id":"https:\/\/hundtgroup.com\/pl\/#website"},"datePublished":"2022-03-16T10:55:46+00:00","dateModified":"2025-06-26T10:09:15+00:00","description":"Dowiedz si\u0119 o swoich prawach jako klienta Hundt.","breadcrumb":{"@id":"https:\/\/hundtgroup.com\/pl\/sklep\/polityka-anulowania\/#breadcrumb"},"inLanguage":"pl-PL","potentialAction":[{"@type":"ReadAction","target":["https:\/\/hundtgroup.com\/pl\/sklep\/polityka-anulowania\/"]}]},{"@type":"BreadcrumbList","@id":"https:\/\/hundtgroup.com\/pl\/sklep\/polityka-anulowania\/#breadcrumb","itemListElement":[{"@type":"ListItem","position":1,"name":"Startseite","item":"https:\/\/hundtgroup.com\/pl\/strona-glowna-nowa\/"},{"@type":"ListItem","position":2,"name":"Sklep","item":"https:\/\/hundtgroup.com\/pl\/sklep\/"},{"@type":"ListItem","position":3,"name":"Polityka anulowania"}]},{"@type":"WebSite","@id":"https:\/\/hundtgroup.com\/pl\/#website","url":"https:\/\/hundtgroup.com\/pl\/","name":"Wilhelm Hundt GmbH","description":"Specjalista od maszyn i narz\u0119dzi do obr\u00f3bki blachy","potentialAction":[{"@type":"SearchAction","target":{"@type":"EntryPoint","urlTemplate":"https:\/\/hundtgroup.com\/pl\/?s={search_term_string}"},"query-input":{"@type":"PropertyValueSpecification","valueRequired":true,"valueName":"search_term_string"}}],"inLanguage":"pl-PL"}]}},"_links":{"self":[{"href":"https:\/\/hundtgroup.com\/pl\/wp-json\/wp\/v2\/pages\/13101","targetHints":{"allow":["GET"]}}],"collection":[{"href":"https:\/\/hundtgroup.com\/pl\/wp-json\/wp\/v2\/pages"}],"about":[{"href":"https:\/\/hundtgroup.com\/pl\/wp-json\/wp\/v2\/types\/page"}],"author":[{"embeddable":true,"href":"https:\/\/hundtgroup.com\/pl\/wp-json\/wp\/v2\/users\/1"}],"replies":[{"embeddable":true,"href":"https:\/\/hundtgroup.com\/pl\/wp-json\/wp\/v2\/comments?post=13101"}],"version-history":[{"count":0,"href":"https:\/\/hundtgroup.com\/pl\/wp-json\/wp\/v2\/pages\/13101\/revisions"}],"up":[{"embeddable":true,"href":"https:\/\/hundtgroup.com\/pl\/wp-json\/wp\/v2\/pages\/13323"}],"wp:attachment":[{"href":"https:\/\/hundtgroup.com\/pl\/wp-json\/wp\/v2\/media?parent=13101"}],"curies":[{"name":"wp","href":"https:\/\/api.w.org\/{rel}","templated":true}]}}