{"id":13109,"date":"2022-03-11T14:29:02","date_gmt":"2022-03-11T13:29:02","guid":{"rendered":"https:\/\/hundtgroup.com\/koszyk-na-zakupy\/"},"modified":"2025-06-26T12:09:15","modified_gmt":"2025-06-26T10:09:15","slug":"koszyk-na-zakupy","status":"publish","type":"page","link":"https:\/\/hundtgroup.com\/pl\/sklep\/koszyk-na-zakupy\/","title":{"rendered":"Koszyk na zakupy"},"content":{"rendered":"<h1>Koszyk na zakupy<\/h1>\n\n","protected":false},"excerpt":{"rendered":"","protected":false},"author":1,"featured_media":0,"parent":13323,"menu_order":3,"comment_status":"closed","ping_status":"closed","template":"","meta":{"_acf_changed":false,"inline_featured_image":false,"footnotes":""},"class_list":["post-13109","page","type-page","status-publish","hentry"],"acf":[],"yoast_head":"<!-- This site is optimized with the Yoast SEO plugin v27.3 - https:\/\/yoast.com\/product\/yoast-seo-wordpress\/ -->\n<title>Tw\u00f3j koszyk w Hundt - Wszystkie produkty w skr\u00f3cie<\/title>\n<meta name=\"description\" content=\"Zarz\u0105dzaj swoimi zakupami i umie\u015b\u0107 wybrany produkt w koszyku Hundt.\" \/>\n<meta name=\"robots\" content=\"index, follow, max-snippet:-1, max-image-preview:large, max-video-preview:-1\" \/>\n<link rel=\"canonical\" href=\"https:\/\/hundtgroup.com\/pl\/sklep\/koszyk-na-zakupy\/\" \/>\n<meta property=\"og:locale\" content=\"pl_PL\" \/>\n<meta property=\"og:type\" content=\"article\" \/>\n<meta property=\"og:title\" content=\"Tw\u00f3j koszyk w Hundt - Wszystkie produkty w skr\u00f3cie\" \/>\n<meta property=\"og:description\" content=\"Zarz\u0105dzaj swoimi zakupami i umie\u015b\u0107 wybrany produkt w koszyku Hundt.\" \/>\n<meta property=\"og:url\" content=\"https:\/\/hundtgroup.com\/pl\/sklep\/koszyk-na-zakupy\/\" \/>\n<meta property=\"og:site_name\" content=\"Wilhelm Hundt GmbH\" \/>\n<meta property=\"article:modified_time\" content=\"2025-06-26T10:09:15+00:00\" \/>\n<meta name=\"twitter:card\" content=\"summary_large_image\" \/>\n<script type=\"application\/ld+json\" class=\"yoast-schema-graph\">{\"@context\":\"https:\\\/\\\/schema.org\",\"@graph\":[{\"@type\":\"WebPage\",\"@id\":\"https:\\\/\\\/hundtgroup.com\\\/pl\\\/sklep\\\/koszyk-na-zakupy\\\/\",\"url\":\"https:\\\/\\\/hundtgroup.com\\\/pl\\\/sklep\\\/koszyk-na-zakupy\\\/\",\"name\":\"Tw\u00f3j koszyk w Hundt - Wszystkie produkty w skr\u00f3cie\",\"isPartOf\":{\"@id\":\"https:\\\/\\\/hundtgroup.com\\\/pl\\\/#website\"},\"datePublished\":\"2022-03-11T13:29:02+00:00\",\"dateModified\":\"2025-06-26T10:09:15+00:00\",\"description\":\"Zarz\u0105dzaj swoimi zakupami i umie\u015b\u0107 wybrany produkt w koszyku Hundt.\",\"breadcrumb\":{\"@id\":\"https:\\\/\\\/hundtgroup.com\\\/pl\\\/sklep\\\/koszyk-na-zakupy\\\/#breadcrumb\"},\"inLanguage\":\"pl-PL\",\"potentialAction\":[{\"@type\":\"ReadAction\",\"target\":[\"https:\\\/\\\/hundtgroup.com\\\/pl\\\/sklep\\\/koszyk-na-zakupy\\\/\"]}]},{\"@type\":\"BreadcrumbList\",\"@id\":\"https:\\\/\\\/hundtgroup.com\\\/pl\\\/sklep\\\/koszyk-na-zakupy\\\/#breadcrumb\",\"itemListElement\":[{\"@type\":\"ListItem\",\"position\":1,\"name\":\"Startseite\",\"item\":\"https:\\\/\\\/hundtgroup.com\\\/pl\\\/strona-glowna-nowa\\\/\"},{\"@type\":\"ListItem\",\"position\":2,\"name\":\"Sklep\",\"item\":\"https:\\\/\\\/hundtgroup.com\\\/pl\\\/sklep\\\/\"},{\"@type\":\"ListItem\",\"position\":3,\"name\":\"Koszyk na zakupy\"}]},{\"@type\":\"WebSite\",\"@id\":\"https:\\\/\\\/hundtgroup.com\\\/pl\\\/#website\",\"url\":\"https:\\\/\\\/hundtgroup.com\\\/pl\\\/\",\"name\":\"Wilhelm Hundt GmbH\",\"description\":\"Specjalista od maszyn i narz\u0119dzi do obr\u00f3bki blachy\",\"potentialAction\":[{\"@type\":\"SearchAction\",\"target\":{\"@type\":\"EntryPoint\",\"urlTemplate\":\"https:\\\/\\\/hundtgroup.com\\\/pl\\\/?s={search_term_string}\"},\"query-input\":{\"@type\":\"PropertyValueSpecification\",\"valueRequired\":true,\"valueName\":\"search_term_string\"}}],\"inLanguage\":\"pl-PL\"}]}<\/script>\n<!-- \/ Yoast SEO plugin. -->","yoast_head_json":{"title":"Tw\u00f3j koszyk w Hundt - Wszystkie produkty w skr\u00f3cie","description":"Zarz\u0105dzaj swoimi zakupami i umie\u015b\u0107 wybrany produkt w koszyku Hundt.","robots":{"index":"index","follow":"follow","max-snippet":"max-snippet:-1","max-image-preview":"max-image-preview:large","max-video-preview":"max-video-preview:-1"},"canonical":"https:\/\/hundtgroup.com\/pl\/sklep\/koszyk-na-zakupy\/","og_locale":"pl_PL","og_type":"article","og_title":"Tw\u00f3j koszyk w Hundt - Wszystkie produkty w skr\u00f3cie","og_description":"Zarz\u0105dzaj swoimi zakupami i umie\u015b\u0107 wybrany produkt w koszyku Hundt.","og_url":"https:\/\/hundtgroup.com\/pl\/sklep\/koszyk-na-zakupy\/","og_site_name":"Wilhelm Hundt GmbH","article_modified_time":"2025-06-26T10:09:15+00:00","twitter_card":"summary_large_image","schema":{"@context":"https:\/\/schema.org","@graph":[{"@type":"WebPage","@id":"https:\/\/hundtgroup.com\/pl\/sklep\/koszyk-na-zakupy\/","url":"https:\/\/hundtgroup.com\/pl\/sklep\/koszyk-na-zakupy\/","name":"Tw\u00f3j koszyk w Hundt - Wszystkie produkty w skr\u00f3cie","isPartOf":{"@id":"https:\/\/hundtgroup.com\/pl\/#website"},"datePublished":"2022-03-11T13:29:02+00:00","dateModified":"2025-06-26T10:09:15+00:00","description":"Zarz\u0105dzaj swoimi zakupami i umie\u015b\u0107 wybrany produkt w koszyku Hundt.","breadcrumb":{"@id":"https:\/\/hundtgroup.com\/pl\/sklep\/koszyk-na-zakupy\/#breadcrumb"},"inLanguage":"pl-PL","potentialAction":[{"@type":"ReadAction","target":["https:\/\/hundtgroup.com\/pl\/sklep\/koszyk-na-zakupy\/"]}]},{"@type":"BreadcrumbList","@id":"https:\/\/hundtgroup.com\/pl\/sklep\/koszyk-na-zakupy\/#breadcrumb","itemListElement":[{"@type":"ListItem","position":1,"name":"Startseite","item":"https:\/\/hundtgroup.com\/pl\/strona-glowna-nowa\/"},{"@type":"ListItem","position":2,"name":"Sklep","item":"https:\/\/hundtgroup.com\/pl\/sklep\/"},{"@type":"ListItem","position":3,"name":"Koszyk na zakupy"}]},{"@type":"WebSite","@id":"https:\/\/hundtgroup.com\/pl\/#website","url":"https:\/\/hundtgroup.com\/pl\/","name":"Wilhelm Hundt GmbH","description":"Specjalista od maszyn i narz\u0119dzi do obr\u00f3bki blachy","potentialAction":[{"@type":"SearchAction","target":{"@type":"EntryPoint","urlTemplate":"https:\/\/hundtgroup.com\/pl\/?s={search_term_string}"},"query-input":{"@type":"PropertyValueSpecification","valueRequired":true,"valueName":"search_term_string"}}],"inLanguage":"pl-PL"}]}},"_links":{"self":[{"href":"https:\/\/hundtgroup.com\/pl\/wp-json\/wp\/v2\/pages\/13109","targetHints":{"allow":["GET"]}}],"collection":[{"href":"https:\/\/hundtgroup.com\/pl\/wp-json\/wp\/v2\/pages"}],"about":[{"href":"https:\/\/hundtgroup.com\/pl\/wp-json\/wp\/v2\/types\/page"}],"author":[{"embeddable":true,"href":"https:\/\/hundtgroup.com\/pl\/wp-json\/wp\/v2\/users\/1"}],"replies":[{"embeddable":true,"href":"https:\/\/hundtgroup.com\/pl\/wp-json\/wp\/v2\/comments?post=13109"}],"version-history":[{"count":0,"href":"https:\/\/hundtgroup.com\/pl\/wp-json\/wp\/v2\/pages\/13109\/revisions"}],"up":[{"embeddable":true,"href":"https:\/\/hundtgroup.com\/pl\/wp-json\/wp\/v2\/pages\/13323"}],"wp:attachment":[{"href":"https:\/\/hundtgroup.com\/pl\/wp-json\/wp\/v2\/media?parent=13109"}],"curies":[{"name":"wp","href":"https:\/\/api.w.org\/{rel}","templated":true}]}}