{"id":2282,"date":"2022-01-12T12:31:26","date_gmt":"2022-01-12T11:31:26","guid":{"rendered":"https:\/\/hundt.pixel-tal.de\/o-nas\/"},"modified":"2025-06-26T12:07:29","modified_gmt":"2025-06-26T10:07:29","slug":"o-nas","status":"publish","type":"page","link":"https:\/\/hundtgroup.com\/pl\/o-nas\/","title":{"rendered":"O nas"},"content":{"rendered":"<div id='av_section_1'  class='avia-section av-gl9o3-425af46ea03858fa49a438b9f349d8f3 main_color avia-section-default avia-no-border-styling  avia-builder-el-0  el_before_av_section  avia-builder-el-first  avia-bg-style-scroll container_wrap fullsize'  ><div class='container av-section-cont-open' ><main  role=\"main\" itemprop=\"mainContentOfPage\"  class='template-page content  av-content-full alpha units'><div class='post-entry post-entry-type-page post-entry-2282'><div class='entry-content-wrapper clearfix'>\n<div  class='flex_column av-kyilu3c2-e2911f97e8c4ff0d1127785feeb546d5 av_one_full  avia-builder-el-1  avia-builder-el-no-sibling  max-width-three-fourth first flex_column_div  '     ><section  class='av_textblock_section av-kyilsobd-6fab9c6f6e6ab38388d31b0eda83217d '   itemscope=\"itemscope\" itemtype=\"https:\/\/schema.org\/CreativeWork\" ><div class='avia_textblock'  itemprop=\"text\" ><p>Ponad 50 lat do\u015bwiadczenia to podstawa naszej pracy. Jako specjalista w dziedzinie maszyn do obr\u00f3bki blachy i ekspert w dziedzinie narz\u0119dzi, wspieramy wiele bran\u017c jako uznany partner z w\u0142asnymi produktami i naszym warsztatem. W ten spos\u00f3b zawsze trzymamy r\u0119k\u0119 na pulsie czasu, aby m\u00f3c zaoferowa\u0107 Pa\u0144stwu tylko najlepsze rozwi\u0105zania. W tym kontek\u015bcie, kompleksowe us\u0142ugi w obszarze posprzeda\u017cowym s\u0105 dla nas r\u00f3wnie\u017c oczywisto\u015bci\u0105, poniewa\u017c: Nie tylko sprzedajemy maszyny i narz\u0119dzia. Sprzedajemy rozwi\u0105zania, dostosowane do Pa\u0144stwa wymaga\u0144.<\/p>\n<\/div><\/section><\/div>\n\n<\/div><\/div><\/main><!-- close content main element --><\/div><\/div><div id='av_section_2'  class='avia-section av-kyilydx5-6025958b2cd3a3893bc42f7b82f13bb4 alternate_color avia-section-default avia-no-border-styling  avia-builder-el-3  el_after_av_section  avia-builder-el-last  avia-bg-style-scroll container_wrap fullsize'  ><div class='container av-section-cont-open' ><div class='template-page content  av-content-full alpha units'><div class='post-entry post-entry-type-page post-entry-2282'><div class='entry-content-wrapper clearfix'>\n<div  class='flex_column av-75uj7-983a81e7e753c7c47ec0386e281c0652 av_one_full  avia-builder-el-4  el_before_av_one_full  avia-builder-el-first  first flex_column_div  '     ><div class=\"pxl-headline pxl-hl hl-wrap | hl-sub--top hl--align-left hl--no-margin   \">\n    <div class=\"hl-inner\">\n            <h2 class=\"hl-main hl-line |  hl_main--default  \">Historia naszego sukcesu<\/h2>\n            <div class=\"overline grey\">\n              <span class=\"hl-sub hl-line |  hl_sub--default  \">Przywi\u0105zani do tradycji<\/span>\n              <span class=\"overline-slant\"><\/span>\n            <\/div>\n    <\/div>\n<\/div><\/div><div  class='flex_column av-9rkrf-2467f6028caf0d3c3a315c025b99539b av_one_full  avia-builder-el-6  el_after_av_one_full  el_before_av_codeblock  first flex_column_div  column-top-margin'     ><div class=\"pixel-quote-wrap\">\n  <div class=\"left-col\" style=\"background-image: url('https:\/\/hundtgroup.com\/wp-content\/uploads\/hundt_content_geschichte.jpg')\">\n  <\/div>\n  <div class=\"right-col\">\n    <div class=\"pixel-quote-content-wrap\">\n      <div class=\"pxl-headline pxl-hl hl-wrap | hl-sub--top hl--align-left hl--no-margin\">\n        <div class=\"hl-inner\">\n          <h2 class=\"hl-main hl-line |  hl_main--default\">&quot;Tradycja z przysz\u0142o\u015bci\u0105&quot;.<\/h2>\n        <\/div>\n      <\/div>\n      <span><br \/>\nEva Larssen, 4. pokolenie<br \/>\n<\/span>\n    <\/div>\n  <\/div>\n<\/div><\/div><div  class='flex_column av-12gyx7-e50acb5f09fa2691ece1df76f4f47159 av_one_third  avia-builder-el-9  el_after_av_codeblock  el_before_av_one_third  first flex_column_div  '     ><div class=\"pixel-history-wrap\">\n\n    \n    <div class=\"pixel-history-content\">\n\n            <div class=\"pxl-headline pxl-hl hl-wrap | hl--align-left hl--no-margin\">\n        <div class=\"hl-inner\">\n          <h3 class=\"hl-main hl-line |  hl_main--default\">1950<\/h3>\n          <span class=\"hl-sub hl-line |  hl_sub--default\">Rok za\u0142o\u017cenia<\/span>\n        <\/div>\n      <\/div>\n      \n            <p><br \/>\nFirma Hundt zosta\u0142a za\u0142o\u017cona w 1950 roku jako przedsi\u0119biorstwo zajmuj\u0105ce si\u0119 handlem narz\u0119dziami.<br \/>\n<\/p>\n      \n        <\/div>\n<\/div><\/div><div  class='flex_column av-38bmj-c742f52df299520d30ce8ef4cfd9dcab av_one_third  avia-builder-el-11  el_after_av_one_third  el_before_av_one_third  flex_column_div  '     ><div class=\"pixel-history-wrap\">\n\n    \n    <div class=\"pixel-history-content\">\n\n            <div class=\"pxl-headline pxl-hl hl-wrap | hl--align-left hl--no-margin\">\n        <div class=\"hl-inner\">\n          <h3 class=\"hl-main hl-line |  hl_main--default\">60s<\/h3>\n          <span class=\"hl-sub hl-line |  hl_sub--default\">Specjalizacja<\/span>\n        <\/div>\n      <\/div>\n      \n            <p><br \/>\nW latach 60-tych firma wyspecjalizowa\u0142a si\u0119 w zapotrzebowaniu na izolatory WKS oraz maszyny do obr\u00f3bki drobnych i cienkich blach.<br \/>\n<\/p>\n      \n        <\/div>\n<\/div><\/div><div  class='flex_column av-tl6kr-771df90745890ca6c880cd8e905da628 av_one_third  avia-builder-el-13  el_after_av_one_third  el_before_av_one_third  flex_column_div  '     ><div class=\"pixel-history-wrap\">\n\n    \n    <div class=\"pixel-history-content\">\n\n            <div class=\"pxl-headline pxl-hl hl-wrap | hl--align-left hl--no-margin\">\n        <div class=\"hl-inner\">\n          <h3 class=\"hl-main hl-line |  hl_main--default\">70s<\/h3>\n          <span class=\"hl-sub hl-line |  hl_sub--default\">Dalszy rozw\u00f3j<\/span>\n        <\/div>\n      <\/div>\n      \n            <p><br \/>\nPierwsza maszyna do beadingu zostaje zaprojektowana i zbudowana. Od tego czasu stale rozwijamy produkcj\u0119 i serwis maszyn do obr\u00f3bki blachy.<br \/>\n<\/p>\n      \n        <\/div>\n<\/div><\/div><div  class='flex_column av-n5t3n-dd8572d0a5e0092eb04a6fe331ec07a9 av_one_third  avia-builder-el-15  el_after_av_one_third  el_before_av_one_third  first flex_column_div  column-top-margin'     ><div class=\"pixel-history-wrap\">\n\n    \n    <div class=\"pixel-history-content\">\n\n            <div class=\"pxl-headline pxl-hl hl-wrap | hl--align-left hl--no-margin\">\n        <div class=\"hl-inner\">\n          <h3 class=\"hl-main hl-line |  hl_main--default\">1997<\/h3>\n          <span class=\"hl-sub hl-line |  hl_sub--default\">Odjazd<\/span>\n        <\/div>\n      <\/div>\n      \n            <p><br \/>\nFirma dzia\u0142a w formie sp\u00f3\u0142ki z ograniczon\u0105 odpowiedzialno\u015bci\u0105. Dyrektorzy zarz\u0105dzaj\u0105cy Wilhelm Hundt i Silke Droste s\u0105 ju\u017c trzecim pokoleniem, kt\u00f3re prowadzi przedsi\u0119biorstwo.<br \/>\n<\/p>\n      \n        <\/div>\n<\/div><\/div><div  class='flex_column av-dq7sj-1017f55bb7e3af77e27dbcca11c3f5b2 av_one_third  avia-builder-el-17  el_after_av_one_third  el_before_av_one_third  flex_column_div  column-top-margin'     ><div class=\"pixel-history-wrap\">\n\n    \n    <div class=\"pixel-history-content\">\n\n            <div class=\"pxl-headline pxl-hl hl-wrap | hl--align-left hl--no-margin\">\n        <div class=\"hl-inner\">\n          <h3 class=\"hl-main hl-line |  hl_main--default\">1999<\/h3>\n          <span class=\"hl-sub hl-line |  hl_sub--default\">Digitalizacja<\/span>\n        <\/div>\n      <\/div>\n      \n            <p><br \/>\nSklep internetowy HUNDT DIREKT &#8211; oddzia\u0142 firmy Wilhelm Hundt GmbH &#8211; oferuje teraz przedsi\u0119biorstwom i rzemie\u015blnikom mo\u017cliwo\u015b\u0107 zamawiania online wysokiej jako\u015bci elektronarz\u0119dzi i narz\u0119dzi r\u0119cznych znanych markowych producent\u00f3w &#8211; i to po atrakcyjnych cenach.<br \/>\n<\/p>\n      \n        <\/div>\n<\/div><\/div><div  class='flex_column av-6lbc3-07b10d36ca74d1601a2a1baa6ba1e7ed av_one_third  avia-builder-el-19  el_after_av_one_third  el_before_av_codeblock  flex_column_div  column-top-margin'     ><div class=\"pixel-history-wrap\">\n\n    \n    <div class=\"pixel-history-content\">\n\n            <div class=\"pxl-headline pxl-hl hl-wrap | hl--align-left hl--no-margin\">\n        <div class=\"hl-inner\">\n          <h3 class=\"hl-main hl-line |  hl_main--default\">2022<\/h3>\n          <span class=\"hl-sub hl-line |  hl_sub--default\">Tradycja<\/span>\n        <\/div>\n      <\/div>\n      \n            <p><br \/>\nWieloletnie do\u015bwiadczenie i kompetencje w zakresie stosowania nowoczesnych narz\u0119dzi i metod pracy.<br \/>\n<\/p>\n      \n        <\/div>\n<\/div><\/div>\n\n","protected":false},"excerpt":{"rendered":"","protected":false},"author":1,"featured_media":0,"parent":0,"menu_order":12,"comment_status":"closed","ping_status":"closed","template":"","meta":{"_acf_changed":false,"inline_featured_image":false,"footnotes":""},"class_list":["post-2282","page","type-page","status-publish","hentry"],"acf":[],"yoast_head":"<!-- This site is optimized with the Yoast SEO plugin v27.3 - https:\/\/yoast.com\/product\/yoast-seo-wordpress\/ -->\n<title>O nas - Wilhelm Hundt GmbH<\/title>\n<meta name=\"robots\" content=\"index, follow, max-snippet:-1, max-image-preview:large, max-video-preview:-1\" \/>\n<link rel=\"canonical\" href=\"https:\/\/hundtgroup.com\/pl\/o-nas\/\" \/>\n<meta property=\"og:locale\" content=\"pl_PL\" \/>\n<meta property=\"og:type\" content=\"article\" \/>\n<meta property=\"og:title\" content=\"O nas - Wilhelm Hundt GmbH\" \/>\n<meta property=\"og:url\" content=\"https:\/\/hundtgroup.com\/pl\/o-nas\/\" \/>\n<meta property=\"og:site_name\" content=\"Wilhelm Hundt GmbH\" \/>\n<meta property=\"article:modified_time\" content=\"2025-06-26T10:07:29+00:00\" \/>\n<meta name=\"twitter:card\" content=\"summary_large_image\" \/>\n<meta name=\"twitter:label1\" content=\"Szacowany czas czytania\" \/>\n\t<meta name=\"twitter:data1\" content=\"17 minuta\" \/>\n<script type=\"application\/ld+json\" class=\"yoast-schema-graph\">{\"@context\":\"https:\\\/\\\/schema.org\",\"@graph\":[{\"@type\":\"WebPage\",\"@id\":\"https:\\\/\\\/hundtgroup.com\\\/pl\\\/o-nas\\\/\",\"url\":\"https:\\\/\\\/hundtgroup.com\\\/pl\\\/o-nas\\\/\",\"name\":\"O nas - Wilhelm Hundt GmbH\",\"isPartOf\":{\"@id\":\"https:\\\/\\\/hundtgroup.com\\\/pl\\\/#website\"},\"datePublished\":\"2022-01-12T11:31:26+00:00\",\"dateModified\":\"2025-06-26T10:07:29+00:00\",\"breadcrumb\":{\"@id\":\"https:\\\/\\\/hundtgroup.com\\\/pl\\\/o-nas\\\/#breadcrumb\"},\"inLanguage\":\"pl-PL\",\"potentialAction\":[{\"@type\":\"ReadAction\",\"target\":[\"https:\\\/\\\/hundtgroup.com\\\/pl\\\/o-nas\\\/\"]}]},{\"@type\":\"BreadcrumbList\",\"@id\":\"https:\\\/\\\/hundtgroup.com\\\/pl\\\/o-nas\\\/#breadcrumb\",\"itemListElement\":[{\"@type\":\"ListItem\",\"position\":1,\"name\":\"Startseite\",\"item\":\"https:\\\/\\\/hundtgroup.com\\\/pl\\\/strona-glowna-nowa\\\/\"},{\"@type\":\"ListItem\",\"position\":2,\"name\":\"O nas\"}]},{\"@type\":\"WebSite\",\"@id\":\"https:\\\/\\\/hundtgroup.com\\\/pl\\\/#website\",\"url\":\"https:\\\/\\\/hundtgroup.com\\\/pl\\\/\",\"name\":\"Wilhelm Hundt GmbH\",\"description\":\"Specjalista od maszyn i narz\u0119dzi do obr\u00f3bki blachy\",\"potentialAction\":[{\"@type\":\"SearchAction\",\"target\":{\"@type\":\"EntryPoint\",\"urlTemplate\":\"https:\\\/\\\/hundtgroup.com\\\/pl\\\/?s={search_term_string}\"},\"query-input\":{\"@type\":\"PropertyValueSpecification\",\"valueRequired\":true,\"valueName\":\"search_term_string\"}}],\"inLanguage\":\"pl-PL\"}]}<\/script>\n<!-- \/ Yoast SEO plugin. -->","yoast_head_json":{"title":"O nas - Wilhelm Hundt GmbH","robots":{"index":"index","follow":"follow","max-snippet":"max-snippet:-1","max-image-preview":"max-image-preview:large","max-video-preview":"max-video-preview:-1"},"canonical":"https:\/\/hundtgroup.com\/pl\/o-nas\/","og_locale":"pl_PL","og_type":"article","og_title":"O nas - Wilhelm Hundt GmbH","og_url":"https:\/\/hundtgroup.com\/pl\/o-nas\/","og_site_name":"Wilhelm Hundt GmbH","article_modified_time":"2025-06-26T10:07:29+00:00","twitter_card":"summary_large_image","twitter_misc":{"Szacowany czas czytania":"17 minuta"},"schema":{"@context":"https:\/\/schema.org","@graph":[{"@type":"WebPage","@id":"https:\/\/hundtgroup.com\/pl\/o-nas\/","url":"https:\/\/hundtgroup.com\/pl\/o-nas\/","name":"O nas - Wilhelm Hundt GmbH","isPartOf":{"@id":"https:\/\/hundtgroup.com\/pl\/#website"},"datePublished":"2022-01-12T11:31:26+00:00","dateModified":"2025-06-26T10:07:29+00:00","breadcrumb":{"@id":"https:\/\/hundtgroup.com\/pl\/o-nas\/#breadcrumb"},"inLanguage":"pl-PL","potentialAction":[{"@type":"ReadAction","target":["https:\/\/hundtgroup.com\/pl\/o-nas\/"]}]},{"@type":"BreadcrumbList","@id":"https:\/\/hundtgroup.com\/pl\/o-nas\/#breadcrumb","itemListElement":[{"@type":"ListItem","position":1,"name":"Startseite","item":"https:\/\/hundtgroup.com\/pl\/strona-glowna-nowa\/"},{"@type":"ListItem","position":2,"name":"O nas"}]},{"@type":"WebSite","@id":"https:\/\/hundtgroup.com\/pl\/#website","url":"https:\/\/hundtgroup.com\/pl\/","name":"Wilhelm Hundt GmbH","description":"Specjalista od maszyn i narz\u0119dzi do obr\u00f3bki blachy","potentialAction":[{"@type":"SearchAction","target":{"@type":"EntryPoint","urlTemplate":"https:\/\/hundtgroup.com\/pl\/?s={search_term_string}"},"query-input":{"@type":"PropertyValueSpecification","valueRequired":true,"valueName":"search_term_string"}}],"inLanguage":"pl-PL"}]}},"_links":{"self":[{"href":"https:\/\/hundtgroup.com\/pl\/wp-json\/wp\/v2\/pages\/2282","targetHints":{"allow":["GET"]}}],"collection":[{"href":"https:\/\/hundtgroup.com\/pl\/wp-json\/wp\/v2\/pages"}],"about":[{"href":"https:\/\/hundtgroup.com\/pl\/wp-json\/wp\/v2\/types\/page"}],"author":[{"embeddable":true,"href":"https:\/\/hundtgroup.com\/pl\/wp-json\/wp\/v2\/users\/1"}],"replies":[{"embeddable":true,"href":"https:\/\/hundtgroup.com\/pl\/wp-json\/wp\/v2\/comments?post=2282"}],"version-history":[{"count":0,"href":"https:\/\/hundtgroup.com\/pl\/wp-json\/wp\/v2\/pages\/2282\/revisions"}],"wp:attachment":[{"href":"https:\/\/hundtgroup.com\/pl\/wp-json\/wp\/v2\/media?parent=2282"}],"curies":[{"name":"wp","href":"https:\/\/api.w.org\/{rel}","templated":true}]}}