{"id":2292,"date":"2022-01-17T13:17:50","date_gmt":"2022-01-17T12:17:50","guid":{"rendered":"https:\/\/hundt.pixel-tal.de\/centrum-medialne\/"},"modified":"2025-08-11T15:17:14","modified_gmt":"2025-08-11T13:17:14","slug":"centrum-medialne","status":"publish","type":"page","link":"https:\/\/hundtgroup.com\/pl\/centrum-medialne\/","title":{"rendered":"Centrum multimedialne"},"content":{"rendered":"<div id='downloads'  class='avia-section av-elhli-d5b91c8e81f3a5a9d7a72e33562866b5 main_color avia-section-default avia-no-border-styling  avia-builder-el-0  el_before_av_section  avia-builder-el-first  section-no-padding-bottom invalid-custom-class-found avia-bg-style-scroll container_wrap fullsize'  ><div class='container av-section-cont-open' ><main  role=\"main\" itemprop=\"mainContentOfPage\"  class='template-page content  av-content-full alpha units'><div class='post-entry post-entry-type-page post-entry-2292'><div class='entry-content-wrapper clearfix'>\n<div  class='flex_column av-bqmny-0d30e460a1e2996d58a19fa8713672e4 av_one_full  avia-builder-el-1  avia-builder-el-no-sibling  first flex_column_div  '     ><div class=\"pxl-headline pxl-hl hl-wrap | hl-sub--top hl--align-left hl--big-margin   \">\n    <div class=\"hl-inner\">\n            <h2 class=\"hl-main hl-line |  hl_main--default  \">Nasze katalogi do pobrania<\/h2>\n            <div class=\"overline lightgrey\">\n              <span class=\"hl-sub hl-line |  hl_sub--default  \">Informacje za jednym klikni\u0119ciem<\/span>\n              <span class=\"overline-slant\"><\/span>\n            <\/div>\n    <\/div>\n<\/div><\/div>\n\n<\/div><\/div><\/main><!-- close content main element --><\/div><\/div><div id='av_section_2'  class='avia-section av-b1c66-08b68ab7d24130f588e8ace2908b034b main_color avia-section-default avia-no-border-styling  avia-builder-el-3  el_after_av_section  avia-builder-el-last  avia-bg-style-scroll container_wrap fullsize'  ><div class='container av-section-cont-open' ><div class='template-page content  av-content-full alpha units'><div class='post-entry post-entry-type-page post-entry-2292'><div class='entry-content-wrapper clearfix'>\n<div  class='flex_column av-7dmnq-b046a94ed36834d410b59e9c02d76b3d av_one_full  avia-builder-el-4  avia-builder-el-no-sibling  first flex_column_div  '     ><div class=\"download-entry-wrapper \">\n  \n  <div class=\"download-entry \">\n  \t<a class='overlay-link' href=\"https:\/\/hundtgroup.com\/wp-content\/uploads\/hundt_katalog_isoliermaschinen_2025_webansicht.pdf\"><\/a>\n    <img decoding=\"async\" src=\"https:\/\/hundtgroup.com\/wp-content\/uploads\/hundt_mediacenter_maschinenkatalog_2025.jpg\">\n    <div class=\"download-entry-content\">\n      <div class=\"download-entry-content-text\">\n        <p>Pobierz nasz katalog maszyn<\/p>\n      <\/div>\n      <div class=\"avia-button-wrap green avia-button-left avia-builder-el-last\">\n        <a href=\"https:\/\/hundtgroup.com\/wp-content\/uploads\/hundt_katalog_isoliermaschinen_2025_webansicht.pdf\" class=\"avia-button avia-icon_select-no avia-size-medium avia-position-left avia-color-theme-color\">\n          <span class=\"avia_iconbox_title\">Pobierz<\/span>\n        <\/a>\n      <\/div>\n    <\/div>\n  <\/div>\n\n  \n  <div class=\"download-entry \">\n  \t<a class='overlay-link' href=\"https:\/\/hundtgroup.com\/wp-content\/uploads\/hundt_katalog_werkzeuge_2025_webansicht.pdf\"><\/a>\n    <img decoding=\"async\" src=\"https:\/\/hundtgroup.com\/wp-content\/uploads\/hundt_mediacenter_werkzeugkatalog_2025.jpg\">\n    <div class=\"download-entry-content\">\n      <div class=\"download-entry-content-text\">\n        <p>Pobierz nasz katalog narz\u0119dzi<\/p>\n      <\/div>\n      <div class=\"avia-button-wrap green avia-button-left avia-builder-el-last\">\n        <a href=\"https:\/\/hundtgroup.com\/wp-content\/uploads\/hundt_katalog_werkzeuge_2025_webansicht.pdf\" class=\"avia-button avia-icon_select-no avia-size-medium avia-position-left avia-color-theme-color\">\n          <span class=\"avia_iconbox_title\">Pobierz<\/span>\n        <\/a>\n      <\/div>\n    <\/div>\n  <\/div>\n\n  <\/div><\/div>\n","protected":false},"excerpt":{"rendered":"","protected":false},"author":1,"featured_media":0,"parent":0,"menu_order":5,"comment_status":"closed","ping_status":"closed","template":"","meta":{"_acf_changed":false,"inline_featured_image":false,"footnotes":""},"class_list":["post-2292","page","type-page","status-publish","hentry"],"acf":[],"yoast_head":"<!-- This site is optimized with the Yoast SEO plugin v27.3 - https:\/\/yoast.com\/product\/yoast-seo-wordpress\/ -->\n<title>Wszystkie katalogi produkt\u00f3w w skr\u00f3cie - Hundt Media-Center<\/title>\n<meta name=\"description\" content=\"Przejrzyj nasze katalogi i odkryj szerok\u0105 gam\u0119 produkt\u00f3w Hundt. Przegl\u0105daj nasze katalogi online ju\u017c teraz!\" \/>\n<meta name=\"robots\" content=\"index, follow, max-snippet:-1, max-image-preview:large, max-video-preview:-1\" \/>\n<link rel=\"canonical\" href=\"https:\/\/hundtgroup.com\/pl\/centrum-medialne\/\" \/>\n<meta property=\"og:locale\" content=\"pl_PL\" \/>\n<meta property=\"og:type\" content=\"article\" \/>\n<meta property=\"og:title\" content=\"Wszystkie katalogi produkt\u00f3w w skr\u00f3cie - Hundt Media-Center\" \/>\n<meta property=\"og:description\" content=\"Przejrzyj nasze katalogi i odkryj szerok\u0105 gam\u0119 produkt\u00f3w Hundt. Przegl\u0105daj nasze katalogi online ju\u017c teraz!\" \/>\n<meta property=\"og:url\" content=\"https:\/\/hundtgroup.com\/pl\/centrum-medialne\/\" \/>\n<meta property=\"og:site_name\" content=\"Wilhelm Hundt GmbH\" \/>\n<meta property=\"article:modified_time\" content=\"2025-08-11T13:17:14+00:00\" \/>\n<meta name=\"twitter:card\" content=\"summary_large_image\" \/>\n<meta name=\"twitter:label1\" content=\"Szacowany czas czytania\" \/>\n\t<meta name=\"twitter:data1\" content=\"1 minuta\" \/>\n<script type=\"application\/ld+json\" class=\"yoast-schema-graph\">{\"@context\":\"https:\\\/\\\/schema.org\",\"@graph\":[{\"@type\":\"WebPage\",\"@id\":\"https:\\\/\\\/hundtgroup.com\\\/pl\\\/centrum-medialne\\\/\",\"url\":\"https:\\\/\\\/hundtgroup.com\\\/pl\\\/centrum-medialne\\\/\",\"name\":\"Wszystkie katalogi produkt\u00f3w w skr\u00f3cie - Hundt Media-Center\",\"isPartOf\":{\"@id\":\"https:\\\/\\\/hundtgroup.com\\\/pl\\\/#website\"},\"datePublished\":\"2022-01-17T12:17:50+00:00\",\"dateModified\":\"2025-08-11T13:17:14+00:00\",\"description\":\"Przejrzyj nasze katalogi i odkryj szerok\u0105 gam\u0119 produkt\u00f3w Hundt. Przegl\u0105daj nasze katalogi online ju\u017c teraz!\",\"breadcrumb\":{\"@id\":\"https:\\\/\\\/hundtgroup.com\\\/pl\\\/centrum-medialne\\\/#breadcrumb\"},\"inLanguage\":\"pl-PL\",\"potentialAction\":[{\"@type\":\"ReadAction\",\"target\":[\"https:\\\/\\\/hundtgroup.com\\\/pl\\\/centrum-medialne\\\/\"]}]},{\"@type\":\"BreadcrumbList\",\"@id\":\"https:\\\/\\\/hundtgroup.com\\\/pl\\\/centrum-medialne\\\/#breadcrumb\",\"itemListElement\":[{\"@type\":\"ListItem\",\"position\":1,\"name\":\"Startseite\",\"item\":\"https:\\\/\\\/hundtgroup.com\\\/pl\\\/strona-glowna-nowa\\\/\"},{\"@type\":\"ListItem\",\"position\":2,\"name\":\"Centrum multimedialne\"}]},{\"@type\":\"WebSite\",\"@id\":\"https:\\\/\\\/hundtgroup.com\\\/pl\\\/#website\",\"url\":\"https:\\\/\\\/hundtgroup.com\\\/pl\\\/\",\"name\":\"Wilhelm Hundt GmbH\",\"description\":\"Specjalista od maszyn i narz\u0119dzi do obr\u00f3bki blachy\",\"potentialAction\":[{\"@type\":\"SearchAction\",\"target\":{\"@type\":\"EntryPoint\",\"urlTemplate\":\"https:\\\/\\\/hundtgroup.com\\\/pl\\\/?s={search_term_string}\"},\"query-input\":{\"@type\":\"PropertyValueSpecification\",\"valueRequired\":true,\"valueName\":\"search_term_string\"}}],\"inLanguage\":\"pl-PL\"}]}<\/script>\n<!-- \/ Yoast SEO plugin. -->","yoast_head_json":{"title":"Wszystkie katalogi produkt\u00f3w w skr\u00f3cie - Hundt Media-Center","description":"Przejrzyj nasze katalogi i odkryj szerok\u0105 gam\u0119 produkt\u00f3w Hundt. Przegl\u0105daj nasze katalogi online ju\u017c teraz!","robots":{"index":"index","follow":"follow","max-snippet":"max-snippet:-1","max-image-preview":"max-image-preview:large","max-video-preview":"max-video-preview:-1"},"canonical":"https:\/\/hundtgroup.com\/pl\/centrum-medialne\/","og_locale":"pl_PL","og_type":"article","og_title":"Wszystkie katalogi produkt\u00f3w w skr\u00f3cie - Hundt Media-Center","og_description":"Przejrzyj nasze katalogi i odkryj szerok\u0105 gam\u0119 produkt\u00f3w Hundt. Przegl\u0105daj nasze katalogi online ju\u017c teraz!","og_url":"https:\/\/hundtgroup.com\/pl\/centrum-medialne\/","og_site_name":"Wilhelm Hundt GmbH","article_modified_time":"2025-08-11T13:17:14+00:00","twitter_card":"summary_large_image","twitter_misc":{"Szacowany czas czytania":"1 minuta"},"schema":{"@context":"https:\/\/schema.org","@graph":[{"@type":"WebPage","@id":"https:\/\/hundtgroup.com\/pl\/centrum-medialne\/","url":"https:\/\/hundtgroup.com\/pl\/centrum-medialne\/","name":"Wszystkie katalogi produkt\u00f3w w skr\u00f3cie - Hundt Media-Center","isPartOf":{"@id":"https:\/\/hundtgroup.com\/pl\/#website"},"datePublished":"2022-01-17T12:17:50+00:00","dateModified":"2025-08-11T13:17:14+00:00","description":"Przejrzyj nasze katalogi i odkryj szerok\u0105 gam\u0119 produkt\u00f3w Hundt. Przegl\u0105daj nasze katalogi online ju\u017c teraz!","breadcrumb":{"@id":"https:\/\/hundtgroup.com\/pl\/centrum-medialne\/#breadcrumb"},"inLanguage":"pl-PL","potentialAction":[{"@type":"ReadAction","target":["https:\/\/hundtgroup.com\/pl\/centrum-medialne\/"]}]},{"@type":"BreadcrumbList","@id":"https:\/\/hundtgroup.com\/pl\/centrum-medialne\/#breadcrumb","itemListElement":[{"@type":"ListItem","position":1,"name":"Startseite","item":"https:\/\/hundtgroup.com\/pl\/strona-glowna-nowa\/"},{"@type":"ListItem","position":2,"name":"Centrum multimedialne"}]},{"@type":"WebSite","@id":"https:\/\/hundtgroup.com\/pl\/#website","url":"https:\/\/hundtgroup.com\/pl\/","name":"Wilhelm Hundt GmbH","description":"Specjalista od maszyn i narz\u0119dzi do obr\u00f3bki blachy","potentialAction":[{"@type":"SearchAction","target":{"@type":"EntryPoint","urlTemplate":"https:\/\/hundtgroup.com\/pl\/?s={search_term_string}"},"query-input":{"@type":"PropertyValueSpecification","valueRequired":true,"valueName":"search_term_string"}}],"inLanguage":"pl-PL"}]}},"_links":{"self":[{"href":"https:\/\/hundtgroup.com\/pl\/wp-json\/wp\/v2\/pages\/2292","targetHints":{"allow":["GET"]}}],"collection":[{"href":"https:\/\/hundtgroup.com\/pl\/wp-json\/wp\/v2\/pages"}],"about":[{"href":"https:\/\/hundtgroup.com\/pl\/wp-json\/wp\/v2\/types\/page"}],"author":[{"embeddable":true,"href":"https:\/\/hundtgroup.com\/pl\/wp-json\/wp\/v2\/users\/1"}],"replies":[{"embeddable":true,"href":"https:\/\/hundtgroup.com\/pl\/wp-json\/wp\/v2\/comments?post=2292"}],"version-history":[{"count":7,"href":"https:\/\/hundtgroup.com\/pl\/wp-json\/wp\/v2\/pages\/2292\/revisions"}],"predecessor-version":[{"id":39284,"href":"https:\/\/hundtgroup.com\/pl\/wp-json\/wp\/v2\/pages\/2292\/revisions\/39284"}],"wp:attachment":[{"href":"https:\/\/hundtgroup.com\/pl\/wp-json\/wp\/v2\/media?parent=2292"}],"curies":[{"name":"wp","href":"https:\/\/api.w.org\/{rel}","templated":true}]}}