{"id":2298,"date":"2022-01-12T13:24:49","date_gmt":"2022-01-12T12:24:49","guid":{"rendered":"https:\/\/hundt.pixel-tal.de\/nadruk\/"},"modified":"2026-03-09T11:44:13","modified_gmt":"2026-03-09T10:44:13","slug":"nadruk","status":"publish","type":"page","link":"https:\/\/hundtgroup.com\/pl\/nadruk\/","title":{"rendered":"Nadruk"},"content":{"rendered":"<div id='av_section_1'  class='avia-section av-2pdom-4d54d6115f624e781df8c822ab0805b5 main_color avia-section-default avia-no-border-styling  avia-builder-el-0  avia-builder-el-no-sibling  avia-bg-style-scroll container_wrap fullsize'  ><div class='container av-section-cont-open' ><main  role=\"main\" itemprop=\"mainContentOfPage\"  class='template-page content  av-content-full alpha units'><div class='post-entry post-entry-type-page post-entry-2298'><div class='entry-content-wrapper clearfix'>\n<div  class='flex_column av-1yzzq-79b7dbdb201c3fba310c1bec065b8309 av_one_full  avia-builder-el-1  el_before_av_one_third  avia-builder-el-first  first av-break-at-tablet flex_column_div  '     ><div class=\"pxl-headline pxl-hl hl-wrap | hl-sub--off hl--align-left hl--no-margin   \">\n    <div class=\"hl-inner\">\n            <h1 class=\"hl-main hl-line |  hl_main--default  \">Nadruk<\/h1>\n            <div class=\"overline lightgrey\">\n              \n              <span class=\"overline-slant\"><\/span>\n            <\/div>\n    <\/div>\n<\/div><\/div><div  class='flex_column av-1q3gu-de69cde9496513c1f988bc8698058253 av_one_third  avia-builder-el-3  el_after_av_one_full  el_before_av_two_third  first av-break-at-tablet flex_column_div  column-top-margin'     ><section  class='av_textblock_section av-kyllbexa-97fec898083ace43742066cbd8a872fc '   itemscope=\"itemscope\" itemtype=\"https:\/\/schema.org\/CreativeWork\" ><div class='avia_textblock'  itemprop=\"text\" ><p>Wilhelm Hundt GmbH<br \/>\nSchwabhausen 25<br \/>\n42349 Wuppertal<\/p>\n<p>Rejestr handlowy: HRB 9042<br \/>\nS\u0105d rejestrowy: S\u0105d lokalny w Wuppertalu<\/p>\n<p><strong>Reprezentowani przez dyrektor\u00f3w zarz\u0105dzaj\u0105cych:<\/strong><br \/>\nWilhelm Hundt, Silke Droste, Markus Larssen<\/p>\n<p><strong>Kontakt<\/strong><br \/>\nTelefon: +49 202 <a href=\"tel:0202%20430448-0\"> 430448-0<\/a><br \/>\nFaks: +49 202 430448-20<br \/>\nE-mail: <a href=\"mailto:info@hundt.de\">info@hundt.de<\/a><\/p>\n<p><strong>Podatek<\/strong> od warto\u015bci dodanej<br \/>\nNumer identyfikacyjny podatku od warto\u015bci dodanej:<br \/>\nDE184046058<\/p>\n<p><strong>Odpowiedzialny za tre\u015b\u0107<\/strong><br \/>\nWilhelm Hundt GmbH<br \/>\nSchwabhausen 25<br \/>\n42349 Wuppertal<\/p>\n<p><strong>Koncepcja, projektowanie i programowanie<\/strong><br \/>\nPixelProduction<br \/>\nAgencja \u015bwiadcz\u0105ca kompleksowe us\u0142ugi dla M\u015aP<br \/>\n<a href=\"http:\/\/www.pixelproduction.de\" target=\"_blank\" rel=\"noopener\">www.pixelproduction.de<\/a><\/p>\n<\/div><\/section><\/div><div  class='flex_column av-2kpy-bc1d0561cbc1a871538ada7456750cce av_two_third  avia-builder-el-5  el_after_av_one_third  el_before_av_one_full  av-break-at-tablet flex_column_div  column-top-margin'     ><section  class='av_textblock_section av-kyllct0k-fb23679b936d5608d5b577dc0fcec8b4 '   itemscope=\"itemscope\" itemtype=\"https:\/\/schema.org\/CreativeWork\" ><div class='avia_textblock'  itemprop=\"text\" ><p><strong>Odpowiedzialno\u015b\u0107 za linki<\/strong><br \/>\nNasza strona internetowa zawiera linki do zewn\u0119trznych stron internetowych os\u00f3b trzecich, na kt\u00f3rych tre\u015b\u0107 nie mamy wp\u0142ywu. Dlatego nie mo\u017cemy przej\u0105\u0107 \u017cadnej odpowiedzialno\u015bci za te tre\u015bci zewn\u0119trzne. Za tre\u015b\u0107 stron, do kt\u00f3rych odsy\u0142aj\u0105 linki, odpowiada zawsze dany oferent lub operator strony. Strony, do kt\u00f3rych odsy\u0142aj\u0105 linki, zosta\u0142y sprawdzone pod k\u0105tem ewentualnych narusze\u0144 prawa w momencie umieszczania link\u00f3w. Nielegalne tre\u015bci nie by\u0142y rozpoznawalne w momencie linkowania.<\/p>\n<p>Sta\u0142a kontrola zawarto\u015bci stron, do kt\u00f3rych prowadz\u0105 linki, nie jest jednak uzasadniona bez konkretnych przes\u0142anek wskazuj\u0105cych na naruszenie prawa. Je\u015bli dowiemy si\u0119 o naruszeniu prawa, natychmiast usuniemy takie linki. <\/p>\n<p><strong>Prawa autorskie<\/strong><br \/>\nTre\u015bci i dzie\u0142a stworzone przez operator\u00f3w witryny na tych stronach podlegaj\u0105 niemieckiemu prawu autorskiemu. Powielanie, opracowywanie, rozpowszechnianie i wszelkiego rodzaju wykorzystywanie wykraczaj\u0105ce poza granice prawa autorskiego wymaga pisemnej zgody danego autora lub tw\u00f3rcy. Pobieranie i kopiowanie tej strony jest dozwolone tylko do prywatnego, niekomercyjnego u\u017cytku.<\/p>\n<p>O ile tre\u015bci na tej stronie nie zosta\u0142y stworzone przez operatora, przestrzegane s\u0105 prawa autorskie os\u00f3b trzecich. W szczeg\u00f3lno\u015bci tre\u015bci os\u00f3b trzecich s\u0105 oznaczone jako takie. Je\u015bli mimo to dowiedz\u0105 si\u0119 Pa\u0144stwo o naruszeniu praw autorskich, prosimy o stosown\u0105 informacj\u0119. Je\u015bli dowiemy si\u0119 o jakichkolwiek naruszeniach, natychmiast usuniemy takie tre\u015bci.<\/p>\n<\/div><\/section><\/div><div  class='flex_column av-4td4om-c75621792286bc0907b0ba131e3eed67 av_one_full  avia-builder-el-7  el_after_av_two_third  el_before_av_one_full  first av-break-at-tablet flex_column_div  column-top-margin'     ><div class=\"pxl-headline pxl-hl hl-wrap | hl-sub--off hl--align-left hl--no-margin   \">\n    <div class=\"hl-inner\">\n            <h2 class=\"hl-main hl-line |  hl_main--default  \">Punkty za zdj\u0119cia<\/h2>\n            <div class=\"overline lightgrey\">\n              \n              <span class=\"overline-slant\"><\/span>\n            <\/div>\n    <\/div>\n<\/div><\/div><div  class='flex_column av-4sq422-3348fa49c2c5bdc61932a482b5b932e4 av_one_full  avia-builder-el-9  el_after_av_one_full  avia-builder-el-last  first flex_column_div  column-top-margin'     ><div class='avia-data-table-wrap av-4s7d4u-f0de9b79a1de0e23c0375469e71b4663 avia_responsive_table avia-table-1'><table  class='avia-table avia-data-table avia_pricing_minimal  avia-builder-el-10  avia-builder-el-no-sibling '  itemscope=\"itemscope\" itemtype=\"https:\/\/schema.org\/Table\" ><tbody><tr class='avia-heading-row'><th class=''>Strona prezentacji<\/th><th class=''>Plac\u00f3wka<\/th><th class=''>Motyw<\/th><th class=''>\u0179r\u00f3d\u0142o<br \/>\n<\/th><th class=''>Numer obrazu<br \/>\n<\/th><\/tr><tr class=''><td class=''>Strona g\u0142\u00f3wna<br \/>\n<\/td><td class=''>Szef<br \/>\n<\/td><td class=''>P\u0142yta perforowana<\/td><td class=''>Adobe Stock<br \/>\n<\/td><td class=''>452926646<br \/>\n<\/td><\/tr><tr class=''><td class=''>Strona g\u0142\u00f3wna<br \/>\n<\/td><td class=''>Maszyny + Serwis<br \/>\n<\/td><td class=''>Blacha stalowa<br \/>\n<\/td><td class=''>Adobe Stock<br \/>\n<\/td><td class=''>33337544<br \/>\n<\/td><\/tr><tr class=''><td class=''>Przegl\u0105d maszyn<br \/>\n<\/td><td class=''>Szef<br \/>\n<\/td><td class=''>P\u0142yta perforowana<br \/>\n<\/td><td class=''>Adobe Stock<br \/>\n<\/td><td class=''>127055083<br \/>\n<\/td><\/tr><tr class=''><td class=''>Przegl\u0105d maszyn<br \/>\n<\/td><td class=''>Maszyny izoluj\u0105ce<br \/>\n<\/td><td class=''>Blacha stalowa<br \/>\n<\/td><td class=''>Adobe Stock<br \/>\n<\/td><td class=''>33337544<br \/>\n<\/td><\/tr><tr class=''><td class=''>Maszyny do beadingu\/flangowania<br \/>\n<\/td><td class=''>Szef<br \/>\n<\/td><td class=''>P\u0142yta perforowana<br \/>\n<\/td><td class=''>Adobe Stock<br \/>\n<\/td><td class=''>127055083<br \/>\n<\/td><\/tr><tr class=''><td class=''>Maszyny do beadingu\/flangowania<br \/>\n<\/td><td class=''>Maszyny do beadingu\/flangowania<br \/>\n<\/td><td class=''>Blacha stalowa<br \/>\n<\/td><td class=''>Adobe Stock<br \/>\n<\/td><td class=''>33337544<br \/>\n<\/td><\/tr><tr class=''><td class=''>Maszyny do gi\u0119cia na okr\u0105g\u0142o<br \/>\n<\/td><td class=''>Szef<br \/>\n<\/td><td class=''>P\u0142yta perforowana<br \/>\n<\/td><td class=''>Adobe Stock<br \/>\n<\/td><td class=''>127055083<br \/>\n<\/td><\/tr><tr class=''><td class=''>Maszyny do gi\u0119cia na okr\u0105g\u0142o<br \/>\n<\/td><td class=''>Maszyny do gi\u0119cia na okr\u0105g\u0142o<br \/>\n<\/td><td class=''>Blacha stalowa<br \/>\n<\/td><td class=''>Adobe Stock<br \/>\n<\/td><td class=''>33337544<br \/>\n<\/td><\/tr><tr class=''><td class=''>No\u017cyczki<br \/>\n<\/td><td class=''>Szef<br \/>\n<\/td><td class=''>P\u0142yta perforowana<br \/>\n<\/td><td class=''>Adobe Stock<br \/>\n<\/td><td class=''>127055083<br \/>\n<\/td><\/tr><tr class=''><td class=''>No\u017cyczki<br \/>\n<\/td><td class=''>No\u017cyczki<br \/>\n<\/td><td class=''>Blacha stalowa<br \/>\n<\/td><td class=''>Adobe Stock<br \/>\n<\/td><td class=''>33337544<br \/>\n<\/td><\/tr><tr class=''><td class=''>Gi\u0119tarki obrotowe<br \/>\n<\/td><td class=''>Szef<br \/>\n<\/td><td class=''>P\u0142yta perforowana<br \/>\n<\/td><td class=''>Adobe Stock<br \/>\n<\/td><td class=''>127055083<br \/>\n<\/td><\/tr><tr class=''><td class=''>Gi\u0119tarki obrotowe<br \/>\n<\/td><td class=''>Gi\u0119tarki obrotowe<br \/>\n<\/td><td class=''>Blacha stalowa<br \/>\n<\/td><td class=''>Adobe Stock<br \/>\n<\/td><td class=''>33337544<br \/>\n<\/td><\/tr><tr class=''><td class=''>Maszyny do wykrawania i nacinania<br \/>\n<\/td><td class=''>Szef<br \/>\n<\/td><td class=''>P\u0142yta perforowana<br \/>\n<\/td><td class=''>Adobe Stock<br \/>\n<\/td><td class=''>127055083<br \/>\n<\/td><\/tr><tr class=''><td class=''>Maszyny do wykrawania i nacinania<br \/>\n<\/td><td class=''>Maszyny do wykrawania i nacinania<br \/>\n<\/td><td class=''>Blacha stalowa<br \/>\n<\/td><td class=''>Adobe Stock<br \/>\n<\/td><td class=''>33337544<br \/>\n<\/td><\/tr><tr class=''><td class=''>Urz\u0105dzenia odwijaj\u0105ce<br \/>\n<\/td><td class=''>Szef<br \/>\n<\/td><td class=''>P\u0142yta perforowana<br \/>\n<\/td><td class=''>Adobe Stock<br \/>\n<\/td><td class=''>127055083<br \/>\n<\/td><\/tr><tr class=''><td class=''>Urz\u0105dzenia odwijaj\u0105ce<br \/>\n<\/td><td class=''>Urz\u0105dzenia odwijaj\u0105ce<br \/>\n<\/td><td class=''>Blacha stalowa<br \/>\n<\/td><td class=''>Adobe Stock<br \/>\n<\/td><td class=''>33337544<br \/>\n<\/td><\/tr><tr class=''><td class=''>Sprz\u0119t spawalniczy<br \/>\n<\/td><td class=''>Szef<br \/>\n<\/td><td class=''>P\u0142yta perforowana<br \/>\n<\/td><td class=''>Adobe Stock<br \/>\n<\/td><td class=''>127055083<br \/>\n<\/td><\/tr><tr class=''><td class=''>Sprz\u0119t spawalniczy<br \/>\n<\/td><td class=''>Sprz\u0119t spawalniczy<br \/>\n<\/td><td class=''>Blacha stalowa<br \/>\n<\/td><td class=''>Adobe Stock<br \/>\n<\/td><td class=''>33337544<br \/>\n<\/td><\/tr><tr class=''><td class=''>U\u017cywane maszyny<br \/>\n<\/td><td class=''>Szef<br \/>\n<\/td><td class=''>P\u0142yta perforowana<br \/>\n<\/td><td class=''>Adobe Stock<br \/>\n<\/td><td class=''>127055083<br \/>\n<\/td><\/tr><tr class=''><td class=''>U\u017cywane maszyny<br \/>\n<\/td><td class=''>U\u017cywane maszyny<br \/>\n<\/td><td class=''>Blacha stalowa<br \/>\n<\/td><td class=''>Adobe Stock<br \/>\n<\/td><td class=''>33337544<br \/>\n<\/td><\/tr><tr class=''><td class=''>Maszyny do wynaj\u0119cia<br \/>\n<\/td><td class=''>Szef<br \/>\n<\/td><td class=''>P\u0142yta perforowana<br \/>\n<\/td><td class=''>Adobe Stock<br \/>\n<\/td><td class=''>127055083<br \/>\n<\/td><\/tr><tr class=''><td class=''>Maszyny do wynaj\u0119cia<br \/>\n<\/td><td class=''>Maszyny do wynaj\u0119cia<br \/>\n<\/td><td class=''>Blacha stalowa<br \/>\n<\/td><td class=''>Adobe Stock<br \/>\n<\/td><td class=''>33337544<br \/>\n<\/td><\/tr><tr class=''><td class=''>Narz\u0119dzia<br \/>\n<\/td><td class=''>Szef<br \/>\n<\/td><td class=''>arkusz zakrzywiony<br \/>\n<\/td><td class=''>Adobe Stock<br \/>\n<\/td><td class=''>470925436<br \/>\n<\/td><\/tr><tr class=''><td class=''>Przegl\u0105d wymaga\u0144 izolacyjnych<br \/>\n<\/td><td class=''>Szef<br \/>\n<\/td><td class=''>Blachy stalowe<br \/>\n<\/td><td class=''>Adobe Stock<br \/>\n<\/td><td class=''>198019364<br \/>\n<\/td><\/tr><tr class=''><td class=''>Przegl\u0105d wymaga\u0144 dotycz\u0105cych izolacji<br \/>\n<\/td><td class=''>Nity zrywalne<br \/>\n<\/td><td class=''>Nity<br \/>\n<\/td><td class=''>Adobe Stock<br \/>\n<\/td><td class=''>257825519<br \/>\n<\/td><\/tr><tr class=''><td class=''>Przegl\u0105d wymaga\u0144 dotycz\u0105cych izolacji<br \/>\n<\/td><td class=''>Paski napinaj\u0105ce<br \/>\n<\/td><td class=''>Paski napinaj\u0105ce<br \/>\n<\/td><td class=''>Adobe Stock<br \/>\n<\/td><td class=''>135354999<br \/>\n<\/td><\/tr><tr class=''><td class=''>Wkr\u0119ty samogwintuj\u0105ce<br \/>\n<\/td><td class=''>Szef<br \/>\n<\/td><td class=''>Blachy stalowe<br \/>\n<\/td><td class=''>Adobe Stock<br \/>\n<\/td><td class=''>198019364<br \/>\n<\/td><\/tr><tr class=''><td class=''>Nity zrywalne<br \/>\n<\/td><td class=''>Szef<br \/>\n<\/td><td class=''>Blachy stalowe<br \/>\n<\/td><td class=''>Adobe Stock<br \/>\n<\/td><td class=''>198019364<br \/>\n<\/td><\/tr><tr class=''><td class=''>Nity zrywalne<br \/>\n<\/td><td class=''>Nity zrywalne<br \/>\n<\/td><td class=''>Nity<br \/>\n<\/td><td class=''>Adobe Stock<br \/>\n<\/td><td class=''>257825519<br \/>\n<\/td><\/tr><tr class=''><td class=''>Haczyki, tuleje, zapi\u0119cia<br \/>\n<\/td><td class=''>Szef<br \/>\n<\/td><td class=''>Blachy stalowe<br \/>\n<\/td><td class=''>Adobe Stock<br \/>\n<\/td><td class=''>198019364<br \/>\n<\/td><\/tr><tr class=''><td class=''>\u0141\u0105czniki ko\u0142pakowe<br \/>\n<\/td><td class=''>Szef<br \/>\n<\/td><td class=''>Blachy stalowe<br \/>\n<\/td><td class=''>Adobe Stock<br \/>\n<\/td><td class=''>198019364<br \/>\n<\/td><\/tr><tr class=''><td class=''>Paski napinaj\u0105ce<br \/>\n<\/td><td class=''>Szef<br \/>\n<\/td><td class=''>Blachy stalowe<br \/>\n<\/td><td class=''>Adobe Stock<br \/>\n<\/td><td class=''>198019364<br \/>\n<\/td><\/tr><tr class=''><td class=''>Paski napinaj\u0105ce<br \/>\n<\/td><td class=''>Paski napinaj\u0105ce<br \/>\n<\/td><td class=''>Paski napinaj\u0105ce<br \/>\n<\/td><td class=''>Adobe Stock<br \/>\n<\/td><td class=''>135354999<br \/>\n<\/td><\/tr><tr class=''><td class=''>Materia\u0142y warsztatowe<br \/>\n<\/td><td class=''>Szef<br \/>\n<\/td><td class=''>Ta\u015bma metalowa<br \/>\n<\/td><td class=''>Adobe Stock<br \/>\n<\/td><td class=''>256516437<br \/>\n<\/td><\/tr><tr class=''><td class=''>Produkty TRUMPF<br \/>\n<\/td><td class=''>Szef<br \/>\n<\/td><td class=''>Kraw\u0119dzie blachy<br \/>\n<\/td><td class=''>Adobe Stock<br \/>\n<\/td><td class=''>167289987<br \/>\n<\/td><\/tr><tr class=''><td class=''>Us\u0142uga<br \/>\n<\/td><td class=''>Szef<br \/>\n<\/td><td class=''>Portrecista<br \/>\n<\/td><td class=''>Adobe Stock<br \/>\n<\/td><td class=''>269092425<br \/>\n<\/td><\/tr><tr class=''><td class=''>Us\u0142uga<br \/>\n<\/td><td class=''>Us\u0142ugi &#8211; konserwacja\/naprawa<br \/>\n<\/td><td class=''>R\u0119ka<br \/>\n<\/td><td class=''>Adobe Stock<br \/>\n<\/td><td class=''>29474853<br \/>\n<\/td><\/tr><tr class=''><td class=''>Us\u0142uga<br \/>\n<\/td><td class=''>Us\u0142ugi &#8211; Cz\u0119\u015bci zamienne<br \/>\n<\/td><td class=''>Magazyn rega\u0142owy<br \/>\n<\/td><td class=''>Adobe Stock<br \/>\n<\/td><td class=''>176145628<br \/>\n<\/td><\/tr><tr class=''><td class=''>Us\u0142uga<br \/>\n<\/td><td class=''>Us\u0142ugi &#8211; Akcesoria<br \/>\n<\/td><td class=''>Cz\u0119\u015bci metalowe<br \/>\n<\/td><td class=''>Adobe Stock<br \/>\n<\/td><td class=''>112309031<br \/>\n<\/td><\/tr><tr class=''><td class=''>Zesp\u00f3\u0142<br \/>\n<\/td><td class=''>Szef<br \/>\n<\/td><td class=''>P\u0142yta perforowana<br \/>\n<\/td><td class=''>Adobe Stock<br \/>\n<\/td><td class=''>366770915<br \/>\n<\/td><\/tr><tr class=''><td class=''>Zesp\u00f3\u0142<br \/>\n<\/td><td class=''>Szef<br \/>\n<\/td><td class=''>Dw\u00f3ch m\u0119\u017cczyzn<br \/>\n<\/td><td class=''>Adobe Stock<br \/>\n<\/td><td class=''>331579794<br \/>\n<\/td><\/tr><tr class=''><td class=''>Najnowsze wiadomo\u015bci<br \/>\n<\/td><td class=''>Szef<br \/>\n<\/td><td class=''>P\u0142yta perforowana<br \/>\n<\/td><td class=''>Adobe Stock<br \/>\n<\/td><td class=''>366770915<br \/>\n<\/td><\/tr><tr class=''><td class=''>Najnowsze wiadomo\u015bci<br \/>\n<\/td><td class=''>Szef<br \/>\n<\/td><td class=''>Hashtag<br \/>\n<\/td><td class=''>Adobe Stock<br \/>\n<\/td><td class=''>251127556<br \/>\n<\/td><\/tr><tr class=''><td class=''>Kariera<br \/>\n<\/td><td class=''>Szef<br \/>\n<\/td><td class=''>Dw\u00f3ch m\u0119\u017cczyzn<br \/>\n<\/td><td class=''>Adobe Stock<br \/>\n<\/td><td class=''>331579794<br \/>\n<\/td><\/tr><tr class=''><td class=''>Kariera<br \/>\n<\/td><td class=''>Korzy\u015bci<br \/>\n<\/td><td class=''>Blacha stalowa<br \/>\n<\/td><td class=''>Adobe Stock<br \/>\n<\/td><td class=''>33337544<br \/>\n<\/td><\/tr><tr class=''><td class=''>Mediacenter<br \/>\n<\/td><td class=''>Szef<br \/>\n<\/td><td class=''>arkusze zakrzywione<br \/>\n<\/td><td class=''>Adobe Stock<br \/>\n<\/td><td class=''>293173747<br \/>\n<\/td><\/tr><tr class=''><td class=''>Mediacenter<br \/>\n<\/td><td class=''>Szef<br \/>\n<\/td><td class=''>Ksi\u0105\u017cka<br \/>\n<\/td><td class=''>Adobe Stock<br \/>\n<\/td><td class=''>317613837<br \/>\n<\/td><\/tr><\/tbody><\/table><\/div><style type='text\/css'>.avia-table-1 td:nth-of-type(1):before { content: 'Strona prezentacji'; } .avia-table-1 td:nth-of-type(2):before { content: 'Plac\u00f3wka'; } .avia-table-1 td:nth-of-type(3):before { content: 'Motyw'; } .avia-table-1 td:nth-of-type(4):before { content: '\u0179r\u00f3d\u0142o\n'; } .avia-table-1 td:nth-of-type(5):before { content: 'Numer obrazu\n'; } <\/style><\/div>\n","protected":false},"excerpt":{"rendered":"","protected":false},"author":1,"featured_media":0,"parent":0,"menu_order":13,"comment_status":"closed","ping_status":"closed","template":"","meta":{"_acf_changed":false,"inline_featured_image":false,"footnotes":""},"class_list":["post-2298","page","type-page","status-publish","hentry"],"acf":[],"yoast_head":"<!-- This site is optimized with the Yoast SEO plugin v27.3 - https:\/\/yoast.com\/product\/yoast-seo-wordpress\/ -->\n<title>Imprint | Wilhelm Hundt GmbH<\/title>\n<meta name=\"description\" content=\"Wilhelm Hundt GmbH: Nadruk\" \/>\n<meta name=\"robots\" content=\"index, follow, max-snippet:-1, max-image-preview:large, max-video-preview:-1\" \/>\n<link rel=\"canonical\" href=\"https:\/\/hundtgroup.com\/pl\/nadruk\/\" \/>\n<meta property=\"og:locale\" content=\"pl_PL\" \/>\n<meta property=\"og:type\" content=\"article\" \/>\n<meta property=\"og:title\" content=\"Imprint | Wilhelm Hundt GmbH\" \/>\n<meta property=\"og:description\" content=\"Wilhelm Hundt GmbH: Nadruk\" \/>\n<meta property=\"og:url\" content=\"https:\/\/hundtgroup.com\/pl\/nadruk\/\" \/>\n<meta property=\"og:site_name\" content=\"Wilhelm Hundt GmbH\" \/>\n<meta property=\"article:modified_time\" content=\"2026-03-09T10:44:13+00:00\" \/>\n<meta name=\"twitter:card\" content=\"summary_large_image\" \/>\n<meta name=\"twitter:label1\" content=\"Szacowany czas czytania\" \/>\n\t<meta name=\"twitter:data1\" content=\"5 minuta\" \/>\n<script type=\"application\/ld+json\" class=\"yoast-schema-graph\">{\"@context\":\"https:\\\/\\\/schema.org\",\"@graph\":[{\"@type\":\"WebPage\",\"@id\":\"https:\\\/\\\/hundtgroup.com\\\/pl\\\/nadruk\\\/\",\"url\":\"https:\\\/\\\/hundtgroup.com\\\/pl\\\/nadruk\\\/\",\"name\":\"Imprint | Wilhelm Hundt GmbH\",\"isPartOf\":{\"@id\":\"https:\\\/\\\/hundtgroup.com\\\/pl\\\/#website\"},\"datePublished\":\"2022-01-12T12:24:49+00:00\",\"dateModified\":\"2026-03-09T10:44:13+00:00\",\"description\":\"Wilhelm Hundt GmbH: Nadruk\",\"breadcrumb\":{\"@id\":\"https:\\\/\\\/hundtgroup.com\\\/pl\\\/nadruk\\\/#breadcrumb\"},\"inLanguage\":\"pl-PL\",\"potentialAction\":[{\"@type\":\"ReadAction\",\"target\":[\"https:\\\/\\\/hundtgroup.com\\\/pl\\\/nadruk\\\/\"]}]},{\"@type\":\"BreadcrumbList\",\"@id\":\"https:\\\/\\\/hundtgroup.com\\\/pl\\\/nadruk\\\/#breadcrumb\",\"itemListElement\":[{\"@type\":\"ListItem\",\"position\":1,\"name\":\"Startseite\",\"item\":\"https:\\\/\\\/hundtgroup.com\\\/pl\\\/strona-glowna-nowa\\\/\"},{\"@type\":\"ListItem\",\"position\":2,\"name\":\"Nadruk\"}]},{\"@type\":\"WebSite\",\"@id\":\"https:\\\/\\\/hundtgroup.com\\\/pl\\\/#website\",\"url\":\"https:\\\/\\\/hundtgroup.com\\\/pl\\\/\",\"name\":\"Wilhelm Hundt GmbH\",\"description\":\"Specjalista od maszyn i narz\u0119dzi do obr\u00f3bki blachy\",\"potentialAction\":[{\"@type\":\"SearchAction\",\"target\":{\"@type\":\"EntryPoint\",\"urlTemplate\":\"https:\\\/\\\/hundtgroup.com\\\/pl\\\/?s={search_term_string}\"},\"query-input\":{\"@type\":\"PropertyValueSpecification\",\"valueRequired\":true,\"valueName\":\"search_term_string\"}}],\"inLanguage\":\"pl-PL\"}]}<\/script>\n<!-- \/ Yoast SEO plugin. -->","yoast_head_json":{"title":"Imprint | Wilhelm Hundt GmbH","description":"Wilhelm Hundt GmbH: Nadruk","robots":{"index":"index","follow":"follow","max-snippet":"max-snippet:-1","max-image-preview":"max-image-preview:large","max-video-preview":"max-video-preview:-1"},"canonical":"https:\/\/hundtgroup.com\/pl\/nadruk\/","og_locale":"pl_PL","og_type":"article","og_title":"Imprint | Wilhelm Hundt GmbH","og_description":"Wilhelm Hundt GmbH: Nadruk","og_url":"https:\/\/hundtgroup.com\/pl\/nadruk\/","og_site_name":"Wilhelm Hundt GmbH","article_modified_time":"2026-03-09T10:44:13+00:00","twitter_card":"summary_large_image","twitter_misc":{"Szacowany czas czytania":"5 minuta"},"schema":{"@context":"https:\/\/schema.org","@graph":[{"@type":"WebPage","@id":"https:\/\/hundtgroup.com\/pl\/nadruk\/","url":"https:\/\/hundtgroup.com\/pl\/nadruk\/","name":"Imprint | Wilhelm Hundt GmbH","isPartOf":{"@id":"https:\/\/hundtgroup.com\/pl\/#website"},"datePublished":"2022-01-12T12:24:49+00:00","dateModified":"2026-03-09T10:44:13+00:00","description":"Wilhelm Hundt GmbH: Nadruk","breadcrumb":{"@id":"https:\/\/hundtgroup.com\/pl\/nadruk\/#breadcrumb"},"inLanguage":"pl-PL","potentialAction":[{"@type":"ReadAction","target":["https:\/\/hundtgroup.com\/pl\/nadruk\/"]}]},{"@type":"BreadcrumbList","@id":"https:\/\/hundtgroup.com\/pl\/nadruk\/#breadcrumb","itemListElement":[{"@type":"ListItem","position":1,"name":"Startseite","item":"https:\/\/hundtgroup.com\/pl\/strona-glowna-nowa\/"},{"@type":"ListItem","position":2,"name":"Nadruk"}]},{"@type":"WebSite","@id":"https:\/\/hundtgroup.com\/pl\/#website","url":"https:\/\/hundtgroup.com\/pl\/","name":"Wilhelm Hundt GmbH","description":"Specjalista od maszyn i narz\u0119dzi do obr\u00f3bki blachy","potentialAction":[{"@type":"SearchAction","target":{"@type":"EntryPoint","urlTemplate":"https:\/\/hundtgroup.com\/pl\/?s={search_term_string}"},"query-input":{"@type":"PropertyValueSpecification","valueRequired":true,"valueName":"search_term_string"}}],"inLanguage":"pl-PL"}]}},"_links":{"self":[{"href":"https:\/\/hundtgroup.com\/pl\/wp-json\/wp\/v2\/pages\/2298","targetHints":{"allow":["GET"]}}],"collection":[{"href":"https:\/\/hundtgroup.com\/pl\/wp-json\/wp\/v2\/pages"}],"about":[{"href":"https:\/\/hundtgroup.com\/pl\/wp-json\/wp\/v2\/types\/page"}],"author":[{"embeddable":true,"href":"https:\/\/hundtgroup.com\/pl\/wp-json\/wp\/v2\/users\/1"}],"replies":[{"embeddable":true,"href":"https:\/\/hundtgroup.com\/pl\/wp-json\/wp\/v2\/comments?post=2298"}],"version-history":[{"count":4,"href":"https:\/\/hundtgroup.com\/pl\/wp-json\/wp\/v2\/pages\/2298\/revisions"}],"predecessor-version":[{"id":41750,"href":"https:\/\/hundtgroup.com\/pl\/wp-json\/wp\/v2\/pages\/2298\/revisions\/41750"}],"wp:attachment":[{"href":"https:\/\/hundtgroup.com\/pl\/wp-json\/wp\/v2\/media?parent=2298"}],"curies":[{"name":"wp","href":"https:\/\/api.w.org\/{rel}","templated":true}]}}