{"id":2424,"date":"2022-01-24T15:07:32","date_gmt":"2022-01-24T14:07:32","guid":{"rendered":"https:\/\/hundt.pixel-tal.de\/produkty-trumpf\/serwis-trumpf\/"},"modified":"2025-06-26T12:09:12","modified_gmt":"2025-06-26T10:09:12","slug":"serwis-trumpf","status":"publish","type":"page","link":"https:\/\/hundtgroup.com\/pl\/produkty-trumpf\/serwis-trumpf\/","title":{"rendered":"Serwis TRUMPF"},"content":{"rendered":"<div id='av_section_1'  class='avia-section av-zht40-858917d9e3535e2b457dc5fe7752f67a main_color avia-section-default avia-no-border-styling  avia-builder-el-0  el_before_av_section  avia-builder-el-first  section-no-padding-bottom avia-bg-style-scroll container_wrap fullsize'  ><div class='container av-section-cont-open' ><main  role=\"main\" itemprop=\"mainContentOfPage\"  class='template-page content  av-content-full alpha units'><div class='post-entry post-entry-type-page post-entry-2424'><div class='entry-content-wrapper clearfix'>\n<div  class='flex_column av-t0zxs-2eb46bb4b243c21d9b5c6931ceff99c9 av_three_fourth  avia-builder-el-1  el_before_av_one_fourth  avia-builder-el-first  first av-break-at-tablet flex_column_div  '     ><p><div class=\"pxl-headline pxl-hl hl-wrap | hl-sub--top hl--align-left hl--big-margin   \">\n    <div class=\"hl-inner\">\n            <h2 class=\"hl-main hl-line |  hl_main--default  \">Elektronarz\u0119dzia TRUMPF z serwisem Hundt<\/h2>\n            <div class=\"overline lightgrey\">\n              <span class=\"hl-sub hl-line |  hl_sub--default  \">Elektronarz\u0119dzia Trump<\/span>\n              <span class=\"overline-slant\"><\/span>\n            <\/div>\n    <\/div>\n<\/div>\n<br \/>\n<section  class='av_textblock_section av-kylih11i-006c0321f021390e390e314204b5de69 '   itemscope=\"itemscope\" itemtype=\"https:\/\/schema.org\/CreativeWork\" ><div class='avia_textblock'  itemprop=\"text\" ><p>Jeste\u015bmy partnerami firmy TRUMPF z przekonania &#8211; co oznacza r\u00f3wnie\u017c, \u017ce gwarantujemy naszym klientom absolutn\u0105 satysfakcj\u0119. Dlatego w\u0142a\u015bnie doskona\u0142a obs\u0142uga jest zawsze cz\u0119\u015bci\u0105 naszych us\u0142ug. Dzi\u0119ki temu mo\u017cesz cieszy\u0107 si\u0119 swoim produktem jeszcze d\u0142u\u017cej.<\/p>\n<\/div><\/section><\/p><\/div><div  class='flex_column av-jfho0-27e81cae02eba217106ec50af1559ed2 av_one_fourth  avia-builder-el-4  el_after_av_three_fourth  avia-builder-el-last  av-break-at-tablet flex_column_div  '     ><style type=\"text\/css\" data-created_by=\"avia_inline_auto\" id=\"style-css-av-d59dk-2e3b8bf3d8faebf633327f819248d35c\">\n.avia-image-container.av-d59dk-2e3b8bf3d8faebf633327f819248d35c img.avia_image{\nbox-shadow:none;\n}\n.avia-image-container.av-d59dk-2e3b8bf3d8faebf633327f819248d35c .av-image-caption-overlay-center{\ncolor:#ffffff;\n}\n<\/style>\n<div  class='avia-image-container av-d59dk-2e3b8bf3d8faebf633327f819248d35c av-styling- avia-align-center  avia-builder-el-5  avia-builder-el-no-sibling '   itemprop=\"image\" itemscope=\"itemscope\" itemtype=\"https:\/\/schema.org\/ImageObject\" ><div class=\"avia-image-container-inner\"><div class=\"avia-image-overlay-wrap\"><img decoding=\"async\" fetchpriority=\"high\" class='wp-image-1915 avia-img-lazy-loading-not-1915 avia_image ' src=\"https:\/\/hundtgroup.com\/wp-content\/uploads\/logo_trumpf-truetool-partner.jpg\" alt='' title='logo_trumpf-truetool-partner'  height=\"75\" width=\"244\"  itemprop=\"thumbnailUrl\"  \/><\/div><\/div><\/div><\/div>\n\n<\/div><\/div><\/main><!-- close content main element --><\/div><\/div><div id='av_section_2'  class='avia-section av-t8foo-306766421900c7c1e47cf17bb85dfe5d main_color avia-section-default avia-no-border-styling  avia-builder-el-6  el_after_av_section  el_before_av_postcontent  responsive-two-col even avia-bg-style-scroll container_wrap fullsize'  ><div class='container av-section-cont-open' ><div class='template-page content  av-content-full alpha units'><div class='post-entry post-entry-type-page post-entry-2424'><div class='entry-content-wrapper clearfix'>\n<div  class='flex_column av-ah71k-e43f12e32de5ee01f1bb2775386d6238 av_one_third  avia-builder-el-7  el_before_av_one_third  avia-builder-el-first  first flex_column_div  '     ><p>\n<style type=\"text\/css\" data-created_by=\"avia_inline_auto\" id=\"style-css-av-kysrj14h-eeba67f1ade2e32787df6d03aa68ac6f\">\n.avia-image-container.av-kysrj14h-eeba67f1ade2e32787df6d03aa68ac6f img.avia_image{\nbox-shadow:none;\n}\n.avia-image-container.av-kysrj14h-eeba67f1ade2e32787df6d03aa68ac6f .av-image-caption-overlay-center{\ncolor:#ffffff;\n}\n<\/style>\n<div  class='avia-image-container av-kysrj14h-eeba67f1ade2e32787df6d03aa68ac6f av-styling- avia-align-center  avia-builder-el-8  el_before_pixel_sc_headline  avia-builder-el-first '   itemprop=\"image\" itemscope=\"itemscope\" itemtype=\"https:\/\/schema.org\/ImageObject\" ><div class=\"avia-image-container-inner\"><div class=\"avia-image-overlay-wrap\"><img decoding=\"async\" fetchpriority=\"high\" class='wp-image-1924 avia-img-lazy-loading-not-1924 avia_image ' src=\"https:\/\/hundtgroup.com\/wp-content\/uploads\/hundt_content_trumpf_beratung.jpg\" alt='' title='hundt_content_trumpf_beratung'  height=\"424\" width=\"680\"  itemprop=\"thumbnailUrl\" srcset=\"https:\/\/hundtgroup.com\/wp-content\/uploads\/hundt_content_trumpf_beratung.jpg 680w, https:\/\/hundtgroup.com\/wp-content\/uploads\/hundt_content_trumpf_beratung-620x387.jpg 620w, https:\/\/hundtgroup.com\/wp-content\/uploads\/hundt_content_trumpf_beratung-300x187.jpg 300w\" sizes=\"(max-width: 680px) 100vw, 680px\" \/><\/div><\/div><\/div><br \/>\n<div class=\"pxl-headline pxl-hl hl-wrap | hl-sub--off hl--align-left hl--std-margin   \">\n    <div class=\"hl-inner\">\n            <h3 class=\"hl-main hl-line |  hl_main--default  \">Konsultacje \/ Testy \/ Demonstracja produktu<\/h3>\n            <div class=\"overline lightgrey\">\n              \n              <span class=\"overline-slant\"><\/span>\n            <\/div>\n    <\/div>\n<\/div>\n<br \/>\n<section  class='av_textblock_section av-kysrjovu-923675a0b4a0583374873836a2bba9ca '   itemscope=\"itemscope\" itemtype=\"https:\/\/schema.org\/CreativeWork\" ><div class='avia_textblock'  itemprop=\"text\" ><p>Narz\u0119dzia specjalne nie s\u0105 zrozumia\u0142e. Dlatego te\u017c oferujemy Pa\u0144stwu kompleksowe doradztwo i ch\u0119tnie zademonstrujemy wszystkie funkcje. W ten spos\u00f3b mo\u017cna pozna\u0107 pe\u0142ny potencja\u0142 narz\u0119dzi firmy TRUMPF. W tym celu nasi pracownicy regularnie bior\u0105 udzia\u0142 w szkoleniach producent\u00f3w.<\/p>\n<\/div><\/section><\/p><\/div><div  class='flex_column av-fukom-dbbc32aeeb3b4a42a7ab64f2306639b3 av_one_third  avia-builder-el-11  el_after_av_one_third  el_before_av_one_third  flex_column_div  '     ><p>\n<style type=\"text\/css\" data-created_by=\"avia_inline_auto\" id=\"style-css-av-kysrk2if-6f8a91beb416f7ff5acc21434ea82047\">\n.avia-image-container.av-kysrk2if-6f8a91beb416f7ff5acc21434ea82047 img.avia_image{\nbox-shadow:none;\n}\n.avia-image-container.av-kysrk2if-6f8a91beb416f7ff5acc21434ea82047 .av-image-caption-overlay-center{\ncolor:#ffffff;\n}\n<\/style>\n<div  class='avia-image-container av-kysrk2if-6f8a91beb416f7ff5acc21434ea82047 av-styling- avia-align-center  avia-builder-el-12  el_before_pixel_sc_headline  avia-builder-el-first '   itemprop=\"image\" itemscope=\"itemscope\" itemtype=\"https:\/\/schema.org\/ImageObject\" ><div class=\"avia-image-container-inner\"><div class=\"avia-image-overlay-wrap\"><img decoding=\"async\" fetchpriority=\"high\" class='wp-image-1922 avia-img-lazy-loading-not-1922 avia_image ' src=\"https:\/\/hundtgroup.com\/wp-content\/uploads\/hundt_content_trumpf_zubehoer.jpg\" alt='' title='hundt_content_trumpf_zubehoer'  height=\"424\" width=\"680\"  itemprop=\"thumbnailUrl\" srcset=\"https:\/\/hundtgroup.com\/wp-content\/uploads\/hundt_content_trumpf_zubehoer.jpg 680w, https:\/\/hundtgroup.com\/wp-content\/uploads\/hundt_content_trumpf_zubehoer-620x387.jpg 620w, https:\/\/hundtgroup.com\/wp-content\/uploads\/hundt_content_trumpf_zubehoer-300x187.jpg 300w\" sizes=\"(max-width: 680px) 100vw, 680px\" \/><\/div><\/div><\/div><br \/>\n<div class=\"pxl-headline pxl-hl hl-wrap | hl-sub--off hl--align-left hl--std-margin   \">\n    <div class=\"hl-inner\">\n            <h3 class=\"hl-main hl-line |  hl_main--default  \">Akcesoria i cz\u0119\u015bci zamienne<\/h3>\n            <div class=\"overline lightgrey\">\n              \n              <span class=\"overline-slant\"><\/span>\n            <\/div>\n    <\/div>\n<\/div>\n<br \/>\n<section  class='av_textblock_section av-kysrkblv-caf2e44a4d10df0318bc1f169f4c33e5 '   itemscope=\"itemscope\" itemtype=\"https:\/\/schema.org\/CreativeWork\" ><div class='avia_textblock'  itemprop=\"text\" ><p>Nawet przy najlepszym narz\u0119dziu w pewnym momencie konieczna jest wymiana cz\u0119\u015bci zu\u017cywaj\u0105cych si\u0119. Jako partner firmy TRUMPF oferujemy Pa\u0144stwu odpowiednie cz\u0119\u015bci zamienne i bogate wyposa\u017cenie dodatkowe do Pa\u0144stwa produkt\u00f3w.<\/p>\n<\/div><\/section><\/p><\/div><div  class='flex_column av-8pi1y-fc33147c443bb1afd0043a1b1f206d0f av_one_third  avia-builder-el-15  el_after_av_one_third  avia-builder-el-last  flex_column_div  '     ><p>\n<style type=\"text\/css\" data-created_by=\"avia_inline_auto\" id=\"style-css-av-kysrkft1-19c7f5def0efa171734d3b31af65ddd2\">\n.avia-image-container.av-kysrkft1-19c7f5def0efa171734d3b31af65ddd2 img.avia_image{\nbox-shadow:none;\n}\n.avia-image-container.av-kysrkft1-19c7f5def0efa171734d3b31af65ddd2 .av-image-caption-overlay-center{\ncolor:#ffffff;\n}\n<\/style>\n<div  class='avia-image-container av-kysrkft1-19c7f5def0efa171734d3b31af65ddd2 av-styling- avia-align-center  avia-builder-el-16  el_before_pixel_sc_headline  avia-builder-el-first '   itemprop=\"image\" itemscope=\"itemscope\" itemtype=\"https:\/\/schema.org\/ImageObject\" ><div class=\"avia-image-container-inner\"><div class=\"avia-image-overlay-wrap\"><img decoding=\"async\" fetchpriority=\"high\" class='wp-image-1923 avia-img-lazy-loading-not-1923 avia_image ' src=\"https:\/\/hundtgroup.com\/wp-content\/uploads\/hundt_content_trumpf_reparatur.jpg\" alt='' title='hundt_content_trumpf_reparatur'  height=\"424\" width=\"680\"  itemprop=\"thumbnailUrl\" srcset=\"https:\/\/hundtgroup.com\/wp-content\/uploads\/hundt_content_trumpf_reparatur.jpg 680w, https:\/\/hundtgroup.com\/wp-content\/uploads\/hundt_content_trumpf_reparatur-620x387.jpg 620w, https:\/\/hundtgroup.com\/wp-content\/uploads\/hundt_content_trumpf_reparatur-300x187.jpg 300w\" sizes=\"(max-width: 680px) 100vw, 680px\" \/><\/div><\/div><\/div><br \/>\n<div class=\"pxl-headline pxl-hl hl-wrap | hl-sub--off hl--align-left hl--std-margin   \">\n    <div class=\"hl-inner\">\n            <h3 class=\"hl-main hl-line |  hl_main--default  \">Naprawa<\/h3>\n            <div class=\"overline lightgrey\">\n              \n              <span class=\"overline-slant\"><\/span>\n            <\/div>\n    <\/div>\n<\/div>\n<br \/>\n<section  class='av_textblock_section av-kysrkmzk-36a2a54b5bb5917b5eec5dc4f9b3b209 '   itemscope=\"itemscope\" itemtype=\"https:\/\/schema.org\/CreativeWork\" ><div class='avia_textblock'  itemprop=\"text\" ><p>Elastyczno\u015b\u0107, niezawodno\u015b\u0107 i dok\u0142adno\u015b\u0107 &#8211; nasz serwis naprawczy robi wszystko, aby jak najszybciej mo\u017cna by\u0142o ponownie korzysta\u0107 z narz\u0119dzia firmy TRUMPF.<\/p>\n<\/div><\/section><\/p><\/div>\n\n[av_section min_height='' min_height_pc='25' min_height_px='500px' padding='default' custom_margin='0px' custom_margin_sync='true' svg_div_top='' svg_div_top_color='#333333' svg_div_top_width='100' svg_div_top_height='50' svg_div_top_max_height='none' svg_div_top_opacity='' svg_div_bottom='' svg_div_bottom_color='#333333' svg_div_bottom_width='100' svg_div_bottom_height='50' svg_div_bottom_max_height='none' svg_div_bottom_opacity='' color='alternate_color' background='bg_color' custom_bg='' background_gradient_direction='vertical' background_gradient_color1='#000000' background_gradient_color2='#ffffff' background_gradient_color3='' src='' attachment='' attachment_size='' attach='scroll' position='top left' repeat='no-repeat' video='' video_ratio='16:9' overlay_opacity='0.5' overlay_color='' overlay_pattern='' overlay_custom_pattern='' shadow='no-border-styling' bottom_border='no-border-styling' bottom_border_diagonal_color='#333333' bottom_border_diagonal_direction='' bottom_border_style='' custom_arrow_bg='' id='' custom_class='' template_class='' aria_label='' av_element_hidden_in_editor='0' av_uid='av-1ypnr' sc_version='1.0']\n\n[av_one_full first min_height='' vertical_alignment='av-align-top' space='' row_boxshadow='' row_boxshadow_color='' row_boxshadow_width='10' custom_margin='' margin='0px' mobile_breaking='' mobile_column_order='' min_col_height='' padding='' svg_div_top='' svg_div_top_color='#333333' svg_div_top_width='100' svg_div_top_height='50' svg_div_top_max_height='none' svg_div_top_flip='' svg_div_top_invert='' svg_div_top_front='' svg_div_top_opacity='' svg_div_top_preview='' svg_div_bottom='' svg_div_bottom_color='#333333' svg_div_bottom_width='100' svg_div_bottom_height='50' svg_div_bottom_max_height='none' svg_div_bottom_flip='' svg_div_bottom_invert='' svg_div_bottom_front='' svg_div_bottom_opacity='' svg_div_bottom_preview='' border='' border_style='solid' border_color='' radius='' column_boxshadow='' column_boxshadow_color='' column_boxshadow_width='10' background='bg_color' background_color='' background_gradient_direction='vertical' background_gradient_color1='#000000' background_gradient_color2='#ffffff' background_gradient_color3='' src='' background_position='top left' background_repeat='no-repeat' highlight='' highlight_size='' animation='' link='' linktarget='' link_hover='' title_attr='' alt_attr='' mobile_display='' mobile_col_pos='0' id='' custom_class='' template_class='' aria_label='' av_uid='av-yfkb' sc_version='1.0']\n\n[pixel_sc_headline hl_main='Z przyjemno\u015bci\u0105 z\u0142o\u017cymy Ci <span>ofert\u0119!<\/span>' hl_main_tag='h2' hl_sub_check='top' hl_sub='Tw\u00f3j kontakt z nami' hl_sub_bg='grey' hl_sub_tag='span' align='left' hl_main_alias='default' hl_main_class='' hl_sub_alias='default' hl_sub_class='' hl_margin='hl--no-margin' hl_link='' hl_target='' custom_class='' template_class='' av_uid='av-kybixar1' sc_version='1.0']\n\n[\/av_one_full][av_one_third first min_height='' vertical_alignment='av-align-top' space='' row_boxshadow_color='' row_boxshadow_width='10' margin='0px' margin_sync='true' mobile_breaking='' mobile_column_order='' min_col_height='' padding='' padding_sync='true' svg_div_top='' svg_div_top_color='#333333' svg_div_top_width='100' svg_div_top_height='50' svg_div_top_max_height='none' svg_div_top_opacity='' svg_div_bottom='' svg_div_bottom_color='#333333' svg_div_bottom_width='100' svg_div_bottom_height='50' svg_div_bottom_max_height='none' svg_div_bottom_opacity='' border='' border_style='solid' border_color='' radius='' radius_sync='true' column_boxshadow_color='' column_boxshadow_width='10' background='bg_color' background_color='' background_gradient_direction='vertical' background_gradient_color1='#000000' background_gradient_color2='#ffffff' background_gradient_color3='' src='' attachment='' attachment_size='' background_position='top left' background_repeat='no-repeat' highlight_size='1.1' animation='' link='' linktarget='' link_hover='' title_attr='' alt_attr='' mobile_display='' mobile_col_pos='0' id='' custom_class='cf-infobox' template_class='' aria_label='' av_uid='av-1fbz3' sc_version='1.0']\n\n[av_textblock textblock_styling_align='' textblock_styling='' textblock_styling_gap='' textblock_styling_mobile='' size='' av-medium-font-size='' av-small-font-size='' av-mini-font-size='' font_color='' color='' id='' custom_class='' template_class='' av_uid='av-kybn8262' sc_version='1.0' admin_preview_bg='']\n<h4>Wilhelm Hundt GmbH<\/h4>\nSchwabhausen 25, 42349 Wuppertal\n\n<strong>Tel:<\/strong> <a href=\"tel:0202%20430448-0\">+49 202 430448-0<\/a>\n<strong>Faks:<\/strong> +49 202 430448-20\n<a href=\"mailto:info@hundt.de\">info@hundt.de<\/a>\n\n<strong>Godziny pracy biura<\/strong>\npon.-czw. 7-17 h\npi\u0105t. 7-14 h\n[\/av_textblock]\n\n[av_social_share title='' buttons='custom' btn_action='profile' share_facebook='aviaTBshare_facebook' share_linkedin='aviaTBshare_linkedin' yelp_link='https:\/\/www.yelp.com' facebook_profile='https:\/\/de-de.facebook.com\/WilhelmHundtGmbH\/' twitter_profile='' whatsapp_profile='' pinterest_profile='' reddit_profile='' linkedin_profile='https:\/\/de.linkedin.com\/company\/wilhelm-hundt-gmbh?trk=public_profile_experience-item_profile-section-card_subtitle-click' tumblr_profile='' vk_profile='' mail_profile='' yelp_profile='' five_100_px_profile='' behance_profile='' dribbble_profile='' flickr_profile='' instagram_profile='' skype_profile='' soundcloud_profile='' vimeo_profile='' xing_profile='' youtube_profile='' style='av-social-sharing-box-circle' alignment='' alb_description='' id='' custom_class='' template_class='' av_uid='av-kznw6i99' sc_version='1.0' admin_preview_bg='']\n\n[\/av_one_third][av_two_third min_height='' vertical_alignment='av-align-top' space='' row_boxshadow_color='' row_boxshadow_width='10' margin='0px' margin_sync='true' mobile_breaking='' mobile_column_order='' min_col_height='' padding='' padding_sync='true' svg_div_top='' svg_div_top_color='#333333' svg_div_top_width='100' svg_div_top_height='50' svg_div_top_max_height='none' svg_div_top_opacity='' svg_div_bottom='' svg_div_bottom_color='#333333' svg_div_bottom_width='100' svg_div_bottom_height='50' svg_div_bottom_max_height='none' svg_div_bottom_opacity='' border='' border_style='solid' border_color='' radius='' radius_sync='true' column_boxshadow_color='' column_boxshadow_width='10' background='bg_color' background_color='' background_gradient_direction='vertical' background_gradient_color1='#000000' background_gradient_color2='#ffffff' background_gradient_color3='' src='' attachment='' attachment_size='' background_position='top left' background_repeat='no-repeat' highlight_size='1.1' animation='' link='' linktarget='' link_hover='' title_attr='' alt_attr='' mobile_display='' mobile_col_pos='0' id='' custom_class='cf-form' template_class='' aria_label='' av_uid='av-qx6z' sc_version='1.0']\n\n[av_codeblock wrapper_element='' wrapper_element_attributes='' codeblock_type='' alb_description='' id='' custom_class='' template_class='' av_uid='av-kybiq5f2' sc_version='1.0']\n[contact-form-7 id=\"434\" title=\"Kontakt-Formular\"]\n[\/av_codeblock]\n\n[\/av_two_third][\/av_section]\n","protected":false},"excerpt":{"rendered":"","protected":false},"author":1,"featured_media":0,"parent":2312,"menu_order":1,"comment_status":"closed","ping_status":"closed","template":"","meta":{"_acf_changed":false,"inline_featured_image":false,"footnotes":""},"class_list":["post-2424","page","type-page","status-publish","hentry"],"acf":[],"yoast_head":"<!-- This site is optimized with the Yoast SEO plugin v27.3 - https:\/\/yoast.com\/product\/yoast-seo-wordpress\/ -->\n<title>Narz\u0119dzia Trumpf w Hundt - oficjalny partner<\/title>\n<meta name=\"description\" content=\"Partner Trumpf z przekonania: \u2713 Doradztwo i prezentacja produkt\u00f3w \u2713 Akcesoria i cz\u0119\u015bci zamienne \u2713 Naprawa \u25ba Dowiedz si\u0119 wi\u0119cej w Hundt ju\u017c teraz!\" \/>\n<meta name=\"robots\" content=\"index, follow, max-snippet:-1, max-image-preview:large, max-video-preview:-1\" \/>\n<link rel=\"canonical\" href=\"https:\/\/hundtgroup.com\/pl\/produkty-trumpf\/serwis-trumpf\/\" \/>\n<meta property=\"og:locale\" content=\"pl_PL\" \/>\n<meta property=\"og:type\" content=\"article\" \/>\n<meta property=\"og:title\" content=\"Narz\u0119dzia Trumpf w Hundt - oficjalny partner\" \/>\n<meta property=\"og:description\" content=\"Partner Trumpf z przekonania: \u2713 Doradztwo i prezentacja produkt\u00f3w \u2713 Akcesoria i cz\u0119\u015bci zamienne \u2713 Naprawa \u25ba Dowiedz si\u0119 wi\u0119cej w Hundt ju\u017c teraz!\" \/>\n<meta property=\"og:url\" content=\"https:\/\/hundtgroup.com\/pl\/produkty-trumpf\/serwis-trumpf\/\" \/>\n<meta property=\"og:site_name\" content=\"Wilhelm Hundt GmbH\" \/>\n<meta property=\"article:modified_time\" content=\"2025-06-26T10:09:12+00:00\" \/>\n<meta name=\"twitter:card\" content=\"summary_large_image\" \/>\n<meta name=\"twitter:label1\" content=\"Szacowany czas czytania\" \/>\n\t<meta name=\"twitter:data1\" content=\"13 minuta\" \/>\n<script type=\"application\/ld+json\" class=\"yoast-schema-graph\">{\"@context\":\"https:\\\/\\\/schema.org\",\"@graph\":[{\"@type\":\"WebPage\",\"@id\":\"https:\\\/\\\/hundtgroup.com\\\/pl\\\/produkty-trumpf\\\/serwis-trumpf\\\/\",\"url\":\"https:\\\/\\\/hundtgroup.com\\\/pl\\\/produkty-trumpf\\\/serwis-trumpf\\\/\",\"name\":\"Narz\u0119dzia Trumpf w Hundt - oficjalny partner\",\"isPartOf\":{\"@id\":\"https:\\\/\\\/hundtgroup.com\\\/pl\\\/#website\"},\"datePublished\":\"2022-01-24T14:07:32+00:00\",\"dateModified\":\"2025-06-26T10:09:12+00:00\",\"description\":\"Partner Trumpf z przekonania: \u2713 Doradztwo i prezentacja produkt\u00f3w \u2713 Akcesoria i cz\u0119\u015bci zamienne \u2713 Naprawa \u25ba Dowiedz si\u0119 wi\u0119cej w Hundt ju\u017c teraz!\",\"breadcrumb\":{\"@id\":\"https:\\\/\\\/hundtgroup.com\\\/pl\\\/produkty-trumpf\\\/serwis-trumpf\\\/#breadcrumb\"},\"inLanguage\":\"pl-PL\",\"potentialAction\":[{\"@type\":\"ReadAction\",\"target\":[\"https:\\\/\\\/hundtgroup.com\\\/pl\\\/produkty-trumpf\\\/serwis-trumpf\\\/\"]}]},{\"@type\":\"BreadcrumbList\",\"@id\":\"https:\\\/\\\/hundtgroup.com\\\/pl\\\/produkty-trumpf\\\/serwis-trumpf\\\/#breadcrumb\",\"itemListElement\":[{\"@type\":\"ListItem\",\"position\":1,\"name\":\"Startseite\",\"item\":\"https:\\\/\\\/hundtgroup.com\\\/pl\\\/strona-glowna-nowa\\\/\"},{\"@type\":\"ListItem\",\"position\":2,\"name\":\"Produkty TRUMPF\",\"item\":\"https:\\\/\\\/hundtgroup.com\\\/pl\\\/produkty-trumpf\\\/\"},{\"@type\":\"ListItem\",\"position\":3,\"name\":\"Serwis TRUMPF\"}]},{\"@type\":\"WebSite\",\"@id\":\"https:\\\/\\\/hundtgroup.com\\\/pl\\\/#website\",\"url\":\"https:\\\/\\\/hundtgroup.com\\\/pl\\\/\",\"name\":\"Wilhelm Hundt GmbH\",\"description\":\"Specjalista od maszyn i narz\u0119dzi do obr\u00f3bki blachy\",\"potentialAction\":[{\"@type\":\"SearchAction\",\"target\":{\"@type\":\"EntryPoint\",\"urlTemplate\":\"https:\\\/\\\/hundtgroup.com\\\/pl\\\/?s={search_term_string}\"},\"query-input\":{\"@type\":\"PropertyValueSpecification\",\"valueRequired\":true,\"valueName\":\"search_term_string\"}}],\"inLanguage\":\"pl-PL\"}]}<\/script>\n<!-- \/ Yoast SEO plugin. -->","yoast_head_json":{"title":"Narz\u0119dzia Trumpf w Hundt - oficjalny partner","description":"Partner Trumpf z przekonania: \u2713 Doradztwo i prezentacja produkt\u00f3w \u2713 Akcesoria i cz\u0119\u015bci zamienne \u2713 Naprawa \u25ba Dowiedz si\u0119 wi\u0119cej w Hundt ju\u017c teraz!","robots":{"index":"index","follow":"follow","max-snippet":"max-snippet:-1","max-image-preview":"max-image-preview:large","max-video-preview":"max-video-preview:-1"},"canonical":"https:\/\/hundtgroup.com\/pl\/produkty-trumpf\/serwis-trumpf\/","og_locale":"pl_PL","og_type":"article","og_title":"Narz\u0119dzia Trumpf w Hundt - oficjalny partner","og_description":"Partner Trumpf z przekonania: \u2713 Doradztwo i prezentacja produkt\u00f3w \u2713 Akcesoria i cz\u0119\u015bci zamienne \u2713 Naprawa \u25ba Dowiedz si\u0119 wi\u0119cej w Hundt ju\u017c teraz!","og_url":"https:\/\/hundtgroup.com\/pl\/produkty-trumpf\/serwis-trumpf\/","og_site_name":"Wilhelm Hundt GmbH","article_modified_time":"2025-06-26T10:09:12+00:00","twitter_card":"summary_large_image","twitter_misc":{"Szacowany czas czytania":"13 minuta"},"schema":{"@context":"https:\/\/schema.org","@graph":[{"@type":"WebPage","@id":"https:\/\/hundtgroup.com\/pl\/produkty-trumpf\/serwis-trumpf\/","url":"https:\/\/hundtgroup.com\/pl\/produkty-trumpf\/serwis-trumpf\/","name":"Narz\u0119dzia Trumpf w Hundt - oficjalny partner","isPartOf":{"@id":"https:\/\/hundtgroup.com\/pl\/#website"},"datePublished":"2022-01-24T14:07:32+00:00","dateModified":"2025-06-26T10:09:12+00:00","description":"Partner Trumpf z przekonania: \u2713 Doradztwo i prezentacja produkt\u00f3w \u2713 Akcesoria i cz\u0119\u015bci zamienne \u2713 Naprawa \u25ba Dowiedz si\u0119 wi\u0119cej w Hundt ju\u017c teraz!","breadcrumb":{"@id":"https:\/\/hundtgroup.com\/pl\/produkty-trumpf\/serwis-trumpf\/#breadcrumb"},"inLanguage":"pl-PL","potentialAction":[{"@type":"ReadAction","target":["https:\/\/hundtgroup.com\/pl\/produkty-trumpf\/serwis-trumpf\/"]}]},{"@type":"BreadcrumbList","@id":"https:\/\/hundtgroup.com\/pl\/produkty-trumpf\/serwis-trumpf\/#breadcrumb","itemListElement":[{"@type":"ListItem","position":1,"name":"Startseite","item":"https:\/\/hundtgroup.com\/pl\/strona-glowna-nowa\/"},{"@type":"ListItem","position":2,"name":"Produkty TRUMPF","item":"https:\/\/hundtgroup.com\/pl\/produkty-trumpf\/"},{"@type":"ListItem","position":3,"name":"Serwis TRUMPF"}]},{"@type":"WebSite","@id":"https:\/\/hundtgroup.com\/pl\/#website","url":"https:\/\/hundtgroup.com\/pl\/","name":"Wilhelm Hundt GmbH","description":"Specjalista od maszyn i narz\u0119dzi do obr\u00f3bki blachy","potentialAction":[{"@type":"SearchAction","target":{"@type":"EntryPoint","urlTemplate":"https:\/\/hundtgroup.com\/pl\/?s={search_term_string}"},"query-input":{"@type":"PropertyValueSpecification","valueRequired":true,"valueName":"search_term_string"}}],"inLanguage":"pl-PL"}]}},"_links":{"self":[{"href":"https:\/\/hundtgroup.com\/pl\/wp-json\/wp\/v2\/pages\/2424","targetHints":{"allow":["GET"]}}],"collection":[{"href":"https:\/\/hundtgroup.com\/pl\/wp-json\/wp\/v2\/pages"}],"about":[{"href":"https:\/\/hundtgroup.com\/pl\/wp-json\/wp\/v2\/types\/page"}],"author":[{"embeddable":true,"href":"https:\/\/hundtgroup.com\/pl\/wp-json\/wp\/v2\/users\/1"}],"replies":[{"embeddable":true,"href":"https:\/\/hundtgroup.com\/pl\/wp-json\/wp\/v2\/comments?post=2424"}],"version-history":[{"count":0,"href":"https:\/\/hundtgroup.com\/pl\/wp-json\/wp\/v2\/pages\/2424\/revisions"}],"up":[{"embeddable":true,"href":"https:\/\/hundtgroup.com\/pl\/wp-json\/wp\/v2\/pages\/2312"}],"wp:attachment":[{"href":"https:\/\/hundtgroup.com\/pl\/wp-json\/wp\/v2\/media?parent=2424"}],"curies":[{"name":"wp","href":"https:\/\/api.w.org\/{rel}","templated":true}]}}