{"id":2533,"date":"2022-01-22T16:37:58","date_gmt":"2022-01-22T15:37:58","guid":{"rendered":"https:\/\/hundt.pixel-tal.de\/wymagania-dotyczace-izolacji\/haki-tulejki-zapiecia\/"},"modified":"2022-02-23T09:58:51","modified_gmt":"2022-02-23T08:58:51","slug":"haki-tulejki-zapiecia","status":"publish","type":"page","link":"https:\/\/hundtgroup.com\/pl\/wymagania-dotyczace-izolacji\/haki-tulejki-zapiecia\/","title":{"rendered":"Haki, tulejki, zapi\u0119cia"},"content":{"rendered":"<div id='av_section_1'  class='avia-section av-t41hq-ec3e0947ffbfb8d8a77f47a5e799d285 main_color avia-section-default avia-no-border-styling  avia-builder-el-0  el_before_av_postcontent  avia-builder-el-first  avia-bg-style-scroll container_wrap fullsize'  ><div class='container av-section-cont-open' ><main  role=\"main\" itemprop=\"mainContentOfPage\"  class='template-page content  av-content-full alpha units'><div class='post-entry post-entry-type-page post-entry-2533'><div class='entry-content-wrapper clearfix'>\n<div  class='flex_column av-kiwmu-d197b8fd8f87849ca1ef2642cd4de711 av_two_fifth  avia-builder-el-1  el_before_av_three_fifth  avia-builder-el-first  first flex_column_div  '     ><style type=\"text\/css\" data-created_by=\"avia_inline_auto\" id=\"style-css-av-db2gu-e2d66c892ed3ff39dec86624608f0c63\">\n.avia-image-container.av-db2gu-e2d66c892ed3ff39dec86624608f0c63 img.avia_image{\nbox-shadow:none;\n}\n.avia-image-container.av-db2gu-e2d66c892ed3ff39dec86624608f0c63 .av-image-caption-overlay-center{\ncolor:#ffffff;\n}\n<\/style>\n<div  class='avia-image-container av-db2gu-e2d66c892ed3ff39dec86624608f0c63 av-styling- avia-align-center  avia-builder-el-2  avia-builder-el-no-sibling '   itemprop=\"image\" itemscope=\"itemscope\" itemtype=\"https:\/\/schema.org\/ImageObject\" ><div class=\"avia-image-container-inner\"><div class=\"avia-image-overlay-wrap\"><img decoding=\"async\" fetchpriority=\"high\" class='wp-image-1913 avia-img-lazy-loading-not-1913 avia_image ' src=\"https:\/\/hundtgroup.com\/wp-content\/uploads\/hundt_produkt_isolierbedarf_haken-huelsen-schliessen_folge.jpg\" alt='' title='hundt_produkt_isolierbedarf_haken-huelsen-schliessen_folge'  height=\"138\" width=\"680\"  itemprop=\"thumbnailUrl\" srcset=\"https:\/\/hundtgroup.com\/wp-content\/uploads\/hundt_produkt_isolierbedarf_haken-huelsen-schliessen_folge.jpg 680w, https:\/\/hundtgroup.com\/wp-content\/uploads\/hundt_produkt_isolierbedarf_haken-huelsen-schliessen_folge-620x126.jpg 620w, https:\/\/hundtgroup.com\/wp-content\/uploads\/hundt_produkt_isolierbedarf_haken-huelsen-schliessen_folge-300x61.jpg 300w\" sizes=\"(max-width: 680px) 100vw, 680px\" \/><\/div><\/div><\/div><\/div><div  class='flex_column av-aidgu-ca6e722f7c9cf45c742573484757c6cb av_three_fifth  avia-builder-el-3  el_after_av_two_fifth  avia-builder-el-last  flex_column_div  '     ><p><div class=\"pxl-headline pxl-hl hl-wrap | hl-sub--off hl--align-left hl--std-margin   \">\n    <div class=\"hl-inner\">\n            <h2 class=\"hl-main hl-line |  hl_main--default  \"><span>Haki, tulejki, zapi\u0119cia<\/span><\/h2>\n            <div class=\"overline lightgrey\">\n              \n              <span class=\"overline-slant\"><\/span>\n            <\/div>\n    <\/div>\n<\/div>\n<br \/>\n<section  class='av_textblock_section av-kylhx6wd-ed4e4207c97276ed1bbd566cdefb763c '   itemscope=\"itemscope\" itemtype=\"https:\/\/schema.org\/CreativeWork\" ><div class='avia_textblock'  itemprop=\"text\" ><ul>\n<li>Zapi\u0119cia ta\u015bmowe ze stali galwanizowanej lub stali nierdzewnej<\/li>\n<li>Tuleje zamykaj\u0105ce wykonane ze stali ocynkowanej lub stali nierdzewnej<\/li>\n<li>Haki do mat z ocynkowanej stali<\/li>\n<\/ul>\n<p><strong>Jednostki opakowaniowe sk\u0142adaj\u0105 si\u0119 z 100 lub 1000 sztuk.<\/strong><\/p>\n<\/div><\/section><br \/>\n<div  class='avia-button-wrap green avia-button-left  avia-builder-el-6  el_after_av_textblock  avia-builder-el-last ' ><a href='https:\/\/hundtgroup.com\/isolierbedarf\/isolierbedarf-uebersicht\/'  class='avia-button av-kylhxk0u-6081e55a897acce3b57ae37385c35455 avia-icon_select-no avia-size-medium avia-position-left avia-color-theme-color ' ><span class='avia_iconbox_title' >Powr\u00f3t do przegl\u0105du<\/span><\/a><\/div><\/p><\/div>\n\n[av_section min_height='' min_height_pc='25' min_height_px='500px' padding='default' custom_margin='0px' custom_margin_sync='true' svg_div_top='' svg_div_top_color='#333333' svg_div_top_width='100' svg_div_top_height='50' svg_div_top_max_height='none' svg_div_top_opacity='' svg_div_bottom='' svg_div_bottom_color='#333333' svg_div_bottom_width='100' svg_div_bottom_height='50' svg_div_bottom_max_height='none' svg_div_bottom_opacity='' color='alternate_color' background='bg_color' custom_bg='' background_gradient_direction='vertical' background_gradient_color1='#000000' background_gradient_color2='#ffffff' background_gradient_color3='' src='' attachment='' attachment_size='' attach='scroll' position='top left' repeat='no-repeat' video='' video_ratio='16:9' overlay_opacity='0.5' overlay_color='' overlay_pattern='' overlay_custom_pattern='' shadow='no-border-styling' bottom_border='no-border-styling' bottom_border_diagonal_color='#333333' bottom_border_diagonal_direction='' bottom_border_style='' custom_arrow_bg='' id='' custom_class='' template_class='' aria_label='' av_element_hidden_in_editor='0' av_uid='av-1ypnr' sc_version='1.0']\n\n[av_one_full first min_height='' vertical_alignment='av-align-top' space='' row_boxshadow='' row_boxshadow_color='' row_boxshadow_width='10' custom_margin='' margin='0px' mobile_breaking='' mobile_column_order='' min_col_height='' padding='' svg_div_top='' svg_div_top_color='#333333' svg_div_top_width='100' svg_div_top_height='50' svg_div_top_max_height='none' svg_div_top_flip='' svg_div_top_invert='' svg_div_top_front='' svg_div_top_opacity='' svg_div_top_preview='' svg_div_bottom='' svg_div_bottom_color='#333333' svg_div_bottom_width='100' svg_div_bottom_height='50' svg_div_bottom_max_height='none' svg_div_bottom_flip='' svg_div_bottom_invert='' svg_div_bottom_front='' svg_div_bottom_opacity='' svg_div_bottom_preview='' border='' border_style='solid' border_color='' radius='' column_boxshadow='' column_boxshadow_color='' column_boxshadow_width='10' background='bg_color' background_color='' background_gradient_direction='vertical' background_gradient_color1='#000000' background_gradient_color2='#ffffff' background_gradient_color3='' src='' background_position='top left' background_repeat='no-repeat' highlight='' highlight_size='' animation='' link='' linktarget='' link_hover='' title_attr='' alt_attr='' mobile_display='' mobile_col_pos='0' id='' custom_class='' template_class='' aria_label='' av_uid='av-yfkb' sc_version='1.0']\n\n[pixel_sc_headline hl_main='Z przyjemno\u015bci\u0105 z\u0142o\u017cymy Ci <span>ofert\u0119!<\/span>' hl_main_tag='h2' hl_sub_check='top' hl_sub='Tw\u00f3j kontakt z nami' hl_sub_bg='grey' hl_sub_tag='span' align='left' hl_main_alias='default' hl_main_class='' hl_sub_alias='default' hl_sub_class='' hl_margin='hl--no-margin' hl_link='' hl_target='' custom_class='' template_class='' av_uid='av-kybixar1' sc_version='1.0']\n\n[\/av_one_full][av_one_third first min_height='' vertical_alignment='av-align-top' space='' row_boxshadow_color='' row_boxshadow_width='10' margin='0px' margin_sync='true' mobile_breaking='' mobile_column_order='' min_col_height='' padding='' padding_sync='true' svg_div_top='' svg_div_top_color='#333333' svg_div_top_width='100' svg_div_top_height='50' svg_div_top_max_height='none' svg_div_top_opacity='' svg_div_bottom='' svg_div_bottom_color='#333333' svg_div_bottom_width='100' svg_div_bottom_height='50' svg_div_bottom_max_height='none' svg_div_bottom_opacity='' border='' border_style='solid' border_color='' radius='' radius_sync='true' column_boxshadow_color='' column_boxshadow_width='10' background='bg_color' background_color='' background_gradient_direction='vertical' background_gradient_color1='#000000' background_gradient_color2='#ffffff' background_gradient_color3='' src='' attachment='' attachment_size='' background_position='top left' background_repeat='no-repeat' highlight_size='1.1' animation='' link='' linktarget='' link_hover='' title_attr='' alt_attr='' mobile_display='' mobile_col_pos='0' id='' custom_class='cf-infobox' template_class='' aria_label='' av_uid='av-1fbz3' sc_version='1.0']\n\n[av_textblock textblock_styling_align='' textblock_styling='' textblock_styling_gap='' textblock_styling_mobile='' size='' av-medium-font-size='' av-small-font-size='' av-mini-font-size='' font_color='' color='' id='' custom_class='' template_class='' av_uid='av-kybn8262' sc_version='1.0' admin_preview_bg='']\n<h4>Wilhelm Hundt GmbH<\/h4>\nSchwabhausen 25, 42349 Wuppertal\n\n<strong>Tel:<\/strong> <a href=\"tel:0202%20430448-0\">+49 202 430448-0<\/a>\n<strong>Faks:<\/strong> +49 202 430448-20\n<a href=\"mailto:info@hundt.de\">info@hundt.de<\/a>\n\n<strong>Godziny pracy biura<\/strong>\npon.-czw. 7-17 h\npi\u0105t. 7-14 h\n[\/av_textblock]\n\n[av_social_share title='' buttons='custom' btn_action='profile' share_facebook='aviaTBshare_facebook' share_linkedin='aviaTBshare_linkedin' yelp_link='https:\/\/www.yelp.com' facebook_profile='https:\/\/de-de.facebook.com\/WilhelmHundtGmbH\/' twitter_profile='' whatsapp_profile='' pinterest_profile='' reddit_profile='' linkedin_profile='https:\/\/de.linkedin.com\/company\/wilhelm-hundt-gmbh?trk=public_profile_experience-item_profile-section-card_subtitle-click' tumblr_profile='' vk_profile='' mail_profile='' yelp_profile='' five_100_px_profile='' behance_profile='' dribbble_profile='' flickr_profile='' instagram_profile='' skype_profile='' soundcloud_profile='' vimeo_profile='' xing_profile='' youtube_profile='' style='av-social-sharing-box-circle' alignment='' alb_description='' id='' custom_class='' template_class='' av_uid='av-kznw6i99' sc_version='1.0' admin_preview_bg='']\n\n[\/av_one_third][av_two_third min_height='' vertical_alignment='av-align-top' space='' row_boxshadow_color='' row_boxshadow_width='10' margin='0px' margin_sync='true' mobile_breaking='' mobile_column_order='' min_col_height='' padding='' padding_sync='true' svg_div_top='' svg_div_top_color='#333333' svg_div_top_width='100' svg_div_top_height='50' svg_div_top_max_height='none' svg_div_top_opacity='' svg_div_bottom='' svg_div_bottom_color='#333333' svg_div_bottom_width='100' svg_div_bottom_height='50' svg_div_bottom_max_height='none' svg_div_bottom_opacity='' border='' border_style='solid' border_color='' radius='' radius_sync='true' column_boxshadow_color='' column_boxshadow_width='10' background='bg_color' background_color='' background_gradient_direction='vertical' background_gradient_color1='#000000' background_gradient_color2='#ffffff' background_gradient_color3='' src='' attachment='' attachment_size='' background_position='top left' background_repeat='no-repeat' highlight_size='1.1' animation='' link='' linktarget='' link_hover='' title_attr='' alt_attr='' mobile_display='' mobile_col_pos='0' id='' custom_class='cf-form' template_class='' aria_label='' av_uid='av-qx6z' sc_version='1.0']\n\n[av_codeblock wrapper_element='' wrapper_element_attributes='' codeblock_type='' alb_description='' id='' custom_class='' template_class='' av_uid='av-kybiq5f2' sc_version='1.0']\n[contact-form-7 id=\"434\" title=\"Kontakt-Formular\"]\n[\/av_codeblock]\n\n[\/av_two_third][\/av_section]\n","protected":false},"excerpt":{"rendered":"","protected":false},"author":1,"featured_media":0,"parent":2280,"menu_order":3,"comment_status":"closed","ping_status":"closed","template":"","meta":{"_acf_changed":false,"inline_featured_image":false,"footnotes":""},"class_list":["post-2533","page","type-page","status-publish","hentry"],"acf":[],"yoast_head":"<!-- This site is optimized with the Yoast SEO plugin v27.3 - https:\/\/yoast.com\/product\/yoast-seo-wordpress\/ -->\n<title>Zam\u00f3w haki, tuleje, zapi\u0119cia dla przemys\u0142u - Hundt<\/title>\n<meta name=\"description\" content=\"\u017beliwny \u0142\u0105cznik do pas\u00f3w \u2713 Tuleje zamykaj\u0105ce stal ocynkowana &amp; stal nierdzewna \u2713 Haki matowe stal ocynkowana \u2713 Zapytaj o ofert\u0119 teraz!\" \/>\n<meta name=\"robots\" content=\"index, follow, max-snippet:-1, max-image-preview:large, max-video-preview:-1\" \/>\n<link rel=\"canonical\" href=\"https:\/\/hundtgroup.com\/pl\/wymagania-dotyczace-izolacji\/haki-tulejki-zapiecia\/\" \/>\n<meta property=\"og:locale\" content=\"pl_PL\" \/>\n<meta property=\"og:type\" content=\"article\" \/>\n<meta property=\"og:title\" content=\"Zam\u00f3w haki, tuleje, zapi\u0119cia dla przemys\u0142u - Hundt\" \/>\n<meta property=\"og:description\" content=\"\u017beliwny \u0142\u0105cznik do pas\u00f3w \u2713 Tuleje zamykaj\u0105ce stal ocynkowana &amp; stal nierdzewna \u2713 Haki matowe stal ocynkowana \u2713 Zapytaj o ofert\u0119 teraz!\" \/>\n<meta property=\"og:url\" content=\"https:\/\/hundtgroup.com\/pl\/wymagania-dotyczace-izolacji\/haki-tulejki-zapiecia\/\" \/>\n<meta property=\"og:site_name\" content=\"Wilhelm Hundt GmbH\" \/>\n<meta property=\"article:modified_time\" content=\"2022-02-23T08:58:51+00:00\" \/>\n<meta name=\"twitter:card\" content=\"summary_large_image\" \/>\n<meta name=\"twitter:label1\" content=\"Szacowany czas czytania\" \/>\n\t<meta name=\"twitter:data1\" content=\"6 minuta\" \/>\n<script type=\"application\/ld+json\" class=\"yoast-schema-graph\">{\"@context\":\"https:\\\/\\\/schema.org\",\"@graph\":[{\"@type\":\"WebPage\",\"@id\":\"https:\\\/\\\/hundtgroup.com\\\/pl\\\/wymagania-dotyczace-izolacji\\\/haki-tulejki-zapiecia\\\/\",\"url\":\"https:\\\/\\\/hundtgroup.com\\\/pl\\\/wymagania-dotyczace-izolacji\\\/haki-tulejki-zapiecia\\\/\",\"name\":\"Zam\u00f3w haki, tuleje, zapi\u0119cia dla przemys\u0142u - Hundt\",\"isPartOf\":{\"@id\":\"https:\\\/\\\/hundtgroup.com\\\/pl\\\/#website\"},\"datePublished\":\"2022-01-22T15:37:58+00:00\",\"dateModified\":\"2022-02-23T08:58:51+00:00\",\"description\":\"\u017beliwny \u0142\u0105cznik do pas\u00f3w \u2713 Tuleje zamykaj\u0105ce stal ocynkowana & stal nierdzewna \u2713 Haki matowe stal ocynkowana \u2713 Zapytaj o ofert\u0119 teraz!\",\"breadcrumb\":{\"@id\":\"https:\\\/\\\/hundtgroup.com\\\/pl\\\/wymagania-dotyczace-izolacji\\\/haki-tulejki-zapiecia\\\/#breadcrumb\"},\"inLanguage\":\"pl-PL\",\"potentialAction\":[{\"@type\":\"ReadAction\",\"target\":[\"https:\\\/\\\/hundtgroup.com\\\/pl\\\/wymagania-dotyczace-izolacji\\\/haki-tulejki-zapiecia\\\/\"]}]},{\"@type\":\"BreadcrumbList\",\"@id\":\"https:\\\/\\\/hundtgroup.com\\\/pl\\\/wymagania-dotyczace-izolacji\\\/haki-tulejki-zapiecia\\\/#breadcrumb\",\"itemListElement\":[{\"@type\":\"ListItem\",\"position\":1,\"name\":\"Startseite\",\"item\":\"https:\\\/\\\/hundtgroup.com\\\/pl\\\/strona-glowna-nowa\\\/\"},{\"@type\":\"ListItem\",\"position\":2,\"name\":\"Wymagania dotycz\u0105ce izolacji\",\"item\":\"https:\\\/\\\/hundtgroup.com\\\/pl\\\/wymagania-dotyczace-izolacji\\\/\"},{\"@type\":\"ListItem\",\"position\":3,\"name\":\"Haki, tulejki, zapi\u0119cia\"}]},{\"@type\":\"WebSite\",\"@id\":\"https:\\\/\\\/hundtgroup.com\\\/pl\\\/#website\",\"url\":\"https:\\\/\\\/hundtgroup.com\\\/pl\\\/\",\"name\":\"Wilhelm Hundt GmbH\",\"description\":\"Specjalista od maszyn i narz\u0119dzi do obr\u00f3bki blachy\",\"potentialAction\":[{\"@type\":\"SearchAction\",\"target\":{\"@type\":\"EntryPoint\",\"urlTemplate\":\"https:\\\/\\\/hundtgroup.com\\\/pl\\\/?s={search_term_string}\"},\"query-input\":{\"@type\":\"PropertyValueSpecification\",\"valueRequired\":true,\"valueName\":\"search_term_string\"}}],\"inLanguage\":\"pl-PL\"}]}<\/script>\n<!-- \/ Yoast SEO plugin. -->","yoast_head_json":{"title":"Zam\u00f3w haki, tuleje, zapi\u0119cia dla przemys\u0142u - Hundt","description":"\u017beliwny \u0142\u0105cznik do pas\u00f3w \u2713 Tuleje zamykaj\u0105ce stal ocynkowana & stal nierdzewna \u2713 Haki matowe stal ocynkowana \u2713 Zapytaj o ofert\u0119 teraz!","robots":{"index":"index","follow":"follow","max-snippet":"max-snippet:-1","max-image-preview":"max-image-preview:large","max-video-preview":"max-video-preview:-1"},"canonical":"https:\/\/hundtgroup.com\/pl\/wymagania-dotyczace-izolacji\/haki-tulejki-zapiecia\/","og_locale":"pl_PL","og_type":"article","og_title":"Zam\u00f3w haki, tuleje, zapi\u0119cia dla przemys\u0142u - Hundt","og_description":"\u017beliwny \u0142\u0105cznik do pas\u00f3w \u2713 Tuleje zamykaj\u0105ce stal ocynkowana & stal nierdzewna \u2713 Haki matowe stal ocynkowana \u2713 Zapytaj o ofert\u0119 teraz!","og_url":"https:\/\/hundtgroup.com\/pl\/wymagania-dotyczace-izolacji\/haki-tulejki-zapiecia\/","og_site_name":"Wilhelm Hundt GmbH","article_modified_time":"2022-02-23T08:58:51+00:00","twitter_card":"summary_large_image","twitter_misc":{"Szacowany czas czytania":"6 minuta"},"schema":{"@context":"https:\/\/schema.org","@graph":[{"@type":"WebPage","@id":"https:\/\/hundtgroup.com\/pl\/wymagania-dotyczace-izolacji\/haki-tulejki-zapiecia\/","url":"https:\/\/hundtgroup.com\/pl\/wymagania-dotyczace-izolacji\/haki-tulejki-zapiecia\/","name":"Zam\u00f3w haki, tuleje, zapi\u0119cia dla przemys\u0142u - Hundt","isPartOf":{"@id":"https:\/\/hundtgroup.com\/pl\/#website"},"datePublished":"2022-01-22T15:37:58+00:00","dateModified":"2022-02-23T08:58:51+00:00","description":"\u017beliwny \u0142\u0105cznik do pas\u00f3w \u2713 Tuleje zamykaj\u0105ce stal ocynkowana & stal nierdzewna \u2713 Haki matowe stal ocynkowana \u2713 Zapytaj o ofert\u0119 teraz!","breadcrumb":{"@id":"https:\/\/hundtgroup.com\/pl\/wymagania-dotyczace-izolacji\/haki-tulejki-zapiecia\/#breadcrumb"},"inLanguage":"pl-PL","potentialAction":[{"@type":"ReadAction","target":["https:\/\/hundtgroup.com\/pl\/wymagania-dotyczace-izolacji\/haki-tulejki-zapiecia\/"]}]},{"@type":"BreadcrumbList","@id":"https:\/\/hundtgroup.com\/pl\/wymagania-dotyczace-izolacji\/haki-tulejki-zapiecia\/#breadcrumb","itemListElement":[{"@type":"ListItem","position":1,"name":"Startseite","item":"https:\/\/hundtgroup.com\/pl\/strona-glowna-nowa\/"},{"@type":"ListItem","position":2,"name":"Wymagania dotycz\u0105ce izolacji","item":"https:\/\/hundtgroup.com\/pl\/wymagania-dotyczace-izolacji\/"},{"@type":"ListItem","position":3,"name":"Haki, tulejki, zapi\u0119cia"}]},{"@type":"WebSite","@id":"https:\/\/hundtgroup.com\/pl\/#website","url":"https:\/\/hundtgroup.com\/pl\/","name":"Wilhelm Hundt GmbH","description":"Specjalista od maszyn i narz\u0119dzi do obr\u00f3bki blachy","potentialAction":[{"@type":"SearchAction","target":{"@type":"EntryPoint","urlTemplate":"https:\/\/hundtgroup.com\/pl\/?s={search_term_string}"},"query-input":{"@type":"PropertyValueSpecification","valueRequired":true,"valueName":"search_term_string"}}],"inLanguage":"pl-PL"}]}},"_links":{"self":[{"href":"https:\/\/hundtgroup.com\/pl\/wp-json\/wp\/v2\/pages\/2533","targetHints":{"allow":["GET"]}}],"collection":[{"href":"https:\/\/hundtgroup.com\/pl\/wp-json\/wp\/v2\/pages"}],"about":[{"href":"https:\/\/hundtgroup.com\/pl\/wp-json\/wp\/v2\/types\/page"}],"author":[{"embeddable":true,"href":"https:\/\/hundtgroup.com\/pl\/wp-json\/wp\/v2\/users\/1"}],"replies":[{"embeddable":true,"href":"https:\/\/hundtgroup.com\/pl\/wp-json\/wp\/v2\/comments?post=2533"}],"version-history":[{"count":0,"href":"https:\/\/hundtgroup.com\/pl\/wp-json\/wp\/v2\/pages\/2533\/revisions"}],"up":[{"embeddable":true,"href":"https:\/\/hundtgroup.com\/pl\/wp-json\/wp\/v2\/pages\/2280"}],"wp:attachment":[{"href":"https:\/\/hundtgroup.com\/pl\/wp-json\/wp\/v2\/media?parent=2533"}],"curies":[{"name":"wp","href":"https:\/\/api.w.org\/{rel}","templated":true}]}}