{"id":2562,"date":"2022-01-19T12:58:57","date_gmt":"2022-01-19T11:58:57","guid":{"rendered":"https:\/\/hundt.pixel-tal.de\/wymagania-dotyczace-izolacji\/przeglad-wymagan-izolacyjnych\/"},"modified":"2025-06-26T11:59:57","modified_gmt":"2025-06-26T09:59:57","slug":"przeglad-wymagan-izolacyjnych","status":"publish","type":"page","link":"https:\/\/hundtgroup.com\/pl\/wymagania-dotyczace-izolacji\/przeglad-wymagan-izolacyjnych\/","title":{"rendered":"Przegl\u0105d wymaga\u0144 izolacyjnych"},"content":{"rendered":"<div id='av_section_1'  class='avia-section av-14ayk-2b253285420370deb95cdaf8149ebd22 main_color avia-section-default avia-no-border-styling  avia-builder-el-0  el_before_av_section  avia-builder-el-first  section-no-padding-bottom avia-bg-style-scroll container_wrap fullsize'  ><div class='container av-section-cont-open' ><main  role=\"main\" itemprop=\"mainContentOfPage\"  class='template-page content  av-content-full alpha units'><div class='post-entry post-entry-type-page post-entry-2562'><div class='entry-content-wrapper clearfix'>\n<div  class='flex_column av-kyk6p1mi-9f6b49d0b52655243dc70e65371913b5 av_one_full  avia-builder-el-1  avia-builder-el-no-sibling  max-width-three-fourth first flex_column_div  '     ><section  class='av_textblock_section av-kyk6osu2-84427a4a99ba10cad41614c92315fb31 '   itemscope=\"itemscope\" itemtype=\"https:\/\/schema.org\/CreativeWork\" ><div class='avia_textblock'  itemprop=\"text\" ><p>\u015aruby, nity, tuleje i inne &#8211; w przemy\u015ble istnieje du\u017ce zapotrzebowanie na specjalne rozwi\u0105zania mocuj\u0105ce, kt\u00f3re niezawodnie izoluj\u0105. Jako partner izolator\u00f3w WKS i pokrewnych bran\u017c doskonale znamy te wymagania i odpowiednio dostosowali\u015bmy nasz\u0105 ofert\u0119 produkt\u00f3w. W ten spos\u00f3b uzyskuje si\u0119 materia\u0142, kt\u00f3ry naprawd\u0119 pasuje do po\u017c\u0105danego zastosowania.<\/p>\n<\/div><\/section><\/div>\n\n<\/div><\/div><\/main><!-- close content main element --><\/div><\/div><div id='av_section_2'  class='avia-section av-55h70-8a54c21ba8ea4c92b375c6eddc32e394 main_color avia-section-default avia-no-border-styling  avia-builder-el-3  el_after_av_section  el_before_av_postcontent  avia-bg-style-scroll container_wrap fullsize'  ><div class='container av-section-cont-open' ><div class='template-page content  av-content-full alpha units'><div class='post-entry post-entry-type-page post-entry-2562'><div class='entry-content-wrapper clearfix'>\n<div  class='flex_column av-4m044-ba2cf2d8add474a1236ea37743fd2455 av_one_full  avia-builder-el-4  el_before_av_codeblock  avia-builder-el-first  max-width-three-fourth first flex_column_div  '     ><p><div class=\"pxl-headline pxl-hl hl-wrap | hl-sub--top hl--align-left hl--big-margin   \">\n    <div class=\"hl-inner\">\n            <h2 class=\"hl-main hl-line |  hl_main--default  \"><span>Wymagania dotycz\u0105ce izolacji<\/span><\/h2>\n            <div class=\"overline lightgrey\">\n              <span class=\"hl-sub hl-line |  hl_sub--default  \">Dla wielu bran\u017c<\/span>\n              <span class=\"overline-slant\"><\/span>\n            <\/div>\n    <\/div>\n<\/div>\n<br \/>\n<section  class='av_textblock_section av-kyk6q2qe-5027cc6063aeff684ee8b29219272a8a '   itemscope=\"itemscope\" itemtype=\"https:\/\/schema.org\/CreativeWork\" ><div class='avia_textblock'  itemprop=\"text\" ><p>Technologia mocowania dla przemys\u0142u izolacyjnego musi spe\u0142nia\u0107 najwy\u017csze wymagania. Dlatego nasz sklep oferuje szeroki wyb\u00f3r produkt\u00f3w w typowej jako\u015bci Hundt.<\/p>\n<\/div><\/section><\/p><\/div>\n<div  class='flex_column av-3ztys-8e7d8985a1e8a680109b3d6638c677b4 av_one_fourth  avia-builder-el-8  el_after_av_codeblock  el_before_av_one_fourth  first flex_column_div  '     ><div class=\"product-category-wrap has-link has-image bg-green avia-link-column av-column-link\"  data-link-column-url=\"https:\/\/hundtgroup.com\/isolierbedarf\/blechtreibschrauben\/\"   >\n\n    \n    <div class=\"product-category-img\">\n      <img decoding=\"async\" src=\"https:\/\/hundtgroup.com\/wp-content\/uploads\/hundt_produkt_isolierbedarf_blechtreibschrauben.jpg\" alt=\"https:\/\/hundtgroup.com\/wp-content\/uploads\/hundt_produkt_isolierbedarf_blechtreibschrauben.jpg\" \/>\n    <\/div>\n\n    \n    \n    <div class=\"product-category-content\">\n\n            <div class=\"pxl-headline pxl-hl hl-wrap | hl--align-left hl--no-margin\">\n        <div class=\"hl-inner\">\n          <h3 class=\"hl-main hl-line |  hl_main--default\">Wkr\u0119ty samogwintuj\u0105ce<\/h3>\n        <\/div>\n      <\/div>\n      \n      \n    \n    <\/div>\n<\/div><\/div><div  class='flex_column av-3cycs-03cd117f507c0e1d25fd0e9a6abf0c94 av_one_fourth  avia-builder-el-10  el_after_av_one_fourth  el_before_av_one_fourth  flex_column_div  '     ><div class=\"product-category-wrap has-link has-image bg-green avia-link-column av-column-link\"  data-link-column-url=\"https:\/\/hundtgroup.com\/isolierbedarf\/blindnieten\/\"   >\n\n    \n    <div class=\"product-category-img\">\n      <img decoding=\"async\" src=\"https:\/\/hundtgroup.com\/wp-content\/uploads\/hundt_produkt_isolierbedarf_blindnieten.jpg\" alt=\"https:\/\/hundtgroup.com\/wp-content\/uploads\/hundt_produkt_isolierbedarf_blindnieten.jpg\" \/>\n    <\/div>\n\n    \n    \n    <div class=\"product-category-content\">\n\n            <div class=\"pxl-headline pxl-hl hl-wrap | hl--align-left hl--no-margin\">\n        <div class=\"hl-inner\">\n          <h3 class=\"hl-main hl-line |  hl_main--default\">Nity jednostronnie zamykane<\/h3>\n        <\/div>\n      <\/div>\n      \n      \n    \n    <\/div>\n<\/div><\/div><div  class='flex_column av-2v3dk-22a55ad910be2377f0d87621b855a120 av_one_fourth  avia-builder-el-12  el_after_av_one_fourth  el_before_av_one_fourth  flex_column_div  '     ><div class=\"product-category-wrap has-link has-image bg-green avia-link-column av-column-link\"  data-link-column-url=\"https:\/\/hundtgroup.com\/isolierbedarf\/haken-huelsen-schliessen\/\"   >\n\n    \n    <div class=\"product-category-img\">\n      <img decoding=\"async\" src=\"https:\/\/hundtgroup.com\/wp-content\/uploads\/hundt_produkt_isolierbedarf_haken-huelsen-schliessen.jpg\" alt=\"https:\/\/hundtgroup.com\/wp-content\/uploads\/hundt_produkt_isolierbedarf_haken-huelsen-schliessen.jpg\" \/>\n    <\/div>\n\n    \n    \n    <div class=\"product-category-content\">\n\n            <div class=\"pxl-headline pxl-hl hl-wrap | hl--align-left hl--no-margin\">\n        <div class=\"hl-inner\">\n          <h3 class=\"hl-main hl-line |  hl_main--default\">Haki, tulejki, zapi\u0119cia<\/h3>\n        <\/div>\n      <\/div>\n      \n      \n    \n    <\/div>\n<\/div><\/div><div  class='flex_column av-4vvs-a5430898ed22fadd6d06a6955902d409 av_one_fourth  avia-builder-el-14  el_after_av_one_fourth  el_before_av_one_fourth  flex_column_div  '     ><div class=\"product-category-wrap has-link has-image bg-green avia-link-column av-column-link\"  data-link-column-url=\"https:\/\/hundtgroup.com\/isolierbedarf\/kappenverschluesse\/\"   >\n\n    \n    <div class=\"product-category-img\">\n      <img decoding=\"async\" src=\"https:\/\/hundtgroup.com\/wp-content\/uploads\/hundt_produkt_isolierbedarf_kappenverschluesse.jpg\" alt=\"https:\/\/hundtgroup.com\/wp-content\/uploads\/hundt_produkt_isolierbedarf_kappenverschluesse.jpg\" \/>\n    <\/div>\n\n    \n    \n    <div class=\"product-category-content\">\n\n            <div class=\"pxl-headline pxl-hl hl-wrap | hl--align-left hl--no-margin\">\n        <div class=\"hl-inner\">\n          <h3 class=\"hl-main hl-line |  hl_main--default\">\u0141\u0105czniki ko\u0142pakowe<\/h3>\n        <\/div>\n      <\/div>\n      \n      \n    \n    <\/div>\n<\/div><\/div><div  class='flex_column av-sor0-520d6d0d3e766cf57c96c363d0476b70 av_one_fourth  avia-builder-el-16  el_after_av_one_fourth  el_before_av_codeblock  first flex_column_div  column-top-margin'     ><div class=\"product-category-wrap has-link has-image bg-green avia-link-column av-column-link\"  data-link-column-url=\"https:\/\/hundtgroup.com\/isolierbedarf\/spannbaender\/\"   >\n\n    \n    <div class=\"product-category-img\">\n      <img decoding=\"async\" src=\"https:\/\/hundtgroup.com\/wp-content\/uploads\/hundt_produkt_isolierbedarf_spannbaender.jpg\" alt=\"https:\/\/hundtgroup.com\/wp-content\/uploads\/hundt_produkt_isolierbedarf_spannbaender.jpg\" \/>\n    <\/div>\n\n    \n    \n    <div class=\"product-category-content\">\n\n            <div class=\"pxl-headline pxl-hl hl-wrap | hl--align-left hl--no-margin\">\n        <div class=\"hl-inner\">\n          <h3 class=\"hl-main hl-line |  hl_main--default\">Ta\u015bmy napinaj\u0105ce<\/h3>\n        <\/div>\n      <\/div>\n      \n      \n    \n    <\/div>\n<\/div><\/div>\n\n[av_section min_height='' min_height_pc='25' min_height_px='500px' padding='default' custom_margin='0px' custom_margin_sync='true' svg_div_top='' svg_div_top_color='#333333' svg_div_top_width='100' svg_div_top_height='50' svg_div_top_max_height='none' svg_div_top_opacity='' svg_div_bottom='' svg_div_bottom_color='#333333' svg_div_bottom_width='100' svg_div_bottom_height='50' svg_div_bottom_max_height='none' svg_div_bottom_opacity='' color='alternate_color' background='bg_color' custom_bg='' background_gradient_direction='vertical' background_gradient_color1='#000000' background_gradient_color2='#ffffff' background_gradient_color3='' src='' attachment='' attachment_size='' attach='scroll' position='top left' repeat='no-repeat' video='' video_ratio='16:9' overlay_opacity='0.5' overlay_color='' overlay_pattern='' overlay_custom_pattern='' shadow='no-border-styling' bottom_border='no-border-styling' bottom_border_diagonal_color='#333333' bottom_border_diagonal_direction='' bottom_border_style='' custom_arrow_bg='' id='' custom_class='' template_class='' aria_label='' av_element_hidden_in_editor='0' av_uid='av-1ypnr' sc_version='1.0']\n\n[av_one_full first min_height='' vertical_alignment='av-align-top' space='' row_boxshadow='' row_boxshadow_color='' row_boxshadow_width='10' custom_margin='' margin='0px' mobile_breaking='' mobile_column_order='' min_col_height='' padding='' svg_div_top='' svg_div_top_color='#333333' svg_div_top_width='100' svg_div_top_height='50' svg_div_top_max_height='none' svg_div_top_flip='' svg_div_top_invert='' svg_div_top_front='' svg_div_top_opacity='' svg_div_top_preview='' svg_div_bottom='' svg_div_bottom_color='#333333' svg_div_bottom_width='100' svg_div_bottom_height='50' svg_div_bottom_max_height='none' svg_div_bottom_flip='' svg_div_bottom_invert='' svg_div_bottom_front='' svg_div_bottom_opacity='' svg_div_bottom_preview='' border='' border_style='solid' border_color='' radius='' column_boxshadow='' column_boxshadow_color='' column_boxshadow_width='10' background='bg_color' background_color='' background_gradient_direction='vertical' background_gradient_color1='#000000' background_gradient_color2='#ffffff' background_gradient_color3='' src='' background_position='top left' background_repeat='no-repeat' highlight='' highlight_size='' animation='' link='' linktarget='' link_hover='' title_attr='' alt_attr='' mobile_display='' mobile_col_pos='0' id='' custom_class='' template_class='' aria_label='' av_uid='av-yfkb' sc_version='1.0']\n\n[pixel_sc_headline hl_main='Z przyjemno\u015bci\u0105 z\u0142o\u017cymy Ci <span>ofert\u0119!<\/span>' hl_main_tag='h2' hl_sub_check='top' hl_sub='Tw\u00f3j kontakt z nami' hl_sub_bg='grey' hl_sub_tag='span' align='left' hl_main_alias='default' hl_main_class='' hl_sub_alias='default' hl_sub_class='' hl_margin='hl--no-margin' hl_link='' hl_target='' custom_class='' template_class='' av_uid='av-kybixar1' sc_version='1.0']\n\n[\/av_one_full][av_one_third first min_height='' vertical_alignment='av-align-top' space='' row_boxshadow_color='' row_boxshadow_width='10' margin='0px' margin_sync='true' mobile_breaking='' mobile_column_order='' min_col_height='' padding='' padding_sync='true' svg_div_top='' svg_div_top_color='#333333' svg_div_top_width='100' svg_div_top_height='50' svg_div_top_max_height='none' svg_div_top_opacity='' svg_div_bottom='' svg_div_bottom_color='#333333' svg_div_bottom_width='100' svg_div_bottom_height='50' svg_div_bottom_max_height='none' svg_div_bottom_opacity='' border='' border_style='solid' border_color='' radius='' radius_sync='true' column_boxshadow_color='' column_boxshadow_width='10' background='bg_color' background_color='' background_gradient_direction='vertical' background_gradient_color1='#000000' background_gradient_color2='#ffffff' background_gradient_color3='' src='' attachment='' attachment_size='' background_position='top left' background_repeat='no-repeat' highlight_size='1.1' animation='' link='' linktarget='' link_hover='' title_attr='' alt_attr='' mobile_display='' mobile_col_pos='0' id='' custom_class='cf-infobox' template_class='' aria_label='' av_uid='av-1fbz3' sc_version='1.0']\n\n[av_textblock textblock_styling_align='' textblock_styling='' textblock_styling_gap='' textblock_styling_mobile='' size='' av-medium-font-size='' av-small-font-size='' av-mini-font-size='' font_color='' color='' id='' custom_class='' template_class='' av_uid='av-kybn8262' sc_version='1.0' admin_preview_bg='']\n<h4>Wilhelm Hundt GmbH<\/h4>\nSchwabhausen 25, 42349 Wuppertal\n\n<strong>Tel:<\/strong> <a href=\"tel:0202%20430448-0\">+49 202 430448-0<\/a>\n<strong>Faks:<\/strong> +49 202 430448-20\n<a href=\"mailto:info@hundt.de\">info@hundt.de<\/a>\n\n<strong>Godziny pracy biura<\/strong>\npon.-czw. 7-17 h\npi\u0105t. 7-14 h\n[\/av_textblock]\n\n[av_social_share title='' buttons='custom' btn_action='profile' share_facebook='aviaTBshare_facebook' share_linkedin='aviaTBshare_linkedin' yelp_link='https:\/\/www.yelp.com' facebook_profile='https:\/\/de-de.facebook.com\/WilhelmHundtGmbH\/' twitter_profile='' whatsapp_profile='' pinterest_profile='' reddit_profile='' linkedin_profile='https:\/\/de.linkedin.com\/company\/wilhelm-hundt-gmbh?trk=public_profile_experience-item_profile-section-card_subtitle-click' tumblr_profile='' vk_profile='' mail_profile='' yelp_profile='' five_100_px_profile='' behance_profile='' dribbble_profile='' flickr_profile='' instagram_profile='' skype_profile='' soundcloud_profile='' vimeo_profile='' xing_profile='' youtube_profile='' style='av-social-sharing-box-circle' alignment='' alb_description='' id='' custom_class='' template_class='' av_uid='av-kznw6i99' sc_version='1.0' admin_preview_bg='']\n\n[\/av_one_third][av_two_third min_height='' vertical_alignment='av-align-top' space='' row_boxshadow_color='' row_boxshadow_width='10' margin='0px' margin_sync='true' mobile_breaking='' mobile_column_order='' min_col_height='' padding='' padding_sync='true' svg_div_top='' svg_div_top_color='#333333' svg_div_top_width='100' svg_div_top_height='50' svg_div_top_max_height='none' svg_div_top_opacity='' svg_div_bottom='' svg_div_bottom_color='#333333' svg_div_bottom_width='100' svg_div_bottom_height='50' svg_div_bottom_max_height='none' svg_div_bottom_opacity='' border='' border_style='solid' border_color='' radius='' radius_sync='true' column_boxshadow_color='' column_boxshadow_width='10' background='bg_color' background_color='' background_gradient_direction='vertical' background_gradient_color1='#000000' background_gradient_color2='#ffffff' background_gradient_color3='' src='' attachment='' attachment_size='' background_position='top left' background_repeat='no-repeat' highlight_size='1.1' animation='' link='' linktarget='' link_hover='' title_attr='' alt_attr='' mobile_display='' mobile_col_pos='0' id='' custom_class='cf-form' template_class='' aria_label='' av_uid='av-qx6z' sc_version='1.0']\n\n[av_codeblock wrapper_element='' wrapper_element_attributes='' codeblock_type='' alb_description='' id='' custom_class='' template_class='' av_uid='av-kybiq5f2' sc_version='1.0']\n[contact-form-7 id=\"434\" title=\"Kontakt-Formular\"]\n[\/av_codeblock]\n\n[\/av_two_third][\/av_section]\n","protected":false},"excerpt":{"rendered":"","protected":false},"author":1,"featured_media":0,"parent":2280,"menu_order":0,"comment_status":"closed","ping_status":"closed","template":"","meta":{"_acf_changed":false,"inline_featured_image":false,"footnotes":""},"class_list":["post-2562","page","type-page","status-publish","hentry"],"acf":[],"yoast_head":"<!-- This site is optimized with the Yoast SEO plugin v27.3 - https:\/\/yoast.com\/product\/yoast-seo-wordpress\/ -->\n<title>Wymagania dotycz\u0105ce izolacji dla przemys\u0142u i handlu<\/title>\n<meta name=\"description\" content=\"Wkr\u0119ty samogwintuj\u0105ce \u2713 Nity zrywalne \u2713 Haki, tuleje i zapi\u0119cia \u2713 Zapi\u0119cia ko\u0142pakowe \u2713 Paski napinaj\u0105ce \u25ba Odkryj teraz!\" \/>\n<meta name=\"robots\" content=\"index, follow, max-snippet:-1, max-image-preview:large, max-video-preview:-1\" \/>\n<link rel=\"canonical\" href=\"https:\/\/hundtgroup.com\/pl\/wymagania-dotyczace-izolacji\/przeglad-wymagan-izolacyjnych\/\" \/>\n<meta property=\"og:locale\" content=\"pl_PL\" \/>\n<meta property=\"og:type\" content=\"article\" \/>\n<meta property=\"og:title\" content=\"Wymagania dotycz\u0105ce izolacji dla przemys\u0142u i handlu\" \/>\n<meta property=\"og:description\" content=\"Wkr\u0119ty samogwintuj\u0105ce \u2713 Nity zrywalne \u2713 Haki, tuleje i zapi\u0119cia \u2713 Zapi\u0119cia ko\u0142pakowe \u2713 Paski napinaj\u0105ce \u25ba Odkryj teraz!\" \/>\n<meta property=\"og:url\" content=\"https:\/\/hundtgroup.com\/pl\/wymagania-dotyczace-izolacji\/przeglad-wymagan-izolacyjnych\/\" \/>\n<meta property=\"og:site_name\" content=\"Wilhelm Hundt GmbH\" \/>\n<meta property=\"article:modified_time\" content=\"2025-06-26T09:59:57+00:00\" \/>\n<meta name=\"twitter:card\" content=\"summary_large_image\" \/>\n<meta name=\"twitter:label1\" content=\"Szacowany czas czytania\" \/>\n\t<meta name=\"twitter:data1\" content=\"14 minuta\" \/>\n<script type=\"application\/ld+json\" class=\"yoast-schema-graph\">{\"@context\":\"https:\\\/\\\/schema.org\",\"@graph\":[{\"@type\":\"WebPage\",\"@id\":\"https:\\\/\\\/hundtgroup.com\\\/pl\\\/wymagania-dotyczace-izolacji\\\/przeglad-wymagan-izolacyjnych\\\/\",\"url\":\"https:\\\/\\\/hundtgroup.com\\\/pl\\\/wymagania-dotyczace-izolacji\\\/przeglad-wymagan-izolacyjnych\\\/\",\"name\":\"Wymagania dotycz\u0105ce izolacji dla przemys\u0142u i handlu\",\"isPartOf\":{\"@id\":\"https:\\\/\\\/hundtgroup.com\\\/pl\\\/#website\"},\"datePublished\":\"2022-01-19T11:58:57+00:00\",\"dateModified\":\"2025-06-26T09:59:57+00:00\",\"description\":\"Wkr\u0119ty samogwintuj\u0105ce \u2713 Nity zrywalne \u2713 Haki, tuleje i zapi\u0119cia \u2713 Zapi\u0119cia ko\u0142pakowe \u2713 Paski napinaj\u0105ce \u25ba Odkryj teraz!\",\"breadcrumb\":{\"@id\":\"https:\\\/\\\/hundtgroup.com\\\/pl\\\/wymagania-dotyczace-izolacji\\\/przeglad-wymagan-izolacyjnych\\\/#breadcrumb\"},\"inLanguage\":\"pl-PL\",\"potentialAction\":[{\"@type\":\"ReadAction\",\"target\":[\"https:\\\/\\\/hundtgroup.com\\\/pl\\\/wymagania-dotyczace-izolacji\\\/przeglad-wymagan-izolacyjnych\\\/\"]}]},{\"@type\":\"BreadcrumbList\",\"@id\":\"https:\\\/\\\/hundtgroup.com\\\/pl\\\/wymagania-dotyczace-izolacji\\\/przeglad-wymagan-izolacyjnych\\\/#breadcrumb\",\"itemListElement\":[{\"@type\":\"ListItem\",\"position\":1,\"name\":\"Startseite\",\"item\":\"https:\\\/\\\/hundtgroup.com\\\/pl\\\/strona-glowna-nowa\\\/\"},{\"@type\":\"ListItem\",\"position\":2,\"name\":\"Wymagania dotycz\u0105ce izolacji\",\"item\":\"https:\\\/\\\/hundtgroup.com\\\/pl\\\/wymagania-dotyczace-izolacji\\\/\"},{\"@type\":\"ListItem\",\"position\":3,\"name\":\"Przegl\u0105d wymaga\u0144 izolacyjnych\"}]},{\"@type\":\"WebSite\",\"@id\":\"https:\\\/\\\/hundtgroup.com\\\/pl\\\/#website\",\"url\":\"https:\\\/\\\/hundtgroup.com\\\/pl\\\/\",\"name\":\"Wilhelm Hundt GmbH\",\"description\":\"Specjalista od maszyn i narz\u0119dzi do obr\u00f3bki blachy\",\"potentialAction\":[{\"@type\":\"SearchAction\",\"target\":{\"@type\":\"EntryPoint\",\"urlTemplate\":\"https:\\\/\\\/hundtgroup.com\\\/pl\\\/?s={search_term_string}\"},\"query-input\":{\"@type\":\"PropertyValueSpecification\",\"valueRequired\":true,\"valueName\":\"search_term_string\"}}],\"inLanguage\":\"pl-PL\"}]}<\/script>\n<!-- \/ Yoast SEO plugin. -->","yoast_head_json":{"title":"Wymagania dotycz\u0105ce izolacji dla przemys\u0142u i handlu","description":"Wkr\u0119ty samogwintuj\u0105ce \u2713 Nity zrywalne \u2713 Haki, tuleje i zapi\u0119cia \u2713 Zapi\u0119cia ko\u0142pakowe \u2713 Paski napinaj\u0105ce \u25ba Odkryj teraz!","robots":{"index":"index","follow":"follow","max-snippet":"max-snippet:-1","max-image-preview":"max-image-preview:large","max-video-preview":"max-video-preview:-1"},"canonical":"https:\/\/hundtgroup.com\/pl\/wymagania-dotyczace-izolacji\/przeglad-wymagan-izolacyjnych\/","og_locale":"pl_PL","og_type":"article","og_title":"Wymagania dotycz\u0105ce izolacji dla przemys\u0142u i handlu","og_description":"Wkr\u0119ty samogwintuj\u0105ce \u2713 Nity zrywalne \u2713 Haki, tuleje i zapi\u0119cia \u2713 Zapi\u0119cia ko\u0142pakowe \u2713 Paski napinaj\u0105ce \u25ba Odkryj teraz!","og_url":"https:\/\/hundtgroup.com\/pl\/wymagania-dotyczace-izolacji\/przeglad-wymagan-izolacyjnych\/","og_site_name":"Wilhelm Hundt GmbH","article_modified_time":"2025-06-26T09:59:57+00:00","twitter_card":"summary_large_image","twitter_misc":{"Szacowany czas czytania":"14 minuta"},"schema":{"@context":"https:\/\/schema.org","@graph":[{"@type":"WebPage","@id":"https:\/\/hundtgroup.com\/pl\/wymagania-dotyczace-izolacji\/przeglad-wymagan-izolacyjnych\/","url":"https:\/\/hundtgroup.com\/pl\/wymagania-dotyczace-izolacji\/przeglad-wymagan-izolacyjnych\/","name":"Wymagania dotycz\u0105ce izolacji dla przemys\u0142u i handlu","isPartOf":{"@id":"https:\/\/hundtgroup.com\/pl\/#website"},"datePublished":"2022-01-19T11:58:57+00:00","dateModified":"2025-06-26T09:59:57+00:00","description":"Wkr\u0119ty samogwintuj\u0105ce \u2713 Nity zrywalne \u2713 Haki, tuleje i zapi\u0119cia \u2713 Zapi\u0119cia ko\u0142pakowe \u2713 Paski napinaj\u0105ce \u25ba Odkryj teraz!","breadcrumb":{"@id":"https:\/\/hundtgroup.com\/pl\/wymagania-dotyczace-izolacji\/przeglad-wymagan-izolacyjnych\/#breadcrumb"},"inLanguage":"pl-PL","potentialAction":[{"@type":"ReadAction","target":["https:\/\/hundtgroup.com\/pl\/wymagania-dotyczace-izolacji\/przeglad-wymagan-izolacyjnych\/"]}]},{"@type":"BreadcrumbList","@id":"https:\/\/hundtgroup.com\/pl\/wymagania-dotyczace-izolacji\/przeglad-wymagan-izolacyjnych\/#breadcrumb","itemListElement":[{"@type":"ListItem","position":1,"name":"Startseite","item":"https:\/\/hundtgroup.com\/pl\/strona-glowna-nowa\/"},{"@type":"ListItem","position":2,"name":"Wymagania dotycz\u0105ce izolacji","item":"https:\/\/hundtgroup.com\/pl\/wymagania-dotyczace-izolacji\/"},{"@type":"ListItem","position":3,"name":"Przegl\u0105d wymaga\u0144 izolacyjnych"}]},{"@type":"WebSite","@id":"https:\/\/hundtgroup.com\/pl\/#website","url":"https:\/\/hundtgroup.com\/pl\/","name":"Wilhelm Hundt GmbH","description":"Specjalista od maszyn i narz\u0119dzi do obr\u00f3bki blachy","potentialAction":[{"@type":"SearchAction","target":{"@type":"EntryPoint","urlTemplate":"https:\/\/hundtgroup.com\/pl\/?s={search_term_string}"},"query-input":{"@type":"PropertyValueSpecification","valueRequired":true,"valueName":"search_term_string"}}],"inLanguage":"pl-PL"}]}},"_links":{"self":[{"href":"https:\/\/hundtgroup.com\/pl\/wp-json\/wp\/v2\/pages\/2562","targetHints":{"allow":["GET"]}}],"collection":[{"href":"https:\/\/hundtgroup.com\/pl\/wp-json\/wp\/v2\/pages"}],"about":[{"href":"https:\/\/hundtgroup.com\/pl\/wp-json\/wp\/v2\/types\/page"}],"author":[{"embeddable":true,"href":"https:\/\/hundtgroup.com\/pl\/wp-json\/wp\/v2\/users\/1"}],"replies":[{"embeddable":true,"href":"https:\/\/hundtgroup.com\/pl\/wp-json\/wp\/v2\/comments?post=2562"}],"version-history":[{"count":0,"href":"https:\/\/hundtgroup.com\/pl\/wp-json\/wp\/v2\/pages\/2562\/revisions"}],"up":[{"embeddable":true,"href":"https:\/\/hundtgroup.com\/pl\/wp-json\/wp\/v2\/pages\/2280"}],"wp:attachment":[{"href":"https:\/\/hundtgroup.com\/pl\/wp-json\/wp\/v2\/media?parent=2562"}],"curies":[{"name":"wp","href":"https:\/\/api.w.org\/{rel}","templated":true}]}}