{"id":2572,"date":"2022-01-24T14:54:58","date_gmt":"2022-01-24T13:54:58","guid":{"rendered":"https:\/\/hundt.pixel-tal.de\/produkty-trumpf\/narzedzia-specjalne\/"},"modified":"2025-08-11T09:38:35","modified_gmt":"2025-08-11T07:38:35","slug":"narzedzia-specjalne","status":"publish","type":"page","link":"https:\/\/hundtgroup.com\/pl\/produkty-trumpf\/narzedzia-specjalne\/","title":{"rendered":"Narz\u0119dzia specjalne"},"content":{"rendered":"<div id='av_section_1'  class='avia-section av-zht40-858917d9e3535e2b457dc5fe7752f67a main_color avia-section-default avia-no-border-styling  avia-builder-el-0  el_before_av_section  avia-builder-el-first  section-no-padding-bottom avia-bg-style-scroll container_wrap fullsize'  ><div class='container av-section-cont-open' ><main  role=\"main\" itemprop=\"mainContentOfPage\"  class='template-page content  av-content-full alpha units'><div class='post-entry post-entry-type-page post-entry-2572'><div class='entry-content-wrapper clearfix'>\n<div  class='flex_column av-t0zxs-f9cf766ab4065c16ac5c4c2661724cbd av_three_fourth  avia-builder-el-1  el_before_av_one_fourth  avia-builder-el-first  first flex_column_div  '     ><p><div class=\"pxl-headline pxl-hl hl-wrap | hl-sub--top hl--align-left hl--big-margin   \">\n    <div class=\"hl-inner\">\n            <h2 class=\"hl-main hl-line |  hl_main--default  \">Elektronarz\u0119dzia TRUMPF - Narz\u0119dzia specjalne<\/h2>\n            <div class=\"overline lightgrey\">\n              <span class=\"hl-sub hl-line |  hl_sub--default  \">Elektronarz\u0119dzia TRUMPF<\/span>\n              <span class=\"overline-slant\"><\/span>\n            <\/div>\n    <\/div>\n<\/div>\n<br \/>\n<section  class='av_textblock_section av-kylih11i-006c0321f021390e390e314204b5de69 '   itemscope=\"itemscope\" itemtype=\"https:\/\/schema.org\/CreativeWork\" ><div class='avia_textblock'  itemprop=\"text\" ><p>Czyszczenie p\u00f3\u0142ek podporowych jest \u017cmudnym, ale niezb\u0119dnym zadaniem w celu zagwarantowania niezawodno\u015bci procesu dla element\u00f3w wycinanych laserowo. Oszcz\u0119dno\u015b\u0107 czasu i pieni\u0119dzy bez utraty doskona\u0142ych wynik\u00f3w. Umo\u017cliwia to urz\u0105dzenie do czyszczenia listew no\u015bnych TRUMPF. Praktyczne urz\u0105dzenie mo\u017ce by\u0107 obs\u0142ugiwane przez specjalist\u0119 i zapewnia dok\u0142adne rezultaty.<\/p>\n<\/div><\/section><\/p><\/div><div  class='flex_column av-jfho0-27e81cae02eba217106ec50af1559ed2 av_one_fourth  avia-builder-el-4  el_after_av_three_fourth  avia-builder-el-last  flex_column_div  '     ><style type=\"text\/css\" data-created_by=\"avia_inline_auto\" id=\"style-css-av-d59dk-2e3b8bf3d8faebf633327f819248d35c\">\n.avia-image-container.av-d59dk-2e3b8bf3d8faebf633327f819248d35c img.avia_image{\nbox-shadow:none;\n}\n.avia-image-container.av-d59dk-2e3b8bf3d8faebf633327f819248d35c .av-image-caption-overlay-center{\ncolor:#ffffff;\n}\n<\/style>\n<div  class='avia-image-container av-d59dk-2e3b8bf3d8faebf633327f819248d35c av-styling- avia-align-center  avia-builder-el-5  avia-builder-el-no-sibling '   itemprop=\"image\" itemscope=\"itemscope\" itemtype=\"https:\/\/schema.org\/ImageObject\" ><div class=\"avia-image-container-inner\"><div class=\"avia-image-overlay-wrap\"><img decoding=\"async\" fetchpriority=\"high\" class='wp-image-1915 avia-img-lazy-loading-not-1915 avia_image ' src=\"https:\/\/hundtgroup.com\/wp-content\/uploads\/logo_trumpf-truetool-partner.jpg\" alt='' title='logo_trumpf-truetool-partner'  height=\"75\" width=\"244\"  itemprop=\"thumbnailUrl\"  \/><\/div><\/div><\/div><\/div>\n\n<\/div><\/div><\/main><!-- close content main element --><\/div><\/div><div id='av_section_2'  class='avia-section av-t8foo-40752b5a05ccf28e01553641bce76336 main_color avia-section-default avia-no-border-styling  avia-builder-el-6  el_after_av_section  el_before_av_section  section-no-padding-bottom avia-bg-style-scroll container_wrap fullsize'  ><div class='container av-section-cont-open' ><div class='template-page content  av-content-full alpha units'><div class='post-entry post-entry-type-page post-entry-2572'><div class='entry-content-wrapper clearfix'>\n<div  class='flex_column av-f77ew-d427f495480101f72e75887ffe852d71 av_one_full  avia-builder-el-7  el_before_av_codeblock  avia-builder-el-first  first flex_column_div  '     ><div class=\"pxl-headline pxl-hl hl-wrap | hl-sub--off hl--align-left hl--no-margin   \">\n    <div class=\"hl-inner\">\n            <h2 class=\"hl-main hl-line |  hl_main--default  \">\u015arodek do czyszczenia ta\u015bm no\u015bnych TRUMPF<\/h2>\n            <div class=\"overline lightgrey\">\n              \n              <span class=\"overline-slant\"><\/span>\n            <\/div>\n    <\/div>\n<\/div><\/div><div  class='flex_column av-ah71k-e43f12e32de5ee01f1bb2775386d6238 av_one_fourth  avia-builder-el-10  el_after_av_codeblock  el_before_av_one_fourth  first flex_column_div  '     ><div class=\"product-card-wrap has-link has-image avia-link-column av-column-link\"  data-link-column-url=\"\/it\/produkt\/trutool-tsc-100-pulitore-per-strisce-di-supporto\/\"   >\n\n    \n    <div class=\"product-card-img\">\n      <img decoding=\"async\" src=\"https:\/\/hundtgroup.com\/wp-content\/uploads\/hundt_produkt_trumpf_auflagenleisten-reiniger-TruTool-TSC-100.jpg\" alt=\"https:\/\/hundtgroup.com\/wp-content\/uploads\/hundt_produkt_trumpf_auflagenleisten-reiniger-TruTool-TSC-100.jpg\" \/>\n          <\/div>\n\n    \n    \n    <div class=\"product-card-content\">\n\n            <div class=\"pxl-headline pxl-hl hl-wrap | hl--align-left hl--no-margin\">\n        <div class=\"hl-inner\">\n          <h3 class=\"hl-main hl-line |  hl_main--default\">TRUMPF TruTool TSC 100 - \u015brodek do czyszczenia ta\u015bm no\u015bnych<\/h3>\n        <\/div>\n      <\/div>\n      \n            <p>\u015arodek do czyszczenia gzyms\u00f3w dok\u0142adnie usuwa \u017cu\u017cel z gzyms\u00f3w wycinarki laserowej. Pozwala to na kilkukrotne wyczyszczenie listew przed konieczno\u015bci\u0105 ich wymiany.<\/p>\n      \n    \n    <\/div>\n\n        <div class=\"avia-button-wrap green avia-button-left\">\n      <a class=\"avia-button avia-color-theme-color avia-icon_select-no avia-size-medium avia-position-left\" href=\"\/it\/produkt\/trutool-tsc-100-pulitore-per-strisce-di-supporto\/\" target=\"\"><span class=\"avia_iconbox_title\">Do sklepu<\/span><\/a>\n    <\/div>\n    \n<\/div><\/div><div  class='flex_column av-70p08-a7cb2cac3f6e13518364ca201a6c69c1 av_one_fourth  avia-builder-el-12  el_after_av_one_fourth  el_before_av_codeblock  flex_column_div  '     ><div class=\"product-card-wrap has-link has-image avia-link-column av-column-link\"  data-link-column-url=\"\/pl\/produkt\/srodek-do-czyszczenia-tasm-nosnych-trutool-tsc-200\/\"   >\n\n    \n    <div class=\"product-card-img\">\n      <img decoding=\"async\" src=\"https:\/\/hundtgroup.com\/wp-content\/uploads\/TSC-200-3-e1752504082850.png\" alt=\"https:\/\/hundtgroup.com\/wp-content\/uploads\/TSC-200-3-e1752504082850.png\" \/>\n          <\/div>\n\n    \n    \n    <div class=\"product-card-content\">\n\n            <div class=\"pxl-headline pxl-hl hl-wrap | hl--align-left hl--no-margin\">\n        <div class=\"hl-inner\">\n          <h3 class=\"hl-main hl-line |  hl_main--default\">TRUMPF TruTool TSC 200 - narz\u0119dzie do czyszczenia ta\u015bm no\u015bnych<\/h3>\n        <\/div>\n      <\/div>\n      \n            <p>\u015arodek do czyszczenia gzyms\u00f3w dok\u0142adnie usuwa \u017cu\u017cel z gzyms\u00f3w wycinarki laserowej. Pozwala to na kilkukrotne wyczyszczenie listew przed konieczno\u015bci\u0105 ich wymiany.<\/p>\n      \n    \n    <\/div>\n\n        <div class=\"avia-button-wrap green avia-button-left\">\n      <a class=\"avia-button avia-color-theme-color avia-icon_select-no avia-size-medium avia-position-left\" href=\"\/pl\/produkt\/srodek-do-czyszczenia-tasm-nosnych-trutool-tsc-200\/\" target=\"\"><span class=\"avia_iconbox_title\">Do sklepu<\/span><\/a>\n    <\/div>\n    \n<\/div><\/div>\n<\/div><\/div><\/div><!-- close content main div --><\/div><\/div><div id='av_section_3'  class='avia-section av-r1bwo-83f932265d6a37812165336ac7c44330 main_color avia-section-default avia-no-border-styling  avia-builder-el-15  el_after_av_section  el_before_av_postcontent  avia-bg-style-scroll container_wrap fullsize'  ><div class='container av-section-cont-open' ><div class='template-page content  av-content-full alpha units'><div class='post-entry post-entry-type-page post-entry-2572'><div class='entry-content-wrapper clearfix'>\n<div  class='flex_column av-mh8i0-a1a515540c28683ace687a9b791efd03 av_one_full  avia-builder-el-16  el_before_av_one_half  avia-builder-el-first  first flex_column_div  '     ><div class=\"pxl-headline pxl-hl hl-wrap | hl-sub--off hl--align-left hl--no-margin   \">\n    <div class=\"hl-inner\">\n            <h2 class=\"hl-main hl-line |  hl_main--default  \">Filmy o produktach<\/h2>\n            <div class=\"overline lightgrey\">\n              \n              <span class=\"overline-slant\"><\/span>\n            <\/div>\n    <\/div>\n<\/div><\/div><div  class='flex_column av-8a41c-fee73c3f0ea4e124dbe9497756cb8191 av_one_half  avia-builder-el-18  el_after_av_one_full  avia-builder-el-last  first flex_column_div  column-top-margin'     ><p><div  class='avia-video av-kyx1f7oo-eeed1ec6318ccda2936d1b7d435425fa avia-video-16-9 av-no-preview-image avia-video-load-always av-lazyload-immediate av-lazyload-video-embed'  itemprop=\"video\" itemtype=\"https:\/\/schema.org\/VideoObject\"  data-original_url='https:\/\/www.youtube.com\/watch?v=yg72hRxDI7M'><script type='text\/html' class='av-video-tmpl'> <div class=\"brlbs-cmpnt-container brlbs-cmpnt-content-blocker brlbs-cmpnt-with-individual-styles\" data-borlabs-cookie-content-blocker-id=\"youtube-content-blocker\" data-borlabs-cookie-content=\"PGRpdiBjbGFzcz0nYXZpYS1pZnJhbWUtd3JhcCc+PGlmcmFtZSB0aXRsZT0iVFJVTVBGIEVsZWt0cm93ZXJremV1Z2U6IFRydVRvb2wgVFNDIDEwMCAtIEdhcmFudCBmw7xyIHNhdWJlcmUgQXVmbGFnZWxlaXN0ZW4iIHdpZHRoPSIxNTAwIiBoZWlnaHQ9Ijg0NCIgc3JjPSJodHRwczovL3d3dy55b3V0dWJlLW5vY29va2llLmNvbS9lbWJlZC95ZzcyaFJ4REk3TT9mZWF0dXJlPW9lbWJlZCIgZnJhbWVib3JkZXI9IjAiIGFsbG93PSJhY2NlbGVyb21ldGVyOyBhdXRvcGxheTsgY2xpcGJvYXJkLXdyaXRlOyBlbmNyeXB0ZWQtbWVkaWE7IGd5cm9zY29wZTsgcGljdHVyZS1pbi1waWN0dXJlIiBhbGxvd2Z1bGxzY3JlZW4+PC9pZnJhbWU+PC9kaXY+\"><div class=\"brlbs-cmpnt-cb-preset-c brlbs-cmpnt-cb-youtube\"> <div class=\"brlbs-cmpnt-cb-thumbnail\" style=\"background-image: url('https:\/\/hundtgroup.com\/wp-content\/uploads\/borlabs-cookie\/1\/yt_yg72hRxDI7M_hqdefault.jpg')\"><\/div> <div class=\"brlbs-cmpnt-cb-main\"> <div class=\"brlbs-cmpnt-cb-play-button\"><\/div> <div class=\"brlbs-cmpnt-cb-content\"> <p class=\"brlbs-cmpnt-cb-description\">Aktualnie wy\u015bwietlana jest tre\u015b\u0107 zast\u0119pcza z <strong>YouTube<\/strong>. Aby uzyska\u0107 dost\u0119p do rzeczywistej tre\u015bci, kliknij poni\u017cszy przycisk. Pami\u0119taj, \u017ce spowoduje to udost\u0119pnienie danych zewn\u0119trznym operatorom.<\/p> <a class=\"brlbs-cmpnt-cb-provider-toggle\" href=\"#\" data-borlabs-cookie-show-provider-information role=\"button\">Wi\u0119cej informacji<\/a> <\/div> <div class=\"brlbs-cmpnt-cb-buttons\"> <a class=\"brlbs-cmpnt-cb-btn\" href=\"#\" data-borlabs-cookie-unblock role=\"button\">Odblokuj tre\u015b\u0107<\/a> <a class=\"brlbs-cmpnt-cb-btn\" href=\"#\" data-borlabs-cookie-accept-service role=\"button\" style=\"display: inherit\">Zaakceptuj wymagan\u0105 us\u0142ug\u0119 i odblokuj tre\u015bci<\/a> <\/div> <\/div> <\/div><\/div><\/script><div class='av-click-to-play-overlay'><div class=\"avia_playpause_icon\"><\/div><\/div><\/div><br \/>\n<section  class='av_textblock_section av-kyx1fnmr-56921770da2120c8219afa6ae97598b7 '   itemscope=\"itemscope\" itemtype=\"https:\/\/schema.org\/CreativeWork\" ><div class='avia_textblock'  itemprop=\"text\" ><p>Urz\u0105dzenie do czyszczenia listew podporowych <strong>TRUMPF: TruTool TSC 100<\/strong><br \/>\nCzyste listwy podporowe zwi\u0119kszaj\u0105 bezpiecze\u0144stwo procesu, a tym samym jako\u015b\u0107 produkowanych detali. Oczyszczarka do listew podporowych TruTool TSC 100 umo\u017cliwia wielokrotne czyszczenie listew podporowych przed ich wymian\u0105. Maszyna nadaje si\u0119 do szerokiej gamy materia\u0142\u00f3w, w tym stali nierdzewnej.<\/p>\n<\/div><\/section><\/p><\/div>\n<\/p>\n[av_section min_height='' min_height_pc='25' min_height_px='500px' padding='default' custom_margin='0px' custom_margin_sync='true' svg_div_top='' svg_div_top_color='#333333' svg_div_top_width='100' svg_div_top_height='50' svg_div_top_max_height='none' svg_div_top_opacity='' svg_div_bottom='' svg_div_bottom_color='#333333' svg_div_bottom_width='100' svg_div_bottom_height='50' svg_div_bottom_max_height='none' svg_div_bottom_opacity='' color='alternate_color' background='bg_color' custom_bg='' background_gradient_direction='vertical' background_gradient_color1='#000000' background_gradient_color2='#ffffff' background_gradient_color3='' src='' attachment='' attachment_size='' attach='scroll' position='top left' repeat='no-repeat' video='' video_ratio='16:9' overlay_opacity='0.5' overlay_color='' overlay_pattern='' overlay_custom_pattern='' shadow='no-border-styling' bottom_border='no-border-styling' bottom_border_diagonal_color='#333333' bottom_border_diagonal_direction='' bottom_border_style='' custom_arrow_bg='' id='' custom_class='' template_class='' aria_label='' av_element_hidden_in_editor='0' av_uid='av-1ypnr' sc_version='1.0']\n\n[av_one_full first min_height='' vertical_alignment='av-align-top' space='' row_boxshadow='' row_boxshadow_color='' row_boxshadow_width='10' custom_margin='' margin='0px' mobile_breaking='' mobile_column_order='' min_col_height='' padding='' svg_div_top='' svg_div_top_color='#333333' svg_div_top_width='100' svg_div_top_height='50' svg_div_top_max_height='none' svg_div_top_flip='' svg_div_top_invert='' svg_div_top_front='' svg_div_top_opacity='' svg_div_top_preview='' svg_div_bottom='' svg_div_bottom_color='#333333' svg_div_bottom_width='100' svg_div_bottom_height='50' svg_div_bottom_max_height='none' svg_div_bottom_flip='' svg_div_bottom_invert='' svg_div_bottom_front='' svg_div_bottom_opacity='' svg_div_bottom_preview='' border='' border_style='solid' border_color='' radius='' column_boxshadow='' column_boxshadow_color='' column_boxshadow_width='10' background='bg_color' background_color='' background_gradient_direction='vertical' background_gradient_color1='#000000' background_gradient_color2='#ffffff' background_gradient_color3='' src='' background_position='top left' background_repeat='no-repeat' highlight='' highlight_size='' animation='' link='' linktarget='' link_hover='' title_attr='' alt_attr='' mobile_display='' mobile_col_pos='0' id='' custom_class='' template_class='' aria_label='' av_uid='av-yfkb' sc_version='1.0']\n\n[pixel_sc_headline hl_main='Z przyjemno\u015bci\u0105 z\u0142o\u017cymy Ci <span>ofert\u0119!<\/span>' hl_main_tag='h2' hl_sub_check='top' hl_sub='Tw\u00f3j kontakt z nami' hl_sub_bg='grey' hl_sub_tag='span' align='left' hl_main_alias='default' hl_main_class='' hl_sub_alias='default' hl_sub_class='' hl_margin='hl--no-margin' hl_link='' hl_target='' custom_class='' template_class='' av_uid='av-kybixar1' sc_version='1.0']\n\n[\/av_one_full][av_one_third first min_height='' vertical_alignment='av-align-top' space='' row_boxshadow_color='' row_boxshadow_width='10' margin='0px' margin_sync='true' mobile_breaking='' mobile_column_order='' min_col_height='' padding='' padding_sync='true' svg_div_top='' svg_div_top_color='#333333' svg_div_top_width='100' svg_div_top_height='50' svg_div_top_max_height='none' svg_div_top_opacity='' svg_div_bottom='' svg_div_bottom_color='#333333' svg_div_bottom_width='100' svg_div_bottom_height='50' svg_div_bottom_max_height='none' svg_div_bottom_opacity='' border='' border_style='solid' border_color='' radius='' radius_sync='true' column_boxshadow_color='' column_boxshadow_width='10' background='bg_color' background_color='' background_gradient_direction='vertical' background_gradient_color1='#000000' background_gradient_color2='#ffffff' background_gradient_color3='' src='' attachment='' attachment_size='' background_position='top left' background_repeat='no-repeat' highlight_size='1.1' animation='' link='' linktarget='' link_hover='' title_attr='' alt_attr='' mobile_display='' mobile_col_pos='0' id='' custom_class='cf-infobox' template_class='' aria_label='' av_uid='av-1fbz3' sc_version='1.0']\n\n[av_textblock textblock_styling_align='' textblock_styling='' textblock_styling_gap='' textblock_styling_mobile='' size='' av-medium-font-size='' av-small-font-size='' av-mini-font-size='' font_color='' color='' id='' custom_class='' template_class='' av_uid='av-kybn8262' sc_version='1.0' admin_preview_bg='']\n<h4>Wilhelm Hundt GmbH<\/h4>\nSchwabhausen 25, 42349 Wuppertal\n\n<strong>Tel:<\/strong> <a href=\"tel:0202%20430448-0\">+49 202 430448-0<\/a>\n<strong>Faks:<\/strong> +49 202 430448-20\n<a href=\"mailto:info@hundt.de\">info@hundt.de<\/a>\n\n<strong>Godziny pracy biura<\/strong>\npon.-czw. 7-17 h\npi\u0105t. 7-14 h\n[\/av_textblock]\n\n[av_social_share title='' buttons='custom' btn_action='profile' share_facebook='aviaTBshare_facebook' share_linkedin='aviaTBshare_linkedin' yelp_link='https:\/\/www.yelp.com' facebook_profile='https:\/\/de-de.facebook.com\/WilhelmHundtGmbH\/' twitter_profile='' whatsapp_profile='' pinterest_profile='' reddit_profile='' linkedin_profile='https:\/\/de.linkedin.com\/company\/wilhelm-hundt-gmbh?trk=public_profile_experience-item_profile-section-card_subtitle-click' tumblr_profile='' vk_profile='' mail_profile='' yelp_profile='' five_100_px_profile='' behance_profile='' dribbble_profile='' flickr_profile='' instagram_profile='' skype_profile='' soundcloud_profile='' vimeo_profile='' xing_profile='' youtube_profile='' style='av-social-sharing-box-circle' alignment='' alb_description='' id='' custom_class='' template_class='' av_uid='av-kznw6i99' sc_version='1.0' admin_preview_bg='']\n\n[\/av_one_third][av_two_third min_height='' vertical_alignment='av-align-top' space='' row_boxshadow_color='' row_boxshadow_width='10' margin='0px' margin_sync='true' mobile_breaking='' mobile_column_order='' min_col_height='' padding='' padding_sync='true' svg_div_top='' svg_div_top_color='#333333' svg_div_top_width='100' svg_div_top_height='50' svg_div_top_max_height='none' svg_div_top_opacity='' svg_div_bottom='' svg_div_bottom_color='#333333' svg_div_bottom_width='100' svg_div_bottom_height='50' svg_div_bottom_max_height='none' svg_div_bottom_opacity='' border='' border_style='solid' border_color='' radius='' radius_sync='true' column_boxshadow_color='' column_boxshadow_width='10' background='bg_color' background_color='' background_gradient_direction='vertical' background_gradient_color1='#000000' background_gradient_color2='#ffffff' background_gradient_color3='' src='' attachment='' attachment_size='' background_position='top left' background_repeat='no-repeat' highlight_size='1.1' animation='' link='' linktarget='' link_hover='' title_attr='' alt_attr='' mobile_display='' mobile_col_pos='0' id='' custom_class='cf-form' template_class='' aria_label='' av_uid='av-qx6z' sc_version='1.0']\n\n[av_codeblock wrapper_element='' wrapper_element_attributes='' codeblock_type='' alb_description='' id='' custom_class='' template_class='' av_uid='av-kybiq5f2' sc_version='1.0']\n[contact-form-7 id=\"434\" title=\"Kontakt-Formular\"]\n[\/av_codeblock]\n\n[\/av_two_third][\/av_section]\n","protected":false},"excerpt":{"rendered":"","protected":false},"author":1,"featured_media":0,"parent":2312,"menu_order":3,"comment_status":"closed","ping_status":"closed","template":"","meta":{"_acf_changed":false,"inline_featured_image":false,"footnotes":""},"class_list":["post-2572","page","type-page","status-publish","hentry"],"acf":[],"yoast_head":"<!-- This site is optimized with the Yoast SEO plugin v27.3 - https:\/\/yoast.com\/product\/yoast-seo-wordpress\/ -->\n<title>Narz\u0119dzia specjalne Trumpf w Hundt<\/title>\n<meta name=\"description\" content=\"Odkryj nasz\u0105 ofert\u0119 wysokiej jako\u015bci narz\u0119dzi specjalnych Trumpf w Hundt.\" \/>\n<meta name=\"robots\" content=\"index, follow, max-snippet:-1, max-image-preview:large, max-video-preview:-1\" \/>\n<link rel=\"canonical\" href=\"https:\/\/hundtgroup.com\/pl\/produkty-trumpf\/narzedzia-specjalne\/\" \/>\n<meta property=\"og:locale\" content=\"pl_PL\" \/>\n<meta property=\"og:type\" content=\"article\" \/>\n<meta property=\"og:title\" content=\"Narz\u0119dzia specjalne Trumpf w Hundt\" \/>\n<meta property=\"og:description\" content=\"Odkryj nasz\u0105 ofert\u0119 wysokiej jako\u015bci narz\u0119dzi specjalnych Trumpf w Hundt.\" \/>\n<meta property=\"og:url\" content=\"https:\/\/hundtgroup.com\/pl\/produkty-trumpf\/narzedzia-specjalne\/\" \/>\n<meta property=\"og:site_name\" content=\"Wilhelm Hundt GmbH\" \/>\n<meta property=\"article:modified_time\" content=\"2025-08-11T07:38:35+00:00\" \/>\n<meta name=\"twitter:card\" content=\"summary_large_image\" \/>\n<meta name=\"twitter:label1\" content=\"Szacowany czas czytania\" \/>\n\t<meta name=\"twitter:data1\" content=\"4 minuta\" \/>\n<script type=\"application\/ld+json\" class=\"yoast-schema-graph\">{\"@context\":\"https:\\\/\\\/schema.org\",\"@graph\":[{\"@type\":\"WebPage\",\"@id\":\"https:\\\/\\\/hundtgroup.com\\\/pl\\\/produkty-trumpf\\\/narzedzia-specjalne\\\/\",\"url\":\"https:\\\/\\\/hundtgroup.com\\\/pl\\\/produkty-trumpf\\\/narzedzia-specjalne\\\/\",\"name\":\"Narz\u0119dzia specjalne Trumpf w Hundt\",\"isPartOf\":{\"@id\":\"https:\\\/\\\/hundtgroup.com\\\/pl\\\/#website\"},\"datePublished\":\"2022-01-24T13:54:58+00:00\",\"dateModified\":\"2025-08-11T07:38:35+00:00\",\"description\":\"Odkryj nasz\u0105 ofert\u0119 wysokiej jako\u015bci narz\u0119dzi specjalnych Trumpf w Hundt.\",\"breadcrumb\":{\"@id\":\"https:\\\/\\\/hundtgroup.com\\\/pl\\\/produkty-trumpf\\\/narzedzia-specjalne\\\/#breadcrumb\"},\"inLanguage\":\"pl-PL\",\"potentialAction\":[{\"@type\":\"ReadAction\",\"target\":[\"https:\\\/\\\/hundtgroup.com\\\/pl\\\/produkty-trumpf\\\/narzedzia-specjalne\\\/\"]}]},{\"@type\":\"BreadcrumbList\",\"@id\":\"https:\\\/\\\/hundtgroup.com\\\/pl\\\/produkty-trumpf\\\/narzedzia-specjalne\\\/#breadcrumb\",\"itemListElement\":[{\"@type\":\"ListItem\",\"position\":1,\"name\":\"Startseite\",\"item\":\"https:\\\/\\\/hundtgroup.com\\\/pl\\\/strona-glowna-nowa\\\/\"},{\"@type\":\"ListItem\",\"position\":2,\"name\":\"Produkty TRUMPF\",\"item\":\"https:\\\/\\\/hundtgroup.com\\\/pl\\\/produkty-trumpf\\\/\"},{\"@type\":\"ListItem\",\"position\":3,\"name\":\"Narz\u0119dzia specjalne\"}]},{\"@type\":\"WebSite\",\"@id\":\"https:\\\/\\\/hundtgroup.com\\\/pl\\\/#website\",\"url\":\"https:\\\/\\\/hundtgroup.com\\\/pl\\\/\",\"name\":\"Wilhelm Hundt GmbH\",\"description\":\"Specjalista od maszyn i narz\u0119dzi do obr\u00f3bki blachy\",\"potentialAction\":[{\"@type\":\"SearchAction\",\"target\":{\"@type\":\"EntryPoint\",\"urlTemplate\":\"https:\\\/\\\/hundtgroup.com\\\/pl\\\/?s={search_term_string}\"},\"query-input\":{\"@type\":\"PropertyValueSpecification\",\"valueRequired\":true,\"valueName\":\"search_term_string\"}}],\"inLanguage\":\"pl-PL\"}]}<\/script>\n<!-- \/ Yoast SEO plugin. -->","yoast_head_json":{"title":"Narz\u0119dzia specjalne Trumpf w Hundt","description":"Odkryj nasz\u0105 ofert\u0119 wysokiej jako\u015bci narz\u0119dzi specjalnych Trumpf w Hundt.","robots":{"index":"index","follow":"follow","max-snippet":"max-snippet:-1","max-image-preview":"max-image-preview:large","max-video-preview":"max-video-preview:-1"},"canonical":"https:\/\/hundtgroup.com\/pl\/produkty-trumpf\/narzedzia-specjalne\/","og_locale":"pl_PL","og_type":"article","og_title":"Narz\u0119dzia specjalne Trumpf w Hundt","og_description":"Odkryj nasz\u0105 ofert\u0119 wysokiej jako\u015bci narz\u0119dzi specjalnych Trumpf w Hundt.","og_url":"https:\/\/hundtgroup.com\/pl\/produkty-trumpf\/narzedzia-specjalne\/","og_site_name":"Wilhelm Hundt GmbH","article_modified_time":"2025-08-11T07:38:35+00:00","twitter_card":"summary_large_image","twitter_misc":{"Szacowany czas czytania":"4 minuta"},"schema":{"@context":"https:\/\/schema.org","@graph":[{"@type":"WebPage","@id":"https:\/\/hundtgroup.com\/pl\/produkty-trumpf\/narzedzia-specjalne\/","url":"https:\/\/hundtgroup.com\/pl\/produkty-trumpf\/narzedzia-specjalne\/","name":"Narz\u0119dzia specjalne Trumpf w Hundt","isPartOf":{"@id":"https:\/\/hundtgroup.com\/pl\/#website"},"datePublished":"2022-01-24T13:54:58+00:00","dateModified":"2025-08-11T07:38:35+00:00","description":"Odkryj nasz\u0105 ofert\u0119 wysokiej jako\u015bci narz\u0119dzi specjalnych Trumpf w Hundt.","breadcrumb":{"@id":"https:\/\/hundtgroup.com\/pl\/produkty-trumpf\/narzedzia-specjalne\/#breadcrumb"},"inLanguage":"pl-PL","potentialAction":[{"@type":"ReadAction","target":["https:\/\/hundtgroup.com\/pl\/produkty-trumpf\/narzedzia-specjalne\/"]}]},{"@type":"BreadcrumbList","@id":"https:\/\/hundtgroup.com\/pl\/produkty-trumpf\/narzedzia-specjalne\/#breadcrumb","itemListElement":[{"@type":"ListItem","position":1,"name":"Startseite","item":"https:\/\/hundtgroup.com\/pl\/strona-glowna-nowa\/"},{"@type":"ListItem","position":2,"name":"Produkty TRUMPF","item":"https:\/\/hundtgroup.com\/pl\/produkty-trumpf\/"},{"@type":"ListItem","position":3,"name":"Narz\u0119dzia specjalne"}]},{"@type":"WebSite","@id":"https:\/\/hundtgroup.com\/pl\/#website","url":"https:\/\/hundtgroup.com\/pl\/","name":"Wilhelm Hundt GmbH","description":"Specjalista od maszyn i narz\u0119dzi do obr\u00f3bki blachy","potentialAction":[{"@type":"SearchAction","target":{"@type":"EntryPoint","urlTemplate":"https:\/\/hundtgroup.com\/pl\/?s={search_term_string}"},"query-input":{"@type":"PropertyValueSpecification","valueRequired":true,"valueName":"search_term_string"}}],"inLanguage":"pl-PL"}]}},"_links":{"self":[{"href":"https:\/\/hundtgroup.com\/pl\/wp-json\/wp\/v2\/pages\/2572","targetHints":{"allow":["GET"]}}],"collection":[{"href":"https:\/\/hundtgroup.com\/pl\/wp-json\/wp\/v2\/pages"}],"about":[{"href":"https:\/\/hundtgroup.com\/pl\/wp-json\/wp\/v2\/types\/page"}],"author":[{"embeddable":true,"href":"https:\/\/hundtgroup.com\/pl\/wp-json\/wp\/v2\/users\/1"}],"replies":[{"embeddable":true,"href":"https:\/\/hundtgroup.com\/pl\/wp-json\/wp\/v2\/comments?post=2572"}],"version-history":[{"count":4,"href":"https:\/\/hundtgroup.com\/pl\/wp-json\/wp\/v2\/pages\/2572\/revisions"}],"predecessor-version":[{"id":39259,"href":"https:\/\/hundtgroup.com\/pl\/wp-json\/wp\/v2\/pages\/2572\/revisions\/39259"}],"up":[{"embeddable":true,"href":"https:\/\/hundtgroup.com\/pl\/wp-json\/wp\/v2\/pages\/2312"}],"wp:attachment":[{"href":"https:\/\/hundtgroup.com\/pl\/wp-json\/wp\/v2\/media?parent=2572"}],"curies":[{"name":"wp","href":"https:\/\/api.w.org\/{rel}","templated":true}]}}